{"id":1188,"date":"2018-11-21T15:15:54","date_gmt":"2018-11-21T14:15:54","guid":{"rendered":"https:\/\/unofficial.pictures\/?page_id=1188"},"modified":"2018-12-30T14:33:54","modified_gmt":"2018-12-30T13:33:54","slug":"von-ihnen-von-uns-von-wem","status":"publish","type":"page","link":"https:\/\/unofficial.pictures\/ar\/von-ihnen-von-uns-von-wem\/","title":{"rendered":"(Deutsch) von ihnen von uns von wem?"},"content":{"rendered":"<p class=\"qtranxs-available-languages-message qtranxs-available-languages-message-ar\">\u0639\u0641\u0648\u0627\u060c \u0647\u0630\u0647 \u0627\u0644\u0645\u062f\u062e\u0644\u0629 \u0645\u0648\u062c\u0648\u062f\u0629 \u0641\u0642\u0637 \u0641\u064a <a href=\"https:\/\/unofficial.pictures\/de\/wp-json\/wp\/v2\/pages\/1188\" class=\"qtranxs-available-language-link qtranxs-available-language-link-de\" title=\"Deutsch\">Deutsch<\/a> \u0648 <a href=\"https:\/\/unofficial.pictures\/en\/wp-json\/wp\/v2\/pages\/1188\" class=\"qtranxs-available-language-link qtranxs-available-language-link-en\" title=\"English\">English<\/a>.<\/p>[mk_page_section bg_color=&#8221;#000000&#8243; visibility=&#8221;visible-dt&#8221; sidebar=&#8221;sidebar-1&#8243;][vc_column][\/vc_column][\/mk_page_section][mk_page_section bg_image=&#8221;https:\/\/unofficial.pictures\/wp-content\/uploads\/2018\/12\/7-positionen.jpg&#8221; bg_color=&#8221;#000000&#8243; bg_position=&#8221;center center&#8221; bg_repeat=&#8221;no-repeat&#8221; adaptive_height=&#8221;true&#8221; max_height=&#8221;1500&#8243; full_width=&#8221;true&#8221; padding_top=&#8221;0&#8243; sidebar=&#8221;sidebar-1&#8243;][vc_column][\/vc_column][\/mk_page_section][mk_page_section bg_color=&#8221;#000000&#8243; padding_top=&#8221;20&#8243; sidebar=&#8221;sidebar-1&#8243;][vc_column][mk_fancy_title strip_tags=&#8221;true&#8221; size=&#8221;74&#8243; force_font_size=&#8221;true&#8221; size_tablet=&#8221;40&#8243; size_phone=&#8221;24&#8243; font_weight=&#8221;bold&#8221; txt_transform=&#8221;uppercase&#8221; margin_bottom=&#8221;0&#8243; font_family=&#8221;Signika&#8221; font_type=&#8221;google&#8221; el_class=&#8221;color-white&#8221;]Von ihnen von uns von wem?[\/mk_fancy_title][mk_fancy_title strip_tags=&#8221;true&#8221; tag_name=&#8221;h3&#8243; size=&#8221;50&#8243; force_font_size=&#8221;true&#8221; size_tablet=&#8221;32&#8243; size_phone=&#8221;20&#8243; txt_transform=&#8221;uppercase&#8221; margin_bottom=&#8221;10&#8243; font_family=&#8221;Signika&#8221; font_type=&#8221;google&#8221; el_class=&#8221;color-white&#8221;]Ausstellung: 5. \u2013 13. 1. 2019[\/mk_fancy_title][\/vc_column][\/mk_page_section][mk_page_section bg_color=&#8221;#000000&#8243; sidebar=&#8221;sidebar-1&#8243;][vc_column width=&#8221;2\/3&#8243;][vc_column_text el_class=&#8221;color-white&#8221; css=&#8221;.vc_custom_1543836822168{margin-bottom: 0px !important;}&#8221;]Fotografie ist Malen mit Licht? So vielf\u00e4ltig wie unsere Gruppe und unsere Fragen an die Welt, so zahlreich sind unsere Sichtweisen durch und auf die Kamera.<br \/>\nDie gemeinsam entwickelte Ausstellung versteht Fotografie als Forschungsfeld \u2013 lebendig, demokratisch und offen wie die Gemeinschaft, in der wir leben wollen.<br \/>\nVon Zuschreibungen f\u00fcr das Muttersein, barrierefreier Fotografie f\u00fcr Blinde oder Ankunftsorte f\u00fcr Gefl\u00fcchtete \u00fcber die Erkundung des fotografischen Selbst in einer Stadt wie Kairo bis hin zu Fragen des Daseins, wie Gewalt, Liebe und Verg\u00e4nglichkeit \u2013 alle sieben Positionen fragen von wem und f\u00fcr wen: Setzen sich ins Verh\u00e4ltnis zur popul\u00e4ren Weltsprache \u2013 Fotografie.<br \/>\nVon uns: Ana, Bea, Frieder, Igor, Paula, Raffaele und Thora erwarten euch klassische H\u00e4ngungen, installative Arbeiten mit Wort und Bild und kunstvolle Fotob\u00fccher \u2013 und nat\u00fcrlich wurde auch mit Licht gemalt.[\/vc_column_text][\/vc_column][vc_column width=&#8221;1\/3&#8243;][vc_column_text el_class=&#8221;color-white&#8221; css=&#8221;.vc_custom_1546176820936{margin-bottom: 0px !important;}&#8221;]<strong>Vernissage:<\/strong> 5.1. 19.00.<br \/>\nEinf\u00fchrung: <a href=\"https:\/\/paulaltmann.de\">Paul Altmann<\/a><br \/>\nMusik: \u00bbSchall und Lauch\u00ab &amp; DJ*ane Loy Bonheur<\/p>\n<p><strong>K\u00fcnstler*innen-Rundgang:<\/strong> 6.1. 16.00<br \/>\n13.1. 16.00<\/p>\n<p><strong>Finissage:<\/strong> 13.1. 15.00. Kaffee &amp; Kuchen<\/p>\n<p><strong>Offen:<\/strong> 6.1.2019 12.00 \u2013 20.00<br \/>\n9.1. \u2013 11.1. 16.00 \u2013 20.00<br \/>\n12. \u2013 13.1. 12.00 \u2013 20.00[\/vc_column_text][\/vc_column][\/mk_page_section][mk_page_section bg_color=&#8221;#000000&#8243; sidebar=&#8221;sidebar-1&#8243;][vc_column width=&#8221;2\/12&#8243;][vc_raw_html el_class=&#8221;color-white&#8221; css=&#8221;.vc_custom_1543839332234{margin-bottom: 0px !important;padding-bottom: 0px !important;}&#8221;]Z2VmJUMzJUI2cmRlcnQlMjB2b24lM0E=[\/vc_raw_html][vc_single_image image=&#8221;1209&#8243; img_size=&#8221;full&#8221; add_caption=&#8221;yes&#8221; onclick=&#8221;custom_link&#8221; img_link_target=&#8221;_blank&#8221; link=&#8221;https:\/\/www.heidehof-stiftung.de\/&#8221; css=&#8221;.vc_custom_1543839217820{margin-top: 0px !important;padding-top: 0px !important;}&#8221;][\/vc_column][vc_column width=&#8221;4\/12&#8243;][vc_raw_html el_class=&#8221;color-white&#8221; css=&#8221;.vc_custom_1543839362244{margin-bottom: 0px !important;padding-bottom: 0px !important;}&#8221;]b3JnYW5pc2llcnQlMjB2b24lM0E=[\/vc_raw_html][vc_single_image image=&#8221;1212&#8243; img_size=&#8221;244&#215;73&#8243; onclick=&#8221;custom_link&#8221; img_link_target=&#8221;_blank&#8221; css=&#8221;.vc_custom_1543840100174{margin-top: 0px !important;padding-top: 0px !important;}&#8221; el_class=&#8221;color-white&#8221; link=&#8221;https:\/\/unofficial.pictures&#8221;][\/vc_column][vc_column width=&#8221;4\/12&#8243;][vc_column_text el_class=&#8221;color-white&#8221; css=&#8221;.vc_custom_1543840487806{margin-bottom: 0px !important;}&#8221;]Projekttr\u00e4ger &amp; <strong>Ausstellungsort:<\/strong><br \/>\nP\u00f6ge-Haus e.V., Hedwigstra\u00dfe 20,<br \/>\nLeipzig Neustadt-Neusch\u00f6nefeld.<br \/>\n(H) 1\/3\/70 H.-Liebmann-\/ Eisenbahnstra\u00dfe[\/vc_column_text][\/vc_column][vc_column width=&#8221;2\/12&#8243;][vc_single_image image=&#8221;1211&#8243; img_size=&#8221;full&#8221; onclick=&#8221;custom_link&#8221; img_link_target=&#8221;_blank&#8221; css=&#8221;.vc_custom_1543839900734{margin-top: 0px !important;padding-top: 0px !important;}&#8221; link=&#8221;https:\/\/www.p\u00f6ge-haus.de\/&#8221;][\/vc_column][\/mk_page_section]","protected":false},"excerpt":{"rendered":"<p>\u0639\u0641\u0648\u0627\u060c \u0647\u0630\u0647 \u0627\u0644\u0645\u062f\u062e\u0644\u0629 \u0645\u0648\u062c\u0648\u062f\u0629 \u0641\u0642\u0637 \u0641\u064a Deutsch \u0648 English.[mk_page_section bg_color=&#8221;#000000&#8243; visibility=&#8221;visible-dt&#8221; sidebar=&#8221;sidebar-1&#8243;][vc_column][\/vc_column][\/mk_page_section][mk_page_section bg_image=&#8221;https:\/\/unofficial.pictures\/wp-content\/uploads\/2018\/12\/7-positionen.jpg&#8221; bg_color=&#8221;#000000&#8243; bg_position=&#8221;center center&#8221; bg_repeat=&#8221;no-repeat&#8221; adaptive_height=&#8221;true&#8221; max_height=&#8221;1500&#8243; full_width=&#8221;true&#8221; padding_top=&#8221;0&#8243; sidebar=&#8221;sidebar-1&#8243;][vc_column][\/vc_column][\/mk_page_section][mk_page_section bg_color=&#8221;#000000&#8243; padding_top=&#8221;20&#8243; sidebar=&#8221;sidebar-1&#8243;][vc_column][mk_fancy_title strip_tags=&#8221;true&#8221; size=&#8221;74&#8243; force_font_size=&#8221;true&#8221; size_tablet=&#8221;40&#8243; size_phone=&#8221;24&#8243; font_weight=&#8221;bold&#8221; txt_transform=&#8221;uppercase&#8221; margin_bottom=&#8221;0&#8243; font_family=&#8221;Signika&#8221; font_type=&#8221;google&#8221; el_class=&#8221;color-white&#8221;]Von ihnen von uns von wem?[\/mk_fancy_title][mk_fancy_title strip_tags=&#8221;true&#8221; tag_name=&#8221;h3&#8243; size=&#8221;50&#8243; force_font_size=&#8221;true&#8221; size_tablet=&#8221;32&#8243; size_phone=&#8221;20&#8243; txt_transform=&#8221;uppercase&#8221; margin_bottom=&#8221;10&#8243; font_family=&#8221;Signika&#8221; font_type=&#8221;google&#8221; el_class=&#8221;color-white&#8221;]Ausstellung: 5. \u2013 13. [&hellip;]<\/p>\n","protected":false},"author":1,"featured_media":0,"parent":0,"menu_order":0,"comment_status":"closed","ping_status":"closed","template":"","meta":{"footnotes":""},"class_list":["post-1188","page","type-page","status-publish","hentry"],"_links":{"self":[{"href":"https:\/\/unofficial.pictures\/ar\/wp-json\/wp\/v2\/pages\/1188","targetHints":{"allow":["GET"]}}],"collection":[{"href":"https:\/\/unofficial.pictures\/ar\/wp-json\/wp\/v2\/pages"}],"about":[{"href":"https:\/\/unofficial.pictures\/ar\/wp-json\/wp\/v2\/types\/page"}],"author":[{"embeddable":true,"href":"https:\/\/unofficial.pictures\/ar\/wp-json\/wp\/v2\/users\/1"}],"replies":[{"embeddable":true,"href":"https:\/\/unofficial.pictures\/ar\/wp-json\/wp\/v2\/comments?post=1188"}],"version-history":[{"count":17,"href":"https:\/\/unofficial.pictures\/ar\/wp-json\/wp\/v2\/pages\/1188\/revisions"}],"predecessor-version":[{"id":1204,"href":"https:\/\/unofficial.pictures\/ar\/wp-json\/wp\/v2\/pages\/1188\/revisions\/1204"}],"wp:attachment":[{"href":"https:\/\/unofficial.pictures\/ar\/wp-json\/wp\/v2\/media?parent=1188"}],"curies":[{"name":"wp","href":"https:\/\/api.w.org\/{rel}","templated":true}]}}