{"id":2068,"date":"2020-09-25T10:57:29","date_gmt":"2020-09-25T08:57:29","guid":{"rendered":"https:\/\/unofficial.pictures\/?page_id=2068"},"modified":"2023-09-07T12:49:44","modified_gmt":"2023-09-07T10:49:44","slug":"interview-02","status":"publish","type":"page","link":"https:\/\/unofficial.pictures\/ar\/schubladendenken\/interview-02\/","title":{"rendered":"(Deutsch) Victory"},"content":{"rendered":"<p class=\"qtranxs-available-languages-message qtranxs-available-languages-message-ar\">\u0639\u0641\u0648\u0627\u060c \u0647\u0630\u0647 \u0627\u0644\u0645\u062f\u062e\u0644\u0629 \u0645\u0648\u062c\u0648\u062f\u0629 \u0641\u0642\u0637 \u0641\u064a <a href=\"https:\/\/unofficial.pictures\/de\/wp-json\/wp\/v2\/pages\/2068\" class=\"qtranxs-available-language-link qtranxs-available-language-link-de\" title=\"Deutsch\">Deutsch<\/a>.<\/p>[mk_page_section padding_top=&#8221;0&#8243; padding_bottom=&#8221;0&#8243; sidebar=&#8221;sidebar-1&#8243;][vc_column][mk_padding_divider size=&#8221;80&#8243;][vc_btn title=&#8221;zur\u00fcck zur Ausstellung&#8221; style=&#8221;classic&#8221; shape=&#8221;square&#8221; color=&#8221;default&#8221; link=&#8221;url:https%3A%2F%2Funofficial.pictures%2Fschubladendenken%2F|title:%5B%3Ade%5DAusstellung%20%C2%BBSchubladendenken%C2%AB%5B%3A%5D&#8221; el_class=&#8221;button-back-to-the-exhibition&#8221;][\/vc_column][\/mk_page_section][mk_page_section bg_color=&#8221;#85b2bc&#8221; full_width=&#8221;true&#8221; padding_top=&#8221;0&#8243; padding_bottom=&#8221;0&#8243; sidebar=&#8221;sidebar-1&#8243;][vc_column][mk_padding_divider size=&#8221;80&#8243;][vc_column_text el_class=&#8221;vier-spalten-blocksatz&#8221; css=&#8221;.vc_custom_1601234183488{margin-bottom: 0px !important;}&#8221;]RAFAEL: Was hat dich motiviert, einen Deutschkurs zu besuchen?<br \/>\nVICTORY: Das kam daher, dass Menschen mich einsch\u00fcchterten, weil ich nicht f\u00e4hig war Deutsch zu sprechen. Au\u00dferdem m\u00f6chte gern hier als Englischlehrerin arbeiten. In meinem Land habe ich auch gelernt Englisch zu unterrichten. Ich kann auch als Friseurin arbeiten, weil ich meine Haare meistens selber mache. Obwohl ich das nicht gelernt habe.<br \/>\nRAFAEL: Wie wichtig ist es f\u00fcr dich zu arbeiten?<br \/>\nVICTORY: Ich muss einfach arbeiten, um f\u00fcr mich selbst und meine Kinder zu sorgen \u2013 und auch um weniger privilegierte Menschen zu unterst\u00fctzen. Und ich liebe es zu unterrichten. Es ist ein Teil von mir. Ich wei\u00df nicht genau, da ist diese Freude, die von innen kommt; jedes Mal wenn ich unterrichte. Deshalb denke ich, dass ich das schaffen kann.<br \/>\nRAFAEL: Ja, dann solltest du das wirklich machen. Und m\u00f6chtest du hier in Suhl arbeiten?<br \/>\nVICTORY: Ich denke nicht. Mir ist aufgefallen, dass ich, wenn ich meine Kinder jeden Morgen zum Kindergarten bringe, einen H\u00fcgel hoch steigen muss, schwitze, sie da absetze, weiter gehe und mit dem Bus zur\u00fcck muss. Das ist nicht einfach. Eine Sache, die ich an diesem Ort liebe, ist der Bus. Blo\u00df f\u00e4hrt morgens kein Bus zum Kindergarten. Der erste f\u00e4hrt um 8.49, das ist zu sp\u00e4t.<br \/>\nRAFAEL: Also k\u00f6nnte dieses Problem mit mehr Bussen gel\u00f6st werden\u2026<br \/>\nVICTORY: Dieses Problem k\u00f6nnte durch mehr Busse gel\u00f6st werden, ja. Ich denke mir allerdings, wenn ich dieses B1-Examen geschafft habe, dass ich dann vielleicht zur Fahrschule gehe. Aber ich denke noch \u00fcber die Kosten nach, die mit dem Autofahren einher gehen. Ich gebe Geld f\u00fcr alle m\u00f6glichen Sachen aus. Ich wei\u00df nicht recht, auch wenn ich jetzt kein Auto h\u00e4tte, k\u00f6nnte ich trotzdem erst mal den F\u00fchrerschein machen. Wenn ich dann arbeite, werden die Dinge einfacher f\u00fcr mich. Weiterhin denke ich auch dar\u00fcber nach Th\u00fcringen zu verlassen. Zuvor hab ich in Bayern gelebt, in Schweinfurt. Ich lebte dort f\u00fcr vier Jahre. Dann schlossen sie das Camp in dem ich lebte, und sagten uns: \u201eWenn ihr Papiere habt, m\u00fcsst ihr euch um eine Wohnung k\u00fcmmern. Und wenn ihr keine Wohnung bekommt, m\u00fcssen wir euch verlegen.\u201c Aber die Orte, an die sie dich verlegen, sind so, dass du eine Stunde laufen musst, um den Bus zu erreichen. Ich dachte also: \u201eWie stelle ich das mit meinen zwei Kindern an? Ich kann das nicht.\u201c Daraufhin ging ich zur Caritas und sagte ihnen: \u201eIhr m\u00fcsst mich unterst\u00fctzen, eine Wohnung zu finden. Jetzt habe ich keine Wahl, und werde deshalb alles nehmen, egal wo; wo auch immer meine Kinder zum Kindergarten gehen k\u00f6nnen\u201c. W\u00e4hrend meines ganzen Aufenthaltes in Schweinfurt bekamen sie n\u00e4mlich keinen Platz. Erst als wir nach Zella-Mehlis kamen, begannen sie mit dem Kindergarten. So kamen wir also hierher. Es war einfacher hier eine Wohnung zu bekommen, als Monate zu suchen. Dennoch denke ich, dass wir wegziehen werden, sobald mein Sohn den Kindergarten beendet. Ich denke, wir werden wegen der besseren Jobaussichten zur\u00fcck nach Bayern ziehen. Ich denke, dieser Ort ist mehr was f\u00fcr alte Leute.<br \/>\nRAFAEL: Ja, ich habe geh\u00f6rt, es ist die Stadt mit dem h\u00f6chsten Altersdurchschnitt in Deutschland.<br \/>\nVICTORY: Ja, die \u00e4lteste Bev\u00f6lkerung. Es w\u00e4re sch\u00f6n, wenn ich eine Wohnung in Schweinfurt f\u00e4nde. Schweinfurt ist ein guter Platz zum Leben, ich kenne Schweinfurt \u2013 ich hoffe also noch.<br \/>\nRAFAEL: Wie ist es denn f\u00fcr deinen Sohn im Kindergarten hier?<br \/>\nVICTORY: Ich sehe ihn wie jedes andere Kind. F\u00fcr mich ist es kein Problem, wenn er mir erz\u00e4hlt, von anderen geschlagen worden zu sein, denn ich halte das f\u00fcr normal. Ich verstehe das. Selbst mit seinem Bruder spielt er in einem Moment friedlich zusammen, um in einem anderen wieder mit ihm zu k\u00e4mpfen. Wenn er ankommen und mir erz\u00e4hlen w\u00fcrde, die und die Person hasst ihn, bedeutet das f\u00fcr mich nicht automatisch ein Problem.[\/vc_column_text][\/vc_column][\/mk_page_section][mk_page_section bg_color=&#8221;#85b2bc&#8221; full_width=&#8221;true&#8221; padding_top=&#8221;0&#8243; padding_bottom=&#8221;0&#8243; sidebar=&#8221;sidebar-1&#8243;][vc_column][vc_column_text el_class=&#8221;vier-spalten-blocksatz&#8221; css=&#8221;.vc_custom_1601234314794{margin-bottom: 0px !important;}&#8221;]Aber was wirklich schlimm ist, ist wenn Leute den Hass an ihre Kinder weitergeben \u2013 uns zu hassen, weil wir eine braune Hautfarbe haben. Dass Menschen ihre Kinder zu rassistischem Verhalten anstecken, das alarmiert mich sehr. Oft sagte er zu mir: \u201eSchau dir diese Person an.\u201c \u2013 wenn dieses kleine M\u00e4dchen mit anderen spielt, wollen diese nicht mit meinem Sohn reden. Das kleine M\u00e4dchen verbietet ihnen das. Ich habe bemerkt, dass seit mein Sohn in den Kindergarten geht, sich das kleine M\u00e4dchen so verh\u00e4lt. Sie will nicht, dass mein Sohn mit den anderen spielt. Eines Tages kam mein Sohn nach Hause und fragte mich, ob ich wisse, was das kleine M\u00e4dchen zu ihm gesagt hat; und zwar, dass sie ihn mit etwas schlagen werde und er dann sterben w\u00fcrde. Ich antwortete ihm: \u201eDu wirst nicht sterben. Ich bin es, die dir das Leben gegeben hat. Ich will das Beste f\u00fcr dich und das Beste wird f\u00fcr dich immer wahr werden.\u201c Trotzdem treffe ich meistens sehr nette Leute. Die sehen dich und dann m\u00f6gen sie dich einfach. Es gibt da ein anderes kleines M\u00e4dchen im Kindergarten meines Sohnes. Vom Tag an, als wir uns das erste Mal sahen, war sie sehr liebenswert. Ich sah sie einfach nur an und sagte: \u201eWow!\u201c. Ich liebe dieses M\u00e4dchen so sehr, immer wenn ich sie ansehe, l\u00e4chelt sie. Nur einmal, nur an einem einzigen Tag sah ich sie weinen. Ich fragte mich: \u201eWer hat dieses M\u00e4dchen wohl ver\u00e4rgert?\u201c Weil es einfach nett ist mit ihr zusammen zu sein; ich habe sie wirklich lieb. Aber ich liebe alle Kinder, weil Gott uns alle gemacht hat. Aber an alle, die mich mich nicht lieben, verschwende ich keine Gedanken. Wer mich mag, den mag ich. Magst du mich nicht, ist mir das egal. Wirklich egal. Was sie \u00fcber mich denken und sagen, ist ihr Problem. Was ich wei\u00df, ist, dass ich meine Grenzen nicht \u00fcberschreiten werde, mich nicht mit dir anlegen werde; ich denke nicht daran. Selbst wenn mich \u2013 wie so oft \u2013 jemand herausfordert. Sie wollen, dass du dich r\u00e4chst. Sie wollen einen Raum, um sich mit dir in die Haare zu bekommen, sie suchen die Missverst\u00e4ndnisse. Aber da bin ich nicht dabei. Ich ziehe es vor ruhig zu bleiben. Ich \u00fcbersehe solche Sachen lieber; ich habe einfach kein Problem mit anderen. Im Speziellen habe ich kein Problem mit Menschen zusammenzuleben. Also, egal was f\u00fcr eine Person du bist, ich kann mit dir umgehen. Ich hatte Philosophie in der Schule \u2013 ich kann dich beobachten, erkennen was f\u00fcr eine Art Mensch du bist. Dann wei\u00df ich, was ich machen kann und was nicht geht und wie ich dich nicht beleidige. Ich mag keine Situationen in denen gestritten wird, dass ich daf\u00fcr bekannt werde zu streiten. Ich m\u00f6chte immer das Beste tun, egal wo ich bin. So, dass immer, wenn ich irgendwohin gehe, die Leute sagen werden: \u201eAh, ich erinnere mich an dieses M\u00e4del, sie war eine Nette.\u201c Das ist Kern meines Wesens. Was andere \u00fcber mich denken, z\u00e4hlt nicht wirklich. Ich mache mir eher Gedanken dar\u00fcber, wie Gott mich beurteilt, denn Er ist der Sch\u00f6pfer. Also, egal was sie \u00fcber mich denken, das ist allein ihr Problem. Solange es mir gut geht, es meinen Kindern gut geht, sie es gem\u00fctlich haben, ist alles gut f\u00fcr mich.<br \/>\nRAFAEL: Was denkst du im Allgemeinen \u00fcber die Gesellschaft hier, dar\u00fcber wie Menschen zusammen leben?<br \/>\nVICTORY: Verglichen mit meinem Land ist das hier ein guter Ort zum Leben. Deutschland ist im Gro\u00dfen und Ganzen gut organisiert, das kann man schon fast nicht mit anderen europ\u00e4ischen Staaten vergleichen. Egal was die Deutschen tun, alles ist so sehr organisiert, alles ist systematisiert. Ehrlich, daf\u00fcr liebe ich dieses Land sehr. Ich liebe es. Angenommen Deutschland w\u00e4re ein englischsprachiges Land \u2013 das w\u00e4re so toll. Ich kann allerdings nicht viel dar\u00fcber sagen, wie die Leute hier zusammen leben.<br \/>\nRAFAEL: Du triffst nicht so viele Leute, die Englisch sprechen?<br \/>\nVICTORY: Ja, nur ein paar Leute. Als ich anf\u00e4nglich herkam, fragte ich immer wieder: \u201eDo you speak English?\u201c, \u201eDo you speak English?\u201c. Sp\u00e4ter ging mir auf, dass wenn ich weiter \u201eDo you speak English?\u201c frage, ich die Sprache nicht lernen werde. Ab diesem Punkt machte ich meine Amtsg\u00e4nge selbst, um zu sehen, ob ich die Sprache richtig spreche oder nicht. Ich merkte, dass die Leute die richtiges Deutsch sprechen mich verstehen. Bei mir ist es so: Wenn ich jemanden ein Wort sagen h\u00f6re, versuche ich beim n\u00e4chsten Mal wenn ich es h\u00f6re schon die Bedeutung zu kennen.[\/vc_column_text][\/vc_column][\/mk_page_section][mk_page_section bg_color=&#8221;#85b2bc&#8221; full_width=&#8221;true&#8221; padding_top=&#8221;0&#8243; padding_bottom=&#8221;0&#8243; sidebar=&#8221;sidebar-1&#8243;][vc_column][vc_column_text el_class=&#8221;vier-spalten-blocksatz&#8221; css=&#8221;.vc_custom_1601234337779{margin-bottom: 0px !important;}&#8221;]Oder wenn ich ein Hinweisschild lese, dann versuche ich immer zu verstehen, was das bedeutet. Wenn ich dann jemanden dieses bestimmte Wort das n\u00e4chste Mal sagen h\u00f6re, dann wei\u00df ich; das ist die Bedeutung von diesem Wort. So lerne ich.<br \/>\nRAFAEL: Was w\u00fcnscht du dir f\u00fcr dein eigenes Leben?<br \/>\nVICTORY: Oh, mein Wunsch ist, einen Job zu bekommen und mit einem Mann in einem Zuhause zusammen zu leben. Weil es nicht einfach ist mit zwei Kindern allein zu leben. Wei\u00dft du, alleinerziehende Mutter zu sein, ist wirklich nicht einfach \u2013 du machst alles selbst. Ich bin eine starke Frau, ich bin ganz alleine stark, ich kann alles schaffen. Und es macht mich nicht m\u00fcde mich um meine Kinder zu k\u00fcmmern, weil ich Kinder von Haus aus liebe. Ich habe einfach eine spezielle Liebe f\u00fcr Kinder, deshalb ist es f\u00fcr mich kein Problem mich um sie zu k\u00fcmmern. Das Problem ist sie nach drau\u00dfen zu bringen \u2013 sie wollen oft drau\u00dfen spielen \u2013 aber ich bin nicht der Typ, der viel nach drau\u00dfen geht. Ich versuche es zu werden, aber keine Ahnung \u2013 irgendwie klappt das nicht. Meine Kinder wollen immer nach drau\u00dfen. Ich br\u00e4uchte jemanden, der sie zum Spielen mit nach drau\u00dfen nimmt. Sie spielen gern mit einer Person f\u00fcr zwei Stunden, wenn diese sich mit ihnen besch\u00e4ftigt. Deswegen habe ich das Gef\u00fchl, dass ihnen etwas fehlt, wei\u00dft du? Ich denke, darum ist es besser, wenn ich mit einem Mann zusammen lebe. Wenn wir alles gemeinsam zahlen w\u00fcrden, k\u00f6nnten wir machen, was wir wollten. Darum sage ich, dass ich gern einen Mann im Haus haben w\u00fcrde. Und ich hoffe wirklich, dass mein Traum eines Tages wahr wird \u2013 und ich in einem Klassenraum stehe, um zu unterrichten. Ich kann es kaum erwarten! Mein Wunsch ist, ein gro\u00dfartigeres und besseres Ich zu werden und Leuten ein L\u00e4cheln ins Gesicht zu zaubern.<br \/>\nRAFAEL: Gibt es Ver\u00e4nderungen, die du hier gerne sehen w\u00fcrden?<br \/>\nVICTORY: Es w\u00e4re toll, wenn es einen Bus um 7 Uhr morgens g\u00e4be, der zum Kindergarten f\u00e4hrt. Eine andere Sache ist mir aufgefallen; die meisten Leute, die Hunde haben, lassen ihre Hunde nachts \u00fcberall hin koten, ohne den Kot einzut\u00fcten. Sie lassen es einfach wie es ist. Wenn sie tags\u00fcber jemanden sehen, packen sie den Kot ein. Aber wenn nachts niemand zuschaut, lassen sie ihn einfach liegen. Ich denke, dies ist nicht das Land, in dem man so was einfach machen kann. Nein, Deutschland ist besser als das, ich mag das nicht. Das ist nicht richtig. Und ich m\u00f6chte, dass meine Kinder in ihrem jungen Alter anfangen Fu\u00dfball zu spielen; mein erster Sohn ist f\u00fcnf und der Kleine wird vier diesen Monat. Ich denke also, ich m\u00f6chte, dass sie zum Fu\u00dfballverein gehen, um Fu\u00dfball zu spielen. Ich m\u00f6chte n\u00e4mlich das Beste f\u00fcr sie \u2013 die M\u00f6glichkeiten, die ich nicht hatte. Ich m\u00f6chte nicht, dass sie irgendwas davon verpassen.<br \/>\nRAFAEL: Welche M\u00f6glichkeiten meinst du?<br \/>\nVICTORY: Oh, als ich aufwuchs, verlor ich meinen Vater in einem sehr zarten Alter. Als ich in der Grundschule war, in der dritten Klasse. Und dann bin ich barfu\u00df zur Schule gegangen, ohne Schuhe oder was auch immer. Ich war immer noch Klassenbeste, niemand konnte mir diesen Rang streitig machen. Aber als mein Vater krank wurde, wollte uns niemand etwas zu essen geben. Wir waren allein; auf uns selbst gestellt. Wir bettelten an verschiedenen H\u00e4usern: \u201eBitte, k\u00f6nnen Sie uns zu essen geben?\u201c Sie sagten: \u201eWir haben nichts zu essen.\u201c Manchmal gaben sie uns zu essen, sagten aber: \u201eKommt nicht wieder her! Nur weil wir euch heute zu essen geben, kommt das n\u00e4chste Mal nicht wieder hier her.\u201c Wir sagten: \u201eOk, ok. Ja, Madam. Ja, Madam.\u201c Danach waren wir gl\u00fccklich, selbst wenn die Leute sich so verhielten. Ich versuche mich an diese Zeit zu erinnern: so viele Dinge passierten \u2013 zu viele Dinge passierten. Aber ich glaube an Gott. Egal was passiert, egal ob mir jemand droht, das k\u00fcmmert mich nicht. Was mich k\u00fcmmert, ist was Gott \u00fcber mich sagt. Selbst wenn Gott mir meinen Traum nicht erf\u00fcllt. So lange ich atme, zwei Beine zum Laufen habe und zwei gesunde H\u00e4nde, bin ich v\u00f6llig in Ordnung. Ich habe allen Grund dankbar zu sein. Aber ich bete, dass Er meinen Wunsch erf\u00fcllt.[\/vc_column_text][\/vc_column][\/mk_page_section][mk_page_section bg_color=&#8221;#85b2bc&#8221; full_width=&#8221;true&#8221; padding_top=&#8221;0&#8243; padding_bottom=&#8221;0&#8243; sidebar=&#8221;sidebar-1&#8243;][vc_column][vc_column_text el_class=&#8221;vier-spalten-blocksatz zwei-spalten&#8221; css=&#8221;.vc_custom_1601234626608{margin-bottom: 0px !important;}&#8221;]Ich m\u00f6chte mich wirklich f\u00fcr die weniger Privilegierten einsetzen. F\u00fcr jene, die nichts haben. Ich m\u00f6chte geben k\u00f6nnen, wenn mich jemand um etwas bittet. So bin ich einfach, wenn mich jemand um etwas bittet und ich gebe es ihm nicht, verurteilt mich mein Gewissen: \u201eAber du hast doch, worum man dich bittet. Warum sagst du der Person, du h\u00e4ttest diese Sache nicht?\u201c Ich m\u00f6chte mich f\u00fcr Waisen engagieren. Waisen, die unterprivilegiert sind und so weiter. Weil ich wei\u00df, wie es ist nichts zu haben; weil ich da durch gegangen bin. Die meisten Leute haben Schwierigkeiten mich zu verstehen. Aber wenn du dich einer Person nicht wirklich n\u00e4herst, wei\u00dft du nicht wie sie wirklich ist. Was ich den Leuten sagen m\u00f6chte, die das hier lesen: Ihr m\u00fcsst Gott vertrauen. Weil Er der Erschaffer ist, der selbst nicht geschaffen wurde. Er wei\u00df alles, von Anfang bis Ende. Das ist, was ich verstehe; Er ist unsere einzige Hoffnung. Wir k\u00f6nnten unser Vertrauen in die Menschen setzen \u2013 sie werden uns entt\u00e4uschen. Nur Gott entt\u00e4uscht nie. Nur Gott.[\/vc_column_text][mk_padding_divider size=&#8221;80&#8243;][\/vc_column][\/mk_page_section][mk_page_section full_width=&#8221;true&#8221; sidebar=&#8221;sidebar-1&#8243;][vc_column width=&#8221;1\/12&#8243; offset=&#8221;vc_col-lg-2 vc_col-md-1 vc_hidden-sm vc_hidden-xs&#8221;][\/vc_column][vc_column offset=&#8221;vc_col-lg-8 vc_col-md-10 vc_col-xs-12&#8243;][vc_column_text css=&#8221;.vc_custom_1694083291036{margin-top: 80px !important;margin-bottom: 0px !important;}&#8221;]\n<h4>&nbsp;<a href=\"https:\/\/unofficial.pictures\/release\/schubladendenken\/\">Ausstellung \u00bbSchubladendenken\u00ab<\/a><\/h4>\n[\/vc_column_text][vc_single_image image=&#8221;3278&#8243; img_size=&#8221;full&#8221;][\/vc_column][vc_column width=&#8221;1\/12&#8243; offset=&#8221;vc_col-lg-2 vc_col-md-1 vc_hidden-sm vc_hidden-xs&#8221;][\/vc_column][\/mk_page_section]","protected":false},"excerpt":{"rendered":"<p>\u0639\u0641\u0648\u0627\u060c \u0647\u0630\u0647 \u0627\u0644\u0645\u062f\u062e\u0644\u0629 \u0645\u0648\u062c\u0648\u062f\u0629 \u0641\u0642\u0637 \u0641\u064a Deutsch.[mk_page_section padding_top=&#8221;0&#8243; padding_bottom=&#8221;0&#8243; sidebar=&#8221;sidebar-1&#8243;][vc_column][mk_padding_divider size=&#8221;80&#8243;][vc_btn title=&#8221;zur\u00fcck zur Ausstellung&#8221; style=&#8221;classic&#8221; shape=&#8221;square&#8221; color=&#8221;default&#8221; link=&#8221;url:https%3A%2F%2Funofficial.pictures%2Fschubladendenken%2F|title:%5B%3Ade%5DAusstellung%20%C2%BBSchubladendenken%C2%AB%5B%3A%5D&#8221; el_class=&#8221;button-back-to-the-exhibition&#8221;][\/vc_column][\/mk_page_section][mk_page_section bg_color=&#8221;#85b2bc&#8221; full_width=&#8221;true&#8221; padding_top=&#8221;0&#8243; padding_bottom=&#8221;0&#8243; sidebar=&#8221;sidebar-1&#8243;][vc_column][mk_padding_divider size=&#8221;80&#8243;][vc_column_text el_class=&#8221;vier-spalten-blocksatz&#8221; css=&#8221;.vc_custom_1601234183488{margin-bottom: 0px !important;}&#8221;]RAFAEL: Was hat dich motiviert, einen Deutschkurs zu besuchen? VICTORY: Das kam daher, dass Menschen mich einsch\u00fcchterten, weil ich nicht f\u00e4hig war Deutsch zu sprechen. Au\u00dferdem m\u00f6chte [&hellip;]<\/p>\n","protected":false},"author":1,"featured_media":0,"parent":2059,"menu_order":0,"comment_status":"closed","ping_status":"closed","template":"","meta":{"footnotes":""},"class_list":["post-2068","page","type-page","status-publish","hentry"],"_links":{"self":[{"href":"https:\/\/unofficial.pictures\/ar\/wp-json\/wp\/v2\/pages\/2068","targetHints":{"allow":["GET"]}}],"collection":[{"href":"https:\/\/unofficial.pictures\/ar\/wp-json\/wp\/v2\/pages"}],"about":[{"href":"https:\/\/unofficial.pictures\/ar\/wp-json\/wp\/v2\/types\/page"}],"author":[{"embeddable":true,"href":"https:\/\/unofficial.pictures\/ar\/wp-json\/wp\/v2\/users\/1"}],"replies":[{"embeddable":true,"href":"https:\/\/unofficial.pictures\/ar\/wp-json\/wp\/v2\/comments?post=2068"}],"version-history":[{"count":6,"href":"https:\/\/unofficial.pictures\/ar\/wp-json\/wp\/v2\/pages\/2068\/revisions"}],"predecessor-version":[{"id":3283,"href":"https:\/\/unofficial.pictures\/ar\/wp-json\/wp\/v2\/pages\/2068\/revisions\/3283"}],"up":[{"embeddable":true,"href":"https:\/\/unofficial.pictures\/ar\/wp-json\/wp\/v2\/pages\/2059"}],"wp:attachment":[{"href":"https:\/\/unofficial.pictures\/ar\/wp-json\/wp\/v2\/media?parent=2068"}],"curies":[{"name":"wp","href":"https:\/\/api.w.org\/{rel}","templated":true}]}}