{"id":24,"date":"2017-03-10T12:48:46","date_gmt":"2017-03-10T12:48:46","guid":{"rendered":"http:\/\/demos.artbees.net\/jupiter5\/persephone\/?page_id=24"},"modified":"2024-02-26T13:28:01","modified_gmt":"2024-02-26T12:28:01","slug":"about","status":"publish","type":"page","link":"https:\/\/unofficial.pictures\/ar\/about\/","title":{"rendered":"about"},"content":{"rendered":"<p class=\"qtranxs-available-languages-message qtranxs-available-languages-message-ar\">\u0639\u0641\u0648\u0627\u060c \u0647\u0630\u0647 \u0627\u0644\u0645\u062f\u062e\u0644\u0629 \u0645\u0648\u062c\u0648\u062f\u0629 \u0641\u0642\u0637 \u0641\u064a <a href=\"https:\/\/unofficial.pictures\/de\/wp-json\/wp\/v2\/pages\/24\" class=\"qtranxs-available-language-link qtranxs-available-language-link-de\" title=\"Deutsch\">Deutsch<\/a> \u0648 <a href=\"https:\/\/unofficial.pictures\/en\/wp-json\/wp\/v2\/pages\/24\" class=\"qtranxs-available-language-link qtranxs-available-language-link-en\" title=\"English\">English<\/a>.<\/p>[mk_page_section bg_image=&#8221;https:\/\/unofficial.pictures\/wp-content\/uploads\/2018\/01\/contact_frieder_rafa.jpg&#8221; bg_position=&#8221;center center&#8221; bg_repeat=&#8221;no-repeat&#8221; bg_stretch=&#8221;true&#8221; min_height=&#8221;0&#8243; full_height=&#8221;true&#8221; padding_top=&#8221;0&#8243; padding_bottom=&#8221;0&#8243; sidebar=&#8221;sidebar-1&#8243;][vc_column][mk_fancy_title strip_tags=&#8221;true&#8221; tag_name=&#8221;h1&#8243; color=&#8221;#ffffff&#8221; size=&#8221;120&#8243; force_font_size=&#8221;true&#8221; size_phone=&#8221;80&#8243; font_weight=&#8221;bold&#8221; txt_transform=&#8221;uppercase&#8221; letter_spacing=&#8221;2&#8243; margin_bottom=&#8221;0&#8243; font_family=&#8221;none&#8221; align=&#8221;center&#8221;]about[\/mk_fancy_title][\/vc_column][\/mk_page_section][mk_page_section bg_position=&#8221;center top&#8221; bg_repeat=&#8221;no-repeat&#8221; bg_stretch=&#8221;true&#8221; min_height=&#8221;0&#8243; padding_top=&#8221;200&#8243; padding_bottom=&#8221;0&#8243; sidebar=&#8221;sidebar-1&#8243;][vc_column width=&#8221;1\/3&#8243;][\/vc_column][vc_column width=&#8221;2\/3&#8243;][mk_divider style=&#8221;thin_solid&#8221; divider_width=&#8221;custom_width&#8221; custom_width=&#8221;500&#8243; align=&#8221;left&#8221; thin_single_color=&#8221;#ffcd02&#8243; thickness=&#8221;6&#8243; margin_top=&#8221;0&#8243; margin_bottom=&#8221;0&#8243; visibility=&#8221;hidden-sm&#8221;][vc_column_text margin_bottom=&#8221;20&#8243; css=&#8221;.vc_custom_1708950334870{margin-bottom: 20px !important;}&#8221;]Das Private und Politische durch Fotografie und Film zu erz\u00e4hlen ist der Ansatz von unofficial.pictures. Unser Ziel ist es, \u00fcber gesellschaftliche Gruppen und Milieus hinaus Empathie und Verst\u00e4ndnis zu erzeugen und so Diskriminierungen abzubauen. Konkret entwickeln wir Ausstellungen, B\u00fccher, Zeitungen und Filme und empowern vor allem immer wieder in Workshops andere Menschen, diese Ans\u00e4tze f\u00fcr sich und ihre Anliegen zu nutzen. Dabei liegt immer ein Fokus auf der Inklusion von Menschen aus medial unterrepr\u00e4sentierten sozialen Gruppen.<br \/>\n2016 haben die Dokumentarfotografen Rafael Brix und Frieder Bickhardt das gleichnamige Kollektiv gegr\u00fcndet. In den vergangenen Projekten in Kooperation mit anderen Tr\u00e4ger*innen kamen immer wieder andere K\u00fcnstler*innen und Projektmanager*innen dazu und es entstanden aus Kreisen der Teilnehmenden eigene Initiativen in unserem Themenfeld. Ende 2021 wurde schlie\u00dflich ein Verein gegr\u00fcndet, um der gemeinn\u00fctzigen T\u00e4tigkeit eine passende Rechtsform zu geben und noch mehr M\u00f6glichkeiten zur aktiven Mitgestaltung von unofficial.pictures zu bieten. Dank immer neuer Projektf\u00f6rderungen konnten bisher \u00fcber 40 Projekte realisiert werden. [\/vc_column_text][\/vc_column][\/mk_page_section][mk_page_section bg_color=&#8221;#ffcd02&#8243; padding_top=&#8221;100&#8243; padding_bottom=&#8221;100&#8243; sidebar=&#8221;sidebar-1&#8243;][vc_column][mk_fancy_title color=&#8221;#000000&#8243; size=&#8221;40&#8243; force_font_size=&#8221;true&#8221; size_smallscreen=&#8221;30&#8243; size_tablet=&#8221;25&#8243; size_phone=&#8221;20&#8243; font_weight=&#8221;bold&#8221; letter_spacing=&#8221;2&#8243; margin_bottom=&#8221;0&#8243; font_family=&#8221;none&#8221;]bisherige projekte[\/mk_fancy_title][mk_divider style=&#8221;thin_solid&#8221; divider_width=&#8221;custom_width&#8221; custom_width=&#8221;500&#8243; align=&#8221;left&#8221; thin_single_color=&#8221;#000000&#8243; thickness=&#8221;6&#8243; margin_top=&#8221;0&#8243; margin_bottom=&#8221;0&#8243; visibility=&#8221;hidden-sm&#8221;][mk_padding_divider size=&#8221;60&#8243;][vc_column_text css=&#8221;.vc_custom_1681567799639{margin-bottom: 0px !important;}&#8221;]2023\/03 Produktion der Einzelausstellung von Frieder Bickhardt \u00bb<a href=\"https:\/\/unofficial.pictures\/komplex-heimat\/\">Komplex : Heimat<\/a>\u00ab, Schloss und Stadtmuseum Hoyerswerda<br \/>\n2022-23 Soziokulturelles Projekt \u00bb<a href=\"http:\/\/www.suhl-nord.de\">Suhl-Nord \u2013 Wieder im Gespr\u00e4ch<\/a>\u00ab mit Stra\u00dfenfest, Workshop, Open-Air-Ausstellung<br \/>\n2022 Interview- und Portrait-Reihe \u00bb<a href=\"https:\/\/unofficial.pictures\/geboren-gekommen-geblieben\/\">geboren, gekommen, geblieben \u2013 Portr\u00e4ts einer diversen Stadt<\/a>\u00ab<br \/>\n2022\/03 Fotozeitung \u00bb<a href=\"https:\/\/unofficial.pictures\/shop\/keine-ruhe\/\">KEINE RUHE<\/a>\u00ab. Suhl und Leipzig<br \/>\n2021\/11-2022\/04 Gruppenausstellung \u00bbFotob\u00fccher \u2013 Kunst zum Bl\u00e4ttern\u00ab. GRASSI Museum f\u00fcr Angewandte Kunst, Leipzig<br \/>\n2021\/06-07 Ausstellung \u00bbEin markiertes Viertel.\u00ab als Satellit zum f\/stop Festival f\u00fcr Fotografie. Villa Plagwitz, Leipzig<br \/>\n2020-22 Langzeitworkshop und Ausstellung \u00bbNeue Sichten f\u00fcr Hoyerswerda\u00ab, Kulturfabrik &amp; Schloss, Hoyerswerda<br \/>\n2021\/05 Ausstellung \u00bbGef\u00e4hrlicher Gegenstand: Eisenbahnstra\u00dfe\u00ab zur Art Go East Biennale. SagArt, Leipzig<br \/>\n2020&amp;21 Portraits und Interviews \u00bb<a href=\"https:\/\/unofficial.pictures\/schubladendenken\/\">Schubladendenken<\/a>\u00ab im Rahmen der Interkulturellen Woche, Suhl<br \/>\n2020\/07 Foto-Zeitung \u00bbGef\u00e4hrlicher Gegenstand: Eisenbahnstra\u00dfe\u00ab Ausgabe 2<br \/>\n2019\/10 Jugendaustausch \u00bblaboro ergo sum #2\u00ab bei Circolo ArciRagazzi Gli Anni in Tasca, Terni, Italien<br \/>\n2019\/08-09 Teilnahme und Organisation der Wanderausstellung \u00bbKein sch\u00f6ner ____ in dieser Zeit\u00ab, 4 Kleinst\u00e4dte in Sachsen<br \/>\n2019\/05-07 Foto-Zeitung \u00bbGef\u00e4hrlicher Gegenstand: Eisenbahnstra\u00dfe\u00ab, Leipzig<br \/>\n2019\/04 Jugendaustausch \u00bblaboro ergo sum\u00ab mit der Autodidaktische Initiative e.V., Leipzig<br \/>\n2019\/02-04 Workshop \u00bbout of the box\u00ab im Stadtteilprojekt Dresdner59, Leipzig-Reudnitz<br \/>\n2019\/01 Gemeinschaftsausstellung \u00bbvon ihnen von uns von wem\u00ab im P\u00f6ge-Haus e.V., Leipzig<br \/>\n2018\/10-12 Workshop \u00bbHow to Publish\u00ab im P\u00f6ge-Haus e.V., Leipzig-Neustadt-Neusch\u00f6nefeld<br \/>\n2018\/08-09 Workshop \u00bbsharing.unofficial.pictures\u00ab im Treibhaus e.V., D\u00f6beln<br \/>\n2018\/08 Seminare zu rassismuskritischem Fotografieren w\u00e4hrend Freiwilligendiensten, Evangelisch\u2013Lutherisches Missionswerk Leipzig e.V.<br \/>\n2018\/07 Workshop \u00bbout of the box\u00ab im kunZstoffe &#8211; urbane Ideenwerkstatt e.V., Leipzig-Lindenau<br \/>\n2018\/06 Start der fortlaufenden Werkstatt \u00bbFoto, Film &amp; Pizza\u00ab in eigenen R\u00e4umen, Leipzig-Kleinzschocher<br \/>\n2018\/02 Zine-Workshop \u00bbborn to work\u00ab im Autodidaktische Initiative e. V., Leipzig-Lindenau<br \/>\n2018\/01 Arbeitsaufenthalt zum Fotobuchprojekt \u00bbappropriation \/ expropriation: city plaza, athens\u00ab, Griechenland<br \/>\n2017\/12 Ausstellung und Buchpr\u00e4sentation von \u00bbDie Jasmin-Flucht\u00ab von Fahd Aldaya im Tipi im Westwerk, Leipzig-Plagwitz<br \/>\n2017\/11 Zine-Workshop \u00bbdas pers\u00f6nliche ist politisch\u00ab im Autodidaktische Initiative e. V., Leipzig-Lindenau<br \/>\n2017\/11 Crashkurs \u00bbDas dokumentarische Portrait\u00ab, Leipzig-Plagwitz<br \/>\n2017\/10 Ausstellung \u00bbnow.unofficial.pictures\u00ab im Rahmen des LindeNOW Kunstfestivals, Leipzig-Lindenau<br \/>\n2017\/08 Zine-Workshop \u00bbGuter Stoff f\u00fcr eine Geschichte\u00ab im Dorf der Jugend im Rahmen des Landesprogramms Spurensuche, Grimma<br \/>\n2017\/05 Ausstellung \u00bbTopografien des Widerstands\u00ab im Rahmen der Kulturellen Landpartie, Gasthof Meuchefitz\/Wendland<br \/>\n2017\/04 Start der monatlichen \u00bbIdeenwerkstatt\u00ab mit ehemaligen Workshop-Teilnehmer*innen, Leipzig<br \/>\n2017\/03 Workshop \u00bbout of the box\u00ab im krudebude e.V., Leipzig-Sch\u00f6nefeld<br \/>\n2017\/01 Theorieseminar \u00bbWie kann Fotografie politisch sein?\u00ab im Autodidaktische Initiative e. V., Leipzig-Lindenau<br \/>\n2016\/06 Film- und Theaterprojekt \u00bbMOMO\u00ab mit einer DaZ-Klasse der Nachbarschaftschule, Leipzig-Lindenau<br \/>\n2016\/04 Workshop \u00bbsharing unofficial pictures\u00ab im krudebude e.V., Leipzig-Sch\u00f6nefeld[\/vc_column_text][\/vc_column][\/mk_page_section]","protected":false},"excerpt":{"rendered":"<p>\u0639\u0641\u0648\u0627\u060c \u0647\u0630\u0647 \u0627\u0644\u0645\u062f\u062e\u0644\u0629 \u0645\u0648\u062c\u0648\u062f\u0629 \u0641\u0642\u0637 \u0641\u064a Deutsch \u0648 English.[mk_page_section bg_image=&#8221;https:\/\/unofficial.pictures\/wp-content\/uploads\/2018\/01\/contact_frieder_rafa.jpg&#8221; bg_position=&#8221;center center&#8221; bg_repeat=&#8221;no-repeat&#8221; bg_stretch=&#8221;true&#8221; min_height=&#8221;0&#8243; full_height=&#8221;true&#8221; padding_top=&#8221;0&#8243; padding_bottom=&#8221;0&#8243; sidebar=&#8221;sidebar-1&#8243;][vc_column][mk_fancy_title strip_tags=&#8221;true&#8221; tag_name=&#8221;h1&#8243; color=&#8221;#ffffff&#8221; size=&#8221;120&#8243; force_font_size=&#8221;true&#8221; size_phone=&#8221;80&#8243; font_weight=&#8221;bold&#8221; txt_transform=&#8221;uppercase&#8221; letter_spacing=&#8221;2&#8243; margin_bottom=&#8221;0&#8243; font_family=&#8221;none&#8221; align=&#8221;center&#8221;]about[\/mk_fancy_title][\/vc_column][\/mk_page_section][mk_page_section bg_position=&#8221;center top&#8221; bg_repeat=&#8221;no-repeat&#8221; bg_stretch=&#8221;true&#8221; min_height=&#8221;0&#8243; padding_top=&#8221;200&#8243; padding_bottom=&#8221;0&#8243; sidebar=&#8221;sidebar-1&#8243;][vc_column width=&#8221;1\/3&#8243;][\/vc_column][vc_column width=&#8221;2\/3&#8243;][mk_divider style=&#8221;thin_solid&#8221; divider_width=&#8221;custom_width&#8221; custom_width=&#8221;500&#8243; align=&#8221;left&#8221; thin_single_color=&#8221;#ffcd02&#8243; thickness=&#8221;6&#8243; margin_top=&#8221;0&#8243; margin_bottom=&#8221;0&#8243; visibility=&#8221;hidden-sm&#8221;][vc_column_text margin_bottom=&#8221;20&#8243; css=&#8221;.vc_custom_1708950334870{margin-bottom: 20px !important;}&#8221;]Das Private [&hellip;]<\/p>\n","protected":false},"author":1,"featured_media":0,"parent":0,"menu_order":0,"comment_status":"closed","ping_status":"closed","template":"","meta":{"footnotes":""},"class_list":["post-24","page","type-page","status-publish","hentry"],"_links":{"self":[{"href":"https:\/\/unofficial.pictures\/ar\/wp-json\/wp\/v2\/pages\/24","targetHints":{"allow":["GET"]}}],"collection":[{"href":"https:\/\/unofficial.pictures\/ar\/wp-json\/wp\/v2\/pages"}],"about":[{"href":"https:\/\/unofficial.pictures\/ar\/wp-json\/wp\/v2\/types\/page"}],"author":[{"embeddable":true,"href":"https:\/\/unofficial.pictures\/ar\/wp-json\/wp\/v2\/users\/1"}],"replies":[{"embeddable":true,"href":"https:\/\/unofficial.pictures\/ar\/wp-json\/wp\/v2\/comments?post=24"}],"version-history":[{"count":25,"href":"https:\/\/unofficial.pictures\/ar\/wp-json\/wp\/v2\/pages\/24\/revisions"}],"predecessor-version":[{"id":3517,"href":"https:\/\/unofficial.pictures\/ar\/wp-json\/wp\/v2\/pages\/24\/revisions\/3517"}],"wp:attachment":[{"href":"https:\/\/unofficial.pictures\/ar\/wp-json\/wp\/v2\/media?parent=24"}],"curies":[{"name":"wp","href":"https:\/\/api.w.org\/{rel}","templated":true}]}}