{"id":2827,"date":"2022-06-14T18:22:16","date_gmt":"2022-06-14T16:22:16","guid":{"rendered":"https:\/\/unofficial.pictures\/?page_id=2827"},"modified":"2022-06-14T18:22:16","modified_gmt":"2022-06-14T16:22:16","slug":"marcus-thoma","status":"publish","type":"page","link":"https:\/\/unofficial.pictures\/ar\/geboren-gekommen-geblieben\/marcus-thoma\/","title":{"rendered":"(Deutsch) Marcus Thoma"},"content":{"rendered":"<p class=\"qtranxs-available-languages-message qtranxs-available-languages-message-ar\">\u0639\u0641\u0648\u0627\u060c \u0647\u0630\u0647 \u0627\u0644\u0645\u062f\u062e\u0644\u0629 \u0645\u0648\u062c\u0648\u062f\u0629 \u0641\u0642\u0637 \u0641\u064a <a href=\"https:\/\/unofficial.pictures\/de\/wp-json\/wp\/v2\/pages\/2827\" class=\"qtranxs-available-language-link qtranxs-available-language-link-de\" title=\"Deutsch\">Deutsch<\/a>.<\/p><div class=\"wpb-content-wrapper\">[mk_page_section padding_top=&#8221;0&#8243; padding_bottom=&#8221;0&#8243; sidebar=&#8221;sidebar-1&#8243;][vc_column width=&#8221;1\/2&#8243;][mk_padding_divider size=&#8221;200&#8243; visibility=&#8221;hidden-sm&#8221;][vc_column_text align=&#8221;right&#8221; css=&#8221;.vc_custom_1655223217038{margin-bottom: 0px !important;}&#8221;]\n<p class=\"a_font-22\"><strong>Marcus Thoma<\/strong><\/p>\n<p class=\"a_font-22\">geboren 1983, arbeitet in der Lebenshilfe-Werkstatt<\/p>\n<p class=\"a_font-22\">Das Gespr\u00e4ch f\u00fchrten wir am 07. April 2022 mit Marcus und seiner Mutter Heike.<\/p>\n[\/vc_column_text][vc_btn title=&#8221;zur\u00fcck zur \u00dcbersicht&#8221; style=&#8221;classic&#8221; shape=&#8221;square&#8221; color=&#8221;default&#8221; align=&#8221;right&#8221; link=&#8221;url:https%3A%2F%2Funofficial.pictures%2Fgeboren-gekommen-geblieben%2F|title:%5B%3Ade%5DPortraits%20einer%20diversen%20Stadt%3A%20%E2%80%9Egeboren%2C%20gekommen%2C%20geblieben%E2%80%9C%5B%3A%5D&#8221; el_class=&#8221;button-back-to-the-exhibition&#8221;][\/vc_column][vc_column width=&#8221;1\/2&#8243;][mk_padding_divider size=&#8221;100&#8243; visibility=&#8221;hidden-sm&#8221;][vc_single_image image=&#8221;2828&#8243; img_size=&#8221;400&#215;600&#8243; alignment=&#8221;right&#8221;][\/vc_column][\/mk_page_section][mk_page_section bg_color=&#8221;#85b2bc&#8221; full_width=&#8221;true&#8221; padding_top=&#8221;0&#8243; padding_bottom=&#8221;0&#8243; sidebar=&#8221;sidebar-1&#8243;][vc_column][mk_padding_divider size=&#8221;80&#8243;][vc_column_text el_class=&#8221;vier-spalten-blocksatz&#8221; css=&#8221;.vc_custom_1655223708073{margin-bottom: 0px !important;}&#8221;]MARCUS: Die ersten f\u00fcnf Jahre bin ich in Kitzscher bei meiner Oma aufgewachsen, weil da meine Mutti noch studiert hat. Aber sch\u00f6ner fand ich es sp\u00e4ter in Haubitz.<\/p>\n<p>HEIKE: Es ist ja wirklich ein D\u00f6rfchen. Ich glaube wir sind 77 Einwohner*innen.<\/p>\n<p>MARCUS: Das Dorfleben war sch\u00f6n. Ich habe da viele Freunde gehabt. Gab schon viele sch\u00f6ne Sachen. War eine sch\u00f6ne Zeit.<\/p>\n<p>HEIKE: Die Kinder waren immer zusammen, das waren vielleicht so zw\u00f6lf bis vierzehn Mann. Kinder allen Alters, die waren immer zusammen unterwegs. Sie haben auch Bl\u00f6dsinn gemacht. Also aus dem Dorf raus, das wussten die alle, durften sie nicht. Das Dorf war gro\u00df genug und da haben sie sich dann meistens unter der Eiche \u2013 das ist so der Sammelplatz, Dorfanger \u2013 dort haben sie sich getroffen. Wir haben nie Angst gehabt, wenn er mit dem Fahrrad unterwegs war, dass er sich irgendwo verf\u00e4hrt. Er hat einen Orientierungssinn, das ist irre.<\/p>\n<p>MARCUS: Dabei haben die \u00c4rzte zu mir gesagt, ich k\u00f6nnte nie Fahrrad fahren.<\/p>\n<p>HEIKE: Im Grunde genommen geht seine Behinderung auf eine fr\u00fchkindliche Hirnsch\u00e4digung zur\u00fcck. Sauerstoffmangel unter der Geburt. Wir sind dann nat\u00fcrlich in den ersten Jahren von Arzt zu Arzt. Er hat bis heute motorische Schwierigkeiten. Damals hat der Professor in Leipzig gesagt, in der Neurochirurgie: \u201eDer Marcus, der wird nie Fahrradfahren lernen oder so was. Also mit Ger\u00e4tschaften, das wird gar nicht gehen.\u201c Aber als er dann so etwa sechs war &#8230; erst ist er immer mit einem Liliput gefahren, dieses Gef\u00e4hrt aus DDR-Zeiten auf drei R\u00e4dern. Da ist er uns mehrmals ausgeb\u00fcchst. Von Haubitz wollte er unbedingt nach Kitzscher und dann mal in die Gegenrichtung nach Kahnsdorf seine Tante besuchen. Und irgendwann hat er dann das Fahrradfahren gelernt, anfangs mit St\u00fctzr\u00e4dern und dann ohne. Und seitdem \u2026 also das Fahrrad darf ich ihm nicht wegnehmen. Das ist so das Fortbewegungsmittel, womit er selbstst\u00e4ndig \u00fcberall hin kommt. Das ist schon dein Ein und Alles.<\/p>\n<p>MARCUS: Sp\u00e4ter war das dann nicht mehr so sch\u00f6n in Haubitz, weil mir dann die Freunde gefehlt haben. Mein Bruder ist dann auch weggezogen. Der wohnt jetzt in W\u00fcrzburg.<br \/>\n2001 hab ich in der Werkstatt angefangen, bei der Lebenshilfe. 21 Jahre sind es jetzt. Wir machen Schl\u00f6sser f\u00fcr T\u00fcren. Wenn es mal passt, kann ich die Werkstatt euch auch mal zeigen. Vorher war ich bei Sonnl\u00e4nder im Lager drau\u00dfen, da habe ich S\u00e4fte, Saftkisten gestapelt. Von der Gro\u00dfkelterei kommen die her. Jetzt mache ich Schl\u00f6sser, weil ich darf jetzt nicht mehr so schwer tragen. Ich habe es mit dem Herz.[\/vc_column_text][\/vc_column][\/mk_page_section][mk_page_section bg_color=&#8221;#85b2bc&#8221; full_width=&#8221;true&#8221; padding_top=&#8221;0&#8243; padding_bottom=&#8221;0&#8243; sidebar=&#8221;sidebar-1&#8243;][vc_column][vc_column_text el_class=&#8221;vier-spalten-blocksatz&#8221; css=&#8221;.vc_custom_1655223700637{margin-bottom: 0px !important;}&#8221;]HEIKE: Also, als er krank wurde, da haben sie das zugeteilt.<\/p>\n<p>MARCUS: Wir machen die Blenden, diese Schlie\u00dfblenden f\u00fcr die T\u00fcren. Also die Schl\u00f6sser selber nicht. Aber in einem anderen Bereich machen wir auch Schl\u00f6sser. Hinten in der alten Werkstatt. Die setzen die Schl\u00f6sser in ihren Einzelteilen zusammen, Deckel drauf, zu genietet und dann werden sie im Grunde genommen in Wohnungst\u00fcren eingebaut und dann fehlen blo\u00df noch die Zylinder. Und wir machen aber die Schlie\u00dfbleche.<br \/>\nEin anderer Bereich der Werkstatt macht Teile f\u00fcr CareLiv aus Geithain, medizinische Ger\u00e4te f\u00fcr Krankenh\u00e4user. Andere m\u00fcssen Bleche stanzen f\u00fcr K\u00fchlschr\u00e4nke. Als da neulich einige Urlaub hatten, musste ich da auch mal mit ran. Und Kirschkernkissen machen wir auch. Die Kerne werden in gro\u00dfen S\u00e4cken geliefert. Dann gibt es noch eine K\u00fcche. Fr\u00fcher wurde da f\u00fcr alle gekocht. Jetzt bekommen wir es aus Geithain geliefert. Von einem Caterer. Fr\u00fcher gab\u2019s auch noch Kerzen und Seifen. Aber jetzt nicht mehr. Das wurde verkauft und zur\u00fcckgeschickt nach Holland. Die W\u00e4scherei gibt\u2019s jetzt in der neuen Werkstatt. Dann noch die N\u00e4herei und noch Landschaftspflege. Die fahren immer raus mit den Leuten, Rasenm\u00e4hen und so. Und in Zedtlitz machen sie Autoaufbereitung. Sie machen Autos innen und au\u00dfen tipptopp sauber.<br \/>\nIch wohne in der Wettinstra\u00dfe. Zwei Mitbewohner sind jetzt ausgezogen und da sind wir jetzt blo\u00df noch 13. Wir machen manchmal viel zusammen. Wir spielen auch viel. Mensch \u00e4rger dich nicht. Aber auch andere Spiele.<\/p>\n<p>HEIKE: Marcus war 2003 mit einer der ersten, die hier eingezogen sind. Ganz viele sind mittlerweile schon ausgezogen, weggezogen, haben eine eigene Wohnung teilweise. Aber ich denke mal, du f\u00fchlst dich hier wohl. Wir hatten damals ein bisschen Probleme. Der Marcus wollte gerne hier her. Er wusste, dass so eine Au\u00dfenwohngruppe aufgemacht wird und wollte gerne hier hin. Er wollte nat\u00fcrlich unter seinesgleichen. Bei uns auf dem Dorf war er alleine. Wie er gesagt hat, die Freunde sind alle weggezogen. Dann haben wir das beantragt und wie das so ist, diese ganzen Stellen, der Kommunale Sozialverband Sachsen und so, die haben das alles gepr\u00fcft. Und dann hie\u00df es: \u201eNa ja, Sie haben doch ein Haus und Sie sind noch jung und da kann doch der Marcus bei Ihnen bleiben.\u201c Also das erste Mal abgeschmettert. Und dann war aber hier Tag der offenen T\u00fcr, da durften wir uns das ganze Geb\u00e4ude angucken und da hat der Marcus immer gesagt: \u201eHier w\u00fcrde ich auch gerne hin.\u201c<\/p>\n<p>MARCUS: Das war zur Er\u00f6ffnung.<\/p>\n<p>HEIKE: Ja, zur Er\u00f6ffnung. Und wie es der Teufel wollte, stand neben mir eine Frau und fragte: \u201eUnd warum kommt der Marcus nicht hierher?\u201c Und da habe ich ihr die Geschichte erz\u00e4hlt. Ich wusste nicht, dass sie von der Rundschau war. Sie hat das dann in der Zeitung abgedruckt und Sie sollten mal sehen, wie schnell wir den Platz hatten. Ganz schnell. Da war noch ein Bild mit drin. Und innerhalb von zwei Tagen hatte ich einen Anruf vom KSV: \u201cDer Platz ist genehmigt.\u201c Also manchmal, manchmal ist es wirklich so, dass man solche Zuf\u00e4lle braucht.[\/vc_column_text][\/vc_column][\/mk_page_section][mk_page_section bg_color=&#8221;#85b2bc&#8221; full_width=&#8221;true&#8221; padding_top=&#8221;0&#8243; padding_bottom=&#8221;0&#8243; sidebar=&#8221;sidebar-1&#8243;][vc_column][vc_column_text el_class=&#8221;vier-spalten-blocksatz&#8221; css=&#8221;.vc_custom_1655223677367{margin-bottom: 0px !important;}&#8221;]MARCUS: Ja, und am 01.09.2003 bin ich dann hier eingezogen.<\/p>\n<p>SANDRA: Wie sieht denn dein Alltag aus?<\/p>\n<p>MARCUS: Unser Tag f\u00e4ngt an mit Zimmer reinigen, also sauber machen, W\u00e4sche waschen. Ich bin mittwochs dran. Mein Zimmer\u00adgenosse ist montags dran. Wir haben verschiedene Waschtage. Dann haben wir K\u00fcchen\u00addienst, Treppen\u00addienst und Einkaufs\u00addienst. Am Wochen\u00adende kochen wir selber, also die Betreuer, und in der Woche kriegen wir das von der Werkstatt geliefert. Drei Betreuer haben wir.<\/p>\n<p>HEIKE: Das k\u00f6nnte ich als Mutti, wenn ich ihn zu Hause h\u00e4tte, gar nicht machen. Wenn man arbeiten geht. Aber f\u00fcr die Betreuer ist das die Arbeit. Und die lassen sich da auch immer wieder was einfallen. Auch f\u00fcr Geburtstage und so. Die sind schon sehr, sehr r\u00fchrig, muss ich wirklich sagen.<\/p>\n<p>MARCUS: Ja, jetzt k\u00f6nnen wir ja nicht mehr in den Urlaub fahren, weil nat\u00fcrlich Corona ist. Aber davor sind wir auch mal in den Urlaub gefahren. Viele Male, wir sind auch geflogen. In Italien waren wir und dann Menorca, in der T\u00fcrkei, Bulgarien. Und dann haben wir in Deutschland Reisen gemacht. In Oybin und im Zittauer Gebirge waren wir. Und in der L\u00fcneburger Heide.<br \/>\nIn Borna fehlt mir ein Freibad. Das gibt es ja nicht mehr. Leider. Da haben wir jetzt blo\u00df noch das sch\u00f6ne Jahnbad.<\/p>\n<p>HEIKE: Fr\u00fcher sind sie los gezogen und haben die Freunde getroffen, und irgendwann kamen sie zur\u00fcck. Das war schon was anderes.<\/p>\n<p>MARCUS: Jetzt gehen wir manchmal als Gruppe an die Bagger\u00adseen und so. Und dann mit den schei\u00df Fu\u00dfwegen hier. Wenn \u00e4ltere Leute da lang laufen und dann hinfliegen, umfallen, das ist auch nichts Sch\u00f6nes. Sie wollten ihn ja neu machen, wenn der Bahnhof gemacht worden ist. Das haben sie bis jetzt noch nicht gemacht.<br \/>\nUnd dann haben sie die alten Geb\u00e4ude abgerissen. Das eine Geb\u00e4ude h\u00e4tten sie noch stehenlassen k\u00f6nnen. Aber das haben die alles weggemacht. Ich finde aber auch gut, dass sie hier das Zwiebelhaus neu machen. Da sind Figuren au\u00dfen dran. Die Zwiebelfrauen, die Carabinieri und die Bergm\u00e4nner.<\/p>\n<p>HEIKE: Und jetzt geht der Radweg unten durch, das ist ja ganz wichtig f\u00fcr dich. Der dann nach Haubitz geht.<\/p>\n<p>MARCUS: Die Ober\u00adb\u00fcrger\u00admeisterin sollte eine Auszeichnung kriegen. Weil sie selber viele Menschen von der ukrainischen Grenze geholt hat, die aus der Partner\u00adstadt Irpin kamen. Zwei Frauen und zwei Kinder sind auch hier bei uns im betreuten Bereich.[\/vc_column_text][\/vc_column][\/mk_page_section][mk_page_section bg_color=&#8221;#85b2bc&#8221; full_width=&#8221;true&#8221; padding_top=&#8221;0&#8243; padding_bottom=&#8221;0&#8243; sidebar=&#8221;sidebar-1&#8243;][vc_column][vc_column_text el_class=&#8221;vier-spalten-blocksatz&#8221; css=&#8221;.vc_custom_1655223569810{margin-bottom: 0px !important;}&#8221;]HEIKE: Er nutzt auch immer die Gelegenheit, wenn er die Frau Luedtke erwischt, mal mit ihr zu reden.<\/p>\n<p>MARCUS: Das letzte Mal habe ich gefragt, ob sie da noch mal hinf\u00e4hrt, in die Ukraine. Und da hat sie gesagt: \u201eJa.\u201c Man sieht es auch manchmal im Fernsehen. Da war es mir richtig schlecht, als ich das gesehen habe.<\/p>\n<p>FRIEDER: Und hast du einen Lieblingsort in Borna?<\/p>\n<p>MARCUS: Der Volksplatz. Da gehe ich gerne hin, weil der so sch\u00f6n alt ist. Da sind meistens so Ver\u00adanstal\u00adtungen, wie Apr\u00e8s-Ski-Parties und so. Da habe ich auch immer beim Weih\u00adnachts\u00adbaum\u00adweit\u00adschie\u00dfen mitgemacht. Die machen da wirklich verschiedene Events. Meine Lieb\u00adlings\u00adver\u00adan\u00adstal\u00adtung war der Traum\u00adzauber\u00adbaum, eine Musik\u00adver\u00adanstal\u00adtung. Das war fr\u00fcher so eine Kinderserie. Ich war auch schon mal mit meinem Bruder bei Matthias Reim dort. Au\u00dferdem geh ich gern zu den Musicals von der Dinter-Schule. Aber die kommen im Stadt\u00adkulturhaus.<\/p>\n<p>SANDRA: Und kannst du dir eigentlich vorstellen, hier irgendwann wieder auszuziehen?<\/p>\n<p>MARCUS: Wenn ich alt bin, dann m\u00fcsste ich halt wieder raus.<\/p>\n<p>HEIKE: Alle, die aus der Werkstatt ausscheiden und in Rente gehen, scheiden auch hier aus dieser Au\u00dfen\u00adwohn\u00adgruppe aus. Die gehen dann in einen anderen Betreuungs\u00adbereich in Borna-Nord. Da gibt es noch so eine Wohngruppe, die betreut wird \u00fcber die Lebenshilfe. Die haben dann dort meistens wie so eine eigene kleine eigene Wohnung. Es wird aber trotzdem noch so ein bisschen kontrolliert. Aber das w\u00e4re bei Marcus sehr schwierig, weil mit dem Bedienen eines Ofen und so, h\u00e4tte ich meine Bedenken.<\/p>\n<p>MARCUS: Da k\u00f6nnte ich ja auch hier, bei der Au\u00dfen\u00adwohn\u00adgruppe, mit essen.<\/p>\n<p>HEIKE: Wir werden sehen. Er hat ja noch ein paar Jahre.[\/vc_column_text][\/vc_column][\/mk_page_section][vc_row][vc_column][vc_column_text css=&#8221;.vc_custom_1643311707101{margin-top: 80px !important;margin-bottom: 0px !important;}&#8221;]\n<h4><a href=\"https:\/\/unofficial.pictures\/geboren-gekommen-geblieben\/\">Portr\u00e4ts einer diversen Stadt: \u201egeboren, gekommen, geblieben\u201c<\/a><\/h4>\n[\/vc_column_text][mk_padding_divider][\/vc_column][\/vc_row]\n<\/div>","protected":false},"excerpt":{"rendered":"<p>\u0639\u0641\u0648\u0627\u060c \u0647\u0630\u0647 \u0627\u0644\u0645\u062f\u062e\u0644\u0629 \u0645\u0648\u062c\u0648\u062f\u0629 \u0641\u0642\u0637 \u0641\u064a Deutsch.[mk_page_section padding_top=&#8221;0&#8243; padding_bottom=&#8221;0&#8243; sidebar=&#8221;sidebar-1&#8243;][vc_column width=&#8221;1\/2&#8243;][mk_padding_divider size=&#8221;200&#8243; visibility=&#8221;hidden-sm&#8221;][vc_column_text align=&#8221;right&#8221; css=&#8221;.vc_custom_1655223217038{margin-bottom: 0px !important;}&#8221;] Marcus Thoma geboren 1983, arbeitet in der Lebenshilfe-Werkstatt Das Gespr\u00e4ch f\u00fchrten wir am 07. April 2022 mit Marcus und seiner Mutter Heike. [\/vc_column_text][vc_btn title=&#8221;zur\u00fcck zur \u00dcbersicht&#8221; style=&#8221;classic&#8221; shape=&#8221;square&#8221; color=&#8221;default&#8221; align=&#8221;right&#8221; link=&#8221;url:https%3A%2F%2Funofficial.pictures%2Fgeboren-gekommen-geblieben%2F|title:%5B%3Ade%5DPortraits%20einer%20diversen%20Stadt%3A%20%E2%80%9Egeboren%2C%20gekommen%2C%20geblieben%E2%80%9C%5B%3A%5D&#8221; el_class=&#8221;button-back-to-the-exhibition&#8221;][\/vc_column][vc_column width=&#8221;1\/2&#8243;][mk_padding_divider size=&#8221;100&#8243; visibility=&#8221;hidden-sm&#8221;][vc_single_image image=&#8221;2828&#8243; img_size=&#8221;400&#215;600&#8243; alignment=&#8221;right&#8221;][\/vc_column][\/mk_page_section][mk_page_section [&hellip;]<\/p>\n","protected":false},"author":1,"featured_media":0,"parent":2639,"menu_order":0,"comment_status":"closed","ping_status":"closed","template":"","meta":{"footnotes":""},"class_list":["post-2827","page","type-page","status-publish","hentry"],"_links":{"self":[{"href":"https:\/\/unofficial.pictures\/ar\/wp-json\/wp\/v2\/pages\/2827","targetHints":{"allow":["GET"]}}],"collection":[{"href":"https:\/\/unofficial.pictures\/ar\/wp-json\/wp\/v2\/pages"}],"about":[{"href":"https:\/\/unofficial.pictures\/ar\/wp-json\/wp\/v2\/types\/page"}],"author":[{"embeddable":true,"href":"https:\/\/unofficial.pictures\/ar\/wp-json\/wp\/v2\/users\/1"}],"replies":[{"embeddable":true,"href":"https:\/\/unofficial.pictures\/ar\/wp-json\/wp\/v2\/comments?post=2827"}],"version-history":[{"count":8,"href":"https:\/\/unofficial.pictures\/ar\/wp-json\/wp\/v2\/pages\/2827\/revisions"}],"predecessor-version":[{"id":2836,"href":"https:\/\/unofficial.pictures\/ar\/wp-json\/wp\/v2\/pages\/2827\/revisions\/2836"}],"up":[{"embeddable":true,"href":"https:\/\/unofficial.pictures\/ar\/wp-json\/wp\/v2\/pages\/2639"}],"wp:attachment":[{"href":"https:\/\/unofficial.pictures\/ar\/wp-json\/wp\/v2\/media?parent=2827"}],"curies":[{"name":"wp","href":"https:\/\/api.w.org\/{rel}","templated":true}]}}