{"id":3310,"date":"2023-09-29T18:54:53","date_gmt":"2023-09-29T16:54:53","guid":{"rendered":"https:\/\/unofficial.pictures\/?page_id=3310"},"modified":"2024-10-09T12:42:09","modified_gmt":"2024-10-09T10:42:09","slug":"von-hier","status":"publish","type":"page","link":"https:\/\/unofficial.pictures\/ar\/von-hier\/","title":{"rendered":"(Deutsch) von hier"},"content":{"rendered":"<p class=\"qtranxs-available-languages-message qtranxs-available-languages-message-ar\">\u0639\u0641\u0648\u0627\u060c \u0647\u0630\u0647 \u0627\u0644\u0645\u062f\u062e\u0644\u0629 \u0645\u0648\u062c\u0648\u062f\u0629 \u0641\u0642\u0637 \u0641\u064a <a href=\"https:\/\/unofficial.pictures\/de\/wp-json\/wp\/v2\/pages\/3310\" class=\"qtranxs-available-language-link qtranxs-available-language-link-de\" title=\"Deutsch\">Deutsch<\/a>.<\/p>[mk_page_section bg_image=&#8221;https:\/\/unofficial.pictures\/wp-content\/uploads\/2024\/09\/aus-franziska-fichtner-ueber-uns.-klein.jpg&#8221; bg_position=&#8221;right bottom&#8221; bg_repeat=&#8221;no-repeat&#8221; bg_stretch=&#8221;true&#8221; min_height=&#8221;0&#8243; full_height=&#8221;true&#8221; padding_top=&#8221;32&#8243; padding_bottom=&#8221;0&#8243; sidebar=&#8221;sidebar-1&#8243;][vc_column][mk_fancy_title color=&#8221;#ffffff&#8221; size=&#8221;120&#8243; force_font_size=&#8221;true&#8221; size_smallscreen=&#8221;100&#8243; size_tablet=&#8221;80&#8243; size_phone=&#8221;60&#8243; font_weight=&#8221;bold&#8221; txt_transform=&#8221;uppercase&#8221; letter_spacing=&#8221;2&#8243; margin_bottom=&#8221;0&#8243; font_family=&#8221;Signika&#8221; font_type=&#8221;google&#8221; align=&#8221;center&#8221;]von hier[\/mk_fancy_title][mk_fancy_title color=&#8221;#ffffff&#8221; size=&#8221;60&#8243; force_font_size=&#8221;true&#8221; size_smallscreen=&#8221;40&#8243; size_tablet=&#8221;40&#8243; size_phone=&#8221;28&#8243; font_weight=&#8221;bold&#8221; txt_transform=&#8221;uppercase&#8221; letter_spacing=&#8221;2&#8243; margin_bottom=&#8221;0&#8243; font_family=&#8221;Signika&#8221; font_type=&#8221;google&#8221; align=&#8221;center&#8221;]Fotografie- und Textwerkstatt[\/mk_fancy_title][\/vc_column][\/mk_page_section][mk_page_section padding_top=&#8221;0&#8243; padding_bottom=&#8221;0&#8243; margin_bottom=&#8221;80&#8243; sidebar=&#8221;sidebar-1&#8243;][vc_column][vc_column_text align=&#8221;right&#8221; css=&#8221;.vc_custom_1725284018718{margin-bottom: 0px !important;}&#8221;]<em>Foto aus: Franziska Fichtner \u2013 \u00dcber uns.<br \/>\n<\/em>[\/vc_column_text][mk_padding_divider][vc_column_text css=&#8221;.vc_custom_1725644317502{margin-bottom: 0px !important;}&#8221;]Wenn Zugeh\u00f6rigkeit verhandelt wird, haben ostdeutsche und (post)migrantische Perspektiven oft eins gemeinsam: sie werden von der Dominanzgesellschaft an den Rand gedr\u00e4ngt. Dann wird es kompliziert: so zeigt sich Rassismus besonders stark im Osten. Und wo stehen Ostdeutsche of Color \u00fcberhaupt?<\/p>\n<p>Angeregt durch die Studie \u201eOst-migrantische Analogien\u201c von Naika Foroutan und ihrem Dialog mit Jana Hensel in \u201eDie Gesellschaft der Anderen\u201c wollen wir einen Raum \u00f6ffnen, in dem ostdeutsche und (post)migrantische Perspektiven im Zentrum stehen. In dem wir uns \u00fcber Analogien, aber auch gro\u00dfe Unterschiede in Ausschlusserfahrungen austauschen k\u00f6nnen. In dem beim Zeigen pers\u00f6nlicher Bilder und Texte Verst\u00e4ndnis und Empathie und auch Solidarit\u00e4t und Allianzen entstehen k\u00f6nnen.<\/p>\n<p>Die Werkstatt geht \u00fcber 4 Wochenenden und richtet sich an alle zwischen 16 und 80, mit oder ohne Text- und Fotografie-Erfahrung. Die K\u00fcnstlerin Denise Lee und der Fotograf Rafael Brix vermitteln euch das Know-How, um am Ende der Zeit ein gemeinsames kostenfreies Magazin (Print und Digital) in der Hand zu halten. Ein Magazin, das klar macht: Von hier ist, wer hier lebt.[\/vc_column_text][\/vc_column][\/mk_page_section][mk_page_section padding_top=&#8221;0&#8243; padding_bottom=&#8221;0&#8243; sidebar=&#8221;sidebar-1&#8243;][vc_column width=&#8221;1\/4&#8243;][mk_divider style=&#8221;thin_solid&#8221; thin_single_color=&#8221;#f2af4b&#8221; thickness=&#8221;6&#8243; margin_top=&#8221;0&#8243;][mk_fancy_title strip_tags=&#8221;true&#8221; tag_name=&#8221;h3&#8243; color=&#8221;#000000&#8243; size=&#8221;34&#8243; font_weight=&#8221;bold&#8221; txt_transform=&#8221;uppercase&#8221; letter_spacing=&#8221;2&#8243; margin_bottom=&#8221;0&#8243; font_family=&#8221;Signika&#8221; font_type=&#8221;google&#8221; responsive_align=&#8221;left&#8221;]Ort[\/mk_fancy_title][vc_column_text css=&#8221;.vc_custom_1725644369079{margin-bottom: 0px !important;}&#8221;]Europ\u00e4ische Jugendbildungs- und Jugendbegegnungsst\u00e4tte Weimar[\/vc_column_text][mk_padding_divider][mk_divider style=&#8221;thin_solid&#8221; thin_single_color=&#8221;#f2af4b&#8221; thickness=&#8221;6&#8243; margin_top=&#8221;0&#8243;][mk_fancy_title strip_tags=&#8221;true&#8221; tag_name=&#8221;h3&#8243; color=&#8221;#000000&#8243; size=&#8221;34&#8243; font_weight=&#8221;bold&#8221; txt_transform=&#8221;uppercase&#8221; letter_spacing=&#8221;2&#8243; margin_bottom=&#8221;0&#8243; font_family=&#8221;Signika&#8221; font_type=&#8221;google&#8221; responsive_align=&#8221;left&#8221;]1. Ausgabe[\/mk_fancy_title][mk_image src=&#8221;https:\/\/unofficial.pictures\/wp-content\/uploads\/2024\/02\/von-hier-01.jpg&#8221; image_size=&#8221;medium&#8221; lightbox=&#8221;true&#8221; link=&#8221;https:\/\/unofficial.pictures\/shop\/von-hier\/&#8221; target=&#8221;_blank&#8221; hover_image_overlay=&#8221;false&#8221;][vc_column_text css=&#8221;.vc_custom_1725707288051{margin-bottom: 0px !important;}&#8221;]2023 fand bereits in Leipzig eine gleichnamige Fotografie- und Schreibwerkstatt mit John Sauter und Frieder Bickhardt statt.<\/p>\n<p>Das entstandene Magazin findet ihr \u2013 nur gegen Versandkosten \u2013 <a href=\"https:\/\/unofficial.pictures\/shop\/von-hier\/\" target=\"_blank\" rel=\"noopener\">in unserem Webshop<\/a>![\/vc_column_text][mk_padding_divider][mk_divider style=&#8221;thin_solid&#8221; thin_single_color=&#8221;#f2af4b&#8221; thickness=&#8221;6&#8243; margin_top=&#8221;0&#8243;][mk_fancy_title strip_tags=&#8221;true&#8221; tag_name=&#8221;h3&#8243; color=&#8221;#000000&#8243; size=&#8221;34&#8243; font_weight=&#8221;bold&#8221; txt_transform=&#8221;uppercase&#8221; letter_spacing=&#8221;2&#8243; margin_bottom=&#8221;0&#8243; font_family=&#8221;Signika&#8221; font_type=&#8221;google&#8221; responsive_align=&#8221;left&#8221;]Finanzielles[\/mk_fancy_title][vc_column_text css=&#8221;.vc_custom_1725284051912{margin-bottom: 0px !important;}&#8221;]F\u00fcr euch ist die Teilnahme kostenlos!<br \/>\nDas Projekt wird gef\u00f6rdert von[\/vc_column_text][vc_single_image image=&#8221;3317&#8243; img_size=&#8221;full&#8221;][vc_single_image image=&#8221;3651&#8243; img_size=&#8221;full&#8221; css=&#8221;&#8221;][vc_raw_html css=&#8221;&#8221;]JTNDc3ZnJTIwdmVyc2lvbiUzRCUyMjEuMSUyMiUyMHglM0QlMjIwJTIyJTIweSUzRCUyMjAlMjIlMjB2aWV3Qm94JTNEJTIyMCUyMDAlMjAxMTcuMDYlMjA0NS43OCUyMiUzRSUwQSUyMCUyMCUyMCUyMCUyMCUyMCUyMCUyMCUyMCUyMCUyMCUyMCUyMCUyMCUyMCUyMCUyMCUyMCUyMCUyMCUyMCUyMCUyMCUyMCUyMCUyMCUyMCUyMCUzQ3BhdGglMjBpZCUzRCUyMndlaW1hciUyMiUyMGZpbGwlM0QlMjIlMjMwMDczYTklMjIlMjBkJTNEJTIyTTAlMjAwdjMxLjgzaDExNy4wNlYwSDB6TTI0LjY3JTIwMjQuMDNoLTQuMDFsLTEuMy00LjgzYy0wLjM3LTEuMzUtMC42Mi0yLjYtMC45LTQuMzJoLTAuMDZjLTAuMjUlMjAxLjcyLTAuNTQlMjAzLjAyLTAuODclMjA0LjI5bC0xLjM4JTIwNC44NmgtNC4wNEw4LjA3JTIwMTAuMjJoNC4zOGwxLjEzJTIwNS42N2MwLjI1JTIwMS40MSUyMDAuNTQlMjAyLjk0JTIwMC43NiUyMDQuNTJoMC4wOWMwLjI1LTEuNTUlMjAwLjY4LTMuMTMlMjAwLjk5LTQuNDlsMS40Ny01LjdoMy4zOWwxLjM4JTIwNS41YzAuNCUyMDEuNTglMjAwLjc2JTIwMy4xMSUyMDEuMDIlMjA0LjY5aDAuMDZjMC4yLTEuNTUlMjAwLjQ4LTMuMTMlMjAwLjgyLTQuNzFsMS4xNi01LjQ4aDQuMjFMMjQuNjclMjAyNC4wM3pNNDMuODElMjAxOC40OWgtOC44OWMwLjE0JTIwMS43OCUyMDEuODklMjAyLjYzJTIwMy45JTIwMi42MyUyMDEuNDclMjAwJTIwMi42NS0wLjIlMjAzLjgxLTAuNTlsMC41NiUyMDIuOTFjLTEuNDElMjAwLjU5LTMuMTMlMjAwLjg4LTUlMjAwLjg4JTIwLTQuNjklMjAwLTcuMzctMi43MS03LjM3LTcuMDMlMjAwLTMuNSUyMDIuMi03LjM3JTIwNi45Ny03LjM3JTIwNC40NiUyMDAlMjA2LjE1JTIwMy40NyUyMDYuMTUlMjA2Ljg5QzQzLjk1JTIwMTcuNTMlMjA0My44NyUyMDE4LjE4JTIwNDMuODElMjAxOC40OXpNNTEuOTQlMjAyNC4wM2gtNC4yOVYxMC4yMmg0LjI5VjI0LjAzek00OS44JTIwOC41M2gtMC4wM2MtMS4zNSUyMDAtMi4yMy0wLjk2LTIuMjMtMi4xNSUyMDAtMS4yMSUyMDAuOS0yLjE1JTIwMi4yOS0yLjE1czIuMjMlMjAwLjkzJTIwMi4yNiUyMDIuMTVDNTIuMDglMjA3LjU3JTIwNTEuMjElMjA4LjUzJTIwNDkuOCUyMDguNTN6TTc3LjQxJTIwMjQuMDNoLTQuMTh2LTcuNDhjMC0yLTAuNjUtMy4xNi0yLjAzLTMuMTYlMjAtMS4wMiUyMDAtMS42OSUyMDAuNjgtMiUyMDEuNSUyMC0wLjA4JTIwMC4zMS0wLjE0JTIwMC43My0wLjE0JTIwMS4wN3Y4LjA3aC00LjE4di03LjczYzAtMS43Mi0wLjYyLTIuOTEtMi0yLjkxJTIwLTEuMSUyMDAtMS43NSUyMDAuODUtMiUyMDEuNTIlMjAtMC4xNCUyMDAuMzQtMC4xNyUyMDAuNzMtMC4xNyUyMDEuMXY4LjAyaC00LjE4di05LjRjMC0xLjcyLTAuMDYtMy4xNi0wLjExLTQuNGgzLjY0bDAuMTclMjAxLjg5aDAuMDljMC41OS0wLjklMjAxLjg0LTIuMiUyMDQuMTgtMi4yJTIwMS44MSUyMDAlMjAzLjE5JTIwMC45MyUyMDMuNzglMjAyLjM3aDAuMDZjMC41NC0wLjczJTIwMS4xMy0xLjMlMjAxLjgxLTEuNjklMjAwLjc2LTAuNDIlMjAxLjYxLTAuNjglMjAyLjYzLTAuNjglMjAyLjY1JTIwMCUyMDQuNjYlMjAxLjg2JTIwNC42NiUyMDUuOThWMjQuMDN6TTg5Ljc3JTIwMjQuMDNsLTAuMjUtMS4zOGgtMC4wOGMtMC45JTIwMS4xLTIuMzElMjAxLjY5LTMuOTUlMjAxLjY5JTIwLTIuNzklMjAwLTQuNDYtMi4wMy00LjQ2LTQuMjMlMjAwLTMuNTglMjAzLjIyLTUuMjglMjA4LjEtNS4yOHYtMC4xN2MwLTAuNzMtMC4zOS0xLjc4LTIuNTEtMS43OCUyMC0xLjQxJTIwMC0yLjkxJTIwMC40OC0zLjgxJTIwMS4wMmwtMC43OS0yLjc0YzAuOTYtMC41NCUyMDIuODUtMS4yNCUyMDUuMzYtMS4yNCUyMDQuNiUyMDAlMjA2LjA0JTIwMi43MSUyMDYuMDQlMjA1Ljk2djQuODNjMCUyMDEuMyUyMDAuMDYlMjAyLjU3JTIwMC4yMyUyMDMuMzNIODkuNzd6TTEwNi40MyUyMDE0LjAzYy0wLjM0LTAuMDYtMC42OC0wLjExLTEuMTYtMC4xMSUyMC0xLjU4JTIwMC0yLjY1JTIwMC44Mi0yLjk0JTIwMi4xNyUyMC0wLjA2JTIwMC4yOC0wLjA4JTIwMC41OS0wLjA4JTIwMC45NnY2Ljk3aC00LjI5di05LjI2YzAtMi4wMy0wLjAzLTMuMzYtMC4xMS00LjU0aDMuNjdsMC4xNyUyMDIuNTdoMC4xMWMwLjcxLTIuMDMlMjAyLjM3LTIuODglMjAzLjczLTIuODglMjAwLjQlMjAwJTIwMC41OSUyMDAuMDMlMjAwLjklMjAwLjA4VjE0LjAzek0zOS45NyUyMDE1LjU2SDM0Ljg5YzAuMTEtMS4xMyUyMDAuODUtMi43OSUyMDIuNjgtMi43OUMzOS41MiUyMDEyLjc2JTIwMzkuOTclMjAxNC41MSUyMDM5Ljk3JTIwMTUuNTZ6TTg5LjI2JTIwMTcuNTF2MS41YzAlMjAwLjI1LTAuMDMlMjAwLjUxLTAuMDglMjAwLjczJTIwLTAuMjglMjAwLjg4LTEuMTklMjAxLjU4LTIuMjMlMjAxLjU4JTIwLTAuOTYlMjAwLTEuNjktMC41NC0xLjY5LTEuNjRDODUuMjYlMjAxOC4wNCUyMDg3LjAxJTIwMTcuNTElMjA4OS4yNiUyMDE3LjUxeiUyMiUzRSUzQyUyRnBhdGglM0UlMEElMjAlMjAlMjAlMjAlMjAlMjAlMjAlMjAlMjAlMjAlMjAlMjAlMjAlMjAlMjAlMjAlMjAlMjAlMjAlMjAlMjAlMjAlMjAlMjAlMjAlMjAlMjAlMjAlM0NwYXRoJTIwaWQlM0QlMjJ3ZWltYXItcGFnZS1oZWFkZXItbG9nbyUyMiUyMGZpbGwlM0QlMjIlMjMxODE3MTUlMjIlMjBkJTNEJTIyTTAuMDglMjAzNi4xM2gxLjY3djMuM2gwLjAyYzAuMTctMC4yOSUyMDAuMzQtMC41NSUyMDAuNTItMC44MmwxLjY4LTIuNDhoMi4wOGwtMi40NyUyMDMuMTglMjAyLjU5JTIwNC4yOEg0LjIybC0xLjg0LTMuMjIlMjAtMC42MyUyMDAuNzl2Mi40M2gtMS42N1YzNi4xM3pNMTIuNzUlMjA0MS44NWMwJTIwMC43MSUyMDAuMDIlMjAxLjI4JTIwMC4wNCUyMDEuNzRoLTEuNDZsLTAuMDgtMC43NmgtMC4wM2MtMC4yMSUyMDAuMzMtMC43MiUyMDAuODktMS42OSUyMDAuODklMjAtMS4xMSUyMDAtMS45LTAuNjktMS45LTIuMzZ2LTMuMTdoMS42OHYyLjkxYzAlMjAwLjc5JTIwMC4yNiUyMDEuMjYlMjAwLjg1JTIwMS4yNiUyMDAuNDclMjAwJTIwMC43NC0wLjMyJTIwMC44NC0wLjU5JTIwMC4wNC0wLjElMjAwLjA3LTAuMjIlMjAwLjA3LTAuMzZ2LTMuMjJoMS42OFY0MS44NXpNMTUuMTUlMjAzNS43M2gxLjY4djcuODdoLTEuNjhWMzUuNzN6TTIxLjEzJTIwMzYuNzF2MS40N2gxLjIxdjEuMjRoLTEuMjF2MS45NmMwJTIwMC42NSUyMDAuMTclMjAwLjk1JTIwMC42NiUyMDAuOTUlMjAwLjIzJTIwMCUyMDAuMzQtMC4wMSUyMDAuNS0wLjA0bDAuMDElMjAxLjI3Yy0wLjIxJTIwMC4wOC0wLjYyJTIwMC4xNC0xLjA4JTIwMC4xNCUyMC0wLjU0JTIwMC0wLjk5LTAuMTktMS4yNy0wLjQ2JTIwLTAuMzEtMC4zMi0wLjQ2LTAuODQtMC40Ni0xLjZWMzkuNDJoLTAuNzJ2LTEuMjRoMC43MnYtMS4wMkwyMS4xMyUyMDM2Ljcxek0yOS40NSUyMDQxLjg1YzAlMjAwLjcxJTIwMC4wMiUyMDEuMjglMjAwLjA1JTIwMS43NGgtMS40NmwtMC4wOC0wLjc2aC0wLjAzYy0wLjIxJTIwMC4zMy0wLjcyJTIwMC44OS0xLjY5JTIwMC44OSUyMC0xLjExJTIwMC0xLjktMC42OS0xLjktMi4zNnYtMy4xN2gxLjY4djIuOTFjMCUyMDAuNzklMjAwLjI2JTIwMS4yNiUyMDAuODUlMjAxLjI2JTIwMC40NiUyMDAlMjAwLjc0LTAuMzIlMjAwLjg0LTAuNTklMjAwLjA1LTAuMSUyMDAuMDctMC4yMiUyMDAuMDctMC4zNnYtMy4yMmgxLjY4VjQxLjg1ek0zMS44NSUyMDM5Ljk2YzAtMC44LTAuMDEtMS4zMi0wLjA0LTEuNzhoMS40NGwwLjA3JTIwMS4wMWgwLjA1YzAuMjgtMC44JTIwMC45My0xLjEzJTIwMS40Ni0xLjEzJTIwMC4xNiUyMDAlMjAwLjIzJTIwMC4wMSUyMDAuMzUlMjAwLjAzdjEuNThjLTAuMTMtMC4wMi0wLjI2LTAuMDQtMC40NS0wLjA0JTIwLTAuNjIlMjAwLTEuMDQlMjAwLjMyLTEuMTUlMjAwLjg1JTIwLTAuMDIlMjAwLjExLTAuMDMlMjAwLjIzLTAuMDMlMjAwLjM4djIuNzNoLTEuNjhWMzkuOTZ6TTM3LjElMjA0Mi4xMmMwLjMxJTIwMC4xOSUyMDAuOTUlMjAwLjQlMjAxLjQ1JTIwMC40JTIwMC41MSUyMDAlMjAwLjcyLTAuMTclMjAwLjcyLTAuNDRzLTAuMTctMC40Mi0wLjc4LTAuNjJjLTEuMTMtMC4zOC0xLjU2LTAuOTgtMS41NS0xLjYxJTIwMC0xLjAyJTIwMC44Ni0xLjc4JTIwMi4yLTEuNzglMjAwLjYzJTIwMCUyMDEuMTglMjAwLjE2JTIwMS41MiUyMDAuMzJsLTAuMjklMjAxLjE1Yy0wLjI0LTAuMTItMC43Mi0wLjMtMS4xNy0wLjMlMjAtMC40MSUyMDAtMC42NCUyMDAuMTctMC42NCUyMDAuNDMlMjAwJTIwMC4yNSUyMDAuMjElMjAwLjQlMjAwLjg3JTIwMC42MiUyMDEuMDMlMjAwLjM1JTIwMS40NSUyMDAuODclMjAxLjQ2JTIwMS42NiUyMDAlMjAxLjAyLTAuNzglMjAxLjc2LTIuMzMlMjAxLjc2JTIwLTAuNzElMjAwLTEuMzQtMC4xNy0xLjc1LTAuMzlMMzcuMSUyMDQyLjEyek00NC44NCUyMDM2LjcxdjEuNDdoMS4yMXYxLjI0aC0xLjIxdjEuOTZjMCUyMDAuNjUlMjAwLjE3JTIwMC45NSUyMDAuNjYlMjAwLjk1JTIwMC4yMyUyMDAlMjAwLjM0LTAuMDElMjAwLjUtMC4wNGwwLjAxJTIwMS4yN2MtMC4yMSUyMDAuMDgtMC42MiUyMDAuMTQtMS4wOCUyMDAuMTQlMjAtMC41NCUyMDAtMC45OS0wLjE5LTEuMjctMC40NiUyMC0wLjMxLTAuMzItMC40Ni0wLjg0LTAuNDYtMS42VjM5LjQyaC0wLjcydi0xLjI0aDAuNzJ2LTEuMDJMNDQuODQlMjAzNi43MXpNNTIuNTclMjA0Mi4yOWMwJTIwMC41MSUyMDAuMDIlMjAxLjAxJTIwMC4wOSUyMDEuMzFoLTEuNTJsLTAuMS0wLjU0aC0wLjAzYy0wLjM1JTIwMC40My0wLjkxJTIwMC42Ni0xLjU1JTIwMC42NiUyMC0xLjA5JTIwMC0xLjc1LTAuOC0xLjc1LTEuNjYlMjAwLTEuNCUyMDEuMjYtMi4wNyUyMDMuMTgtMi4wN3YtMC4wN2MwLTAuMjktMC4xNS0wLjctMC45OC0wLjclMjAtMC41NSUyMDAtMS4xNCUyMDAuMTktMS40OSUyMDAuNGwtMC4zMS0xLjA3YzAuMzgtMC4yMSUyMDEuMTItMC40OSUyMDIuMS0wLjQ5JTIwMS44JTIwMCUyMDIuMzclMjAxLjA2JTIwMi4zNyUyMDIuMzNWNDIuMjl6TTUwLjk0JTIwNDEuMDNjLTAuODglMjAwLTEuNTclMjAwLjIxLTEuNTclMjAwLjg1JTIwMCUyMDAuNDMlMjAwLjI5JTIwMC42NCUyMDAuNjYlMjAwLjY0JTIwMC40MSUyMDAlMjAwLjc2LTAuMjglMjAwLjg3LTAuNjIlMjAwLjAyLTAuMDklMjAwLjAzLTAuMTklMjAwLjAzLTAuMjlWNDEuMDN6TTYwLjIlMjAzNS43M3Y2LjI1YzAlMjAwLjYxJTIwMC4wMiUyMDEuMjUlMjAwLjA0JTIwMS42MmgtMS40OWwtMC4wNy0wLjc4aC0wLjAzYy0wLjMzJTIwMC42LTElMjAwLjkxLTEuNjklMjAwLjkxJTIwLTEuMjglMjAwLTIuMzEtMS4xLTIuMzEtMi43OCUyMC0wLjAxLTEuODElMjAxLjEzLTIuODglMjAyLjQyLTIuODglMjAwLjY4JTIwMCUyMDEuMTglMjAwLjI0JTIwMS40MyUyMDAuNjFoMC4wMnYtMi45NEg2MC4yek01OC41MiUyMDQwLjQ4YzAtMC4xJTIwMC0wLjIxLTAuMDItMC4zMSUyMC0wLjEtMC40NS0wLjQ2LTAuODItMC45OC0wLjgyJTIwLTAuNzclMjAwLTEuMTYlMjAwLjY5LTEuMTYlMjAxLjU0JTIwMCUyMDAuOTElMjAwLjQ1JTIwMS40OCUyMDEuMTUlMjAxLjQ4JTIwMC40OSUyMDAlMjAwLjg5LTAuMzMlMjAwLjk5LTAuODElMjAwLjAyLTAuMTElMjAwLjAzLTAuMjQlMjAwLjAzLTAuMzhWNDAuNDh6TTY0LjQ4JTIwMzYuNzF2MS40N2gxLjIxdjEuMjRINjQuNDh2MS45NmMwJTIwMC42NSUyMDAuMTclMjAwLjk1JTIwMC42NiUyMDAuOTUlMjAwLjIzJTIwMCUyMDAuMzQtMC4wMSUyMDAuNS0wLjA0bDAuMDElMjAxLjI3Yy0wLjIxJTIwMC4wOC0wLjYyJTIwMC4xNC0xLjA4JTIwMC4xNCUyMC0wLjU0JTIwMC0wLjk5LTAuMTktMS4yNy0wLjQ2JTIwLTAuMzEtMC4zMi0wLjQ2LTAuODQtMC40Ni0xLjZWMzkuNDJoLTAuNzJ2LTEuMjRoMC43MnYtMS4wMkw2NC40OCUyMDM2Ljcxek03Ni4yJTIwNDAuNDRINzMuNDZ2MS43N2gzLjA2djEuMzhoLTQuNzV2LTcuNDZoNC41OXYxLjM4SDczLjQ2djEuNTVoMi43NFY0MC40NHpNODMuNjYlMjA0MS44NWMwJTIwMC43MSUyMDAuMDIlMjAxLjI4JTIwMC4wNSUyMDEuNzRoLTEuNDZsLTAuMDgtMC43NmgtMC4wM2MtMC4yMSUyMDAuMzMtMC43MiUyMDAuODktMS42OSUyMDAuODklMjAtMS4xMSUyMDAtMS45LTAuNjktMS45LTIuMzZ2LTMuMTdoMS42OHYyLjkxYzAlMjAwLjc5JTIwMC4yNiUyMDEuMjYlMjAwLjg1JTIwMS4yNiUyMDAuNDclMjAwJTIwMC43NC0wLjMyJTIwMC44NC0wLjU5JTIwMC4wNS0wLjElMjAwLjA3LTAuMjIlMjAwLjA3LTAuMzZ2LTMuMjJoMS42OFY0MS44NXpNODYuMDYlMjAzOS45NmMwLTAuOC0wLjAxLTEuMzItMC4wNC0xLjc4aDEuNDRsMC4wNyUyMDEuMDFoMC4wNWMwLjI4LTAuOCUyMDAuOTMtMS4xMyUyMDEuNDYtMS4xMyUyMDAuMTYlMjAwJTIwMC4yMyUyMDAuMDElMjAwLjM1JTIwMC4wM3YxLjU4Yy0wLjEzLTAuMDItMC4yNi0wLjA0LTAuNDUtMC4wNCUyMC0wLjYyJTIwMC0xLjA0JTIwMC4zMi0xLjE1JTIwMC44NSUyMC0wLjAyJTIwMC4xMS0wLjAzJTIwMC4yMy0wLjAzJTIwMC4zOHYyLjczaC0xLjY4VjM5Ljk2ek05My43MSUyMDQzLjcxYy0xLjU4JTIwMC0yLjgtMS4wNC0yLjgtMi43OXMxLjE1LTIuODYlMjAyLjktMi44NmMxLjY1JTIwMCUyMDIuNzYlMjAxLjE0JTIwMi43NiUyMDIuNzglMjAwJTIwMS45Ny0xLjQlMjAyLjg4LTIuODQlMjAyLjg4SDkzLjcxek05My43NiUyMDQyLjUxYzAuNjYlMjAwJTIwMS4wNy0wLjY1JTIwMS4wNy0xLjYzJTIwMC0wLjgtMC4zMS0xLjYxLTEuMDctMS42MSUyMC0wLjglMjAwLTEuMTElMjAwLjgyLTEuMTElMjAxLjYzJTIwMCUyMDAuOTIlMjAwLjM5JTIwMS42MiUyMDEuMSUyMDEuNjJIOTMuNzZ6TTk4LjY2JTIwMzkuOTljMC0wLjcxLTAuMDItMS4zMS0wLjA0LTEuODFoMS40NmwwLjA4JTIwMC43NWgwLjAyYzAuNC0wLjU2JTIwMS4wMi0wLjg3JTIwMS44LTAuODclMjAxLjE5JTIwMCUyMDIuMjUlMjAxLjAzJTIwMi4yNSUyMDIuNzYlMjAwJTIwMS45Ny0xLjI1JTIwMi45LTIuNDYlMjAyLjklMjAtMC42NSUyMDAtMS4xNi0wLjI3LTEuNC0wLjYyaC0wLjAydjIuNjloLTEuNjhWMzkuOTl6TTEwMC4zNCUyMDQxLjI3YzAlMjAwLjEzJTIwMC4wMSUyMDAuMjQlMjAwLjAzJTIwMC4zNSUyMDAuMTElMjAwLjQ1JTIwMC41JTIwMC44JTIwMC45OCUyMDAuOCUyMDAuNzMlMjAwJTIwMS4xNi0wLjYxJTIwMS4xNi0xLjUzJTIwMC0wLjg2LTAuMzktMS41Mi0xLjE0LTEuNTIlMjAtMC40OCUyMDAtMC45JTIwMC4zNS0xLjAxJTIwMC44NSUyMC0wLjAyJTIwMC4wOS0wLjAzJTIwMC4yLTAuMDMlMjAwLjNWNDEuMjd6TTExMC44MiUyMDQyLjI5YzAlMjAwLjUxJTIwMC4wMiUyMDEuMDElMjAwLjA5JTIwMS4zMWgtMS41MmwtMC4xLTAuNTRoLTAuMDNjLTAuMzUlMjAwLjQzLTAuOTElMjAwLjY2LTEuNTUlMjAwLjY2JTIwLTEuMDklMjAwLTEuNzUtMC44LTEuNzUtMS42NiUyMDAtMS40JTIwMS4yNi0yLjA3JTIwMy4xOC0yLjA3di0wLjA3YzAtMC4yOS0wLjE1LTAuNy0wLjk4LTAuNyUyMC0wLjU1JTIwMC0xLjE0JTIwMC4xOS0xLjQ5JTIwMC40bC0wLjMxLTEuMDdjMC4zOC0wLjIxJTIwMS4xMi0wLjQ5JTIwMi4xLTAuNDklMjAxLjglMjAwJTIwMi4zNyUyMDEuMDYlMjAyLjM3JTIwMi4zM1Y0Mi4yOXpNMTA5LjIlMjA0MS4wM2MtMC44OCUyMDAtMS41NyUyMDAuMjEtMS41NyUyMDAuODUlMjAwJTIwMC40MyUyMDAuMjklMjAwLjY0JTIwMC42NiUyMDAuNjQlMjAwLjQxJTIwMCUyMDAuNzYtMC4yOCUyMDAuODctMC42MiUyMDAuMDItMC4wOSUyMDAuMDMtMC4xOSUyMDAuMDMtMC4yOVY0MS4wM3pNMTEzLjIlMjA0Mi4xMmMwLjMxJTIwMC4xOSUyMDAuOTUlMjAwLjQlMjAxLjQ1JTIwMC40JTIwMC41MSUyMDAlMjAwLjcyLTAuMTclMjAwLjcyLTAuNDRzLTAuMTctMC40Mi0wLjc4LTAuNjJjLTEuMTMtMC4zOC0xLjU2LTAuOTgtMS41NS0xLjYxJTIwMC0xLjAyJTIwMC44Ni0xLjc4JTIwMi4yLTEuNzglMjAwLjYzJTIwMCUyMDEuMTglMjAwLjE2JTIwMS41MiUyMDAuMzJsLTAuMjklMjAxLjE1Yy0wLjI0LTAuMTItMC43Mi0wLjMtMS4xNy0wLjMlMjAtMC40MSUyMDAtMC42NCUyMDAuMTctMC42NCUyMDAuNDMlMjAwJTIwMC4yNSUyMDAuMjElMjAwLjQlMjAwLjg3JTIwMC42MiUyMDEuMDMlMjAwLjM1JTIwMS40NSUyMDAuODclMjAxLjQ2JTIwMS42NiUyMDAlMjAxLjAyLTAuNzglMjAxLjc2LTIuMzMlMjAxLjc2JTIwLTAuNzElMjAwLTEuMzQtMC4xNy0xLjc1LTAuMzlMMTEzLjIlMjA0Mi4xMnolMjIlMjBzdHlsZSUzRCUyMmRpc3BsYXklM0ElMjBmbGV4JTNCJTIyJTNFJTNDJTJGcGF0aCUzRSUwQSUyMCUyMCUyMCUyMCUyMCUyMCUyMCUyMCUyMCUyMCUyMCUyMCUyMCUyMCUyMCUyMCUyMCUyMCUyMCUyMCUyMCUyMCUyMCUyMCUzQyUyRnN2ZyUzRQ==[\/vc_raw_html][\/vc_column][vc_column width=&#8221;3\/4&#8243;][mk_divider style=&#8221;thin_solid&#8221; thin_single_color=&#8221;#f2af4b&#8221; thickness=&#8221;6&#8243; margin_top=&#8221;0&#8243;][mk_fancy_title strip_tags=&#8221;true&#8221; tag_name=&#8221;h3&#8243; color=&#8221;#000000&#8243; size=&#8221;34&#8243; font_weight=&#8221;bold&#8221; txt_transform=&#8221;uppercase&#8221; letter_spacing=&#8221;2&#8243; margin_bottom=&#8221;0&#8243; font_family=&#8221;Signika&#8221; font_type=&#8221;google&#8221; responsive_align=&#8221;left&#8221;]Grober Ablauf[\/mk_fancy_title][vc_column_text css=&#8221;.vc_custom_1725707669708{margin-bottom: 0px !important;}&#8221;]Bis zum 29. September k\u00f6nnt ihr euch online f\u00fcr einen der 10 Pl\u00e4tze anmelden. Danach melden wir uns schnellstm\u00f6glich zur\u00fcck, ob ihr dabei sein k\u00f6nnt.<\/p>\n<p>An den Wochenenden treffen wir uns jeweils f\u00fcr 5-7 Stunden pro Tag. Die genauen Zeiten bekommt ihr nach der Anmeldefrist zugesendet.<\/p>\n<p>1. Wochenende: 5. \/ 6. Oktober 2024<br \/>\nwir lernen uns kennen, es wird Input zu kreativem Schreiben, Fotografieren und Input zum Thema geben, wir entwickeln erste konkrete Ideen und Themen f\u00fcr pers\u00f6nliche Projekte<\/p>\n<p>2. Wochenende: 12. \/ 13. Oktober<br \/>\nErste Ideen werden gemeinsam reflektiert und die Themen final festgelegt.<br \/>\nNach dem 2. Wochenende schlie\u00dft sich die haupts\u00e4chliche Produktionsphase des Workshops an. Ihr k\u00f6nnt in dieser Zeit auch Einzeltreffen mit uns vereinbaren. Als Gruppe treffen wir uns am 3. Wochenende wieder.<\/p>\n<p>3. Wochenende: 2. \/ 3. November<br \/>\nZwischenstand: wir schauen gemeinsam eure Texte und Fotografien an und entwickeln eure Ideen weiter. Au\u00dferdem fangen wir an, uns mit dem Magazin zu besch\u00e4ftigen, denken \u00fcber Reihenfolge eurer Beitr\u00e4ge nach und entwickeln gemeinsam ein Konzept daf\u00fcr.<\/p>\n<p>4. Wochenende: 23. \/ 24. November<br \/>\nWir machen ein Magazin! Wir finalisieren die Texte und die Bildauswahl und setzen sie ins Layout als Skizze. Das finale Layout werden Grafikdesigner*innen \u00fcbernehmen.<\/p>\n<p>Release-Events: Januar 2025<br \/>\nWir schauen uns unser Werk an \u2013 stellen es vor \u2013 und feiern![\/vc_column_text][mk_padding_divider][mk_divider style=&#8221;thin_solid&#8221; thin_single_color=&#8221;#f2af4b&#8221; thickness=&#8221;6&#8243; margin_top=&#8221;0&#8243;][mk_fancy_title strip_tags=&#8221;true&#8221; tag_name=&#8221;h3&#8243; color=&#8221;#000000&#8243; size=&#8221;34&#8243; font_weight=&#8221;bold&#8221; txt_transform=&#8221;uppercase&#8221; letter_spacing=&#8221;2&#8243; margin_bottom=&#8221;0&#8243; font_family=&#8221;Signika&#8221; font_type=&#8221;google&#8221; responsive_align=&#8221;left&#8221;]\u00dcber die Workshop-Leiter:innen[\/mk_fancy_title][vc_column_text css=&#8221;.vc_custom_1725644332722{margin-bottom: 0px !important;}&#8221;]Rafael Brix ist wei\u00df, cis-m\u00e4nnlich und in Suhl in S\u00fcdth\u00fcringen aufgewachsen. Seit 2016 gibt er mit unofficial.pictures Workshops zum Erz\u00e4hlen des Pers\u00f6nlichen und Politischen mit Fotografie und bringt Foto-Text-Zeitungen heraus.<br \/>\nMit der Ver\u00f6ffentlichung von pers\u00f6nlichen differenzierten Perspektiven will er stigmatisierende und stereotype Darstellungen marginalisierter Gruppen in Frage stellen.<\/p>\n<p><a href=\"http:\/\/www.lizhuli.com\/\" target=\"_blank\" rel=\"noopener\">Denise Lee<\/a> (Hongkong \/ USA \/ Taiwan) ist eine interdisziplin\u00e4re K\u00fcnstlerin mit Sitz in Leipzig. Sie verwendet kreatives Schreiben, Cut-up-Interviews und andere dialogische Begegnungen, um ihre Arbeit in den Bereichen Klangkunst, Performance, Installation und Kurzfilm voranzutreiben.<br \/>\nMit einem Hintergrund in \u00f6ffentlicher Kunst, politischer Bildung und Objektdesign versucht Denise, physische und nicht-physische R\u00e4ume f\u00fcr Verbindung und Dialog zu schaffen und zu erleichtern, mit der Absicht, Trennungen und Missverst\u00e4ndnisse, abzubauen.[\/vc_column_text][mk_padding_divider][\/vc_column][\/mk_page_section][mk_page_section padding_top=&#8221;0&#8243; padding_bottom=&#8221;0&#8243; sidebar=&#8221;sidebar-1&#8243;][vc_column][mk_divider style=&#8221;thin_solid&#8221; thin_single_color=&#8221;#f2af4b&#8221; thickness=&#8221;6&#8243; margin_top=&#8221;0&#8243;][mk_fancy_title strip_tags=&#8221;true&#8221; tag_name=&#8221;h3&#8243; color=&#8221;#000000&#8243; size=&#8221;34&#8243; font_weight=&#8221;bold&#8221; txt_transform=&#8221;uppercase&#8221; letter_spacing=&#8221;2&#8243; margin_bottom=&#8221;0&#8243; font_family=&#8221;Signika&#8221; font_type=&#8221;google&#8221; responsive_align=&#8221;left&#8221;]Anmeldung nicht mehr m\u00f6glich[\/mk_fancy_title][mk_padding_divider][\/vc_column][\/mk_page_section]","protected":false},"excerpt":{"rendered":"<p>\u0639\u0641\u0648\u0627\u060c \u0647\u0630\u0647 \u0627\u0644\u0645\u062f\u062e\u0644\u0629 \u0645\u0648\u062c\u0648\u062f\u0629 \u0641\u0642\u0637 \u0641\u064a Deutsch.[mk_page_section bg_image=&#8221;https:\/\/unofficial.pictures\/wp-content\/uploads\/2024\/09\/aus-franziska-fichtner-ueber-uns.-klein.jpg&#8221; bg_position=&#8221;right bottom&#8221; bg_repeat=&#8221;no-repeat&#8221; bg_stretch=&#8221;true&#8221; min_height=&#8221;0&#8243; full_height=&#8221;true&#8221; padding_top=&#8221;32&#8243; padding_bottom=&#8221;0&#8243; sidebar=&#8221;sidebar-1&#8243;][vc_column][mk_fancy_title color=&#8221;#ffffff&#8221; size=&#8221;120&#8243; force_font_size=&#8221;true&#8221; size_smallscreen=&#8221;100&#8243; size_tablet=&#8221;80&#8243; size_phone=&#8221;60&#8243; font_weight=&#8221;bold&#8221; txt_transform=&#8221;uppercase&#8221; letter_spacing=&#8221;2&#8243; margin_bottom=&#8221;0&#8243; font_family=&#8221;Signika&#8221; font_type=&#8221;google&#8221; align=&#8221;center&#8221;]von hier[\/mk_fancy_title][mk_fancy_title color=&#8221;#ffffff&#8221; size=&#8221;60&#8243; force_font_size=&#8221;true&#8221; size_smallscreen=&#8221;40&#8243; size_tablet=&#8221;40&#8243; size_phone=&#8221;28&#8243; font_weight=&#8221;bold&#8221; txt_transform=&#8221;uppercase&#8221; letter_spacing=&#8221;2&#8243; margin_bottom=&#8221;0&#8243; font_family=&#8221;Signika&#8221; font_type=&#8221;google&#8221; align=&#8221;center&#8221;]Fotografie- und Textwerkstatt[\/mk_fancy_title][\/vc_column][\/mk_page_section][mk_page_section padding_top=&#8221;0&#8243; padding_bottom=&#8221;0&#8243; margin_bottom=&#8221;80&#8243; sidebar=&#8221;sidebar-1&#8243;][vc_column][vc_column_text align=&#8221;right&#8221; css=&#8221;.vc_custom_1725284018718{margin-bottom: 0px !important;}&#8221;]Foto aus: [&hellip;]<\/p>\n","protected":false},"author":1,"featured_media":0,"parent":0,"menu_order":0,"comment_status":"closed","ping_status":"closed","template":"","meta":{"footnotes":""},"class_list":["post-3310","page","type-page","status-publish","hentry"],"_links":{"self":[{"href":"https:\/\/unofficial.pictures\/ar\/wp-json\/wp\/v2\/pages\/3310","targetHints":{"allow":["GET"]}}],"collection":[{"href":"https:\/\/unofficial.pictures\/ar\/wp-json\/wp\/v2\/pages"}],"about":[{"href":"https:\/\/unofficial.pictures\/ar\/wp-json\/wp\/v2\/types\/page"}],"author":[{"embeddable":true,"href":"https:\/\/unofficial.pictures\/ar\/wp-json\/wp\/v2\/users\/1"}],"replies":[{"embeddable":true,"href":"https:\/\/unofficial.pictures\/ar\/wp-json\/wp\/v2\/comments?post=3310"}],"version-history":[{"count":37,"href":"https:\/\/unofficial.pictures\/ar\/wp-json\/wp\/v2\/pages\/3310\/revisions"}],"predecessor-version":[{"id":3674,"href":"https:\/\/unofficial.pictures\/ar\/wp-json\/wp\/v2\/pages\/3310\/revisions\/3674"}],"wp:attachment":[{"href":"https:\/\/unofficial.pictures\/ar\/wp-json\/wp\/v2\/media?parent=3310"}],"curies":[{"name":"wp","href":"https:\/\/api.w.org\/{rel}","templated":true}]}}