{"id":530,"date":"2018-01-09T15:44:00","date_gmt":"2018-01-09T14:44:00","guid":{"rendered":"https:\/\/unofficial.pictures\/?page_id=530"},"modified":"2024-03-13T16:15:14","modified_gmt":"2024-03-13T15:15:14","slug":"sharing","status":"publish","type":"page","link":"https:\/\/unofficial.pictures\/ar\/sharing\/","title":{"rendered":"(Deutsch) sharing"},"content":{"rendered":"<p class=\"qtranxs-available-languages-message qtranxs-available-languages-message-ar\">\u0639\u0641\u0648\u0627\u060c \u0647\u0630\u0647 \u0627\u0644\u0645\u062f\u062e\u0644\u0629 \u0645\u0648\u062c\u0648\u062f\u0629 \u0641\u0642\u0637 \u0641\u064a <a href=\"https:\/\/unofficial.pictures\/de\/wp-json\/wp\/v2\/pages\/530\" class=\"qtranxs-available-language-link qtranxs-available-language-link-de\" title=\"Deutsch\">Deutsch<\/a> \u0648 <a href=\"https:\/\/unofficial.pictures\/en\/wp-json\/wp\/v2\/pages\/530\" class=\"qtranxs-available-language-link qtranxs-available-language-link-en\" title=\"English\">English<\/a>.<\/p>[mk_page_section bg_image=&#8221;https:\/\/unofficial.pictures\/wp-content\/uploads\/2018\/04\/sharing_out-of-the-box-hoch9_bildauswahl.jpg&#8221; bg_position=&#8221;center center&#8221; bg_repeat=&#8221;no-repeat&#8221; bg_stretch=&#8221;true&#8221; min_height=&#8221;0&#8243; full_height=&#8221;true&#8221; padding_top=&#8221;0&#8243; padding_bottom=&#8221;0&#8243; sidebar=&#8221;sidebar-1&#8243;][vc_column][mk_fancy_title strip_tags=&#8221;true&#8221; tag_name=&#8221;h1&#8243; color=&#8221;#ffffff&#8221; size=&#8221;120&#8243; force_font_size=&#8221;true&#8221; size_phone=&#8221;80&#8243; font_weight=&#8221;bold&#8221; txt_transform=&#8221;uppercase&#8221; letter_spacing=&#8221;2&#8243; margin_bottom=&#8221;0&#8243; font_family=&#8221;none&#8221; align=&#8221;center&#8221;]sharing[\/mk_fancy_title][\/vc_column][\/mk_page_section][mk_page_section bg_repeat=&#8221;no-repeat&#8221; bg_stretch=&#8221;true&#8221; min_height=&#8221;0&#8243; padding_top=&#8221;40&#8243; padding_bottom=&#8221;40&#8243; sidebar=&#8221;sidebar-1&#8243;][vc_column][mk_padding_divider size=&#8221;100&#8243;][mk_divider style=&#8221;thin_solid&#8221; divider_width=&#8221;custom_width&#8221; custom_width=&#8221;500&#8243; align=&#8221;left&#8221; thin_single_color=&#8221;#f2af4b&#8221; thickness=&#8221;6&#8243; margin_top=&#8221;0&#8243;][mk_fancy_title strip_tags=&#8221;true&#8221; color=&#8221;#000000&#8243; size=&#8221;40&#8243; font_weight=&#8221;bold&#8221; txt_transform=&#8221;uppercase&#8221; letter_spacing=&#8221;2&#8243; margin_bottom=&#8221;0&#8243; font_family=&#8221;Signika&#8221; font_type=&#8221;google&#8221; responsive_align=&#8221;left&#8221;]Werkstattseminare[\/mk_fancy_title][vc_column_text css=&#8221;.vc_custom_1527073620431{margin-bottom: 0px !important;}&#8221;]In unseren Werkstattseminaren \u00bbsharing.unofficial.pictures\u00ab wollen wir euch dazu erm\u00e4chtigen, Fotografie und Film f\u00fcr die Erforschung und den Ausdruck von Themen zu nutzen, die euch nahe stehen und unter den N\u00e4geln brennen. In einer Zeit da sowieso alle st\u00e4ndig Bilder machen, ob mit dem Smartphone f\u00fcr den digitalen Bilderrahmen oder oldschool auf Film, und wir einer wachsenden \u00bbBilderflut\u00ab ausgesetzt sind, finden wir es wichtig dass mehr Menschen einen verantwortungsvollen und bewussten Umgang mit Bildern lernen. Die \u00bbPersonal Photography\u00ab im Sinne der Erforschung eigener W\u00fcnsche, Tr\u00e4ume und Themen ist wichtiger Bestandteil unserer eigenen k\u00fcnstlerischen Arbeit. Wir begleiten euch in einer Art kreativen Coaching dabei, euch diese Herangehensweisen anzueignen um sie selber zu nutzen.[\/vc_column_text][\/vc_column][\/mk_page_section][mk_page_section padding_top=&#8221;40&#8243; padding_bottom=&#8221;0&#8243; margin_bottom=&#8221;40&#8243; sidebar=&#8221;sidebar-1&#8243;][vc_column][mk_fancy_title strip_tags=&#8221;true&#8221; color=&#8221;#000000&#8243; size=&#8221;40&#8243; font_weight=&#8221;bold&#8221; txt_transform=&#8221;uppercase&#8221; letter_spacing=&#8221;2&#8243; margin_bottom=&#8221;0&#8243; font_family=&#8221;Signika&#8221; font_type=&#8221;google&#8221; align=&#8221;center&#8221; responsive_align=&#8221;left&#8221;]Aktuelle Formate[\/mk_fancy_title][\/vc_column][\/mk_page_section][mk_page_section bg_repeat=&#8221;no-repeat&#8221; min_height=&#8221;0&#8243; padding_top=&#8221;0&#8243; padding_bottom=&#8221;0&#8243; sidebar=&#8221;sidebar-1&#8243;][vc_column width=&#8221;1\/3&#8243; offset=&#8221;vc_col-lg-4 vc_col-md-4 vc_col-xs-12&#8243;][vc_single_image image=&#8221;1780&#8243; img_size=&#8221;full&#8221; onclick=&#8221;custom_link&#8221; link=&#8221;https:\/\/unofficial.pictures\/sharing\/individuelle-projektbegleitung\/&#8221;][mk_divider style=&#8221;thin_solid&#8221; thin_single_color=&#8221;#f2af4b&#8221; thickness=&#8221;6&#8243; margin_top=&#8221;0&#8243;][vc_column_text css=&#8221;.vc_custom_1591366094470{margin-bottom: 0px !important;}&#8221;]Bei Fotoprojekten passiert es leicht, dass man sich in einer Richtung verrennt, irgendwie feststeckt, den \u00dcberblick verliert oder einfach mal einen frischen Blick von au\u00dfen braucht. Mit diesem Angebot unterst\u00fctzen wir dich in Einzelsitzungen bei deinen dokumentarischen, journalistischen und k\u00fcnstlerischen Fotoprojekten. Der Fokus liegt ganz auf der Weiterentwicklung und Umsetzung deiner eigenen Ideen, in deinem Tempo und nach deinen W\u00fcnschen und Bed\u00fcrfnissen.<\/p>\n<p>Wir als studierte Dokumentarfotografen mit Erfahrungen aus einer Vielzahl von eigenen Projekten und Workshops beraten dich in allen Phasen deines Projektes \u2013 egal ob du unentschlossen bist, welche Idee du umsetzen willst, ob du Inspiration zu einer Herangehensweise suchst oder unsicher bist, wie du weiter machen sollst. Auch wenn du technische Fragen hast oder Hilfe gebrauchen kannst bei der Bildauswahl, beim Layout eines Fotobuches oder bei der Konzeption einer Ausstellung, sind wir gern deine Ansprechpartner. [\/vc_column_text][vc_btn title=&#8221;mehr Infos &amp; anmelden&#8221; style=&#8221;classic&#8221; color=&#8221;success&#8221; link=&#8221;url:https%3A%2F%2Funofficial.pictures%2Fsharing%2Findividuelle-projektbegleitung%2F|title:%5B%3Ade%5DCrashkurs%20Dokumentarfotografie%5B%3A%5D||&#8221;][mk_padding_divider size=&#8221;80&#8243;][\/vc_column][\/mk_page_section][mk_page_section bg_repeat=&#8221;no-repeat&#8221; min_height=&#8221;0&#8243; padding_top=&#8221;40&#8243; padding_bottom=&#8221;40&#8243; sidebar=&#8221;sidebar-1&#8243;][vc_column width=&#8221;1\/3&#8243; offset=&#8221;vc_hidden-sm vc_hidden-xs&#8221;][mk_padding_divider][vc_single_image image=&#8221;880&#8243; img_size=&#8221;full&#8221;][\/vc_column][vc_column offset=&#8221;vc_col-lg-7 vc_col-md-7&#8243;][mk_padding_divider][mk_divider style=&#8221;thin_solid&#8221; thin_single_color=&#8221;#f2af4b&#8221; thickness=&#8221;6&#8243; margin_top=&#8221;0&#8243;][mk_fancy_title strip_tags=&#8221;true&#8221; color=&#8221;#000000&#8243; size=&#8221;40&#8243; font_weight=&#8221;bold&#8221; txt_transform=&#8221;uppercase&#8221; letter_spacing=&#8221;2&#8243; margin_bottom=&#8221;0&#8243; font_family=&#8221;Signika&#8221; font_type=&#8221;google&#8221; responsive_align=&#8221;left&#8221;]Abgeschlossene Workshops[\/mk_fancy_title][vc_column_text css=&#8221;.vc_custom_1696256529729{margin-bottom: 0px !important;}&#8221;]\n<ul>\n<li>2022&amp;23 Zeitungsworkshop im Rahmen des Projekts \u00bbSuhl-Nord \u2013 Wieder im Gespr\u00e4ch\u00ab<\/li>\n<li>2020-22 Langzeitworkshop und Ausstellung \u00bbNeue Sichten f\u00fcr Hoyerswerda\u00ab, Kulturfabrik &amp; Schloss, Hoyerswerda<\/li>\n<li>2020\/10 Zine-Workshops an zwei Schulen in Wurzen mit dem Netzwerk f\u00fcr Demokratische Kultur e.V.<\/li>\n<li>2020\/08-10 Online-Seminare \u00bbCrashkurs Dokumentarfotografie\u00ab und \u00bbKrisenbilder\u00ab<\/li>\n<li>2019\/11-12 Workshop \u00bbPersonal . Photography . Stories\u00ab im Stadtteilprojekt Dresdner59, Leipzig-Reudnitz<\/li>\n<li>2019\/10 Jugendaustausch \u00bblaboro ergo sum #2\u00ab bei Circolo ArciRagazzi Gli Anni in Tasca, Terni, Italien<\/li>\n<li>2019\/04 Jugendaustausch \u00bblaboro ergo sum\u00ab mit der Autodidaktische Initiative e.V., Leipzig<\/li>\n<li>2019\/02-04 Workshop \u00bbout of the box\u00ab im Stadtteilprojekt Dresdner59, Leipzig-Reudnitz<\/li>\n<li>2018\/10-12 Workshop \u00bbHow to Publish\u00ab im P\u00f6ge-Haus e.V., Leipzig-Neustadt-Neusch\u00f6nefeld<\/li>\n<li>2018\/08-09 Workshop \u00bbsharing.unofficial.pictures\u00ab im Treibhaus e.V., D\u00f6beln<\/li>\n<li>seit 2018 Seminare zu rassismuskritischem Fotografieren w\u00e4hrend Freiwilligendiensten, Evangelisch\u2013Lutherisches Missionswerk Leipzig e.V.<\/li>\n<li>2018\/07 Workshop \u00bbout of the box\u00ab im kunZstoffe \u2013 urbane Ideenwerkstatt e.V., Leipzig-Lindenau<\/li>\n<li>2018\/06 Start der fortlaufenden Werkstatt \u00bbFoto, Film &amp; Pizza\u00ab in eigenen R\u00e4umen, Leipzig-Kleinzschocher<\/li>\n<li>2018\/02 Zine-Workshop \u00bbborn to work\u00ab im Autodidaktische Initiative e. V., Leipzig-Lindenau<\/li>\n<li>2017\/11 Zine-Workshop \u00bbdas pers\u00f6nliche ist politisch\u00ab im Autodidaktische Initiative e. V., Leipzig-Lindenau<\/li>\n<li>2017\/11 Crashkurs \u00bbDas dokumentarische Portrait\u00ab, Leipzig-Plagwitz<\/li>\n<li>2017\/08 Zine-Workshop \u00bbGuter Stoff f\u00fcr eine Geschichte\u00ab im Dorf der Jugend im Rahmen des Landesprogramms Spurensuche, Grimma<\/li>\n<li>2017\/04 Start der monatlichen \u00bbIdeenwerkstatt\u00ab mit ehemaligen Workshop-Teilnehmer*innen, Leipzig<\/li>\n<li>2017\/03 Workshop \u00bbout of the box\u00ab im krudebude e.V., Leipzig-Sch\u00f6nefeld<\/li>\n<li>2017\/01 Theorieseminar \u00bbWie kann Fotografie politisch sein?\u00ab im Autodidaktische Initiative e. V., Leipzig-Lindenau<\/li>\n<li>2016\/04 Workshop \u00bbsharing unofficial pictures\u00ab im krudebude e.V., Leipzig-Sch\u00f6nefeld<\/li>\n<\/ul>\n[\/vc_column_text][\/vc_column][\/mk_page_section]","protected":false},"excerpt":{"rendered":"<p>\u0639\u0641\u0648\u0627\u060c \u0647\u0630\u0647 \u0627\u0644\u0645\u062f\u062e\u0644\u0629 \u0645\u0648\u062c\u0648\u062f\u0629 \u0641\u0642\u0637 \u0641\u064a Deutsch \u0648 English.[mk_page_section bg_image=&#8221;https:\/\/unofficial.pictures\/wp-content\/uploads\/2018\/04\/sharing_out-of-the-box-hoch9_bildauswahl.jpg&#8221; bg_position=&#8221;center center&#8221; bg_repeat=&#8221;no-repeat&#8221; bg_stretch=&#8221;true&#8221; min_height=&#8221;0&#8243; full_height=&#8221;true&#8221; padding_top=&#8221;0&#8243; padding_bottom=&#8221;0&#8243; sidebar=&#8221;sidebar-1&#8243;][vc_column][mk_fancy_title strip_tags=&#8221;true&#8221; tag_name=&#8221;h1&#8243; color=&#8221;#ffffff&#8221; size=&#8221;120&#8243; force_font_size=&#8221;true&#8221; size_phone=&#8221;80&#8243; font_weight=&#8221;bold&#8221; txt_transform=&#8221;uppercase&#8221; letter_spacing=&#8221;2&#8243; margin_bottom=&#8221;0&#8243; font_family=&#8221;none&#8221; align=&#8221;center&#8221;]sharing[\/mk_fancy_title][\/vc_column][\/mk_page_section][mk_page_section bg_repeat=&#8221;no-repeat&#8221; bg_stretch=&#8221;true&#8221; min_height=&#8221;0&#8243; padding_top=&#8221;40&#8243; padding_bottom=&#8221;40&#8243; sidebar=&#8221;sidebar-1&#8243;][vc_column][mk_padding_divider size=&#8221;100&#8243;][mk_divider style=&#8221;thin_solid&#8221; divider_width=&#8221;custom_width&#8221; custom_width=&#8221;500&#8243; align=&#8221;left&#8221; thin_single_color=&#8221;#f2af4b&#8221; thickness=&#8221;6&#8243; margin_top=&#8221;0&#8243;][mk_fancy_title strip_tags=&#8221;true&#8221; color=&#8221;#000000&#8243; size=&#8221;40&#8243; font_weight=&#8221;bold&#8221; txt_transform=&#8221;uppercase&#8221; letter_spacing=&#8221;2&#8243; margin_bottom=&#8221;0&#8243; font_family=&#8221;Signika&#8221; font_type=&#8221;google&#8221; responsive_align=&#8221;left&#8221;]Werkstattseminare[\/mk_fancy_title][vc_column_text [&hellip;]<\/p>\n","protected":false},"author":1,"featured_media":0,"parent":0,"menu_order":0,"comment_status":"closed","ping_status":"closed","template":"","meta":{"footnotes":""},"class_list":["post-530","page","type-page","status-publish","hentry"],"_links":{"self":[{"href":"https:\/\/unofficial.pictures\/ar\/wp-json\/wp\/v2\/pages\/530","targetHints":{"allow":["GET"]}}],"collection":[{"href":"https:\/\/unofficial.pictures\/ar\/wp-json\/wp\/v2\/pages"}],"about":[{"href":"https:\/\/unofficial.pictures\/ar\/wp-json\/wp\/v2\/types\/page"}],"author":[{"embeddable":true,"href":"https:\/\/unofficial.pictures\/ar\/wp-json\/wp\/v2\/users\/1"}],"replies":[{"embeddable":true,"href":"https:\/\/unofficial.pictures\/ar\/wp-json\/wp\/v2\/comments?post=530"}],"version-history":[{"count":128,"href":"https:\/\/unofficial.pictures\/ar\/wp-json\/wp\/v2\/pages\/530\/revisions"}],"predecessor-version":[{"id":3532,"href":"https:\/\/unofficial.pictures\/ar\/wp-json\/wp\/v2\/pages\/530\/revisions\/3532"}],"wp:attachment":[{"href":"https:\/\/unofficial.pictures\/ar\/wp-json\/wp\/v2\/media?parent=530"}],"curies":[{"name":"wp","href":"https:\/\/api.w.org\/{rel}","templated":true}]}}