{"id":841,"date":"2018-05-16T21:23:29","date_gmt":"2018-05-16T19:23:29","guid":{"rendered":"https:\/\/unofficial.pictures\/?page_id=841"},"modified":"2022-08-02T13:19:21","modified_gmt":"2022-08-02T11:19:21","slug":"agb","status":"publish","type":"page","link":"https:\/\/unofficial.pictures\/ar\/shop\/agb\/","title":{"rendered":"(Deutsch) AGB"},"content":{"rendered":"<div class=\"wpb-content-wrapper\"><div class=\"woocommerce woocommerce-gzd woocommerce-gzd-complaints-shortcode\">\n\t<h3>Alternative Dispute Resolution in accordance with Art. 14 (1) ODR-VO and \u00a7 36 VSBG:<\/h3>\n\n<p>Die Europ\u00e4ische Kommission stellt eine Plattform zur Online-Streitbeilegung (OS) bereit, die du unter <a href=\"https:\/\/ec.europa.eu\/consumers\/odr\" target=\"_blank\">https:\/\/ec.europa.eu\/consumers\/odr<\/a> findest. Zur Teilnahme an einem Streitbeilegungsverfahren vor einer Verbraucherschlichtungsstelle sind wir nicht verpflichtet und nicht bereit.<\/p>\n<\/div>\n<\/div>","protected":false},"excerpt":{"rendered":"<p>\u0639\u0641\u0648\u0627\u060c \u0647\u0630\u0647 \u0627\u0644\u0645\u062f\u062e\u0644\u0629 \u0645\u0648\u062c\u0648\u062f\u0629 \u0641\u0642\u0637 \u0641\u064a Deutsch \u0648 English. Allgemeine Gesch\u00e4ftsbedingungen des unofficial.pictures e.V. 1. Geltungsbereich Nachstehende Allgemeine Gesch\u00e4ftsbedingungen gelten f\u00fcr alle Gesch\u00e4ftsbeziehungen zwischen dem Besteller bzw. Teilnehmer und dem unofficial.pictures e.V.. Entgegenstehende oder von den Gesch\u00e4ftsbedingungen abweichende Bedingungen des Bestellers bzw. Teilnehmers erkennen wir nur an, wenn wir ausdr\u00fccklich schriftlich der Geltung zustimmen. 2. [&hellip;]<\/p>\n","protected":false},"author":1,"featured_media":0,"parent":251,"menu_order":0,"comment_status":"closed","ping_status":"closed","template":"","meta":{"footnotes":""},"class_list":["post-841","page","type-page","status-publish","hentry"],"_links":{"self":[{"href":"https:\/\/unofficial.pictures\/ar\/wp-json\/wp\/v2\/pages\/841","targetHints":{"allow":["GET"]}}],"collection":[{"href":"https:\/\/unofficial.pictures\/ar\/wp-json\/wp\/v2\/pages"}],"about":[{"href":"https:\/\/unofficial.pictures\/ar\/wp-json\/wp\/v2\/types\/page"}],"author":[{"embeddable":true,"href":"https:\/\/unofficial.pictures\/ar\/wp-json\/wp\/v2\/users\/1"}],"replies":[{"embeddable":true,"href":"https:\/\/unofficial.pictures\/ar\/wp-json\/wp\/v2\/comments?post=841"}],"version-history":[{"count":11,"href":"https:\/\/unofficial.pictures\/ar\/wp-json\/wp\/v2\/pages\/841\/revisions"}],"predecessor-version":[{"id":2860,"href":"https:\/\/unofficial.pictures\/ar\/wp-json\/wp\/v2\/pages\/841\/revisions\/2860"}],"up":[{"embeddable":true,"href":"https:\/\/unofficial.pictures\/ar\/wp-json\/wp\/v2\/pages\/251"}],"wp:attachment":[{"href":"https:\/\/unofficial.pictures\/ar\/wp-json\/wp\/v2\/media?parent=841"}],"curies":[{"name":"wp","href":"https:\/\/api.w.org\/{rel}","templated":true}]}}