{"id":930,"date":"2018-05-28T17:27:11","date_gmt":"2018-05-28T15:27:11","guid":{"rendered":"https:\/\/unofficial.pictures\/?page_id=930"},"modified":"2018-06-16T17:03:37","modified_gmt":"2018-06-16T15:03:37","slug":"persoenliche-filmisch-fotografische-forschungen","status":"publish","type":"page","link":"https:\/\/unofficial.pictures\/ar\/sharing\/persoenliche-filmisch-fotografische-forschungen\/","title":{"rendered":"(Deutsch) Pers\u00f6nliche filmisch-fotografische Forschungen"},"content":{"rendered":"<p class=\"qtranxs-available-languages-message qtranxs-available-languages-message-ar\">\u0639\u0641\u0648\u0627\u060c \u0647\u0630\u0647 \u0627\u0644\u0645\u062f\u062e\u0644\u0629 \u0645\u0648\u062c\u0648\u062f\u0629 \u0641\u0642\u0637 \u0641\u064a <a href=\"https:\/\/unofficial.pictures\/de\/wp-json\/wp\/v2\/pages\/930\" class=\"qtranxs-available-language-link qtranxs-available-language-link-de\" title=\"Deutsch\">Deutsch<\/a> \u0648 <a href=\"https:\/\/unofficial.pictures\/en\/wp-json\/wp\/v2\/pages\/930\" class=\"qtranxs-available-language-link qtranxs-available-language-link-en\" title=\"English\">English<\/a>.<\/p><div class=\"wpb-content-wrapper\">[mk_page_section padding_top=&#8221;0&#8243; padding_bottom=&#8221;0&#8243; sidebar=&#8221;sidebar-1&#8243;][vc_column][mk_fancy_title strip_tags=&#8221;true&#8221; color=&#8221;#000000&#8243; size=&#8221;60&#8243; font_weight=&#8221;bold&#8221; txt_transform=&#8221;uppercase&#8221; letter_spacing=&#8221;2&#8243; margin_bottom=&#8221;0&#8243; font_family=&#8221;Signika&#8221; font_type=&#8221;google&#8221; responsive_align=&#8221;left&#8221;]Pers\u00f6nliche filmisch-fotografische Forschungen[\/mk_fancy_title][\/vc_column][\/mk_page_section][mk_page_section padding_top=&#8221;0&#8243; padding_bottom=&#8221;80&#8243; sidebar=&#8221;sidebar-1&#8243;][vc_column width=&#8221;2\/3&#8243;][vc_column_text css=&#8221;.vc_custom_1527779957961{margin-bottom: 0px !important;}&#8221;]In diesem Werkstattseminar k\u00f6nnt ihr Wege finden, eure eigenen Themen mit Fotografie\/Film zu erforschen\/auszudr\u00fccken. Es kann um sehr pers\u00f6nliche Dinge\/Tr\u00e4ume\/Erfahrungen gehen oder auch darum einen pers\u00f6nlichen Zugang zu einem politischen Thema zu finden.[\/vc_column_text][vc_column_text css=&#8221;.vc_custom_1527529542843{margin-bottom: 0px !important;}&#8221;]\n<h3>Was passiert wann?<\/h3>\n<p>Das Seminar geht \u00fcber drei Wochenendbl\u00f6cke (jeweils ca. 20 Stunden von Freitagnachmittag bis Sonntagnachmittag) mit zwei mehrw\u00f6chigen Pausen dazwischen.<\/p>\n<p>Am ersten Wochenendblock werden wir uns kennenlernen, Einblicke in die Arbeitsweise verschiedenster Aktivist*innen und K\u00fcnstler*innen gewinnen und uns dar\u00fcber austauschen. Au\u00dferdem bringt ihr eure Ideen mit, zu welchem euch nahestehenden Thema ihr gerne mithilfe von Fotografie oder Videos k\u00fcnstlerisch forschen wollt. Durch Kreativit\u00e4tsmethoden, die Inspiration durch andere Arbeiten und das Feedback der anderen Teilnehmer*innen pr\u00e4zisiert ihr das Thema und entwickelt ein k\u00fcnstlerisches Konzept.<\/p>\n<p>In den darauffolgenden Wochen fotografiert und\/oder filmt ihr selbst\u00e4ndig (wenn ihr wollt im Austausch mit anderen aus der Gruppe) zu eurem Thema, schreibt vielleicht Texte dazu oder sammelt andere Materialien.<\/p>\n<p>Danach treffen wir uns erneut f\u00fcr ein Wochenende, um gemeinsam eure ersten Ergebnisse zu besprechen, Fragen z.B. zur Technik, Arbeitsweise oder Ethik zu kl\u00e4ren und mit einer vorl\u00e4ufigen Auswahl von Bildern, Clips und Materialien einen Eindruck der entstehenden Arbeit zu bekommen.<\/p>\n<p>Nun habt ihr erneut mehrere Wochen Zeit um evtl. noch fehlendes Material zu sammeln und an eurer Bildauswahl bzw. Schnitt zu arbeiten.<\/p>\n<p>Am dritten Wochenendblock besprechen wir ausf\u00fchrlich die Kombination eures Materials, an der ihr den Feinschliff vornehmen k\u00f6nnt, so dass am Ende eine fertige Arbeit in einer Rohfassung entsteht, also z.B. ein Buch-Dummy, eine Slideshow, ein erster Schnitt eines Kurzfilms. Zusammen reflektieren wir den pers\u00f6nlichen und fotografischen Entwicklungsprozess. Wenn ihr eure Arbeit mit mehr Menschen teilen m\u00f6chtet, k\u00f6nnt ihr sp\u00e4ter entscheiden, an einer Werkstatt \u00bb<a href=\"https:\/\/unofficial.pictures\/sharing\/how-to-publish\/\">How To Publish<\/a>\u00ab teilzunehmen.[\/vc_column_text][\/vc_column][vc_column width=&#8221;1\/3&#8243;][mk_image src=&#8221;https:\/\/unofficial.pictures\/wp-content\/uploads\/2018\/05\/scan-170620-0001_web.jpg&#8221; image_size=&#8221;full&#8221;][vc_column_text css=&#8221;.vc_custom_1527529662901{margin-bottom: 0px !important;}&#8221;]\n<h3>Was solltest du mitbringen?<\/h3>\n<p>Du solltest vor allem Bock haben dich mit bewegten\/stillen Bildern ausdr\u00fccken zu wollen. <span class=\"\">F\u00fcr die <\/span><span class=\"i\"><i>\u00bbPers\u00f6nlichen Fotografischen Forschungen\u00ab<\/i><\/span><span class=\"\"> ist es wichtig dass du eine schon mehr oder weniger fixe Idee hast was du in den kommenden Wochen erforschen willst. <\/span>Technisches Wissen oder K\u00f6nnen und die Art deiner Kamera sind erstmal zweitrangig.<br \/>\nWir wollen zusammen Fotos\/Videos auf pers\u00f6nlicher Ebene hinterfragen. Manchmal kommen dabei sehr pers\u00f6nliche Themen\/Erfahrungen auf den Tisch. Wir wollen uns nach Kr\u00e4ften supporten und immer wieder schauen wie es allen geht, vor allem tr\u00e4gst du aber w\u00e4hrend des gesamten Seminars selbst die Verantwortung daf\u00fcr was und wieviel du teilen magst.[\/vc_column_text][\/vc_column][\/mk_page_section][mk_page_section padding_top=&#8221;0&#8243; padding_bottom=&#8221;80&#8243; sidebar=&#8221;sidebar-1&#8243;][vc_column width=&#8221;2\/3&#8243;][mk_divider style=&#8221;thin_solid&#8221; thin_single_color=&#8221;#f2af4b&#8221; thickness=&#8221;6&#8243; margin_top=&#8221;0&#8243;][mk_fancy_title strip_tags=&#8221;true&#8221; color=&#8221;#000000&#8243; size=&#8221;40&#8243; font_weight=&#8221;bold&#8221; txt_transform=&#8221;uppercase&#8221; letter_spacing=&#8221;2&#8243; margin_bottom=&#8221;0&#8243; font_family=&#8221;Signika&#8221; font_type=&#8221;google&#8221; responsive_align=&#8221;left&#8221;]Was hast du davon?[\/mk_fancy_title][vc_column_text css=&#8221;.vc_custom_1526570260271{margin-bottom: 0px !important;}&#8221;]\n<ul>\n<li>durch Fotografie und\/oder Film eine Form finden deine pers\u00f6nliche Perspektive\/Sicht auf ein Thema das dir wichtig ist f\u00fcr andere nachzuvollziehbar auszudr\u00fccken<\/li>\n<li>Vernetzung und Gemeinschaft mit anderen an Fotografie und Film interessierten Menschen<\/li>\n<li>k\u00fcnstlerische Weiterentwicklung<\/li>\n<li>Einblick in andere Lebensrealit\u00e4ten<\/li>\n<li>an im Kopf herumschwirrenden Ideen arbeiten und diese mit den anderen Teilnehmenden teilen<\/li>\n<li>lernen, einzelnen Bildern einen neuen Sinn zu geben durch erz\u00e4hlerische Kombination<\/li>\n<li>durch fotografische\/filmische Aufgaben sich selbst aus der Komfortzone holen<\/li>\n<li>die eigene Sicht auf das ausgew\u00e4hlte Thema hinterfragen<\/li>\n<li>Erleichterung durch Aufarbeitung alter pers\u00f6nlicher Themen mit Hilfe der Gruppe und der Workshopleitenden<\/li>\n<li>Selbsterm\u00e4chtigung durch das selbstbewusste Teilen der eigenen Sicht auf schambehaftete Themen als k\u00fcnstlerisches Produkt<\/li>\n<\/ul>\n[\/vc_column_text][\/vc_column][vc_column width=&#8221;1\/3&#8243;][mk_divider style=&#8221;thin_solid&#8221; thin_single_color=&#8221;#f2af4b&#8221; thickness=&#8221;6&#8243; margin_top=&#8221;0&#8243;][mk_fancy_title strip_tags=&#8221;true&#8221; color=&#8221;#000000&#8243; size=&#8221;40&#8243; font_weight=&#8221;bold&#8221; txt_transform=&#8221;uppercase&#8221; letter_spacing=&#8221;2&#8243; margin_bottom=&#8221;0&#8243; font_family=&#8221;Signika&#8221; font_type=&#8221;google&#8221; responsive_align=&#8221;left&#8221;]Daten[\/mk_fancy_title][vc_column_text css=&#8221;.vc_custom_1529161387962{margin-bottom: 0px !important;}&#8221;]\n<h4>Wann<\/h4>\n<p>3 verl\u00e4ngerte Wochenenden<\/p>\n<ul>\n<li>Fr. 29.6. \u2014 So. 1.7. 2018<\/li>\n<li>Fr. 13. \u2014 So. 15.7. 2018<\/li>\n<li>Fr. 10. \u2014 So. 12.8. 2018<\/li>\n<\/ul>\n<p>Fr. 18-21 Uhr, Sa. 11-21 Uhr, So. 11-18 Uhr<\/p>\n<h4>Wo<\/h4>\n<p>Stadtteilprojekt Dresdner59, Dresdner Stra\u00dfe 59, 04318 Leipzig-Reudnitz[\/vc_column_text][\/vc_column][\/mk_page_section][vc_row][vc_column][mk_divider style=&#8221;thin_solid&#8221; thin_single_color=&#8221;#f2af4b&#8221; thickness=&#8221;6&#8243; margin_top=&#8221;0&#8243;][mk_fancy_title strip_tags=&#8221;true&#8221; color=&#8221;#000000&#8243; size=&#8221;40&#8243; font_weight=&#8221;bold&#8221; txt_transform=&#8221;uppercase&#8221; letter_spacing=&#8221;2&#8243; margin_bottom=&#8221;0&#8243; font_family=&#8221;Signika&#8221; font_type=&#8221;google&#8221; responsive_align=&#8221;left&#8221;]Anmelden[\/mk_fancy_title]\n<div class=\"wpcf7 no-js\" id=\"wpcf7-f932-o1\" lang=\"de-DE\" dir=\"ltr\" data-wpcf7-id=\"932\">\n<div class=\"screen-reader-response\"><p role=\"status\" aria-live=\"polite\" aria-atomic=\"true\"><\/p> <ul><\/ul><\/div>\n<form action=\"\/ar\/wp-json\/wp\/v2\/pages\/930#wpcf7-f932-o1\" method=\"post\" class=\"wpcf7-form init wpcf7-acceptance-as-validation\" aria-label=\"Kontaktformular\" novalidate=\"novalidate\" data-status=\"init\">\n<fieldset class=\"hidden-fields-container\"><input type=\"hidden\" name=\"_wpcf7\" value=\"932\" \/><input type=\"hidden\" name=\"_wpcf7_version\" value=\"6.1.5\" \/><input type=\"hidden\" name=\"_wpcf7_locale\" value=\"de_DE\" \/><input type=\"hidden\" name=\"_wpcf7_unit_tag\" value=\"wpcf7-f932-o1\" \/><input type=\"hidden\" name=\"_wpcf7_container_post\" value=\"0\" \/><input type=\"hidden\" name=\"_wpcf7_posted_data_hash\" value=\"\" \/>\n<\/fieldset>\n<h3>Kontaktangaben\n<\/h3>\n<p><label> Dein Name (Pflichtfeld)<br \/>\n<span class=\"wpcf7-form-control-wrap\" data-name=\"your-name\"><input size=\"40\" maxlength=\"400\" class=\"wpcf7-form-control wpcf7-text wpcf7-validates-as-required\" aria-required=\"true\" aria-invalid=\"false\" value=\"\" type=\"text\" name=\"your-name\" \/><\/span> <\/label>\n<\/p>\n<p><label> Deine E-Mail-Adresse (Pflichtfeld)<br \/>\n<span class=\"wpcf7-form-control-wrap\" data-name=\"your-email\"><input size=\"40\" maxlength=\"400\" class=\"wpcf7-form-control wpcf7-email wpcf7-validates-as-required wpcf7-text wpcf7-validates-as-email\" aria-required=\"true\" aria-invalid=\"false\" value=\"\" type=\"email\" name=\"your-email\" \/><\/span> <\/label>\n<\/p>\n<p><label> Deine Telefonnummer<br \/>\n<span class=\"wpcf7-form-control-wrap\" data-name=\"telephone\"><input size=\"40\" maxlength=\"400\" class=\"wpcf7-form-control wpcf7-tel wpcf7-text wpcf7-validates-as-tel\" aria-invalid=\"false\" value=\"\" type=\"tel\" name=\"telephone\" \/><\/span> <\/label>\n<\/p>\n<p>&nbsp;\n<\/p>\n<h3>Workshop-Auswahl\n<\/h3>\n<p><label> F\u00fcr welchen Workshop m\u00f6chtest du dich anmelden? <\/label><br \/>\n<span class=\"wpcf7-form-control-wrap\" data-name=\"workshop\"><span class=\"wpcf7-form-control wpcf7-radio\"><span class=\"wpcf7-list-item first last\"><input type=\"radio\" name=\"workshop\" value=\"Pers\u00f6nliche filmisch\/fotografische Forschungen im Juli\/August 2018\" checked=\"checked\" \/><span class=\"wpcf7-list-item-label\">Pers\u00f6nliche filmisch\/fotografische Forschungen im Juli\/August 2018<\/span><\/span><\/span><\/span> &nbsp;<a href=\"https:\/\/unofficial.pictures\/sharing\/\">... zur\u00fcck zur \u00dcbersicht<\/a>\n<\/p>\n<p>&nbsp;\n<\/p>\n<h3>Teilnahmebeitrag nach Solidarmodell\n<\/h3>\n<p>Wir wollen von unserer Arbeit leben und nehmen deswegen Teilnahmebeitr\u00e4ge. Wir wollen dadurch niemand von der Teilnahme ausschlie\u00dfen, deswegen kannst du selbt w\u00e4hlen wieviel du zahlst. Die Idee ist, dass Menschen die mehr haben mehr geben, um so anderen mit weniger Einkommen eine Teilnahme zu erm\u00f6glichen. Hier geben wir dir einen Anhaltspunkt, wieviel wir angemessen finden \u2013 je nachdem, wieviel du monatlich nach Abzug deiner fixen Ausgaben frei zur Verf\u00fcgung hast.\n<\/p>\n<div class=\"mk-fancy-table table-style1  \">\n\t<table style=\"width: inherit !important;\">\n\t\t<thead>\n\t\t\t<tr>\n\t\t\t\t<th>\n\t\t\t\t\t<p>monatl. frei zur Verf\u00fcgung\n\t\t\t\t\t<\/p>\n\t\t\t\t<\/th>\n\t\t\t\t<th>\n\t\t\t\t\t<p>empf. Beitrag f\u00fcr die 3 Wochenenden (ca. 60 Stunden)\n\t\t\t\t\t<\/p>\n\t\t\t\t<\/th>\n\t\t\t<\/tr>\n\t\t<\/thead>\n\t\t<tbody>\n\t\t\t<tr>\n\t\t\t\t<td>\n\t\t\t\t\t<p>&gt; 5000 \u20ac\n\t\t\t\t\t<\/p>\n\t\t\t\t<\/td>\n\t\t\t\t<td>\n\t\t\t\t\t<p>&gt; 3750 \u20ac\n\t\t\t\t\t<\/p>\n\t\t\t\t<\/td>\n\t\t\t<\/tr>\n\t\t\t<tr>\n\t\t\t\t<td>\n\t\t\t\t\t<p>1000 \u20ac \u2014 5000 \u20ac\n\t\t\t\t\t<\/p>\n\t\t\t\t<\/td>\n\t\t\t\t<td>\n\t\t\t\t\t<p>750 \u20ac \u2014 3750 \u20ac\n\t\t\t\t\t<\/p>\n\t\t\t\t<\/td>\n\t\t\t<\/tr>\n\t\t\t<tr>\n\t\t\t\t<td>\n\t\t\t\t\t<p>200 \u20ac \u2014 1000 \u20ac\n\t\t\t\t\t<\/p>\n\t\t\t\t<\/td>\n\t\t\t\t<td>\n\t\t\t\t\t<p>150 \u20ac \u2014 750 \u20ac\n\t\t\t\t\t<\/p>\n\t\t\t\t<\/td>\n\t\t\t<\/tr>\n\t\t\t<tr>\n\t\t\t\t<td>\n\t\t\t\t\t<p>0 \u20ac \u2014 200 \u20ac\n\t\t\t\t\t<\/p>\n\t\t\t\t<\/td>\n\t\t\t\t<td>\n\t\t\t\t\t<p>0 \u20ac \u2014 150 \u20ac\n\t\t\t\t\t<\/p>\n\t\t\t\t<\/td>\n\t\t\t<\/tr>\n\t\t<\/tbody>\n\t<\/table>\n<\/div>\n<p><label> Wieviel zahlst du?<br \/>\n<span class=\"wpcf7-form-control-wrap\" data-name=\"how-much-do-you-pay\"><input class=\"wpcf7-form-control wpcf7-number wpcf7-validates-as-required wpcf7-validates-as-number euro-field\" min=\"0\" max=\"10000\" aria-required=\"true\" aria-invalid=\"false\" value=\"\" type=\"number\" name=\"how-much-do-you-pay\" \/><\/span> <\/label>\n<\/p>\n<p>&nbsp;\n<\/p>\n<h3>Besondere Bed\u00fcrfnisse, Fragen etc.\n<\/h3>\n<p><label> Deine Nachricht<br \/>\n<span class=\"wpcf7-form-control-wrap\" data-name=\"your-message\"><textarea cols=\"40\" rows=\"10\" maxlength=\"2000\" class=\"wpcf7-form-control wpcf7-textarea\" aria-invalid=\"false\" name=\"your-message\"><\/textarea><\/span> <\/label>\n<\/p>\n<p>&nbsp;\n<\/p>\n<h3>Absenden\n<\/h3>\n<p><span class=\"wpcf7-form-control-wrap\" data-name=\"checkbox-newsletter\"><span class=\"wpcf7-form-control wpcf7-checkbox\"><span class=\"wpcf7-list-item first last\"><input type=\"checkbox\" name=\"checkbox-newsletter[]\" value=\"Ich m\u00f6chte ca. vier mal j\u00e4hrlich den Newsletter von unofficial.pictures erhalten\" \/><span class=\"wpcf7-list-item-label\">Ich m\u00f6chte ca. vier mal j\u00e4hrlich den Newsletter von unofficial.pictures erhalten<\/span><\/span><\/span><\/span>\n<\/p>\n<p><span class=\"wpcf7-form-control-wrap\" data-name=\"accept-data-processing\"><span class=\"wpcf7-form-control wpcf7-acceptance\"><span class=\"wpcf7-list-item\"><label><input type=\"checkbox\" name=\"accept-data-processing\" value=\"1\" aria-invalid=\"false\" \/><span class=\"wpcf7-list-item-label\">Ich stimme zu, dass meine hier eingegebenen Daten zeitlich unbegrenzt elektronisch gespeichert werden. Ich kann dieser Speicherung jederzeit per Mail an office@unofficial.pictures widersprechen.<\/span><\/label><\/span><\/span><\/span>\n<\/p>\n<p><span class=\"wpcf7-form-control-wrap\" data-name=\"accepted-terms\"><span class=\"wpcf7-form-control wpcf7-acceptance\"><span class=\"wpcf7-list-item\"><label><input type=\"checkbox\" name=\"accepted-terms\" value=\"1\" aria-invalid=\"false\" \/><span class=\"wpcf7-list-item-label\">Ich habe die <a href=\"#teilnahmebedingungen\">Teilnahmebedingungen<\/a> gelesen und stimme zu<\/span><\/label><\/span><\/span><\/span>\n<\/p>\n<p><input class=\"wpcf7-form-control wpcf7-submit has-spinner\" type=\"submit\" value=\"Senden\" \/>\n<\/p><div class=\"wpcf7-response-output\" aria-hidden=\"true\"><\/div>\n<\/form>\n<\/div>\n[vc_raw_html css=&#8221;.vc_custom_1527523130291{padding-bottom: 40px !important;}&#8221;]JTNDYSUyMG5hbWUlM0QlMjJ0ZWlsbmFobWViZWRpbmd1bmdlbiUyMiUzRSUzQyUyRmElM0U=[\/vc_raw_html][vc_column_text css=&#8221;.vc_custom_1527777818311{margin-bottom: 0px !important;}&#8221;]\n<h3>Teilnahmebedingungen<\/h3>\n<h5>Teilnahme<\/h5>\n<p>Mit der Absendung des Anmeldeformulars best\u00e4tigst du verbindlich deine Teilnahme am Werkstattseminar zum ausgew\u00e4hlten Termin. Du kannst die Teilnahme auch auf eine andere Person \u00fcbertragen. Diese muss uns dann allerdings sp\u00e4testens zum Beginn des Workshops noch mal die Teilnahmebedingungen best\u00e4tigen.<\/p>\n<h5>Terminverschiebungen<\/h5>\n<p>Sollten wir das Werkstattseminar wegen Krankheit nicht zum vereinbarten Termin durchf\u00fchren k\u00f6nnen, hast du die M\u00f6glichkeit an einem von uns vorgeschlagenen Ersatztermin teilzunehmen oder deine Teilnahmegeb\u00fchr zur\u00fcckerstattet zu bekommen.<\/p>\n<h5>Vollj\u00e4hrigkeit<\/h5>\n<p>Solltest du noch nicht vollj\u00e4hrig sein, ben\u00f6tigen wir f\u00fcr deine Teilnahme eine Unterschrift aller Erziehungsberechtigten, die deine Teilnahme gestatten und sich mit diesen Teilnahmebedingungen einverstanden erkl\u00e4ren. Bitte drucke daf\u00fcr diese Teilnahmebedingungen aus und lasse in den folgenden Feldern unterschreiben:<\/p>\n<p>Dein Name _____________________________<\/p>\n<p>Erziehungsberechtigte*r 1 _________________<br \/>\nDatum\/Ort ______________________________<br \/>\nUnterschrift _____________________________<\/p>\n<p>Erziehungsberechtigte*r 2 _________________<br \/>\nDatum\/Ort ______________________________<br \/>\nUnterschrift _____________________________[\/vc_column_text][\/vc_column][\/vc_row]\n<\/div>","protected":false},"excerpt":{"rendered":"<p>\u0639\u0641\u0648\u0627\u060c \u0647\u0630\u0647 \u0627\u0644\u0645\u062f\u062e\u0644\u0629 \u0645\u0648\u062c\u0648\u062f\u0629 \u0641\u0642\u0637 \u0641\u064a Deutsch \u0648 English.[mk_page_section padding_top=&#8221;0&#8243; padding_bottom=&#8221;0&#8243; sidebar=&#8221;sidebar-1&#8243;][vc_column][mk_fancy_title strip_tags=&#8221;true&#8221; color=&#8221;#000000&#8243; size=&#8221;60&#8243; font_weight=&#8221;bold&#8221; txt_transform=&#8221;uppercase&#8221; letter_spacing=&#8221;2&#8243; margin_bottom=&#8221;0&#8243; font_family=&#8221;Signika&#8221; font_type=&#8221;google&#8221; responsive_align=&#8221;left&#8221;]Pers\u00f6nliche filmisch-fotografische Forschungen[\/mk_fancy_title][\/vc_column][\/mk_page_section][mk_page_section padding_top=&#8221;0&#8243; padding_bottom=&#8221;80&#8243; sidebar=&#8221;sidebar-1&#8243;][vc_column width=&#8221;2\/3&#8243;][vc_column_text css=&#8221;.vc_custom_1527779957961{margin-bottom: 0px !important;}&#8221;]In diesem Werkstattseminar k\u00f6nnt ihr Wege finden, eure eigenen Themen mit Fotografie\/Film zu erforschen\/auszudr\u00fccken. Es kann um sehr pers\u00f6nliche Dinge\/Tr\u00e4ume\/Erfahrungen gehen oder auch darum einen [&hellip;]<\/p>\n","protected":false},"author":1,"featured_media":0,"parent":530,"menu_order":0,"comment_status":"closed","ping_status":"closed","template":"","meta":{"footnotes":""},"class_list":["post-930","page","type-page","status-publish","hentry"],"_links":{"self":[{"href":"https:\/\/unofficial.pictures\/ar\/wp-json\/wp\/v2\/pages\/930","targetHints":{"allow":["GET"]}}],"collection":[{"href":"https:\/\/unofficial.pictures\/ar\/wp-json\/wp\/v2\/pages"}],"about":[{"href":"https:\/\/unofficial.pictures\/ar\/wp-json\/wp\/v2\/types\/page"}],"author":[{"embeddable":true,"href":"https:\/\/unofficial.pictures\/ar\/wp-json\/wp\/v2\/users\/1"}],"replies":[{"embeddable":true,"href":"https:\/\/unofficial.pictures\/ar\/wp-json\/wp\/v2\/comments?post=930"}],"version-history":[{"count":16,"href":"https:\/\/unofficial.pictures\/ar\/wp-json\/wp\/v2\/pages\/930\/revisions"}],"predecessor-version":[{"id":1008,"href":"https:\/\/unofficial.pictures\/ar\/wp-json\/wp\/v2\/pages\/930\/revisions\/1008"}],"up":[{"embeddable":true,"href":"https:\/\/unofficial.pictures\/ar\/wp-json\/wp\/v2\/pages\/530"}],"wp:attachment":[{"href":"https:\/\/unofficial.pictures\/ar\/wp-json\/wp\/v2\/media?parent=930"}],"curies":[{"name":"wp","href":"https:\/\/api.w.org\/{rel}","templated":true}]}}