{"id":1687,"date":"2020-04-30T12:55:06","date_gmt":"2020-04-30T10:55:06","guid":{"rendered":"https:\/\/unofficial.pictures\/?post_type=product&#038;p=1687"},"modified":"2023-04-28T12:03:38","modified_gmt":"2023-04-28T10:03:38","slug":"gefaehrlicher-gegenstand-eisenbahnstrasse-1","status":"publish","type":"product","link":"https:\/\/unofficial.pictures\/ar\/shop\/gefaehrlicher-gegenstand-eisenbahnstrasse-1\/","title":{"rendered":"\u0627\u0644\u0625\u0635\u062f\u0627\u0631 \u0631\u0642\u0645 1 \u2013 \u0634\u0627\u0631\u0639 \u0627\u0644\u0623\u064a\u0632\u0646 \u0628\u0627\u0646: \u0630\u0644\u0643 \u0627\u0644\u0645\u0643\u0627\u0646 \u0627\u0644\u062e\u0637\u064a\u0631"},"content":{"rendered":"\u062c\u0631\u064a\u062f\u062a\u0646\u0627 \u00ab \u0627\u0644\u0634\u0627\u0631\u0639 \u0627\u0644\u062e\u0637\u064a\u0631: Eisenbahnstra\u00dfe \u00bb \u0647\u064a \u062a\u062d\u0642\u064a\u0642 \u0648\u062b\u0627\u0626\u0642\u064a \u060c \u0644\u0643\u0646 \u0639\u0628\u0631 \u062a\u062d\u0642\u064a\u0642 \u062d\u0632\u0628\u064a \u0644\u0644\u0648\u0636\u0639 \u0641\u064a \u0627\u0644\u0623\u062d\u064a\u0627\u0621 \u0627\u0644\u0645\u062d\u064a\u0637\u0629 \u0628\u0634\u0627\u0631\u0639 \u0627\u0644\u0627\u064a\u0632\u064a\u0646\u0628\u0627\u0646 \u0641\u064a \u0634\u0631\u0642 \u0644\u0627\u064a\u0628\u0632\u064a\u063a \u060c \u062d\u064a\u062b \u062a\u0645 \u0641\u0631\u0636 \u0645\u0646\u0637\u0642\u0629 \u062d\u0638\u0631 \u0644\u0644\u0633\u0644\u0627\u062d \u0641\u064a \u0639\u0627\u0645 2018.<\/p>\n<div style=\"padding: 62.5% 0 0 0; position: relative;\"><iframe style=\"position: absolute; top: 0; left: 0; width: 100%; height: 100%;\" src=\"https:\/\/player.vimeo.com\/video\/390531166?autoplay=1&amp;loop=1&amp;color=f2af4b&amp;title=0&amp;byline=0&amp;portrait=0\" frameborder=\"0\" allowfullscreen=\"allowfullscreen\"><\/iframe><\/div>\n<p><script src=\"https:\/\/player.vimeo.com\/api\/player.js\"><\/script><\/p>\n<p>\u0645\u0646\u0630 \u062a\u0634\u0631\u064a\u0646 \u0627\u0644\u062b\u0627\u0646\u064a (\u0646\u0648\u0641\u0645\u0628\u0631) 2018 \u060c \u062a\u0645 \u062a\u0644\u0637\u064a\u0641 \u0627\u0644\u0645\u0646\u0637\u0642\u0629 \u0627\u0644\u0645\u062d\u064a\u0637\u0629 \u0628\u0623\u064a\u0632\u0646\u0628\u0627\u0646 \u0634\u062a\u0631\u0627\u0633\u0647 \u0641\u064a \u0634\u0631\u0642 \u0644\u0627\u064a\u0628\u0632\u064a\u063a \u060c \u0648\u0641\u0642\u064b\u0627 \u0644\u0635\u062d\u064a\u0641\u0629 BILD \u060c \u062d\u064a\u062b \u062a\u0645 \u0625\u0646\u0634\u0627\u0621 \u0623\u0648\u0644 \u0645\u0646\u0637\u0642\u0629 \u062d\u0638\u0631 \u0623\u0633\u0644\u062d\u0629 \u0633\u0643\u0633\u0648\u0646\u064a\u0629. \u0633\u0628\u0642 \u0623\u0646 \u0633\u0645\u062d \u0644\u0644\u0634\u0631\u0637\u0629 \u0628\u0625\u062c\u0631\u0627\u0621 \u0639\u0645\u0644\u064a\u0627\u062a \u062a\u0641\u062a\u064a\u0634 \u0645\u0634\u0628\u0648\u0647\u0629 \u0641\u064a \u0647\u0630\u0627 \u201c\u0627\u0644\u0645\u0643\u0627\u0646 \u0627\u0644\u062e\u0637\u064a\u0631\u201d. \u0627\u0644\u0622\u0646 \u062a\u0645 \u0648\u0636\u0639 \u0639\u0644\u0627\u0645\u0627\u062a \u0627\u0644\u062d\u0638\u0631 \u0641\u064a \u062c\u0645\u064a\u0639 \u0623\u0646\u062d\u0627\u0621 \u0627\u0644\u0645\u0646\u0637\u0642\u0629 \u060c \u0648\u062f\u0641\u0639 \u063a\u0631\u0627\u0645\u0629 \u062a\u0635\u0644 \u0625\u0644\u0649 10000 \u064a\u0648\u0631\u0648 \u064a\u062a\u0645 \u062f\u0641\u0639\u0647\u0627 \u0644\u062d\u0645\u0644 \u0627\u0644\u0623\u0633\u0644\u062d\u0629 \u0648\u0645\u0627 \u064a\u0635\u0644 \u0625\u0644\u0649 1000 \u064a\u0648\u0631\u0648 \u0644\u062d\u0645\u0644\u0647\u0627 \u201c\u0623\u0634\u064a\u0627\u0621 \u062e\u0637\u064a\u0631\u0629\u201d.<\/p>\n<p>\u0644\u0643\u0646 \u0634\u0627\u0631\u0639 \u0627\u0644\u0627\u064a\u0632\u064a\u0646\u0628\u0627\u0646 \u0647\u0648 \u0623\u064a\u0636\u064b\u0627 \u0634\u064a\u0626 \u062e\u0637\u064a\u0631 \u0644\u0623\u064a \u0646\u0642\u0627\u0634 \u0635\u062d\u0641\u064a \u0648\u062b\u0627\u0626\u0642\u064a \u0648\u0641\u0646\u064a. \u064a\u0628\u062f\u0648 \u0645\u0646 \u0627\u0644\u0645\u0633\u062a\u062d\u064a\u0644 \u0627\u0644\u062a\u0642\u0627\u0637 \u0648\u0639\u0631\u0636 \u0627\u0644\u0635\u0648\u0631 \u0628\u0627\u0644\u0639\u064a\u0646 \u0627\u0644\u0645\u062c\u0631\u062f\u0629. \u0627\u0644\u0635\u0648\u0631 \u0635\u0644\u0628\u0629 \u0644\u0644\u063a\u0627\u064a\u0629 \u0641\u064a \u0627\u0644\u0631\u0623\u0633 \u060c \u062d\u064a\u062b \u0643\u0627\u0646 \u0634\u0627\u0631\u0639 \u0627\u0644\u0627\u064a\u0632\u064a\u0646\u0628\u0627\u0646 \u0641\u064a \u0627\u0644\u0639\u0646\u0627\u0648\u064a\u0646 \u0627\u0644\u0631\u0626\u064a\u0633\u064a\u0629 \u0644\u0633\u0646\u0648\u0627\u062a \u0628\u0633\u0628\u0628 \u0627\u0644\u0645\u0639\u0627\u0631\u0643 \u060c \u0648\u0625\u0637\u0644\u0627\u0642 \u0627\u0644\u0646\u0627\u0631 \u060c \u0648\u0627\u0644\u0627\u062a\u062c\u0627\u0631 \u0628\u0627\u0644\u0645\u062e\u062f\u0631\u0627\u062a \u060c \u0648\u0647\u062c\u0645\u0627\u062a \u0627\u0644\u0633\u0643\u0627\u0643\u064a\u0646 \u060c \u0648\u063a\u0627\u0644\u0628\u064b\u0627 \u0645\u0627 \u064a\u0642\u062a\u0631\u0646 \u0628\u0625\u0633\u0646\u0627\u062f \u063a\u0627\u0645\u0636 \u0644\u0647\u0630\u0647 \u0627\u0644\u0623\u0639\u0645\u0627\u0644 \u0625\u0644\u0649 \u0623\u0634\u062e\u0627\u0635 \u063a\u064a\u0631 \u0623\u0644\u0645\u0627\u0646\u064a\u064a\u0646 \u0623\u0648 \u063a\u064a\u0631 \u0627\u0644\u0628\u064a\u0636.<\/p>\n<p>\u0641\u064a \u0623\u063a\u0633\u0637\u0633 2019\u060c \u0646\u0634\u0631\u0646\u0627 \u0635\u062d\u064a\u0641\u0629 \u0627\u0644\u0635\u0648\u0631 \u0627\u0644\u0641\u0648\u062a\u0648\u063a\u0631\u0627\u0641\u064a\u0629 \u201cGef\u00e4hrlicher Gegenstand: Eisenbahnstra\u00dfe\u201d\u060c \u062d\u064a\u062b \u0646\u0642\u0627\u0631\u0646 \u0648\u0635\u0645\u0629 \u0627\u0644\u0639\u0627\u0631 \u201c\u0627\u0644\u0634\u0627\u0631\u0639 \u0627\u0644\u0623\u0633\u0648\u0623 \u0641\u064a \u0623\u0644\u0645\u0627\u0646\u064a\u0627\u201d (ProSieben) \u0645\u0639 \u0635\u0648\u0631\u0629 \u0627\u0646\u062a\u0642\u0627\u062f\u064a\u0629 \u0645\u062a\u0628\u0627\u064a\u0646\u0629. \u0648\u0644\u0647\u0630\u0627 \u0623\u062c\u0631\u064a\u0646\u0627 \u0645\u062d\u0627\u062f\u062b\u0627\u062a \u0637\u0648\u064a\u0644\u0629 \u0645\u0639 \u0627\u0644\u0633\u0643\u0627\u0646\u060c \u0648\u0627\u0633\u062a\u062e\u062f\u0645\u0646\u0627 \u0644\u0642\u0637\u0627\u062a \u0641\u064a\u062f\u064a\u0648 \u0645\u0646 \u0627\u0644\u0623\u0641\u0644\u0627\u0645 \u0627\u0644\u0648\u062b\u0627\u0626\u0642\u064a\u0629 \u0627\u0644\u062a\u0644\u0641\u0632\u064a\u0648\u0646\u064a\u0629 \u0630\u0627\u062a \u0627\u0644\u0635\u0644\u0629 \u0648\u062a\u0633\u062c\u064a\u0644\u0627\u062a\u0646\u0627 \u0627\u0644\u062e\u0627\u0635\u0629 \u0628\u0627\u0644\u0643\u0627\u0645\u064a\u0631\u0627 \u0627\u0644\u0634\u062e\u0635\u064a\u0629\u060c \u0648\u0635\u0648\u0631\u062a \u0623\u0645\u0627\u0643\u0646 \u062e\u0627\u0635\u0629 \u0641\u064a \u0627\u0644\u0645\u0646\u0637\u0642\u0629 \u0628\u0643\u0627\u0645\u064a\u0631\u0627 \u0643\u0628\u064a\u0631\u0629 \u0627\u0644\u062d\u062c\u0645. \u0646\u062d\u0646 \u0646\u0631\u064a\u062f \u0644\u0627\u0633\u062a\u0643\u0645\u0627\u0644 \u0635\u0648\u0631\u0629 \u0648\u0633\u0627\u0626\u0644 \u0627\u0644\u0625\u0639\u0644\u0627\u0645 \u0644\u0644\u062d\u064a. \u0645\u0648\u0627\u062c\u0647\u0629 \u0627\u0644\u062a\u0642\u0627\u0631\u064a\u0631 \u0630\u0627\u062a \u0627\u0644\u0635\u0644\u0629 \u0648\u062a\u0642\u0627\u0631\u064a\u0631 \u0627\u0644\u0634\u0631\u0637\u0629 \u0628\u0623\u0635\u0648\u0627\u062a \u0645\u0646 \u0627\u0644\u0645\u062c\u062a\u0645\u0639 \u0627\u0644\u0645\u062c\u0627\u0648\u0631.\u062c\u0631\u064a\u062f\u062a\u0646\u0627 \u00ab \u0627\u0644\u0634\u0627\u0631\u0639 \u0627\u0644\u062e\u0637\u064a\u0631: Eisenbahnstra\u00dfe \u00bb","protected":false},"excerpt":{"rendered":"<p class=\"qtranxs-available-languages-message qtranxs-available-languages-message-ar\">\u0639\u0641\u0648\u0627\u060c \u0647\u0630\u0647 \u0627\u0644\u0645\u062f\u062e\u0644\u0629 \u0645\u0648\u062c\u0648\u062f\u0629 \u0641\u0642\u0637 \u0641\u064a <a href=\"https:\/\/unofficial.pictures\/de\/wp-json\/wp\/v2\/product\/1687\" class=\"qtranxs-available-language-link qtranxs-available-language-link-de\" title=\"Deutsch\">Deutsch<\/a> \u0648 <a href=\"https:\/\/unofficial.pictures\/en\/wp-json\/wp\/v2\/product\/1687\" class=\"qtranxs-available-language-link qtranxs-available-language-link-en\" title=\"English\">English<\/a>.<\/p>\n<p>48S., zahlreiche Farb- und s\/w-Abbildungen<br \/>\nZeitung im Offsetdruck, 32 x 48 cm<br \/>\n1. Auflage, Leipzig 2019<br \/>\nSprache: Deutsch<\/p>\n<p>Freier Preis. Wir m\u00f6chten, dass die Zeitung allen zug\u00e4nglich ist, aber wollen auch mindestens die Material- &amp; Druckkosten \u00fcber den Verkauf wieder reinbekommen. \u00dcberlege, wie viel du geben kannst und trag dies als Gew\u00e4hlter Preis ein.<\/p>\n","protected":false},"featured_media":1690,"template":"","meta":[],"product_brand":[],"product_cat":[27],"product_tag":[],"class_list":{"0":"post-1687","1":"product","2":"type-product","3":"status-publish","4":"has-post-thumbnail","6":"product_cat-books-prints","8":"first","9":"outofstock","10":"shipping-taxable","11":"purchasable","12":"product-type-simple"},"_links":{"self":[{"href":"https:\/\/unofficial.pictures\/ar\/wp-json\/wp\/v2\/product\/1687","targetHints":{"allow":["GET"]}}],"collection":[{"href":"https:\/\/unofficial.pictures\/ar\/wp-json\/wp\/v2\/product"}],"about":[{"href":"https:\/\/unofficial.pictures\/ar\/wp-json\/wp\/v2\/types\/product"}],"wp:featuredmedia":[{"embeddable":true,"href":"https:\/\/unofficial.pictures\/ar\/wp-json\/wp\/v2\/media\/1690"}],"wp:attachment":[{"href":"https:\/\/unofficial.pictures\/ar\/wp-json\/wp\/v2\/media?parent=1687"}],"wp:term":[{"taxonomy":"product_brand","embeddable":true,"href":"https:\/\/unofficial.pictures\/ar\/wp-json\/wp\/v2\/product_brand?post=1687"},{"taxonomy":"product_cat","embeddable":true,"href":"https:\/\/unofficial.pictures\/ar\/wp-json\/wp\/v2\/product_cat?post=1687"},{"taxonomy":"product_tag","embeddable":true,"href":"https:\/\/unofficial.pictures\/ar\/wp-json\/wp\/v2\/product_tag?post=1687"}],"curies":[{"name":"wp","href":"https:\/\/api.w.org\/{rel}","templated":true}]}}