{"id":1700,"date":"2020-05-11T16:58:32","date_gmt":"2020-05-11T14:58:32","guid":{"rendered":"https:\/\/unofficial.pictures\/?post_type=product&#038;p=1700"},"modified":"2020-06-11T17:04:47","modified_gmt":"2020-06-11T15:04:47","slug":"sharing-unofficial-pictures-1","status":"publish","type":"product","link":"https:\/\/unofficial.pictures\/ar\/shop\/sharing-unofficial-pictures-1\/","title":{"rendered":"sharing unofficial pictures #1"},"content":{"rendered":"<p class=\"qtranxs-available-languages-message qtranxs-available-languages-message-ar\">\u0639\u0641\u0648\u0627\u060c \u0647\u0630\u0647 \u0627\u0644\u0645\u062f\u062e\u0644\u0629 \u0645\u0648\u062c\u0648\u062f\u0629 \u0641\u0642\u0637 \u0641\u064a <a href=\"https:\/\/unofficial.pictures\/de\/wp-json\/wp\/v2\/product\/1700\" class=\"qtranxs-available-language-link qtranxs-available-language-link-de\" title=\"Deutsch\">Deutsch<\/a> \u0648 <a href=\"https:\/\/unofficial.pictures\/en\/wp-json\/wp\/v2\/product\/1700\" class=\"qtranxs-available-language-link qtranxs-available-language-link-en\" title=\"English\">English<\/a>.<\/p>Im Januar 2016 begingen LEGIDA-Anh\u00e4nger_innen den ersten Jahrestag ihrer w\u00f6chentlichen Aufm\u00e4rsche. Leipzig schien sich fast schon an das w\u00f6chentliche Spektakel gew\u00f6hnt zu haben. Wie in den 1990er Jahren schaukelten sich der rassistische Mob, gewaltbereite Neonazis, die b\u00fcrgerliche Presse und am rechten Rand agierende Politiker_innen gegenseitig hoch und verschoben St\u00fcck f\u00fcr St\u00fcck die Grenzen des Sag- und Machbaren. War man anfangs nur &#8220;besorgt&#8221; um die &#8220;Kultur des Abendlandes&#8221;, ging es wenig sp\u00e4ter mit Fackelm\u00e4rschen gegen Asylbewerber_innen, deren Flammen sich bald schon konkret gegen die ersten Gefl\u00fcchtetenunterk\u00fcnfte richteten. Und selbst wenn Gefl\u00fcchtete mal nicht als Bedrohung in den Medien dargestellt wurden, tauchten sie doch meist als Objekte der Berichterstattung, selten aber selbst als Autor_innen auf. Besonders in Leipzig, wo der \u00f6ffentliche Diskurs durch die Demagogie von LEGIDA ma\u00dfgeblich mitbestimmt wurde, fehlten solche Stimmen, die einfach von sich erz\u00e4hlten und auf einer menschlichen Ebene Ankn\u00fcpfungspunkte boten.<\/p>\n<p>Wir luden deswegen zum vierw\u00f6chigen Workshop \u201eSharing Unofficial Pictures\u201c ein, wo Menschen mit und ohne Fluchterfahrungen die Fotografie als Mittel zu nutzen lernten, um pers\u00f6nliche Erfahrungen, Erlebtes und Tr\u00e4ume zu kommunizieren. Acht Teilnehmer_innen &#8220;forschten&#8221; zu einem selbst gew\u00e4hltem Thema, erkundeten dabei ihre eigene Bildsprache und erarbeiteten schlie\u00dflich eine gemeinsame Ausstellung.<\/p>\n<p>Die Teilnehmer_innen kamen gr\u00f6\u00dftenteils schon mit einer eigenen Idee in den Workshop, die sie durch Kreativit\u00e4tsmethoden, das Feedback der anderen und der Workshopleitung pr\u00e4zisierten und fotografisch umsetzen. In kleinen Vortr\u00e4gen wurden ihnen unterschiedliche Genres der Fotografie nahe gebracht, die sie sich dann aneignen konnten \u2013 darunter so verschiedene Methoden wie Selbstportraits, tagebuchartige oder aus Begegnungen heraus entstandene Fotografien, zu einer bestimmten Stimmung passende Naturaufnahmen, die Verwendung bereits vorhandener Familienfotos oder Architekturaufnahmen bedeutungsgeladener Orte. Wir haben dabei einen Fokus darauf gelegt, dass nicht die bereits in den Medien vorhandenen \u201eoffiziellen\u201c Bilder zu dem jeweiligen Thema reproduziert werden, sondern \u201einoffizielle\u201c Bilder entstehen, die aus einer pers\u00f6nlichen Wahrnehmung entspringen. Zusammen wurden anschlie\u00dfend die Bilder ausgew\u00e4hlt, besprochen und durch Texte und andere Materialien erg\u00e4nzt.<\/p>\n<p>Das Teilen von Geschichten mit einem pers\u00f6nlichen Bezug hat ganz nebenbei tiefe Begegnungen erm\u00f6glicht. Wir haben auch zusammen gekocht und anders Zeit miteinander verbracht, so dass die Fotografie und das Projekt eine erste gemeinsame Kommunikationsebene bilden, aber durch das geweckte Interesse aneinander als Menschen weitere entstehen konnten. Das gemeinsame Ziel, eine Ausstellung zu entwickeln, verband uns und machte es notwendig eine Selbstorganisation f\u00fcr den Workshopzeitraum zu entwickeln.<\/p>\n<p>Der Workshop sowie die Abschlussausstellung fanden in der Projektwohnung &#8220;krudebude&#8221; statt. Diese liegt im Stadtteil Sch\u00f6nefeld, der besonders von demografischem Wandel und von Ver\u00e4nderungen der Sozialstruktur betroffen ist \u2013 Sch\u00f6nefeld war von Leerstand, einem hohen Durchschnittsalter der Bewohner_Innen (2013: 53,9), einer hohen Arbeitslosenquote (2013: 11,1 je 100 Erwerbst\u00e4tige) sowie einem sinkenden Bev\u00f6lkerungswachstum im Gegensatz zu anderen Stadtteilen Leipzigs gepr\u00e4gt. Interkulturelle Treffpunkte fehlten.<\/p>\n<p>Gef\u00f6rdert vom LUSH Charity Pot","protected":false},"excerpt":{"rendered":"<p class=\"qtranxs-available-languages-message qtranxs-available-languages-message-ar\">\u0639\u0641\u0648\u0627\u060c \u0647\u0630\u0647 \u0627\u0644\u0645\u062f\u062e\u0644\u0629 \u0645\u0648\u062c\u0648\u062f\u0629 \u0641\u0642\u0637 \u0641\u064a <a href=\"https:\/\/unofficial.pictures\/de\/wp-json\/wp\/v2\/product\/1700\" class=\"qtranxs-available-language-link qtranxs-available-language-link-de\" title=\"Deutsch\">Deutsch<\/a> \u0648 <a href=\"https:\/\/unofficial.pictures\/en\/wp-json\/wp\/v2\/product\/1700\" class=\"qtranxs-available-language-link qtranxs-available-language-link-en\" title=\"English\">English<\/a>.<\/p>\n<p>64S., zahlreiche Farb-Abbildungen<br \/>\nSoftcover-Brosch\u00fcre, 15 x 21 cm<br \/>\nlimitierte 1. Auflage (25 Stck.), Leipzig 2016<br \/>\nSprache: Deutsch<\/p>\n","protected":false},"featured_media":1701,"template":"","meta":[],"product_brand":[],"product_cat":[27],"product_tag":[],"class_list":{"0":"post-1700","1":"product","2":"type-product","3":"status-publish","4":"has-post-thumbnail","6":"product_cat-books-prints","8":"first","9":"outofstock","10":"shipping-taxable","11":"purchasable","12":"product-type-simple"},"_links":{"self":[{"href":"https:\/\/unofficial.pictures\/ar\/wp-json\/wp\/v2\/product\/1700","targetHints":{"allow":["GET"]}}],"collection":[{"href":"https:\/\/unofficial.pictures\/ar\/wp-json\/wp\/v2\/product"}],"about":[{"href":"https:\/\/unofficial.pictures\/ar\/wp-json\/wp\/v2\/types\/product"}],"wp:featuredmedia":[{"embeddable":true,"href":"https:\/\/unofficial.pictures\/ar\/wp-json\/wp\/v2\/media\/1701"}],"wp:attachment":[{"href":"https:\/\/unofficial.pictures\/ar\/wp-json\/wp\/v2\/media?parent=1700"}],"wp:term":[{"taxonomy":"product_brand","embeddable":true,"href":"https:\/\/unofficial.pictures\/ar\/wp-json\/wp\/v2\/product_brand?post=1700"},{"taxonomy":"product_cat","embeddable":true,"href":"https:\/\/unofficial.pictures\/ar\/wp-json\/wp\/v2\/product_cat?post=1700"},{"taxonomy":"product_tag","embeddable":true,"href":"https:\/\/unofficial.pictures\/ar\/wp-json\/wp\/v2\/product_tag?post=1700"}],"curies":[{"name":"wp","href":"https:\/\/api.w.org\/{rel}","templated":true}]}}