{"id":1910,"date":"2020-06-10T13:37:39","date_gmt":"2020-06-10T11:37:39","guid":{"rendered":"https:\/\/unofficial.pictures\/?post_type=product&#038;p=1910"},"modified":"2025-01-17T12:19:32","modified_gmt":"2025-01-17T11:19:32","slug":"von-ihnen-von-uns-von-wem","status":"publish","type":"product","link":"https:\/\/unofficial.pictures\/ar\/shop\/von-ihnen-von-uns-von-wem\/","title":{"rendered":"(Deutsch) von ihnen von uns von wem"},"content":{"rendered":"<p class=\"qtranxs-available-languages-message qtranxs-available-languages-message-ar\">\u0639\u0641\u0648\u0627\u060c \u0647\u0630\u0647 \u0627\u0644\u0645\u062f\u062e\u0644\u0629 \u0645\u0648\u062c\u0648\u062f\u0629 \u0641\u0642\u0637 \u0641\u064a <a href=\"https:\/\/unofficial.pictures\/de\/wp-json\/wp\/v2\/product\/1910\" class=\"qtranxs-available-language-link qtranxs-available-language-link-de\" title=\"Deutsch\">Deutsch<\/a> \u0648 <a href=\"https:\/\/unofficial.pictures\/en\/wp-json\/wp\/v2\/product\/1910\" class=\"qtranxs-available-language-link qtranxs-available-language-link-en\" title=\"English\">English<\/a>.<\/p>Ausstellungskatalog zur gleichnamigen Ausstellung, die vom 5.-13. Januar 2019 im P\u00f6gehaus e.V. stattfand.<\/p>\n<p>Plakattext zur Ausstellung:<br \/>\n\u201eFotografie ist Malen mit Licht? So vielf\u00e4ltig wie unsere Gruppe und unsere Fragen an die Welt, so zahlreich sind unsere Sichtweisen durch und auf die Kamera. Die gemeinsam entwickelte Ausstellung versteht Fotografie als Forschungsfeld \u2013 lebendig, demokratisch und offen wie die Gemeinschaft, in der wir leben wollen. Von Zuschreibungen f\u00fcr das Muttersein, barrierefreier Fotografie f\u00fcr Blinde oder Ankunftsorte f\u00fcr Gefl\u00fcchtete \u00fcber die Erkundung des fotografischen Selbst in einer Stadt wie Kairo bis hin zu Fragen des Daseins, wie Gewalt, Liebe und Verg\u00e4nglichkeit \u2013 alle sieben Positionen fragen von wem und f\u00fcr wen: Setzen sich ins Verh\u00e4ltnis zur popul\u00e4ren Weltsprache \u2013 Fotografie. Von uns: Ana, Bea, Frieder, Igor, Paula, Rafa und Thora erwarten euch klassische H\u00e4ngungen, installative Arbeiten<br \/>\nmit Wort und Bild und kunstvolle Fotob\u00fccher \u2013 und nat\u00fcrlich wurde auch mit Licht gemalt.\u201c<\/p>\n<p>Der Ausstellung ging der Workshop \u201ehow to publish\u201c vorraus. Von Oktober bis Dezember 2018 entwickelten die sieben Teilnehmer*innen ihre Arbeiten und die gemeinsame Ausstellung.<\/p>\n<p>Igor Mendes da Silva<br \/>\nSyn\u00e4sthesie: Reminiszenz der Sinne<\/p>\n<p>Ana R. Gold<br \/>\nM\u00fctter*. Eine Suche nach feministischen Perspektiven<\/p>\n<p>Thora Preu\u00df<br \/>\nGallera<\/p>\n<p>Raffaele Narra<br \/>\nSchlafzimmerblicke. Gegen die Romantisierung der Zweierbeziehung<\/p>\n<p>Bea Nielsen<br \/>\nDementi Mori<\/p>\n<p>Zie Wang, Claude Somot, Frieder Bickhardt<br \/>\nDas ist City Plaza. Abbild einer Aneignung<\/p>\n<p>Paula Linke<br \/>\nThe unshown passages; because it\u2018s already in our heads<\/p>\n<p>Gef\u00f6rdert von der Heidehof Stiftung","protected":false},"excerpt":{"rendered":"<p class=\"qtranxs-available-languages-message qtranxs-available-languages-message-ar\">\u0639\u0641\u0648\u0627\u060c \u0647\u0630\u0647 \u0627\u0644\u0645\u062f\u062e\u0644\u0629 \u0645\u0648\u062c\u0648\u062f\u0629 \u0641\u0642\u0637 \u0641\u064a <a href=\"https:\/\/unofficial.pictures\/de\/wp-json\/wp\/v2\/product\/1910\" class=\"qtranxs-available-language-link qtranxs-available-language-link-de\" title=\"Deutsch\">Deutsch<\/a> \u0648 <a href=\"https:\/\/unofficial.pictures\/en\/wp-json\/wp\/v2\/product\/1910\" class=\"qtranxs-available-language-link qtranxs-available-language-link-en\" title=\"English\">English<\/a>.<\/p>\n<p>Katalog:<br \/>\n68S., zahlreiche Farb- und s\/w-Abbildungen<br \/>\nSoftcover mit Klebebindung, 21 x 26 cm<br \/>\n1. limitierte Auflage (50 Stck.), Leipzig 2019<br \/>\nSprachen: Deutsch, Englisch<\/p>\n<p>Interview-Heft:<br \/>\n68S., ohne Abbildungen<br \/>\nHefte mit R\u00fcckendrahtbindung, 15 x 21 cm<br \/>\n1. Auflage, Leipzig 2019<br \/>\nSprachen: Deutsch, Englisch<\/p>\n","protected":false},"featured_media":1911,"template":"","meta":[],"product_brand":[],"product_cat":[27],"product_tag":[],"class_list":{"0":"post-1910","1":"product","2":"type-product","3":"status-publish","4":"has-post-thumbnail","6":"product_cat-books-prints","8":"first","9":"instock","10":"shipping-taxable","11":"purchasable","12":"product-type-simple"},"_links":{"self":[{"href":"https:\/\/unofficial.pictures\/ar\/wp-json\/wp\/v2\/product\/1910","targetHints":{"allow":["GET"]}}],"collection":[{"href":"https:\/\/unofficial.pictures\/ar\/wp-json\/wp\/v2\/product"}],"about":[{"href":"https:\/\/unofficial.pictures\/ar\/wp-json\/wp\/v2\/types\/product"}],"wp:featuredmedia":[{"embeddable":true,"href":"https:\/\/unofficial.pictures\/ar\/wp-json\/wp\/v2\/media\/1911"}],"wp:attachment":[{"href":"https:\/\/unofficial.pictures\/ar\/wp-json\/wp\/v2\/media?parent=1910"}],"wp:term":[{"taxonomy":"product_brand","embeddable":true,"href":"https:\/\/unofficial.pictures\/ar\/wp-json\/wp\/v2\/product_brand?post=1910"},{"taxonomy":"product_cat","embeddable":true,"href":"https:\/\/unofficial.pictures\/ar\/wp-json\/wp\/v2\/product_cat?post=1910"},{"taxonomy":"product_tag","embeddable":true,"href":"https:\/\/unofficial.pictures\/ar\/wp-json\/wp\/v2\/product_tag?post=1910"}],"curies":[{"name":"wp","href":"https:\/\/api.w.org\/{rel}","templated":true}]}}