{"id":1946,"date":"2020-06-10T14:26:31","date_gmt":"2020-06-10T12:26:31","guid":{"rendered":"https:\/\/unofficial.pictures\/?post_type=product&#038;p=1946"},"modified":"2022-03-20T11:21:27","modified_gmt":"2022-03-20T10:21:27","slug":"sharing-unofficial-pictures-2","status":"publish","type":"product","link":"https:\/\/unofficial.pictures\/ar\/shop\/sharing-unofficial-pictures-2\/","title":{"rendered":"(Deutsch) sharing unofficial pictures #2"},"content":{"rendered":"<p class=\"qtranxs-available-languages-message qtranxs-available-languages-message-ar\">\u0639\u0641\u0648\u0627\u060c \u0647\u0630\u0647 \u0627\u0644\u0645\u062f\u062e\u0644\u0629 \u0645\u0648\u062c\u0648\u062f\u0629 \u0641\u0642\u0637 \u0641\u064a <a href=\"https:\/\/unofficial.pictures\/de\/wp-json\/wp\/v2\/product\/1946\" class=\"qtranxs-available-language-link qtranxs-available-language-link-de\" title=\"Deutsch\">Deutsch<\/a> \u0648 <a href=\"https:\/\/unofficial.pictures\/en\/wp-json\/wp\/v2\/product\/1946\" class=\"qtranxs-available-language-link qtranxs-available-language-link-en\" title=\"English\">English<\/a>.<\/p>Eine solidarische Gesellschaft braucht einen st\u00e4ndigen Austausch zwischen ihren verschiedenen Gruppen, doch der findet heutzutage kaum noch statt. Menschen bleiben sich fremd oder tauschen sich nur noch in ihren Peer-Groups aus. In &#8220;sozialen&#8221; Medien wird geteilt, was politisch und privat bewegt, doch bleiben die Mitteilungen und Diskussionen in Milieus gefangen. Und auch in den Medien findet dieser gesamtgesellschaftliche Dialog nicht statt. Viele Menschen sehen sich in der Berichterstattung, aber auch in der Normalit\u00e4t der Bilder im \u00f6ffentlichen Raum marginalisiert bis nicht repr\u00e4sentiert. Populistische Parolen, die die Schuld an der eigenen schlechten Lage auf &#8220;die Anderen&#8221; projizieren, haben Hochkonjunktur. Sie zu diskutieren wird immer schwieriger, denn um sich auf Augenh\u00f6he auszutauschen mangelt es oft schon an einer gemeinsamen Sprache und dem Willen, Vorurteile zu \u00fcberwinden. Wir wollen Fotografie als eine solche gemeinsame Sprache vorschlagen und mit den Bildern ein Angebot machen, aus der Perspektive der anderen zu schauen. Um von Objekten auf den Bildern zu Autor*innen zu werden und im umk\u00e4mpften Feld der Bilder wahrgenommen zu werden braucht es visuelle Bildung f\u00fcr alle!<\/p>\n<p>Vom 10. M\u00e4rz bis 31. M\u00e4rz 2017 trafen wir 9 uns fast t\u00e4glich um unsere schon entstandenen Bilder von den Festplatten und aus den Schubladen zu befreien. Wir lie\u00dfen uns aufeinander und auf unsere Geschichten, Themen, W\u00fcnsche, Sorgen und Tr\u00e4ume ein. Zusammen entwickelten wir die Ausstellung &#8216;out of the box <sup>9<\/sup>&#8216; welche vom 2. bis 8. April in der Projektwohnung krudebude zu sehen war. Dieser Katalog ist die zusammenfassende Dokumentation von unserem Dialog, vom miteinander \u00fcbereinander Reden.<\/p>\n<p>mara, bea, sabine, rafa, fahd, frieder, veronika, lea und patrick<\/p>\n<p>Gef\u00f6rdert von: Kulturamt Leipzig, Sedruck und den Unterst\u00fctzer*innen unserer Crowdfundingkampagne","protected":false},"excerpt":{"rendered":"<p class=\"qtranxs-available-languages-message qtranxs-available-languages-message-ar\">\u0639\u0641\u0648\u0627\u060c \u0647\u0630\u0647 \u0627\u0644\u0645\u062f\u062e\u0644\u0629 \u0645\u0648\u062c\u0648\u062f\u0629 \u0641\u0642\u0637 \u0641\u064a <a href=\"https:\/\/unofficial.pictures\/de\/wp-json\/wp\/v2\/product\/1946\" class=\"qtranxs-available-language-link qtranxs-available-language-link-de\" title=\"Deutsch\">Deutsch<\/a> \u0648 <a href=\"https:\/\/unofficial.pictures\/en\/wp-json\/wp\/v2\/product\/1946\" class=\"qtranxs-available-language-link qtranxs-available-language-link-en\" title=\"English\">English<\/a>.<\/p>\n<p>64S., zahlreiche Farb- und s\/w-Abbildungen<br \/>\nHeft mit R\u00fcckendrahtbindung, 14 x 19 cm<br \/>\n1. limitierte Auflage (100 Stck.), Leipzig 2017<br \/>\nSprachen: Deutsch<\/p>\n","protected":false},"featured_media":1947,"template":"","meta":[],"product_brand":[],"product_cat":[27],"product_tag":[],"class_list":{"0":"post-1946","1":"product","2":"type-product","3":"status-publish","4":"has-post-thumbnail","6":"product_cat-books-prints","8":"first","9":"instock","10":"shipping-taxable","11":"purchasable","12":"product-type-simple"},"_links":{"self":[{"href":"https:\/\/unofficial.pictures\/ar\/wp-json\/wp\/v2\/product\/1946","targetHints":{"allow":["GET"]}}],"collection":[{"href":"https:\/\/unofficial.pictures\/ar\/wp-json\/wp\/v2\/product"}],"about":[{"href":"https:\/\/unofficial.pictures\/ar\/wp-json\/wp\/v2\/types\/product"}],"wp:featuredmedia":[{"embeddable":true,"href":"https:\/\/unofficial.pictures\/ar\/wp-json\/wp\/v2\/media\/1947"}],"wp:attachment":[{"href":"https:\/\/unofficial.pictures\/ar\/wp-json\/wp\/v2\/media?parent=1946"}],"wp:term":[{"taxonomy":"product_brand","embeddable":true,"href":"https:\/\/unofficial.pictures\/ar\/wp-json\/wp\/v2\/product_brand?post=1946"},{"taxonomy":"product_cat","embeddable":true,"href":"https:\/\/unofficial.pictures\/ar\/wp-json\/wp\/v2\/product_cat?post=1946"},{"taxonomy":"product_tag","embeddable":true,"href":"https:\/\/unofficial.pictures\/ar\/wp-json\/wp\/v2\/product_tag?post=1946"}],"curies":[{"name":"wp","href":"https:\/\/api.w.org\/{rel}","templated":true}]}}