{"id":2954,"date":"2022-12-07T16:04:46","date_gmt":"2022-12-07T15:04:46","guid":{"rendered":"https:\/\/unofficial.pictures\/?post_type=product&#038;p=2954"},"modified":"2025-04-08T11:55:07","modified_gmt":"2025-04-08T09:55:07","slug":"freie-spende","status":"publish","type":"product","link":"https:\/\/unofficial.pictures\/ar\/shop\/freie-spende\/","title":{"rendered":"(Deutsch) Freie Spende"},"content":{"rendered":"<p class=\"qtranxs-available-languages-message qtranxs-available-languages-message-ar\">\u0639\u0641\u0648\u0627\u060c \u0647\u0630\u0647 \u0627\u0644\u0645\u062f\u062e\u0644\u0629 \u0645\u0648\u062c\u0648\u062f\u0629 \u0641\u0642\u0637 \u0641\u064a <a href=\"https:\/\/unofficial.pictures\/de\/wp-json\/wp\/v2\/product\/2954\" class=\"qtranxs-available-language-link qtranxs-available-language-link-de\" title=\"Deutsch\">Deutsch<\/a> \u0648 <a href=\"https:\/\/unofficial.pictures\/en\/wp-json\/wp\/v2\/product\/2954\" class=\"qtranxs-available-language-link qtranxs-available-language-link-en\" title=\"English\">English<\/a>.<\/p>Als gemeinn\u00fctziger Verein freuen wir uns immer \u00fcber Unterst\u00fctzung in Form von Spenden. Ihr k\u00f6nnt eure Spenden an den unofficial.pictures e.V. bei der Steuererkl\u00e4rung als Sonderausgabe angeben. Falls ihr eine Zuwendungsbest\u00e4tigung (Spendenquittung) ben\u00f6tigt (in der Regel erst ab 300\u20ac pro Einzelspende n\u00f6tig), stellen wir diese gerne aus. Bitte gebt dies als Kommentar bei der Bestellung an. Herzlichen Dank!","protected":false},"excerpt":{"rendered":"<p class=\"qtranxs-available-languages-message qtranxs-available-languages-message-ar\">\u0639\u0641\u0648\u0627\u060c \u0647\u0630\u0647 \u0627\u0644\u0645\u062f\u062e\u0644\u0629 \u0645\u0648\u062c\u0648\u062f\u0629 \u0641\u0642\u0637 \u0641\u064a <a href=\"https:\/\/unofficial.pictures\/de\/wp-json\/wp\/v2\/product\/2954\" class=\"qtranxs-available-language-link qtranxs-available-language-link-de\" title=\"Deutsch\">Deutsch<\/a> \u0648 <a href=\"https:\/\/unofficial.pictures\/en\/wp-json\/wp\/v2\/product\/2954\" class=\"qtranxs-available-language-link qtranxs-available-language-link-en\" title=\"English\">English<\/a>.<\/p>\n<p>Symbolbild.<\/p>\n<p>Vielen Dank f\u00fcr deine Unterst\u00fctzung!<\/p>\n","protected":false},"featured_media":2955,"template":"","meta":[],"product_brand":[],"product_cat":[28],"product_tag":[],"class_list":{"0":"post-2954","1":"product","2":"type-product","3":"status-publish","4":"has-post-thumbnail","6":"product_cat-unkategorisiert","8":"first","9":"instock","10":"virtual","11":"sold-individually","12":"purchasable","13":"product-type-simple"},"_links":{"self":[{"href":"https:\/\/unofficial.pictures\/ar\/wp-json\/wp\/v2\/product\/2954","targetHints":{"allow":["GET"]}}],"collection":[{"href":"https:\/\/unofficial.pictures\/ar\/wp-json\/wp\/v2\/product"}],"about":[{"href":"https:\/\/unofficial.pictures\/ar\/wp-json\/wp\/v2\/types\/product"}],"wp:featuredmedia":[{"embeddable":true,"href":"https:\/\/unofficial.pictures\/ar\/wp-json\/wp\/v2\/media\/2955"}],"wp:attachment":[{"href":"https:\/\/unofficial.pictures\/ar\/wp-json\/wp\/v2\/media?parent=2954"}],"wp:term":[{"taxonomy":"product_brand","embeddable":true,"href":"https:\/\/unofficial.pictures\/ar\/wp-json\/wp\/v2\/product_brand?post=2954"},{"taxonomy":"product_cat","embeddable":true,"href":"https:\/\/unofficial.pictures\/ar\/wp-json\/wp\/v2\/product_cat?post=2954"},{"taxonomy":"product_tag","embeddable":true,"href":"https:\/\/unofficial.pictures\/ar\/wp-json\/wp\/v2\/product_tag?post=2954"}],"curies":[{"name":"wp","href":"https:\/\/api.w.org\/{rel}","templated":true}]}}