{"id":3135,"date":"2023-04-07T11:11:43","date_gmt":"2023-04-07T09:11:43","guid":{"rendered":"https:\/\/unofficial.pictures\/?post_type=product&#038;p=3135"},"modified":"2024-08-23T11:40:13","modified_gmt":"2024-08-23T09:40:13","slug":"haette-josef-mal-verhuetet-ein-zine-ueber-verhuetung-und-verantwortung","status":"publish","type":"product","link":"https:\/\/unofficial.pictures\/ar\/shop\/haette-josef-mal-verhuetet-ein-zine-ueber-verhuetung-und-verantwortung\/","title":{"rendered":"(Deutsch) H\u00e4tte Josef mal verh\u00fctet \u2013 Ein Zine \u00fcber Verh\u00fctung und Verantwortung"},"content":{"rendered":"<p class=\"qtranxs-available-languages-message qtranxs-available-languages-message-ar\">\u0639\u0641\u0648\u0627\u060c \u0647\u0630\u0647 \u0627\u0644\u0645\u062f\u062e\u0644\u0629 \u0645\u0648\u062c\u0648\u062f\u0629 \u0641\u0642\u0637 \u0641\u064a <a href=\"https:\/\/unofficial.pictures\/de\/wp-json\/wp\/v2\/product\/3135\" class=\"qtranxs-available-language-link qtranxs-available-language-link-de\" title=\"Deutsch\">Deutsch<\/a> \u0648 <a href=\"https:\/\/unofficial.pictures\/en\/wp-json\/wp\/v2\/product\/3135\" class=\"qtranxs-available-language-link qtranxs-available-language-link-en\" title=\"English\">English<\/a>.<\/p>Das Zine behandelt aus unterschiedlichen Perspektiven die Themen Verantwortungs\u00fcbernahme, Verteilung und Gerechtigkeit bei der Schwangerschaftsverh\u00fctung. Konkret geht es um Geschlechterhierarchien, Mental Load, real existierende Verh\u00fctungsmethoden f\u00fcr spermienproduzierende Personen und Erfahrungen, die wir oder andere mit alledem gemacht haben.<\/p>\n<p>Das Heft entstand innerhalb von drei Tagen im Rahmen eines Workshops mit unofficial.pictures.","protected":false},"excerpt":{"rendered":"<p class=\"qtranxs-available-languages-message qtranxs-available-languages-message-ar\">\u0639\u0641\u0648\u0627\u060c \u0647\u0630\u0647 \u0627\u0644\u0645\u062f\u062e\u0644\u0629 \u0645\u0648\u062c\u0648\u062f\u0629 \u0641\u0642\u0637 \u0641\u064a <a href=\"https:\/\/unofficial.pictures\/de\/wp-json\/wp\/v2\/product\/3135\" class=\"qtranxs-available-language-link qtranxs-available-language-link-de\" title=\"Deutsch\">Deutsch<\/a> \u0648 <a href=\"https:\/\/unofficial.pictures\/en\/wp-json\/wp\/v2\/product\/3135\" class=\"qtranxs-available-language-link qtranxs-available-language-link-en\" title=\"English\">English<\/a>.<\/p>\n<p>56 Seiten, mit farbigen Collagen<br \/>\nZine, A5<br \/>\n1. Auflage, Leipzig Januar 2023<br \/>\nSprache: Deutsch<\/p>\n","protected":false},"featured_media":3136,"template":"","meta":[],"product_brand":[],"product_cat":[27],"product_tag":[],"class_list":{"0":"post-3135","1":"product","2":"type-product","3":"status-publish","4":"has-post-thumbnail","6":"product_cat-books-prints","8":"first","9":"outofstock","10":"shipping-taxable","11":"purchasable","12":"product-type-simple"},"_links":{"self":[{"href":"https:\/\/unofficial.pictures\/ar\/wp-json\/wp\/v2\/product\/3135","targetHints":{"allow":["GET"]}}],"collection":[{"href":"https:\/\/unofficial.pictures\/ar\/wp-json\/wp\/v2\/product"}],"about":[{"href":"https:\/\/unofficial.pictures\/ar\/wp-json\/wp\/v2\/types\/product"}],"wp:featuredmedia":[{"embeddable":true,"href":"https:\/\/unofficial.pictures\/ar\/wp-json\/wp\/v2\/media\/3136"}],"wp:attachment":[{"href":"https:\/\/unofficial.pictures\/ar\/wp-json\/wp\/v2\/media?parent=3135"}],"wp:term":[{"taxonomy":"product_brand","embeddable":true,"href":"https:\/\/unofficial.pictures\/ar\/wp-json\/wp\/v2\/product_brand?post=3135"},{"taxonomy":"product_cat","embeddable":true,"href":"https:\/\/unofficial.pictures\/ar\/wp-json\/wp\/v2\/product_cat?post=3135"},{"taxonomy":"product_tag","embeddable":true,"href":"https:\/\/unofficial.pictures\/ar\/wp-json\/wp\/v2\/product_tag?post=3135"}],"curies":[{"name":"wp","href":"https:\/\/api.w.org\/{rel}","templated":true}]}}