{"id":3355,"date":"2023-12-15T15:57:58","date_gmt":"2023-12-15T14:57:58","guid":{"rendered":"https:\/\/unofficial.pictures\/?post_type=product&#038;p=3355"},"modified":"2025-10-10T13:35:45","modified_gmt":"2025-10-10T11:35:45","slug":"poster-komplex-heimat","status":"publish","type":"product","link":"https:\/\/unofficial.pictures\/ar\/shop\/poster-komplex-heimat\/","title":{"rendered":"(Kopie)"},"content":{"rendered":"<p class=\"qtranxs-available-languages-message qtranxs-available-languages-message-ar\">\u0639\u0641\u0648\u0627\u060c \u0647\u0630\u0647 \u0627\u0644\u0645\u062f\u062e\u0644\u0629 \u0645\u0648\u062c\u0648\u062f\u0629 \u0641\u0642\u0637 \u0641\u064a <a href=\"https:\/\/unofficial.pictures\/de\/wp-json\/wp\/v2\/product\/3355\" class=\"qtranxs-available-language-link qtranxs-available-language-link-de\" title=\"Deutsch\">Deutsch<\/a> \u0648 <a href=\"https:\/\/unofficial.pictures\/en\/wp-json\/wp\/v2\/product\/3355\" class=\"qtranxs-available-language-link qtranxs-available-language-link-en\" title=\"English\">English<\/a>.<\/p>\u201eWir Sachsen, wir sind helle, das wei\u00df die ganze Welt! Und sind wir mal nicht helle, dann haben wir uns verstellt\u201c, so sagt ein altes s\u00e4chsisches Sprichwort. Seit seiner Kindheit wundert sich der Fotograf Frieder Bickhardt \u00fcber die Idee, dass \u201edie Sachsen\u201c etwas besonderes w\u00e4ren. Denn nicht nur in gereimten Spr\u00fcchen geht es darum, auch die Politik nutzt diesen Lokalstolz in ihren Botschaften, wie Kurt Biedenkopf im Jahr 2000 mit seiner viel kritisierten Behauptung, die Sachsen seien immun gegen Rechtsextremismus. Im Rest von Deutschland gibt es dagegen oft negative Vorstellungen, wie \u201edie Sachsen\u201c so w\u00e4ren.<\/p>\n<p>Woher kommt diese auch heute noch verbreitete Vorstellung, die Sachsen w\u00e4ren anders oder gar besser? Warum braucht es das? Was bedeutet es f\u00fcr das Zusammenleben, wenn wir uns immer wieder von \u201eden Anderen\u201c abgrenzen? Wer ist beteiligt an der Konstruktion von s\u00e4chsischen Identit\u00e4ten?<\/p>\n<p>Mit diesen Fragen und einer Gro\u00dfformatkamera im Gep\u00e4ck hat sich Frieder Bickhardt immer wieder auf den Weg gemacht. Die Fotografie wird dabei zum Werkzeug f\u00fcr die eigene Auseinandersetzung, gleichzeitig kann er so seine Beobachtungen zeigen und zum Gespr\u00e4ch einladen. Nach gr\u00fcndlicher Recherche, mit ruhigen Blick vom Stativ hat er auf Gro\u00dfformat-Negativfilm ganz verschiedene Orte, Szenen und Ereignisse in Sachsen fotografisch fest gehalten. Es sind Orte, an denen etwas passiert ist und immer noch passiert. Etwas, das f\u00fcr viele Teil \u201es\u00e4chsischer\u201c Identit\u00e4t ist und werden kann.<\/p>\n<p>Viel geht es dabei um Erinnerung an Geschichte, wie bei den Trauerkr\u00e4nzen f\u00fcr die Kriegsgefangenen der Wehrmacht in Zeithain oder bei der rekonstruierten Frauenkirche. Neben solchen eher \u201estummen\u201c Gesten und Orten sind auch Rituale wie eine Osterprozession der Sorben zu sehen oder gar eine mehrt\u00e4gige Nachstellung der V\u00f6lkerschlacht bei Leipzig. Durch die von Frieder Bickhardt vorgenommene Zusammenstellung dieser identit\u00e4tsstiftenden Handlungen kommt unweigerlich die Frage auf, wer hier in welcher unbewussten oder bewussten Absicht handelt. Dass keine Form des Erinnerns neutral ist, wird vielleicht besonders deutlich am Bild der Blumen und Trauerbeigaben f\u00fcr das Opfer einer Messerstecherei in Chemnitz im September 2018. Innerhalb weniger Tage gab es eine massive ausl\u00e4nderfeindliche Mobilisierung mit Hetzjagden, deutschlandweite politische Diskussionen und das auf einem anderen Foto abgebildete gro\u00dfe Konzert als Gegenveranstaltung. Der daf\u00fcr genutzte Hashtag #wirsindmehr verweist bereits darauf, dass auch hier um Identit\u00e4t gerungen wird. Auf einem anderen Bild ist eine leere Wiese in der Fr\u00fchlingsstra\u00dfe in Zwickau zu sehen \u2013 die Stelle, wo Beate Zsch\u00e4pe ihr Wohnhaus sprengte. Das Foto wirft die Frage auf, wie eine Stadt damit leben kann und es in ihre lokale Identit\u00e4t integriert, dass jahrelang eine Terrorgruppe sich hier verstecken konnte. Auch f\u00fcr die antifaschistische Bewegung aus Sachsen ist diese Frage zum eigenen Bezugspunkt geworden.<\/p>\n<p>Neben diesen politisch aufgeladenen Ereignissen zeigt Frieder Bickhardt aber auch Natur. Auf einem Bild sehen wir beispielsweise einen Wald in der S\u00e4chsischen Schweiz \u2013 identit\u00e4tsstiftender Ausflugsort f\u00fcr viele Sachsen. Erst auf den zweiten Blick wird sichtbar, dass hier ein Waldbrand gew\u00fctet hat, der zum Gl\u00fcck vor der ganz gro\u00dfen Katastrophe gel\u00f6scht werden konnte. Am Ende legt die Ausstellung auch nahe, die vielen Umbr\u00fcche nicht nur als Bedrohung f\u00fcr \u201edie s\u00e4chsische Identit\u00e4t\u201c wahrzunehmen. Eine Aufnahme aus Hoyerswerda zeigt Flamingos im Zoo gleich hinter dem Schloss. Sie scheinen sich hier wohl zu f\u00fchlen \u2013 auch wenn wohl kaum jemand sagen w\u00fcrde, dass sie zu Sachsen geh\u00f6ren. Sie sind einfach da.<\/p>\n<p>Das Projekt war vom 17. M\u00e4rz bis 17. April 2023 im Schloss und Stadtmuseum Hoyerswerda zu sehen. Das Projekt wurde gef\u00f6rdert von der Kulturstiftung des Freistaats Sachsen und war 2022 Preistr\u00e4ger beim simul+ Mitmachfonds im Modul ReWIR.<\/p>\n<p>Die analogen Handabz\u00fcge im Format 80 x 100, wie sie auch dort ausgestellt waren, k\u00f6nnen <a href=\"https:\/\/unofficial.pictures\/contact\/\">auf Anfrage<\/a> erworben werden.<\/p>\n<p>Die 16 Motive der ersten Ausstellung haben wir im Herbst 2023 nun auch als Poster im Digitaldruck im Format A2 f\u00fcr euch produziert.","protected":false},"excerpt":{"rendered":"<p class=\"qtranxs-available-languages-message qtranxs-available-languages-message-ar\">\u0639\u0641\u0648\u0627\u060c \u0647\u0630\u0647 \u0627\u0644\u0645\u062f\u062e\u0644\u0629 \u0645\u0648\u062c\u0648\u062f\u0629 \u0641\u0642\u0637 \u0641\u064a <a href=\"https:\/\/unofficial.pictures\/de\/wp-json\/wp\/v2\/product\/3355\" class=\"qtranxs-available-language-link qtranxs-available-language-link-de\" title=\"Deutsch\">Deutsch<\/a> \u0648 <a href=\"https:\/\/unofficial.pictures\/en\/wp-json\/wp\/v2\/product\/3355\" class=\"qtranxs-available-language-link qtranxs-available-language-link-en\" title=\"English\">English<\/a>.<\/p>\n<p>120g Affichenpapier Blueback<br \/>\nA2 (594 x 420 mm)<br \/>\n1. Auflage, Leipzig 2023<br \/>\nSprache: Deutsch<\/p>\n<p><strong style=\"color:#c4234e; text-decoration:underline; font-size:12pt;\">W\u00e4hle hier das gew\u00fcnschte Motiv:<\/strong><\/p>\n","protected":false},"featured_media":3387,"template":"","meta":[],"product_brand":[],"product_cat":[27],"product_tag":[],"class_list":{"0":"post-3355","1":"product","2":"type-product","3":"status-publish","4":"has-post-thumbnail","6":"product_cat-books-prints","8":"first","9":"instock","10":"shipping-taxable","11":"purchasable","12":"product-type-variable"},"_links":{"self":[{"href":"https:\/\/unofficial.pictures\/ar\/wp-json\/wp\/v2\/product\/3355","targetHints":{"allow":["GET"]}}],"collection":[{"href":"https:\/\/unofficial.pictures\/ar\/wp-json\/wp\/v2\/product"}],"about":[{"href":"https:\/\/unofficial.pictures\/ar\/wp-json\/wp\/v2\/types\/product"}],"wp:featuredmedia":[{"embeddable":true,"href":"https:\/\/unofficial.pictures\/ar\/wp-json\/wp\/v2\/media\/3387"}],"wp:attachment":[{"href":"https:\/\/unofficial.pictures\/ar\/wp-json\/wp\/v2\/media?parent=3355"}],"wp:term":[{"taxonomy":"product_brand","embeddable":true,"href":"https:\/\/unofficial.pictures\/ar\/wp-json\/wp\/v2\/product_brand?post=3355"},{"taxonomy":"product_cat","embeddable":true,"href":"https:\/\/unofficial.pictures\/ar\/wp-json\/wp\/v2\/product_cat?post=3355"},{"taxonomy":"product_tag","embeddable":true,"href":"https:\/\/unofficial.pictures\/ar\/wp-json\/wp\/v2\/product_tag?post=3355"}],"curies":[{"name":"wp","href":"https:\/\/api.w.org\/{rel}","templated":true}]}}