{"id":3396,"date":"2024-01-08T16:22:05","date_gmt":"2024-01-08T15:22:05","guid":{"rendered":"https:\/\/unofficial.pictures\/?post_type=product&#038;p=3396"},"modified":"2025-12-17T11:05:59","modified_gmt":"2025-12-17T10:05:59","slug":"suhl-nord-aus-unserer-sicht-ausgabe-2","status":"publish","type":"product","link":"https:\/\/unofficial.pictures\/ar\/shop\/suhl-nord-aus-unserer-sicht-ausgabe-2\/","title":{"rendered":"(Deutsch) Suhl-Nord \u2014 Aus unserer Sicht. Ausgabe 2"},"content":{"rendered":"<p class=\"qtranxs-available-languages-message qtranxs-available-languages-message-ar\">\u0639\u0641\u0648\u0627\u060c \u0647\u0630\u0647 \u0627\u0644\u0645\u062f\u062e\u0644\u0629 \u0645\u0648\u062c\u0648\u062f\u0629 \u0641\u0642\u0637 \u0641\u064a <a href=\"https:\/\/unofficial.pictures\/de\/wp-json\/wp\/v2\/product\/3396\" class=\"qtranxs-available-language-link qtranxs-available-language-link-de\" title=\"Deutsch\">Deutsch<\/a> \u0648 <a href=\"https:\/\/unofficial.pictures\/en\/wp-json\/wp\/v2\/product\/3396\" class=\"qtranxs-available-language-link qtranxs-available-language-link-en\" title=\"English\">English<\/a>.<\/p><p class=\"western\" align=\"left\">Seit Sommer 2022 regt der unofficial.pictures e.V. dazu an, dass alte und neue Bewohner*innen des Viertels Suhl-Nord in Austausch kommen und ihre pers\u00f6nlichen Perspektiven teilen. Mit dem soziokulturellen Projekt <a href=\"https:\/\/www.suhl-nord.de\/\" target=\"_blank\" rel=\"noopener\">Suhl-Nord \u2013 Wieder im Gespr\u00e4ch<\/a> wollen wir Vorurteile \u00fcber das Viertel in Frage stellen und ein differenzierteres Bild zeichnen.<\/p>\n<p class=\"western\" align=\"left\">Etwa ein Jahr nach der <a href=\"https:\/\/unofficial.pictures\/shop\/suhl-nord-aus-unserer-sicht\/\">ersten Foto-Text-Zeitung \u201eSuhl-Nord \u2013 Aus unserer Sicht\u201c<\/a> ist nun im Herbst und Winter in einem Workshop die zweite Ausgabe entstanden. Vier Menschen, die entweder in Suhl-Nord gelebt haben, aktuell leben, arbeiten oder daran interessiert sind, haben unter der Anleitung von Luisa B\u00e4de und Rafael Brix ihre ganz pers\u00f6nlichen Blickwinkel und Interessen verfolgt und in Bild und Text auf 40 Seiten in eine Form gebracht.<\/p>\n<p align=\"left\">Desire\u00e9 R\u00f6hlig verarbeitete den Niedergang des Wohnviertels, in dem sie selbst aufgewachsen ist, in vielen satirischen Kleinanzeigen. Kristin Neubecker inszenierte sich selbst in verschiedenen leeren Fl\u00e4chen in Suhl-Nord und schuf damit eine Bildgeschichte \u00fcber Hoffnung und Weggehen, die auch f\u00fcr andere Orte stehen kann \u2013 sie selbst wuchs in Hoyerswerda auf, wo die Neustadt eine \u00e4hnliche Entwicklung wie Suhl-Nord durchlief. Sami Said berichtet in einem pers\u00f6nlichen Text vom rassistischen Alltag in Suhl \u2013 und dass das relativ menschenleere Suhl-Nord f\u00fcr ihn einen R\u00fcckzugsraum darstellt. Deswegen zeigen seine Fotos von Orten, an denen ihm etwas passiert ist, gerade nicht Suhl-Nord. Frieda M\u00fcller schlie\u00dflich dokumentierte sowohl die Ergebnisse als auch den Prozess einer schwierigen Recherche. Sie wollte herausfinden, wer Klaus-Peter K\u00fchn war, der 2012 an seinem Wohnort in Suhl-Nord ermordet wurde. Zudem hat sie als zweites Projekt einen Ort eingerichtet, an dem Menschen das Verschwinden des Viertels betrauern k\u00f6nnen.<\/p>\n<p align=\"left\">Die Erarbeitung dieser Zeitung in einem Workshop und der Druck wurden durch die Th\u00fcringer Staatskanzlei gef\u00f6rdert. Trotzdem entstehen uns als Verein Kosten f\u00fcr<br \/>\nR\u00e4ume, Webseite, Buchhaltung usw. Wir freuen uns daher sehr \u00fcber <a href=\"https:\/\/unofficial.pictures\/spenden\/\">Spenden<\/a>.<\/p>","protected":false},"excerpt":{"rendered":"<p>\u0627\u0644\u0637\u0644\u0628 \u0627\u0644\u0645\u0633\u0628\u0642! \u064a\u064f\u0642\u062f\u0631 \u0627\u0644\u062a\u0633\u0644\u064a\u0645 \u0627\u0644\u0645\u0646\u0641\u0635\u0644 \u0641\u064a \u064a\u0648\u0646\u064a\u0648 2020<br \/>\n\u064a\u0631\u062c\u0649 \u062a\u062d\u062f\u064a\u062f \u0627\u0644\u0633\u0639\u0631 \u0628\u0645\u0627 \u0641\u064a \u0630\u0644\u0643 2 \u20ac \u0627\u0644\u0634\u062d\u0646.<\/p>\n","protected":false},"featured_media":3605,"template":"","meta":[],"product_brand":[],"product_cat":[27],"product_tag":[],"class_list":{"0":"post-3396","1":"product","2":"type-product","3":"status-publish","4":"has-post-thumbnail","6":"product_cat-books-prints","8":"first","9":"instock","10":"shipping-taxable","11":"purchasable","12":"product-type-simple"},"_links":{"self":[{"href":"https:\/\/unofficial.pictures\/ar\/wp-json\/wp\/v2\/product\/3396","targetHints":{"allow":["GET"]}}],"collection":[{"href":"https:\/\/unofficial.pictures\/ar\/wp-json\/wp\/v2\/product"}],"about":[{"href":"https:\/\/unofficial.pictures\/ar\/wp-json\/wp\/v2\/types\/product"}],"wp:featuredmedia":[{"embeddable":true,"href":"https:\/\/unofficial.pictures\/ar\/wp-json\/wp\/v2\/media\/3605"}],"wp:attachment":[{"href":"https:\/\/unofficial.pictures\/ar\/wp-json\/wp\/v2\/media?parent=3396"}],"wp:term":[{"taxonomy":"product_brand","embeddable":true,"href":"https:\/\/unofficial.pictures\/ar\/wp-json\/wp\/v2\/product_brand?post=3396"},{"taxonomy":"product_cat","embeddable":true,"href":"https:\/\/unofficial.pictures\/ar\/wp-json\/wp\/v2\/product_cat?post=3396"},{"taxonomy":"product_tag","embeddable":true,"href":"https:\/\/unofficial.pictures\/ar\/wp-json\/wp\/v2\/product_tag?post=3396"}],"curies":[{"name":"wp","href":"https:\/\/api.w.org\/{rel}","templated":true}]}}