{"id":3600,"date":"2024-07-11T13:32:42","date_gmt":"2024-07-11T11:32:42","guid":{"rendered":"https:\/\/unofficial.pictures\/?post_type=product&#038;p=3600"},"modified":"2025-12-17T11:05:58","modified_gmt":"2025-12-17T10:05:58","slug":"perspektivwechsel-erstaufnahme","status":"publish","type":"product","link":"https:\/\/unofficial.pictures\/ar\/shop\/perspektivwechsel-erstaufnahme\/","title":{"rendered":"(Deutsch) Perspektivwechsel \u2013 Erstaufnahme"},"content":{"rendered":"<p class=\"qtranxs-available-languages-message qtranxs-available-languages-message-ar\">\u0639\u0641\u0648\u0627\u060c \u0647\u0630\u0647 \u0627\u0644\u0645\u062f\u062e\u0644\u0629 \u0645\u0648\u062c\u0648\u062f\u0629 \u0641\u0642\u0637 \u0641\u064a <a href=\"https:\/\/unofficial.pictures\/de\/wp-json\/wp\/v2\/product\/3600\" class=\"qtranxs-available-language-link qtranxs-available-language-link-de\" title=\"Deutsch\">Deutsch<\/a> \u0648 <a href=\"https:\/\/unofficial.pictures\/en\/wp-json\/wp\/v2\/product\/3600\" class=\"qtranxs-available-language-link qtranxs-available-language-link-en\" title=\"English\">English<\/a>.<\/p>Suhl ist seit 2014 Standort der zentralen Erstaufnahmeeinrichtung f\u00fcr gefl\u00fcchtete Menschen in Th\u00fcringen. Seitdem wurde in Suhl sehr viel \u00fcber die Menschen in der Einrichtung gesprochen, aber wenig mit den Menschen, die direkt involviert sind. Deshalb haben wir sie interviewt: Vom Anwohner am Fu\u00dfweg in die Stadt und einem Einzelh\u00e4ndler, \u00fcber gefl\u00fcchtete und von Rassismus betroffene Menschen, bis zu Mitarbeitenden einer Beratungsstelle oder der Lokalzeitung. Sie alle haben, ob sie es wollen oder nicht, immer wieder mit der Einrichtung zu tun und dabei unterschiedliche Erfahrungen gemacht. Nat\u00fcrlich bilden diese sieben Gespr\u00e4che bei weitem nicht alle Perspektiven ab, die f\u00fcr das Thema wichtig sind. Aber sie sind ein Anfang.<\/p>\n<p>Ankn\u00fcpfend an unser Zeitungsprojekt \u00fcber Suhl-Nord haben wir diese Erfahrungen nun in dieser Foto-Text-Zeitung zusammengetragen. Erg\u00e4nzt werden die Gespr\u00e4chsprotokolle durch Zahlen und Fakten zum Thema und Fotos unterschiedlicher Lebensrealit\u00e4ten in Suhl. So wollen wir einen Blick hinter die oberfl\u00e4chlich sichtbaren Probleme erm\u00f6glichen und zum Nachdenken anregen: Wie k\u00f6nnen die unterschiedlichen Perspektiven zusammengebracht werden?<\/p>\n<p>Wir wollen mit den verschiedenen Perspektiven deutlich machen, wie komplex das Thema Migration und Integration in Suhl und dar\u00fcber hinaus besprochen werden muss. Schuldzuweisungen und vorschnelle Urteile bringen aus unserer Sicht nicht weiter. Nicht nur, dass damit Menschen verletzt werden und der Diskurs abbricht, zus\u00e4tzlich verspielen wir uns so die Chance Suhl wirklich lebenswerter zu gestalten. Denn im Zentrum muss f\u00fcr uns immer die Frage stehen: Wenn wir das Wohl aller Menschen in den Mittelpunkt stellen, zu welchen L\u00f6sungen k\u00f6nnen wir dann kommen?<\/p>\n<p>Nahezu alle Menschen, mit denen wir gesprochen haben, sehen die Notwendigkeit f\u00fcr mehr Austausch \u2013 \u00fcber \u00c4ngste, Vorurteile, unterschiedliche Lebensrealit\u00e4ten und Sicherheitsbed\u00fcrfnisse. Und wir nehmen es uns zur Aufgabe, diesen Dialog auch nach der Ver\u00f6ffentlichung weiterzuf\u00fchren. Das kann in unserem \u201eCommunity Art Center\u201c geschehen, das wir Ende September im Zentrum von Suhl er\u00f6ffnen. Bereits geplant ist ein erster Workshop f\u00fcr Jugendliche, die sich mit der Zeitung auseinandersetzen und ihre Reaktionen als Podcast und auf der Projektwebseite ver\u00f6ffentlichen. Genauso kann die Zeitung und der Austausch dar\u00fcber auch zu Ihnen kommen: In Ihre Schule, in Ihre Kaffeerunde oder an Ihren Arbeitsplatz \u2013 sprechen Sie uns an. Unterst\u00fctzen Sie uns beim Verteilen der Zeitungen, wenn Sie das Projekt wichtig finden. Und nehmen Sie sich doch die Gespr\u00e4che in der Zeitung als Anregung, selbst ins Gespr\u00e4ch zu kommen \u2013 mit Menschen, die eine andere Perspektive haben.<\/p>\n<p>unofficial.pictures, Suhl im August 2024","protected":false},"excerpt":{"rendered":"<p>\u0627\u0644\u0637\u0644\u0628 \u0627\u0644\u0645\u0633\u0628\u0642! \u064a\u064f\u0642\u062f\u0631 \u0627\u0644\u062a\u0633\u0644\u064a\u0645 \u0627\u0644\u0645\u0646\u0641\u0635\u0644 \u0641\u064a \u064a\u0648\u0646\u064a\u0648 2020<br \/>\n\u064a\u0631\u062c\u0649 \u062a\u062d\u062f\u064a\u062f \u0627\u0644\u0633\u0639\u0631 \u0628\u0645\u0627 \u0641\u064a \u0630\u0644\u0643 2 \u20ac \u0627\u0644\u0634\u062d\u0646.<\/p>\n","protected":false},"featured_media":3616,"template":"","meta":[],"product_brand":[],"product_cat":[27],"product_tag":[],"class_list":{"0":"post-3600","1":"product","2":"type-product","3":"status-publish","4":"has-post-thumbnail","6":"product_cat-books-prints","8":"first","9":"instock","10":"shipping-taxable","11":"purchasable","12":"product-type-simple"},"_links":{"self":[{"href":"https:\/\/unofficial.pictures\/ar\/wp-json\/wp\/v2\/product\/3600","targetHints":{"allow":["GET"]}}],"collection":[{"href":"https:\/\/unofficial.pictures\/ar\/wp-json\/wp\/v2\/product"}],"about":[{"href":"https:\/\/unofficial.pictures\/ar\/wp-json\/wp\/v2\/types\/product"}],"wp:featuredmedia":[{"embeddable":true,"href":"https:\/\/unofficial.pictures\/ar\/wp-json\/wp\/v2\/media\/3616"}],"wp:attachment":[{"href":"https:\/\/unofficial.pictures\/ar\/wp-json\/wp\/v2\/media?parent=3600"}],"wp:term":[{"taxonomy":"product_brand","embeddable":true,"href":"https:\/\/unofficial.pictures\/ar\/wp-json\/wp\/v2\/product_brand?post=3600"},{"taxonomy":"product_cat","embeddable":true,"href":"https:\/\/unofficial.pictures\/ar\/wp-json\/wp\/v2\/product_cat?post=3600"},{"taxonomy":"product_tag","embeddable":true,"href":"https:\/\/unofficial.pictures\/ar\/wp-json\/wp\/v2\/product_tag?post=3600"}],"curies":[{"name":"wp","href":"https:\/\/api.w.org\/{rel}","templated":true}]}}