{"id":3702,"date":"2025-02-05T17:14:42","date_gmt":"2025-02-05T16:14:42","guid":{"rendered":"https:\/\/unofficial.pictures\/?post_type=product&#038;p=3702"},"modified":"2025-12-15T14:28:46","modified_gmt":"2025-12-15T13:28:46","slug":"von-hier-2","status":"publish","type":"product","link":"https:\/\/unofficial.pictures\/ar\/shop\/von-hier-2\/","title":{"rendered":"(Deutsch) von hier #2"},"content":{"rendered":"<p class=\"qtranxs-available-languages-message qtranxs-available-languages-message-ar\">\u0639\u0641\u0648\u0627\u060c \u0647\u0630\u0647 \u0627\u0644\u0645\u062f\u062e\u0644\u0629 \u0645\u0648\u062c\u0648\u062f\u0629 \u0641\u0642\u0637 \u0641\u064a <a href=\"https:\/\/unofficial.pictures\/de\/wp-json\/wp\/v2\/product\/3702\" class=\"qtranxs-available-language-link qtranxs-available-language-link-de\" title=\"Deutsch\">Deutsch<\/a> \u0648 <a href=\"https:\/\/unofficial.pictures\/en\/wp-json\/wp\/v2\/product\/3702\" class=\"qtranxs-available-language-link qtranxs-available-language-link-en\" title=\"English\">English<\/a>.<\/p>Willkommen zur zweiten Ausgabe des Magazins \u201evon hier\u201c. Wie schon die erste in Leipzig entstandene Ausgabe ist unser Magazin erneut das Ergebnis einer intensiven Fotografie- und Schreibwerkstatt \u2013 diesmal in Weimar in Th\u00fcringen.<\/p>\n<p>Das Leben in Ostdeutschland bringt uns oft in Ber\u00fchrung mit der Vergangenheit und der Gegenwart. Die wirtschaftliche Ausbeutung der Ostdeutschen trifft auf den gewaltt\u00e4tigen Rassismus, der nach dem Fall der Mauer zutage trat. Ein aufkommendes Klassenbewusstsein trifft auf die Konkurrenz zwischen und innerhalb gesellschaftlicher Gruppen. Die reizvolle, h\u00fcgelige Landschaft ist gespickt mit ebenso reizvollen, aber stark benachteiligten St\u00e4dtchen, die von Jahr zu Jahr immer mehr junge Menschen verlieren. Die politische Zukunft der Region ist Gegenstand vieler \u00c4ngste und Unsicherheiten, und die zugrunde liegenden Wunden sind nie ganz verheilt. Dennoch gibt es hier immer noch viel Hoffnung und Energie. Viele Menschen arbeiten gemeinsam an einer besseren Zukunft, in der Platz f\u00fcr alle unsere Realit\u00e4ten ist, und setzen sich unerm\u00fcdlich daf\u00fcr ein, hier ein Gef\u00fchl von Zuhause und Gemeinschaft aufzubauen.<\/p>\n<p>Inspiriert von der Studie \u201eOst-migrantische Analogien\u201c von Naika Foroutan und dem Dialog zwischen Foroutan und Jana Hensel in \u201eDie Gesellschaft der Anderen\u201c, haben Denise Lee und Rafael Brix versucht einen Raum geschaffen, in dem (post)migrantische und ostdeutsche Perspektiven im Zentrum stehen. An vier Wochenenden im Herbst 2024 konnten wir uns \u00fcber Gemeinsamkeiten, aber auch \u00fcber bedeutende Unterschiede in unseren Erfahrungen austauschen. Es entstanden sehr vielf\u00e4ltige, pers\u00f6nliche Beitr\u00e4ge.<\/p>\n<p>Vielleicht entdecken Sie in den Geschichten in diesem Heft nicht nur etwas \u00fcber die Protagonist*innen, sondern auch \u00fcber sich selbst und Ihre eigene Beziehung zu dem Ort und den Menschen, die Sie Zuhause nennen. Wir freuen uns auf Ihre Gedanken und Reaktionen.<\/p>\n<p>Rafael Brix und Denise Lee<\/p>\n<p>Gef\u00f6rdert durch den Fonds Soziokultur, die Th\u00fcringer Staatskanzlei und die Stadt Weimar.","protected":false},"excerpt":{"rendered":"<p class=\"qtranxs-available-languages-message qtranxs-available-languages-message-ar\">\u0639\u0641\u0648\u0627\u060c \u0647\u0630\u0647 \u0627\u0644\u0645\u062f\u062e\u0644\u0629 \u0645\u0648\u062c\u0648\u062f\u0629 \u0641\u0642\u0637 \u0641\u064a <a href=\"https:\/\/unofficial.pictures\/de\/wp-json\/wp\/v2\/product\/3702\" class=\"qtranxs-available-language-link qtranxs-available-language-link-de\" title=\"Deutsch\">Deutsch<\/a> \u0648 <a href=\"https:\/\/unofficial.pictures\/en\/wp-json\/wp\/v2\/product\/3702\" class=\"qtranxs-available-language-link qtranxs-available-language-link-en\" title=\"English\">English<\/a>.<\/p>\n<p>76 S., Fotografien und Texte<br \/>\ngebundenes Magazin im Digitaldruck, 16 x 24 cm<br \/>\n1. Auflage, 2024<br \/>\nSprache: Deutsch\/Englisch<\/p>\n<p>Dieses Magazin ist kostenlos. unofficial.pictures ist ein gemeinn\u00fctziger Verein.<br \/>\nDamit wir Projekte wie dieses umsetzen k\u00f6nnen, sind wir auf <a href=\"https:\/\/unofficial.pictures\/shop\/freie-spende\/\">Spenden<\/a> angewiesen.<\/p>\n","protected":false},"featured_media":3727,"template":"","meta":[],"product_brand":[],"product_cat":[27],"product_tag":[],"class_list":{"0":"post-3702","1":"product","2":"type-product","3":"status-publish","4":"has-post-thumbnail","6":"product_cat-books-prints","8":"first","9":"instock","10":"shipping-taxable","11":"purchasable","12":"product-type-simple"},"_links":{"self":[{"href":"https:\/\/unofficial.pictures\/ar\/wp-json\/wp\/v2\/product\/3702","targetHints":{"allow":["GET"]}}],"collection":[{"href":"https:\/\/unofficial.pictures\/ar\/wp-json\/wp\/v2\/product"}],"about":[{"href":"https:\/\/unofficial.pictures\/ar\/wp-json\/wp\/v2\/types\/product"}],"wp:featuredmedia":[{"embeddable":true,"href":"https:\/\/unofficial.pictures\/ar\/wp-json\/wp\/v2\/media\/3727"}],"wp:attachment":[{"href":"https:\/\/unofficial.pictures\/ar\/wp-json\/wp\/v2\/media?parent=3702"}],"wp:term":[{"taxonomy":"product_brand","embeddable":true,"href":"https:\/\/unofficial.pictures\/ar\/wp-json\/wp\/v2\/product_brand?post=3702"},{"taxonomy":"product_cat","embeddable":true,"href":"https:\/\/unofficial.pictures\/ar\/wp-json\/wp\/v2\/product_cat?post=3702"},{"taxonomy":"product_tag","embeddable":true,"href":"https:\/\/unofficial.pictures\/ar\/wp-json\/wp\/v2\/product_tag?post=3702"}],"curies":[{"name":"wp","href":"https:\/\/api.w.org\/{rel}","templated":true}]}}