{"id":2084,"date":"2020-09-26T10:29:14","date_gmt":"2020-09-26T08:29:14","guid":{"rendered":"https:\/\/unofficial.pictures\/?page_id=2084"},"modified":"2023-09-07T12:55:27","modified_gmt":"2023-09-07T10:55:27","slug":"interview-10","status":"publish","type":"page","link":"https:\/\/unofficial.pictures\/en\/schubladendenken\/interview-10\/","title":{"rendered":"(Deutsch) Kinda"},"content":{"rendered":"<p class=\"qtranxs-available-languages-message qtranxs-available-languages-message-en\">Sorry, this entry is only available in <a href=\"https:\/\/unofficial.pictures\/de\/wp-json\/wp\/v2\/pages\/2084\" class=\"qtranxs-available-language-link qtranxs-available-language-link-de\" title=\"Deutsch\">Deutsch<\/a>.<\/p>[mk_page_section padding_top=&#8221;0&#8243; padding_bottom=&#8221;0&#8243; sidebar=&#8221;sidebar-1&#8243;][vc_column][mk_padding_divider size=&#8221;80&#8243;][vc_btn title=&#8221;zur\u00fcck zur Ausstellung&#8221; style=&#8221;classic&#8221; shape=&#8221;square&#8221; color=&#8221;default&#8221; link=&#8221;url:https%3A%2F%2Funofficial.pictures%2Fschubladendenken%2F|title:%5B%3Ade%5DAusstellung%20%C2%BBSchubladendenken%C2%AB%5B%3A%5D&#8221; el_class=&#8221;button-back-to-the-exhibition&#8221;][\/vc_column][\/mk_page_section][mk_page_section bg_color=&#8221;#85b2bc&#8221; full_width=&#8221;true&#8221; padding_top=&#8221;0&#8243; padding_bottom=&#8221;0&#8243; sidebar=&#8221;sidebar-1&#8243;][vc_column][mk_padding_divider size=&#8221;80&#8243;][vc_column_text el_class=&#8221;vier-spalten-blocksatz&#8221; css=&#8221;.vc_custom_1601233943807{margin-bottom: 0px !important;}&#8221;]RAFAEL: Merkst du, dass die Leute hier Vorurteile gegen dich haben?<br \/>\nKINDA: Ja, deswegen habe ich hier in Deutschland nicht viele deutsche Freunde. Ich habe bemerkt, dass wenn ich jemanden treffe und ich sage, dass ich aus Syrien komme, die Leute mich seltsam anschauen. Ich wei\u00df nicht warum, aber ich glaube, sie m\u00f6gen Syrer nicht. Und sie reden nicht mit mir. Es ist auch ein bisschen seltsam. In Syrien sind wir es nicht gewohnt, uns so zu verhalten, eher umgekehrt. Wenn wir eine Person aus dem Ausland sehen, versuchen wir auf jede m\u00f6gliche Weise Hilfe anzubieten, damit er sich nicht als Fremder f\u00fchlen muss. Also ist es f\u00fcr mich hier ein bisschen seltsam. Ich wei\u00df nicht, es ist schwierig, mit jemandem hier eine Freundschaft zu schlie\u00dfen.<br \/>\nRAFAEL: Und sonst, wenn du in der \u00d6ffentlichkeit bist oder mit dem Zug f\u00e4hrst, hast du da irgendwelche Probleme?<br \/>\nKINDA: Nein, ich habe kein Problem mit Z\u00fcgen oder Bussen, denn ich sage nur zum Busfahrer: Ich brauche einen Fahrschein \u2013 und es ist erledigt. Es ist also kein Problem. Aber wenn ich jemanden auf der Stra\u00dfe fragen will, weil ich etwas verloren habe, oder wenn ich einen Ort oder ein Gesch\u00e4ft oder so suche, antwortet niemand. Besonders wenn ich Englisch spreche. Ich bin nicht sehr gut in Deutsch und lerne es jetzt. Aber ich kann Englisch sprechen, also wenn ich zu jemandem sage: \u201eSprichst du Englisch?\u201c &#8211; \u201eAh, Englisch, nein.\u201c Das ist ein bisschen komisch hier. Die meisten Deutschen sprechen lieber kein Englisch mit mir, auch wenn sie es verstehen.<br \/>\nRAFAEL: Vielleicht k\u00f6nnen es einige \u00e4ltere Leute wirklich nicht?<br \/>\nKINDA: Vielleicht, ja.<br \/>\nRAFAEL: Aber du hast auch j\u00fcngere Leute gefragt?<br \/>\nKINDA: Ja, hab ich. Und ich wei\u00df, dass es eine Menge anderer Leute hier in Deutschland gibt, die aus dem Ausland kommen, und einige von ihnen machen \u00c4rger und Probleme. Aber es ist nicht gut, \u00fcber Leute zu urteilen, nur weil sie aus Syrien oder einem anderen arabischen Land kommen.<br \/>\nRAFAEL: Aber sonst f\u00fchlt es sich auf der Stra\u00dfe sicher an?<br \/>\nKINDA: Ja, auf der Stra\u00dfe f\u00fchle ich mich sicher, kein Problem. Alles ist organisiert hier und alle Leute halten sich an die Gesetze. Aber in Syrien und in meiner Stadt bleiben die Leute bis Mitternacht auf den Stra\u00dfen und in den Restaurants. Aber hier in Deutschland ist nach acht oder neun Uhr niemand mehr auf der Stra\u00dfe. Alle Restaurants sind geschlossen, alle Einkaufszentren sind geschlossen. Also ist es anders. Aber ich f\u00fchle mich sicher. Damit habe ich kein Problem. Nur manchmal hab ich Angst, dass ich mich verirre oder einfach Hilfe mit irgendwas brauche, aber dann ist niemand auf der Stra\u00dfe den ich fragen kann.<br \/>\nRAFAEL: Weil die Leute nicht antworten?<br \/>\nKINDA: Die Leute antworten nicht, und auch nach acht, neun Uhr sieht man niemanden mehr auf der Stra\u00dfe. Au\u00dfer manchmal ein paar betrunkene Leute, wo es unangenehm w\u00e4re.<br \/>\nRAFAEL: Und wie lebst du? In deiner eigenen Wohnung?<br \/>\nKINDA: Nein, ich lebe mit meinen Br\u00fcdern. Mein Bruder kam vor f\u00fcnf Jahren hierher, er ist Arzt in Meiningen. Also lebe ich jetzt bei ihm. Und ich habe noch einen anderen Bruder hier in Deutschland. Er ist Apotheker, auch in Meiningen. Wir leben alle zusammen. Und meine Mutter ist jetzt auch hier, aber sie will zur\u00fcck nach Syrien. Sie kann nicht die ganze Zeit hier bleiben.<br \/>\nRAFAEL: Denkst du, dass es f\u00fcr dich leichter ist als f\u00fcr andere Fl\u00fcchtlinge, wenn du deinen Bruder schon hier hast?<br \/>\nKINDA: Ich bin gar kein Fl\u00fcchtling. Die Leute denken das immer, aber ich bin kein Fl\u00fcchtling. Mein Bruder kam vor f\u00fcnf Jahren nach Deutschland, mit einem regul\u00e4ren Visum.[\/vc_column_text][\/vc_column][\/mk_page_section][mk_page_section bg_color=&#8221;#85b2bc&#8221; full_width=&#8221;true&#8221; padding_top=&#8221;0&#8243; padding_bottom=&#8221;0&#8243; sidebar=&#8221;sidebar-1&#8243;][vc_column][vc_column_text el_class=&#8221;vier-spalten-blocksatz&#8221; css=&#8221;.vc_custom_1601233956021{margin-bottom: 0px !important;}&#8221;]In Th\u00fcringen kannst du deine Familie einladen, also lud er mich und meinen Bruder, meine Mutter, meinen Vater ein, also kamen wir. Und ich habe einen regul\u00e4ren Aufenthaltstitel.<br \/>\nRAFAEL: Okay, tut mir leid.<br \/>\nKINDA: Kein Problem. Das denken die Leute immer. Aber nicht alle Syrer hier in Deutschland sind Fl\u00fcchtlinge. Ich habe eine Menge syrische Freunde hier, in verschiedenen St\u00e4dten und sie sind alle keine Fl\u00fcchtlinge. Sie sind \u00c4rzte und Ingenieure. Sie haben hier gelebt und hier gearbeitet. Aber ich denke, dass einige syrische Fl\u00fcchtlinge hier in Deutschland den Menschen ein falsches Bild von Syrern vermitteln. Manche. Nicht alle, einige. Wegen des Krieges in Syrien haben einige Leute ihre H\u00e4user verloren und ihnen sind in Syrien schlimme Dinge widerfahren. So kamen einige von ihnen nach Deutschland auf der Suche nach einem besseren Leben. Andere kamen einfach nur, um hier zu bleiben und Geld vom Staat zu bekommen und zu denken, \u201ewir k\u00f6nnen in Deutschland alles machen\u201c. Ich glaube, diese Leute geben hier ein falsches Bild von Syrern ab.<br \/>\nRAFAEL: Aber es ist auch nicht ihre Schuld, wenn die Leute verallgemeinern. Es sind immer noch die Deutschen, die sich eine falsche Vorstellung von den Syrern machen.<br \/>\nKINDA: Ah, das ist wahr! Aber ja, das passiert hier immer. Alle Leute denken, ich bin ein Fl\u00fcchtling und nehme das Geld vom Staat, ich nehme ihr Geld, ich lebe von ihrem Geld. Das passiert immer, aber kein Problem. Daran bin ich gew\u00f6hnt. Ich kann das sagen: Ich bin kein Fl\u00fcchtling.<br \/>\nRAFAEL: Aber hinterfragen dich die Leute dann auch: Warum bist du hierher gekommen, wenn du kein Fl\u00fcchtling bist?<br \/>\nKINDA: Ja ja, auch meine Kollegin hier hat mich danach gefragt. Wer w\u00fcrde nicht gerne im gro\u00dfartigen Deutschland leben! Ich bin nach Deutschland gekommen, weil ich seit meiner Kindheit Deutschland mochte, ich bin gerne nach Deutschland gereist. Ich habe zehn Jahre im Krieg in Syrien gelebt und bin in Syrien geblieben, aber es hat mir gereicht, ich wollte nicht den Rest meines Lebens im Krieg verbringen. Aber dieses Jahr wollte ich nach einem besseren Leben, einer besseren Zukunft zu suchen. Jetzt sind in Syrien die Geh\u00e4lter viel zu niedrig, es gibt keine guten Jobs wie hier und die Preise sind sehr teuer geworden. Das Leben ist also sehr schwierig. Also m\u00f6chte ich hier bleiben und einen Job finden, arbeiten, an meine Zukunft denken. Vielleicht werde ich hier eine Familie haben. Ich will, dass meine Kinder in einem sicheren Land aufwachsen, nicht im Krieg. Ich mag Syrien und ich vermisse Syrien sehr. Und ich mag meine Stadt sehr gerne, aber der jetzige Zustand ist zu schlimm. Nicht nur wegen des Krieges, sondern auch wegen der Wirtschaftskrise. Das ist der Grund, warum ich hier bin. Ich glaube, viele Leute sind aus dem gleichen Grund hier. F\u00fcr einen Job, f\u00fcr ein besseres Leben. Ich wei\u00df also nicht, warum die Leute \u00fcberrascht sind, wenn ich so antworte. Vielleicht erwarten sie, dass ich antworte: Ich bin hier wegen des Krieges. Und nur wegen des Krieges. Auch meine Br\u00fcder, als sie vor dem Krieg an der Universit\u00e4t waren, sagten sie schon: Wir werden nach Deutschland reisen. Es war schon eine Ambition, hierher zu kommen und hier zu arbeiten. Und jetzt sind wir hier. Ich m\u00f6chte eine Arbeit finden, vielleicht in Meiningen oder Suhl oder irgendeiner anderen Stadt, das ist kein Problem.<br \/>\nRAFAEL: Seit wann suchst du denn schon nach Jobs?<br \/>\nKINDA: Ich habe damit vor einem Jahr angefangen. Und ich habe bis jetzt kein Gl\u00fcck mit der Jobsuche. Ich habe einmal ein gutes Angebot gefunden und sie haben mich angerufen, um ein Vorstellungsgespr\u00e4ch auszumachen. Ich bin zum Vorstellungsgespr\u00e4ch gereist und dann sagten sie: \u201eEs tut uns leid, weil &#8230;\u201c &#8211; eigentlich ist der Grund nicht \u00fcberzeugend. Sie sagten: \u201eDu siehst nicht so aus, als k\u00e4mst du aus dem Nahen Osten und als h\u00e4ttest du den Krieg erlebt.\u201c Ja, es ist sehr seltsam.[\/vc_column_text][\/vc_column][\/mk_page_section][mk_page_section bg_color=&#8221;#85b2bc&#8221; full_width=&#8221;true&#8221; padding_top=&#8221;0&#8243; padding_bottom=&#8221;0&#8243; sidebar=&#8221;sidebar-1&#8243;][vc_column][vc_column_text el_class=&#8221;vier-spalten-blocksatz&#8221; css=&#8221;.vc_custom_1601233970837{margin-bottom: 0px !important;}&#8221;]Wie sollte ich also aussehen, wenn ich aus dem Mittleren Osten komme? Das ist die merkw\u00fcrdigste Antwort, die ich in meinem Leben geh\u00f6rt habe.<br \/>\nRAFAEL: Das waren Deutsche?<br \/>\nKINDA: Ja. Und als mir eine andere Firma eine Ablehnungs-E-Mail geschickt hat, haben sie erw\u00e4hnt, dass sie nur \u201eLeute aus bestimmten L\u00e4ndern\u201c wollen. Ich glaube, das war eine indirekte Antwort, weil ich Syrerin bin.<br \/>\nRAFAEL: OK, wirklich seltsam. Was sind dann \u201ebestimmte L\u00e4nder\u201c&#8230;<br \/>\nKINDA: Sie haben die L\u00e4nder nicht ausdr\u00fccklich erw\u00e4hnt, sie haben das nur gesagt, nachdem ich mich f\u00fcr diesen Job beworben hatte. Ich wei\u00df, das ist seltsam. Aber es ist ok. Ich muss weiter suchen.<br \/>\nRAFAEL: Aber ich finde es einfach immer noch seltsam, wie die Leute versuchen, ihre Vorurteile und ihr diskriminierendes Verhalten zu rechtfertigen.<br \/>\nKINDA: Tja, was kann ich tun &#8230; Bis jetzt suche ich jeden Tag nach einem Job. Ich sende jeden Tag E-Mails und jeden Tag erhalte ich E-Mails: \u201eEs tut uns leid, danke\u201c. Ich wei\u00df nicht warum, aber sie geben mir keine Chance, ein Vorstellungsgespr\u00e4ch zu f\u00fchren. Aber ich lerne jetzt Deutsch, weil ich hier in Deutschland arbeiten will. Also hoffe ich, dass es vielleicht einfacher wird, einen Job zu finden, wenn ich die deutsche Sprache besser beherrsche. Aber ich bin IT-Ingenieurin, und ich wei\u00df, dass in den meisten Jobs Englisch gesprochen wird. Deutsch ist also wichtig, aber es ist nicht das Wichtigste. Ich warte immer noch auf eine positive Antwort.<br \/>\nRAFAEL: Wenn du also auf Jobsuche bist, sieht es nicht so aus, als h\u00e4ttest du die gleichen Chancen wie ein Deutscher?<br \/>\nKINDA: Nun, ich bin mir sicher, dass ich nicht die gleichen Chancen habe. Und da ist noch eine andere Sache, dass ich nicht die Erfahrung im IT-Bereich habe. Denn als ich in Syrien war, habe ich nicht in einer richtigen IT-Firma gearbeitet, ich war zwei Jahre lang Lehrer an der Universit\u00e4t. Dann habe ich den Job gek\u00fcndigt und zwei Jahre lang beim Roten Halbmond \u2013 das ist wie das Rote Kreuz \u2013 als Freiwillige gearbeitet im Kinderschutzteam und mit Kindern mit Krebs. Dann bin ich nach Deutschland gekommen. Ich habe also nicht so viele Erfahrungen mit diesem Job. Aber ich denke, ich kann Praktika machen, ich kann mich beweisen und ich bin immer bereit, zu Hause Online-Kurse zu machen, um meine Qualifikation in IT zu verbessern. Aber was die Jobs angeht, denke ich, dass es auch zwischen Syrien und Deutschland unterschiedlich ist. Wenn ich die Bedingungen f\u00fcr den Job lese, gibt es einige Dinge, von denen ich zum ersten Mal h\u00f6re. In Syrien gibt es nicht alle technischen Dinge. Vielleicht haben also die Leute, die hier studiert haben, mehr Kenntnisse in IT. Besonders in IT.<br \/>\nRAFAEL: Aber wird dein Abschluss aus Syrien hier anerkannt?<br \/>\nKINDA: Ich habe meinen Abschluss letztes Jahr hier in Deutschland umgewandelt, ich habe ein Diplom bekommen. Aber es ist auch von Mensch zu Mensch verschieden. Meine Freunde, die auch hier in Deutschland sind, haben einen Master bekommen, als sie ihren Abschluss ge\u00e4ndert haben, kein Diplom. In Syrien hatten wir drei Jahre und dann zwei Jahre Spezialisierung. Also, es ist auch unterschiedlich, aber ich wei\u00df nicht, warum oder wie sie das machen. Ich und meine Freundin \u2013 ich bekam ein Diplom, sie bekam einen Master. Ich wei\u00df nicht, wie es entschieden wird, aber wenigstens konnte ich es umwandeln, das ist gut. Und hier zu studieren w\u00e4re auf Deutsch schwierig. Deutsch zu sprechen ist schon nicht einfach, also ist es auch schwierig, auf Deutsch zu studieren. Wenn ich einen Job finden w\u00fcrde, w\u00e4re das besser.<br \/>\nRAFAEL: Kann ich noch eine Frage stellen?<br \/>\nKINDA: Ja, bitte![\/vc_column_text][\/vc_column][\/mk_page_section][mk_page_section bg_color=&#8221;#85b2bc&#8221; full_width=&#8221;true&#8221; padding_top=&#8221;0&#8243; padding_bottom=&#8221;0&#8243; sidebar=&#8221;sidebar-1&#8243;][vc_column][vc_column_text el_class=&#8221;vier-spalten-blocksatz zwei-spalten&#8221; css=&#8221;.vc_custom_1601234932047{margin-bottom: 0px !important;}&#8221;]RAFAEL: Machen die Leute manchmal Bemerkungen dar\u00fcber, dass du keinen Hidschab tr\u00e4gst? Denn ich glaube, das ist ein starkes Vorurteil gegen\u00fcber Frauen aus arabischen L\u00e4ndern&#8230;<br \/>\nKINDA: Ja, immer. Die erste Frage ist immer: \u201eWarum tr\u00e4gst du keinen Hidschab?\u201c<br \/>\nRAFAEL: OK, kommt schon, Leute &#8230;<br \/>\nKINDA: Nicht alle arabischen Frauen tragen den Hidschab, denn in einigen L\u00e4ndern oder Regionen hat das mit Religion zu tun und f\u00fcr einige religi\u00f6se Menschen ist es auch pers\u00f6nliche Freiheit. Aber die Leute hier denken, dass alle arabischen Frauen den Hidschab tragen, oder zumindest die Syrerinnen. Aber das ist nicht wahr.<br \/>\nRAFAEL: Aber wie ist es f\u00fcr dich, dass die Leute dich das immer fragen?<br \/>\nKINDA: Ich habe nichts gegen diese Frage. Ich hoffe, dass sie ihre falsche Vorstellung von uns korrigieren. Aber wenn ich das gesagt habe, ist die n\u00e4chste Frage immer: \u201eWas ist deine Religion?\u201c Diese Frage bekomme ich lieber nicht gestellt, weil das keine Rolle spielt! Letztendlich sind wir alle Menschen und m\u00fcssen uns gegenseitig respektieren.<br \/>\nRAFAEL: Ja, ich denke auch, dass es zumindest nicht die zweitwichtigste Information \u00fcber eine Person ist &#8230; Und hast du das Gef\u00fchl, dass dich die Leute mit dieser Frage in eine Schublade stecken wollen?<br \/>\nKINDA: Leider ja. Es ist unfair, Menschen danach zu beurteilen oder danach zu behandeln.[\/vc_column_text][mk_padding_divider size=&#8221;80&#8243;][\/vc_column][\/mk_page_section][mk_page_section full_width=&#8221;true&#8221; sidebar=&#8221;sidebar-1&#8243;][vc_column width=&#8221;1\/12&#8243; offset=&#8221;vc_col-lg-2 vc_col-md-1 vc_hidden-sm vc_hidden-xs&#8221;][\/vc_column][vc_column offset=&#8221;vc_col-lg-8 vc_col-md-10 vc_col-xs-12&#8243;][vc_column_text css=&#8221;.vc_custom_1694083291036{margin-top: 80px !important;margin-bottom: 0px !important;}&#8221;]\n<h4>&nbsp;<a href=\"https:\/\/unofficial.pictures\/release\/schubladendenken\/\">Ausstellung \u00bbSchubladendenken\u00ab<\/a><\/h4>\n[\/vc_column_text][vc_single_image image=&#8221;3278&#8243; img_size=&#8221;full&#8221;][\/vc_column][vc_column width=&#8221;1\/12&#8243; offset=&#8221;vc_col-lg-2 vc_col-md-1 vc_hidden-sm vc_hidden-xs&#8221;][\/vc_column][\/mk_page_section]","protected":false},"excerpt":{"rendered":"<p>Sorry, this entry is only available in Deutsch.[mk_page_section padding_top=&#8221;0&#8243; padding_bottom=&#8221;0&#8243; sidebar=&#8221;sidebar-1&#8243;][vc_column][mk_padding_divider size=&#8221;80&#8243;][vc_btn title=&#8221;zur\u00fcck zur Ausstellung&#8221; style=&#8221;classic&#8221; shape=&#8221;square&#8221; color=&#8221;default&#8221; link=&#8221;url:https%3A%2F%2Funofficial.pictures%2Fschubladendenken%2F|title:%5B%3Ade%5DAusstellung%20%C2%BBSchubladendenken%C2%AB%5B%3A%5D&#8221; el_class=&#8221;button-back-to-the-exhibition&#8221;][\/vc_column][\/mk_page_section][mk_page_section bg_color=&#8221;#85b2bc&#8221; full_width=&#8221;true&#8221; padding_top=&#8221;0&#8243; padding_bottom=&#8221;0&#8243; sidebar=&#8221;sidebar-1&#8243;][vc_column][mk_padding_divider size=&#8221;80&#8243;][vc_column_text el_class=&#8221;vier-spalten-blocksatz&#8221; css=&#8221;.vc_custom_1601233943807{margin-bottom: 0px !important;}&#8221;]RAFAEL: Merkst du, dass die Leute hier Vorurteile gegen dich haben? KINDA: Ja, deswegen habe ich hier in Deutschland nicht viele deutsche Freunde. Ich habe bemerkt, [&hellip;]<\/p>\n","protected":false},"author":1,"featured_media":0,"parent":2059,"menu_order":0,"comment_status":"closed","ping_status":"closed","template":"","meta":{"footnotes":""},"class_list":["post-2084","page","type-page","status-publish","hentry"],"_links":{"self":[{"href":"https:\/\/unofficial.pictures\/en\/wp-json\/wp\/v2\/pages\/2084","targetHints":{"allow":["GET"]}}],"collection":[{"href":"https:\/\/unofficial.pictures\/en\/wp-json\/wp\/v2\/pages"}],"about":[{"href":"https:\/\/unofficial.pictures\/en\/wp-json\/wp\/v2\/types\/page"}],"author":[{"embeddable":true,"href":"https:\/\/unofficial.pictures\/en\/wp-json\/wp\/v2\/users\/1"}],"replies":[{"embeddable":true,"href":"https:\/\/unofficial.pictures\/en\/wp-json\/wp\/v2\/comments?post=2084"}],"version-history":[{"count":17,"href":"https:\/\/unofficial.pictures\/en\/wp-json\/wp\/v2\/pages\/2084\/revisions"}],"predecessor-version":[{"id":3291,"href":"https:\/\/unofficial.pictures\/en\/wp-json\/wp\/v2\/pages\/2084\/revisions\/3291"}],"up":[{"embeddable":true,"href":"https:\/\/unofficial.pictures\/en\/wp-json\/wp\/v2\/pages\/2059"}],"wp:attachment":[{"href":"https:\/\/unofficial.pictures\/en\/wp-json\/wp\/v2\/media?parent=2084"}],"curies":[{"name":"wp","href":"https:\/\/api.w.org\/{rel}","templated":true}]}}