{"id":2208,"date":"2021-01-29T17:37:06","date_gmt":"2021-01-29T16:37:06","guid":{"rendered":"https:\/\/unofficial.pictures\/?page_id=2208"},"modified":"2023-09-07T12:57:15","modified_gmt":"2023-09-07T10:57:15","slug":"interview-13","status":"publish","type":"page","link":"https:\/\/unofficial.pictures\/en\/schubladendenken\/interview-13\/","title":{"rendered":"(Deutsch) Quyen"},"content":{"rendered":"<p class=\"qtranxs-available-languages-message qtranxs-available-languages-message-en\">Sorry, this entry is only available in <a href=\"https:\/\/unofficial.pictures\/de\/wp-json\/wp\/v2\/pages\/2208\" class=\"qtranxs-available-language-link qtranxs-available-language-link-de\" title=\"Deutsch\">Deutsch<\/a>, <a href=\"https:\/\/unofficial.pictures\/tr\/wp-json\/wp\/v2\/pages\/2208\" class=\"qtranxs-available-language-link qtranxs-available-language-link-tr\" title=\"Turkish\">Turkish<\/a> and <a href=\"https:\/\/unofficial.pictures\/ru\/wp-json\/wp\/v2\/pages\/2208\" class=\"qtranxs-available-language-link qtranxs-available-language-link-ru\" title=\"\u0420\u0443\u0441\u0441\u043a\u0438\u0439\">\u0420\u0443\u0441\u0441\u043a\u0438\u0439<\/a>.<\/p><div class=\"wpb-content-wrapper\">[mk_page_section padding_top=&#8221;0&#8243; padding_bottom=&#8221;0&#8243; sidebar=&#8221;sidebar-1&#8243;][\/mk_page_section][mk_padding_divider size=&#8221;80&#8243;][vc_btn title=&#8221;zur\u00fcck zur Ausstellung&#8221; style=&#8221;classic&#8221; shape=&#8221;square&#8221; color=&#8221;default&#8221; link=&#8221;url:https%3A%2F%2Funofficial.pictures%2Fschubladendenken%2F|title:%5B%3Ade%5DAusstellung%20%C2%BBSchubladendenken%C2%AB%5B%3A%5D&#8221; el_class=&#8221;button-back-to-the-exhibition&#8221;][mk_page_section bg_color=&#8221;#85b2bc&#8221; full_width=&#8221;true&#8221; padding_top=&#8221;0&#8243; padding_bottom=&#8221;0&#8243; sidebar=&#8221;sidebar-1&#8243;][vc_column][mk_padding_divider size=&#8221;80&#8243;][vc_column_text el_class=&#8221;vier-spalten-blocksatz&#8221; css=&#8221;.vc_custom_1611938308121{margin-bottom: 0px !important;}&#8221;]RAFAEL: Wie kam es, das du nach Suhl gekommen bist?<\/p>\n<p>QUYEN: Die IHK hat ein Projekt, mit dem junge Vietnamesen eine Ausbildung in Deutschland machen k\u00f6nnen. Wir haben schon ein Jahr lang in Vietnam Deutsch gelernt und mussten ein B2-Zertifikat machen. Nun k\u00f6nnen wir hier sein und die Ausbildung machen. Ich habe mir ein Jahr lang viel M\u00fche gegeben Deutsch zu lernen. Deutsch ist eine der schwersten Sprachen der Welt. Nach einem Jahr habe ich die B2-Pr\u00fcfung in Vietnam bestanden. Und hab ein Visum bekommen und durfte nach Deutschland fliegen. Seit September letzten Jahres habe ich meine Ausbildung angefangen als Zerspanungsmechaniker, in Zella-Mehlis bei der Firma Kemmer Hartmetallwerkzeuge GmbH. Die Ausbildung dauert dreieinhalb Jahre, und ich habe schon eineinhalb Jahre hinter mir und noch zwei Jahre vor mir.<\/p>\n<p>RAFAEL: Wieso hast du dich daf\u00fcr entschieden, nach Deutschland zu kommen?<\/p>\n<p>QUYEN: Ich hab schon studiert in Vietnam, Biotechnologie. Nach dem Studium habe ich auch noch ein Jahr in Vietnam gearbeitet. Aber ich wollte noch mehr Erfahrungen machen und mehr erleben \u2013 ein neues Leben leben. Und ich finde Europa sch\u00f6n. Durch dieses Projekt der IHK habe ich dann eine Chance bekommen. Azubis aus den ersten beiden Jahrg\u00e4ngen hatten mir erz\u00e4hlt, dass die IHK dieses Projekt hat. Die IHK arbeitet mit einem Sprachzentrum in Vietnam zusammen, die Leiterin hat auch viel Werbung daf\u00fcr gemacht. Ich habe mich dann angemeldet und musste zu einem Interview, wie ein Vorstellungsgespr\u00e4ch. Ich musste beantworten, warum ich nach Deutschland zum Arbeiten kommen will und wie gut ich im Sprachenlernen bin. Um eine Ausbildung in Deutschland machen zu d\u00fcrfen, muss man unbedingt Deutsch verstehen. Das ist sehr wichtig. Ich hatte einen Monat Probezeit beim Deutschlernen. Nach einem Monat musste ich einen kleinen Test machen. Bei \u00fcber 60 % durfte man weiter lernen. Und wir haben nicht nur die Sprache, sondern auch die Kultur und alles \u00fcber Deutschland gelernt. Wem das nicht gef\u00e4llt, der kann da sofort aufh\u00f6ren. Es war eine abgedrehte Zeit, eine schwere Zeit. Aber es hat mir gefallen. Deswegen hab ich mich entschieden zu versuchen, weiter Deutsch zu lernen und eine Ausbildung in Deutschland zu machen. Ich hab das geschafft und jetzt bin ich hier.<\/p>\n<p>RAFAEL: Und dann gab es in Deutschland auch nochmal einen Sprachkurs?<\/p>\n<p>QUYEN: Die Azubis, die die B2-Pr\u00fcfung nicht bestanden haben, mussten weiter einen Sprachkurs in Deutschland machen. Die IHK fordert unbedingt ein B2-Zertifikat f\u00fcr Deutsch. Ich habe aber die Pr\u00fcfung schon in Vietnam bestanden und konnte die Ausbildung sofort machen. Aber die Leute, die sie nicht bestanden haben, mussten die Ausbildung und einen Sprachkurs gleichzeitig machen. Das ist dann schwer.<\/p>\n<p>RAFAEL: Kannst du auch anwenden, was du schon im Studium gelernt hast?<\/p>\n<p>QUYEN: Was ich im Studium gelernt habe, ist etwas ganz anderes, als das was ich gerade in der Ausbildung lerne. Mechanik und Biotechnologie sind zwei sehr unterschiedliche Richtungen. Aber ich glaube, dass Kenntnisse, die ich im Studium gelernt habe, mir hier geholfen haben. Bei der Mathematik zum Beispiel oder bei generellen Erfahrungen im Leben. Ich bin viel besser im Lernen als die anderen Vietnamesischen Azubis. Ich kann Dinge schneller verstehen, weil ich schon durch das Studium Grundkenntnisse habe, die \u00fcberall auf der Welt \u00e4hnlich sind. Besonders wie man lernt, wie man Dinge besser versteht, wie man sie sich schnell merken kann. Ich habe Abitur gemacht, dann mein Studium, bin jetzt schon 26 Jahre alt und habe deswegen schon einiges an Erfahrung im Leben gesammelt. Meine Mitsch\u00fcler, die mit mir in Vietnam Deutsch gelernt haben, sind ungef\u00e4hr zwanzig Jahre alt. Die sind um das Jahr 2000 rum geboren. Ich bin viel \u00e4lter als sie.<\/p>\n<p>RAFAEL: Hast du schon in Vietnam entschieden, Zerspanungsmechaniker zu lernen?<\/p>\n<p>QUYEN: Wir wussten schon in Vietnam, welche Ausbildungen es in Deutschland gibt. Wir haben eine Liste bekommen und konnten selber ausw\u00e4hlen, welche Ausbildung wir machen wollten. Das war unsere eigene Entscheidung. Sobald wir eine ausgesucht hatten, wurden wir auch gefragt, warum wir uns gerade f\u00fcr diese entschieden haben.[\/vc_column_text][\/vc_column][\/mk_page_section][mk_page_section bg_color=&#8221;#85b2bc&#8221; full_width=&#8221;true&#8221; padding_top=&#8221;0&#8243; padding_bottom=&#8221;0&#8243; sidebar=&#8221;sidebar-1&#8243;][vc_column][vc_column_text el_class=&#8221;vier-spalten-blocksatz&#8221; css=&#8221;.vc_custom_1611938326898{margin-bottom: 0px !important;}&#8221;]RAFAEL: Klappt es immer, dass man die Ausbildung bekommt, die man will?<\/p>\n<p>QUYEN: Bei den anderen wei\u00df ich es nicht. Ich habe selber im Internet geguckt, was man als Zerspanungsmechaniker macht und das hat mir wirklich gefallen. Deswegen habe entschieden, diese Ausbildung zu machen. Die anderen machen zum Beispiel Fleischer, Verk\u00e4ufer im Supermarkt oder in einer Fleischerei oder B\u00e4ckerei, Geb\u00e4udereinigung, KfZ-Mechaniker, Zerspanungsmechaniker, Werkzeugmechaniker, oder Hotelfachpersonal. Ich kann mich nicht an alle erinnern. Bei einer Baufirma sind auch welche. Und in Schmalkalden und Meinungen, \u00fcberall in Th\u00fcringen.<\/p>\n<p>RAFAEL: Und wie kommst du in der Ausbildung zurecht?<\/p>\n<p>QUYEN: Als ich letztes Jahr angefangen habe, fand ich die Ausbildung sehr schwer. Ich musste alles St\u00fcck f\u00fcr St\u00fcck lernen. Erst einmal musste ich die Grundkenntnisse lernen. Bei ganz kleinen Sachen anfangen, weil mir alles so unbekannt ist. Wie Dinge hei\u00dfen, oder warum wir \u00fcberhaupt etwas Bestimmtes machen. Ich hatte keine Ahnung, was meine Kollegen gerade machten. Ich kannte auch die Namen der Bauteile nicht. Wenn der Chef oder mein Kollege sagt: \u201cKannst du mir das und das holen?\u201d, dann muss ich genau wissen, was das ist. Das musste ich alles erst lernen. Die ersten sechs Monate mussten wir nur Feilen. Das sind die Grundkenntnisse. Aber f\u00fcr alle, nicht nur f\u00fcr uns Ausl\u00e4nder. Danach erst durften wir an den Maschinen arbeiten. St\u00fcck f\u00fcr St\u00fcck k\u00f6nnen wir dann alles machen. Die Ausbilder zeigen uns alles, was wir noch nicht k\u00f6nnen und wir \u00fcben das dann. Wir k\u00f6nnen alles nicht so schnell wie die Deutschen verstehen, deswegen m\u00fcssen wir immer nachfragen. Nachfragen, ob sie langsamer sprechen, oder Dinge genauer erkl\u00e4ren k\u00f6nnen.<\/p>\n<p>RAFAEL: Kriegt ihr dann immer gute Antworten?<\/p>\n<p>QUYEN: Ja, na klar. Ich hatte Gl\u00fcck, mit meiner Firma und meinen Kollegen. Sie haben mir sehr viel geholfen. Meine Mitsch\u00fcler in der Schule sind auch nett und ich kann die Antworten sofort verstehen. Die Ausbilder und die Mitsch\u00fcler sprechen immer langsam und deutlich in Hochdeutsch, damit wir das besser verstehen k\u00f6nnen. In Vietnam haben wir nur Hochdeutsch und viel Theorie und Grammatik gelernt, aber in der Umgangssprache und bei der Alltagskommunikation l\u00e4uft alles ganz anders. Am Anfang hab ich kein Wort verstanden, wenn Deutsche untereinander geredet haben, aber jetzt ist es schon viel besser. Ich versuche immer mit meinen Kollegen und meinen Freunden zu reden. Und Tag f\u00fcr Tag verbessere ich mein Deutsch. Ich kann alles schon besser verstehen und normal mit ihnen reden.<\/p>\n<p>RAFAEL: Hattest du auf der Arbeit manchmal Situationen, in denen du anders behandelt wurdest als Deutsche?<\/p>\n<p>QUYEN: Die sind immer cool. Ich habe gar keine Probleme mit meinen Kollegen oder deutschen Kumpeln. Alle sind cool hier.<\/p>\n<p>RAFAEL: Entwickeln sich da auch Freundschaften?<\/p>\n<p>QUYEN: Ja, ich habe schon Freundschaften. Wir essen immer zusammen Mittag und nach der Arbeit gehen wir manchmal Bier trinken, oder machen eine Grillparty. Wir unterhalten uns und schreiben uns oft. Es gibt da keine Grenzen zwischen uns Ausl\u00e4ndern und den Deutschen. Das finde ich cool. Ich bin auch in einem Fu\u00dfballverein in Suhl, in der Aue im 1. SV Suhl. Alle haben mir viel geholfen. Es macht mir viel Spa\u00df und das finde ich sch\u00f6n.<\/p>\n<p>RAFAEL: Und wie ist es, wenn du in der Stadt unterwegs bist oder Bus f\u00e4hrst?<\/p>\n<p>QUYEN: Da gibt es keine Probleme. Ich kann einfach was fragen und die Deutschen antworten gerne und deutlich. Am Anfang wusste ich nicht viel und musste immer nachfragen. Meine Kollegen und Mitsch\u00fcler haben mir so viel beigebracht. Deutsche Spiele, deutsche Spezialit\u00e4ten oder wie die deutsche Kultur funktioniert. Was man in Deutschland zum Geburtstag, zu Weihnachten, oder zum neuen Jahr macht. Was ich machen muss, um es wie ein Deutscher zu machen. Ich kann die Deutschen und die deutsche Kultur schon besser verstehen.[\/vc_column_text][\/vc_column][\/mk_page_section][mk_page_section bg_color=&#8221;#85b2bc&#8221; full_width=&#8221;true&#8221; padding_top=&#8221;0&#8243; padding_bottom=&#8221;0&#8243; sidebar=&#8221;sidebar-1&#8243;][vc_column][vc_column_text el_class=&#8221;vier-spalten-blocksatz&#8221; css=&#8221;.vc_custom_1611938343865{margin-bottom: 0px !important;}&#8221;]Ich mache gerade auch meinen F\u00fchrerschein, dabei wurde mir auch viel geholfen von Kollegen und Mitsch\u00fclern. In der Schule lesen die Lehrer vor, und wir m\u00fcssen die Begriffe sofort aufschreiben, aber wir k\u00f6nnen nicht alles gleich verstehen. Dann haben die Mitsch\u00fcler uns sofort erkl\u00e4rt, was die Lehrer gesagt haben. Wenn wir etwas nicht verstanden haben, k\u00f6nnen wir immer fragen. Jetzt ist aber alles schon viel einfacher. Meine Firma hat uns f\u00fcr einen Sprachkurs angemeldet nach der Arbeit. Was wir in der Schule nicht verstanden haben, k\u00f6nnen wir alle fragen: die Ausbilder in der Firma, im Sprachkurs, oder im Berufsausbildungszentrum. Alle antworten sehr gerne.<\/p>\n<p>RAFAEL: Hattest du in der Coronazeit Probleme? Trump hat ja zum Beispiel vom chinesischen Virus gesprochen.<\/p>\n<p>QUYEN: Ich komme ja aus Vietnam und nicht aus China.<\/p>\n<p>RAFAEL: Ja, mir ist das auch klar.<\/p>\n<p>QUYEN: Die Leute in der Schule und in der Firma wissen schon, dass ich aus Vietnam bin. Aber die anderen Deutschen denken immer, dass wir aus China kommen. Ich hatte deswegen nicht direkt ein Problem, aber es gab schon etwas, wo ich mich ge\u00e4rgert habe. Einmal bin ich nach der Arbeit zur Bushaltestelle und da hat schon eine Frau gesessen. Ich bin an ihr vorbeigegangen und sie hat zu mir gesagt: &#8220;Corona! Geh weg!&#8221; Ich hab geantwortet: \u201cWas? Was hast du gesagt?\u201d \u2013 \u201cCorona, geh weg!\u201d \u2013 \u201cH\u00e4?\u201d Ich hab sie ignoriert und dann war auch alles gut. Das war aber nur ein einziges Mal. Ich habe auch einen Nebenjob bei Subway im Zentrum. Ich muss ja meine Wohnung, meinen F\u00fchrerschein und ein Auto finanzieren. Es wurde auch von der Firma erlaubt. Und da bei dem Nebenjob hab ich auch keine Probleme als Ausl\u00e4nder.<\/p>\n<p>RAFAEL: War es einfach eine Wohnung zu finden?<\/p>\n<p>QUYEN: Bevor ich nach Deutschland gekommen bin, hat meine Firma f\u00fcr mich ein Zimmer in einem G\u00e4stehaus beim A71-Center gesucht. Da hab ich zwei Monate gewohnt. Weil das zu eng war, konnte da nicht mehr weiter wohnen. Deswegen habe ich etwas Neues gesucht und hab dann auch eine Wohnung gefunden, in der ich auch gerade wohne. Meine Firma und meine Betreuerin haben mir viel dabei geholfen. Wir haben zusammen gesucht und dann eine Wohnung gefunden, die mir wirklich gef\u00e4llt. Ich wohne direkt im Zentrum, nicht weit weg vom Einkaufszentrum und nur ein paar Minuten von der Bushaltestelle entfernt. Und ich muss nur zehn Minuten mit dem Bus zur Arbeit fahren.<\/p>\n<p>RAFAEL: Hattest du mal Kontakt zu den Leuten aus Vietnam, die schon in der DDR hierhergekommen sind?<\/p>\n<p>QUYEN: Ja. Viele Vietnamesische Menschen sind schon viele Jahre in Deutschland. Es gibt auch viele asiatische L\u00e4den in Suhl und Zella-Mehlis. Wir sind immer in Kontakt.<\/p>\n<p>RAFAEL: Habt ihr mal dar\u00fcber geredet, ob das damals \u00e4hnlich war?<\/p>\n<p>QUYEN: Ja, nat\u00fcrlich. Sie haben viele ihrer Erfahrungen geteilt. Damals war es sehr anders. Man konnte keine Ausbildung machen, wie wir jetzt. Sondern man ist nach Deutschland gekommen und hat sofort gearbeitet. Manche mussten wieder zur\u00fcck nach Vietnam, manche haben sich entschieden in Deutschland zu bleiben. Sie haben sehr viel gearbeitet und Restaurants oder L\u00e4den er\u00f6ffnet nach dem Ende der DDR. Die sind so alt wie meine Eltern. Das Essen war \u00fcbrigens wirklich ein Problem, als wir nach Deutschland gekommen sind. Das deutsche Essen k\u00f6nnen wir wirklich nicht immer essen. Der Geschmack ist sehr anders. Sie haben uns dabei geholfen, herauszufinden wo wir vietnamesische Zutaten kaufen k\u00f6nnen. Bestimmten Reis zum Beispiel oder verschiedene vietnamesische Gew\u00fcrze. So k\u00f6nnen wir essen was wir wollen und unsere vietnamesischen Speisen zubereiten.<\/p>\n<p>RAFAEL: Ich hab auch gelesen, dass es damals in der DDR die Regelung gab, dass wenn jemand schwanger geworden ist, sie zur\u00fcck nach Vietnam geschickt wurde. Es gab sehr harte Regeln.[\/vc_column_text][\/vc_column][\/mk_page_section][mk_page_section bg_color=&#8221;#85b2bc&#8221; full_width=&#8221;true&#8221; padding_top=&#8221;0&#8243; padding_bottom=&#8221;0&#8243; sidebar=&#8221;sidebar-1&#8243;][vc_column][vc_column_text el_class=&#8221;vier-spalten-blocksatz&#8221; css=&#8221;.vc_custom_1611938359112{margin-bottom: 0px !important;}&#8221;]QUYEN: Das wei\u00df ich nicht. Aber wenn jetzt ein vietnamesischer Mann eine deutsche Frau heiratet, dann darf er weiter in Deutschland bleiben. Auch wenn man 60 Monate Steuern bezahlt hat und ein B1-Zertifikat f\u00fcr Deutsch hat.<\/p>\n<p>RAFAEL: Darfst du jetzt nur solange bleiben, wie du Ausbildung oder Arbeit hast?<\/p>\n<p>QUYEN: Ja, erstmal nur so lange. Wenn ich die Ausbildung geschafft habe und die Firma mich weiter \u00fcbernimmt, dann darf ich in Deutschland bleiben. Oder wenn irgendein anderer Betrieb mir einen Arbeitsvertrag gibt. Wenn die Firma, f\u00fcr die ich arbeite, der Ausl\u00e4nderbeh\u00f6rde sagt, dass ich sie mich brauchen, dann darf ich hier bleiben.<\/p>\n<p>RAFAEL: Und wenn du jetzt sagen w\u00fcrdest, dass die Ausbildung doch nicht gut ist, m\u00fcsstest du auch sofort zur\u00fcck?<\/p>\n<p>QUYEN: Ja genau. Auch bei irgendetwas Illegalem, wie zum Beispiel Drogen, m\u00fcsste ich sofort zur\u00fcck nach Vietnam.<\/p>\n<p>RAFAEL: Und willst du nach der Ausbildung wieder zur\u00fcck?<\/p>\n<p>QUYEN: Das ist eine gute Frage. Viele haben mich schon gefragt, was ich nach der Ausbildung machen will. Wenn die Firma mich \u00fcbernimmt, kann ich weiter in Deutschland arbeiten. Nat\u00fcrlich muss ich dazu erstmal die Ausbildung bestehen. Wenn mich die Firma dann weiter \u00fcbernimmt, kann ich in Deutschland bleiben. Das will ich auch wirklich. Ich finde das Leben in Deutschland ganz toll und mag es hier.<\/p>\n<p>RAFAEL: Hast du W\u00fcnsche f\u00fcr deine Zukunft?<\/p>\n<p>QUYEN: Da hab ich viel dar\u00fcber nachgedacht. Ich w\u00fcnsche mir erstmal, dass ich die Ausbildung schaffe und danach weiter in Deutschland arbeiten kann. Ich will hier in Deutschland arbeiten und leben. Ich will nichts Besonderes, sondern ein ganz einfaches Leben, wie die Deutschen. Normal arbeiten, 40 Stunden pro Woche. Am Wochenende habe ich meine Ruhe. Und ein bis zweimal im Jahr Urlaub machen. Die anderen europ\u00e4ischen L\u00e4nder entdecken. Nach Paris oder in die T\u00fcrkei oder so. Das ist mein Plan.<\/p>\n<p>RAFAEL: K\u00f6nntest du dir sonst auch vorstellen in Vietnam weiterzuarbeiten, oder ist das schwierig?<\/p>\n<p>QUYEN: Ich wei\u00df nicht, ob es meinen Beruf in Vietnam gibt. Und ich arbeite lieber in Deutschland als in Vietnam.<\/p>\n<p>RAFAEL: Warum?<\/p>\n<p>QUYEN: Das Arbeitsklima, die Stimmung bei der Arbeit, und die Arbeitsweise gef\u00e4llt mir hier. Ich hab schon in Vietnam gearbeitet, deswegen habe ich schon ein bisschen Erfahrung. Aber die Arbeit und das Leben in Deutschland gef\u00e4llt mir besser. Deswegen will ich weiter hier arbeiten. Ich habe schon Freundschaften hier gekn\u00fcpft, kann normal hier leben. Nicht nur Freundschaften zu Deutschen, sondern auch Freundschaften zu den anderen vietnamesischen Azubis. Ich bin hier nicht alleine, sondern es gibt auch andere Azubis aus Vietnam. Am Wochenende treffen wir uns manchmal und feiern. Wir kochen und essen zusammen vietnamesische Spezialit\u00e4ten. Und ich hab eine sehr nette Betreuerin. Sie hat mir sehr viel geholfen. Sie ist f\u00fcr mich wie meine Mutter in Deutschland. Das Leben in Deutschland finde ich sch\u00f6n. Ich hab keine Probleme. Ich kann hier normal leben und arbeiten.<br \/>\n[\/vc_column_text][mk_padding_divider size=&#8221;80&#8243;][\/vc_column][\/mk_page_section][mk_page_section full_width=&#8221;true&#8221; sidebar=&#8221;sidebar-1&#8243;][vc_column width=&#8221;1\/12&#8243; offset=&#8221;vc_col-lg-2 vc_col-md-1 vc_hidden-sm vc_hidden-xs&#8221;][\/vc_column][vc_column offset=&#8221;vc_col-lg-8 vc_col-md-10 vc_col-xs-12&#8243;][vc_column_text css=&#8221;.vc_custom_1694083291036{margin-top: 80px !important;margin-bottom: 0px !important;}&#8221;]\n<h4>&nbsp;<a href=\"https:\/\/unofficial.pictures\/release\/schubladendenken\/\">Ausstellung \u00bbSchubladendenken\u00ab<\/a><\/h4>\n[\/vc_column_text][vc_single_image image=&#8221;3278&#8243; img_size=&#8221;full&#8221;][\/vc_column][vc_column width=&#8221;1\/12&#8243; offset=&#8221;vc_col-lg-2 vc_col-md-1 vc_hidden-sm vc_hidden-xs&#8221;][\/vc_column][\/mk_page_section]\n<\/div>","protected":false},"excerpt":{"rendered":"<p>Sorry, this entry is only available in Deutsch, Turkish and \u0420\u0443\u0441\u0441\u043a\u0438\u0439.[mk_page_section padding_top=&#8221;0&#8243; padding_bottom=&#8221;0&#8243; sidebar=&#8221;sidebar-1&#8243;][\/mk_page_section][mk_padding_divider size=&#8221;80&#8243;][vc_btn title=&#8221;zur\u00fcck zur Ausstellung&#8221; style=&#8221;classic&#8221; shape=&#8221;square&#8221; color=&#8221;default&#8221; link=&#8221;url:https%3A%2F%2Funofficial.pictures%2Fschubladendenken%2F|title:%5B%3Ade%5DAusstellung%20%C2%BBSchubladendenken%C2%AB%5B%3A%5D&#8221; el_class=&#8221;button-back-to-the-exhibition&#8221;][mk_page_section bg_color=&#8221;#85b2bc&#8221; full_width=&#8221;true&#8221; padding_top=&#8221;0&#8243; padding_bottom=&#8221;0&#8243; sidebar=&#8221;sidebar-1&#8243;][vc_column][mk_padding_divider size=&#8221;80&#8243;][vc_column_text el_class=&#8221;vier-spalten-blocksatz&#8221; css=&#8221;.vc_custom_1611938308121{margin-bottom: 0px !important;}&#8221;]RAFAEL: Wie kam es, das du nach Suhl gekommen bist? QUYEN: Die IHK hat ein Projekt, mit dem junge Vietnamesen eine Ausbildung in [&hellip;]<\/p>\n","protected":false},"author":1,"featured_media":0,"parent":2059,"menu_order":0,"comment_status":"closed","ping_status":"closed","template":"","meta":{"footnotes":""},"class_list":["post-2208","page","type-page","status-publish","hentry"],"_links":{"self":[{"href":"https:\/\/unofficial.pictures\/en\/wp-json\/wp\/v2\/pages\/2208","targetHints":{"allow":["GET"]}}],"collection":[{"href":"https:\/\/unofficial.pictures\/en\/wp-json\/wp\/v2\/pages"}],"about":[{"href":"https:\/\/unofficial.pictures\/en\/wp-json\/wp\/v2\/types\/page"}],"author":[{"embeddable":true,"href":"https:\/\/unofficial.pictures\/en\/wp-json\/wp\/v2\/users\/1"}],"replies":[{"embeddable":true,"href":"https:\/\/unofficial.pictures\/en\/wp-json\/wp\/v2\/comments?post=2208"}],"version-history":[{"count":8,"href":"https:\/\/unofficial.pictures\/en\/wp-json\/wp\/v2\/pages\/2208\/revisions"}],"predecessor-version":[{"id":3294,"href":"https:\/\/unofficial.pictures\/en\/wp-json\/wp\/v2\/pages\/2208\/revisions\/3294"}],"up":[{"embeddable":true,"href":"https:\/\/unofficial.pictures\/en\/wp-json\/wp\/v2\/pages\/2059"}],"wp:attachment":[{"href":"https:\/\/unofficial.pictures\/en\/wp-json\/wp\/v2\/media?parent=2208"}],"curies":[{"name":"wp","href":"https:\/\/api.w.org\/{rel}","templated":true}]}}