{"id":2867,"date":"2022-08-09T19:36:31","date_gmt":"2022-08-09T17:36:31","guid":{"rendered":"https:\/\/unofficial.pictures\/?page_id=2867"},"modified":"2022-08-09T19:39:04","modified_gmt":"2022-08-09T17:39:04","slug":"tabita","status":"publish","type":"page","link":"https:\/\/unofficial.pictures\/en\/geboren-gekommen-geblieben\/tabita\/","title":{"rendered":"(Deutsch) Tabita"},"content":{"rendered":"<p class=\"qtranxs-available-languages-message qtranxs-available-languages-message-en\">Sorry, this entry is only available in <a href=\"https:\/\/unofficial.pictures\/de\/wp-json\/wp\/v2\/pages\/2867\" class=\"qtranxs-available-language-link qtranxs-available-language-link-de\" title=\"Deutsch\">Deutsch<\/a>.<\/p><div class=\"wpb-content-wrapper\">\n[mk_page_section padding_top=&#8221;0&#8243; padding_bottom=&#8221;0&#8243; sidebar=&#8221;sidebar-1&#8243;][vc_column width=&#8221;1\/2&#8243;][mk_padding_divider size=&#8221;200&#8243; visibility=&#8221;hidden-sm&#8221;][vc_column_text align=&#8221;right&#8221; css=&#8221;.vc_custom_1660066131249{margin-bottom: 0px !important;}&#8221;]\n<p class=\"a_font-22\"><strong>Tabita<\/strong><\/p>\n<p class=\"a_font-22\">lebt seit 2011 in Borna und meint oft sich selbst, wenn sie von \u201ewir\u201c und \u201euns\u201c spricht<\/p>\n[\/vc_column_text][vc_btn title=&#8221;zur\u00fcck zur \u00dcbersicht&#8221; style=&#8221;classic&#8221; shape=&#8221;square&#8221; color=&#8221;default&#8221; align=&#8221;right&#8221; link=&#8221;url:https%3A%2F%2Funofficial.pictures%2Fgeboren-gekommen-geblieben%2F|title:%5B%3Ade%5DPortraits%20einer%20diversen%20Stadt%3A%20%E2%80%9Egeboren%2C%20gekommen%2C%20geblieben%E2%80%9C%5B%3A%5D&#8221; el_class=&#8221;button-back-to-the-exhibition&#8221;][\/vc_column][vc_column width=&#8221;1\/2&#8243;][mk_padding_divider size=&#8221;100&#8243; visibility=&#8221;hidden-sm&#8221;][vc_single_image image=&#8221;2872&#8243; img_size=&#8221;400&#215;600&#8243; alignment=&#8221;right&#8221;][\/vc_column][\/mk_page_section][mk_page_section bg_color=&#8221;#85b2bc&#8221; full_width=&#8221;true&#8221; padding_top=&#8221;0&#8243; padding_bottom=&#8221;0&#8243; sidebar=&#8221;sidebar-1&#8243;][vc_column][mk_padding_divider size=&#8221;80&#8243;][vc_column_text css=&#8221;.vc_custom_1660066356040{margin-right: 3% !important;margin-bottom: 0px !important;margin-left: 3% !important;}&#8221;]An dieser Stelle w\u00fcrdest du f\u00fcr gew\u00f6hnlich die lange Version unseres Gespr\u00e4ches mit Tabita finden. Zu unseren Arbeitsprinzipien geh\u00f6rt es, nur Texte und Bilder zu ver\u00f6ffentlichen, wenn sich die interviewte Person damit einverstanden erkl\u00e4rt und sich mit dem Text wohl f\u00fchlt. Aus verschiedenen pers\u00f6nlichen Gr\u00fcnden ver\u00f6ffentlichen wir daher hier eine kurze Version wie sie im Bornaer Stadtjournal ver\u00f6ffentlicht wurde. Wir bitten um Verst\u00e4ndnis und R\u00fccksicht auf unsere Arbeitsweise und Tabitas W\u00fcnsche.[\/vc_column_text][\/vc_column][\/mk_page_section][mk_page_section bg_color=&#8221;#85b2bc&#8221; full_width=&#8221;true&#8221; padding_top=&#8221;0&#8243; padding_bottom=&#8221;0&#8243; sidebar=&#8221;sidebar-1&#8243;][vc_column][vc_column_text el_class=&#8221;vier-spalten-blocksatz&#8221; css=&#8221;.vc_custom_1660066472413{margin-bottom: 0px !important;}&#8221;]Ich bin eine multiple Pers\u00f6nlichkeit, das hei\u00dft ich habe viele Innen-Anteile. Eine Innen-Person hei\u00dft zum Beispiel Tabita. Sie ist eine Innen-Person von uns, die auch im Alltag mitmacht, eigentlich auch eine starke Pers\u00f6n\u00adlich\u00adkeit. Die ist so um die 30 Jahre alt. Das Alter der Innen-Person hat nichts damit zu tun, wie alt der K\u00f6rper ist. Uta ist unsere K\u00e4mpferin, die hat uns schon aus manchen bedrohlichen Situa\u00adtionen herausgeholt. Aber Tabita ist eigentlich eine coole Sau: Mit einer Mit\u00adarbei\u00adterin vom Frauenhaus hat Tabita zum Beispiel auch immer zusammen gesungen, was andere Innen-Personen nicht so mochten.<br \/>\nWenn du multiple bist, hei\u00dft das ja nicht, dass jeder im Inneren wei\u00df, dass noch andere Personen in diesem K\u00f6rper wohnen. Multiple sein kann man sich im Grunde wie ein riesen\u00adgro\u00dfes Hochhaus vorstellen, mit ganz vielen verschiedenen Wohnungen und Familien oder sonst was. Da wei\u00dft du ja auch nicht, wenn du im Hochhaus wohnst, was der im Erd\u00adge\u00adschoss macht. Dich dann wie bei so einem Hausfest nach und nach kennen zu lernen und miteinander zu arbeiten, das ist dann jahre\u00adlange Therapie. Wir haben im Inneren mittlerweile eine gute Zusammen\u00adarbeit, so dass Austausch stattfindet. Multiple sein ist keine Krankheit, sondern eine Art des \u00dcberlebens nach jahrelanger Gewalt.<br \/>\nIch bin Opfer von ritueller Gewalt. Ich habe aus einer Gro\u00dfstadt im Norden fliehen m\u00fcssen und bin dann in eine Schutz\u00adwohnung in eine andere Stadt gekommen und habe dann mit meiner Tochter da gelebt. 2011 bin ich nach Borna gekommen. Das ist nicht meine Traum\u00adstadt, ganz ehrlich, \u00e4tzend finde ich es. Wo wir bisher lebten, ist es egal welche Hautfarbe du hast. Ich habe in einem Viertel gelebt, da guckt man nicht danach aus welchem Land einer kommt, sondern da waren Menschen, einfach nur Menschen. Diesen Hass hier in Borna zu merken, das hat mich v\u00f6llig \u00fcberfordert. Wir sind nicht mit diesem Hass gro\u00df geworden. Das kennen wir einfach nicht. Wir sind offen, freundlich und im Miteinander. Ich w\u00fcrde alles daf\u00fcr tun in einer friedlicheren Gemeinschaft zu sein. Ich gucke immer, dass ich in der Nachbar\u00adschaft gut klar komme. Ich will keinen Krach haben.[\/vc_column_text][\/vc_column][\/mk_page_section][mk_page_section bg_color=&#8221;#85b2bc&#8221; full_width=&#8221;true&#8221; padding_top=&#8221;0&#8243; padding_bottom=&#8221;0&#8243; sidebar=&#8221;sidebar-1&#8243;][vc_column][vc_column_text el_class=&#8221;vier-spalten-blocksatz&#8221; css=&#8221;.vc_custom_1660066547989{margin-bottom: 0px !important;}&#8221;]Ich m\u00f6chte einfach ein Mit\u00adeinander, ein sch\u00f6nes Zusammen\u00adleben und nicht ein Gegen\u00adeinander. Das kann man einfach nicht gebrauchen, es passiert genug schlimme Sachen auf der Welt. Da sollte man gucken, dass man in Frieden leben kann. Mit Frieden meine ich nicht, dass es nie mal einen Streit gibt oder Auseinander\u00adsetzungen oder Meinungs\u00adver\u00adschieden\u00adheiten, aber dass man eben nicht versucht den anderen fertig zu machen. Diese Ge\u00adh\u00e4ssig\u00adkeit ist in Borna ganz extrem. Das ist nicht sch\u00f6n, das ist auch nicht meine Welt. \u00dcberhaupt nicht. Mit Kleinig\u00adkeiten geht das schon los: jeder versucht den anderen das Leben schwer zu machen, nieder zu machen.<br \/>\nManchmal denkt man so: in Borna tut sich was. Aber in manchen l\u00e4ngeren Gespr\u00e4chen mit meiner Nachbarin kommen mir dann Zweifel. Sie sagt dann: \u201eDie Ausl\u00e4nder kriegen sowieso eine fertige Wohnung, die kriegen alles in den Arsch geschoben\u201c. Gleichzeitig zieht \u00fcber ihr ein P\u00e4rchen ein, sie f\u00e4ngt an Kontakt aufzubauen und sagt: \u201eOh, die sind ja wirklich nett und was die alles machen und was die alles durch haben.\u201c Sie f\u00e4ngt an sich f\u00fcr diese Leute einzusetzen und begleitet sie zum Arzt. Wenn es dann mal nicht funktionierte, wie sie sich das dachte, hei\u00dft es: \u201cAh, die wollen doch nichts.\u201d Wo ich denke: Du hast doch vorhin noch ganz anders geredet.<br \/>\nIch werde hier nicht mehr weggehen, das ist einfach so. Ich m\u00f6chte bestimmte Leute nicht verlieren: Mein Helfer-Team, wo ich wirklich dankbar f\u00fcr bin. Und ich bin gl\u00fccklich. Eine meiner Sozial\u00adarbeiterinnen sagt immer: \u201eAuch wenn ich keine Bereitschaft mehr mache, wenn was ist, ihr k\u00f6nnt mich anrufen.\u201c So dieses Herzliche. Man merkt, da sind Leute, die sind wirklich f\u00fcr dich da. Du musst gar nicht immer Kontakt zu denen haben, aber ich wei\u00df, wenn ich wirklich in Not bin, sind die f\u00fcr mich da. Und das ist einfach so ein Sicher\u00adheits\u00adgef\u00fchl. Deswegen m\u00f6chte ich einfach auch hier bleiben.<br \/>\nIch habe das damals schon bei meiner Tochter gehasst, dass es hier einfach nicht viel gegeben hat f\u00fcr Jugendliche. Vor allem, alle beschweren sich, was die Jugendlichen f\u00fcr Schei\u00dfe bauen oder randalieren, aber gibt es in Borna eine M\u00f6glichkeit f\u00fcr Jugend\u00adliche? Nee. Auch wenn es jetzt den Jugend\u00adtreff gibt, aber welcher 14-15-J\u00e4hrige geht da noch rein? Die haben andere Interessen und da wird nichts f\u00fcr sie geboten. Reden tun sie alle viel, aber ver\u00e4ndern? Aber im Gro\u00dfen und Ganzen geben wir Borna noch mal eine Chance.[\/vc_column_text][\/vc_column][\/mk_page_section][vc_row][vc_column][vc_column_text css=&#8221;.vc_custom_1643311707101{margin-top: 80px !important;margin-bottom: 0px !important;}&#8221;]\n<h4><a href=\"https:\/\/unofficial.pictures\/geboren-gekommen-geblieben\/\">Portr\u00e4ts einer diversen Stadt: \u201egeboren, gekommen, geblieben\u201c<\/a><\/h4>\n[\/vc_column_text][mk_padding_divider][\/vc_column][\/vc_row]\n\n<\/div>","protected":false},"excerpt":{"rendered":"<p>Sorry, this entry is only available in Deutsch. [mk_page_section padding_top=&#8221;0&#8243; padding_bottom=&#8221;0&#8243; sidebar=&#8221;sidebar-1&#8243;][vc_column width=&#8221;1\/2&#8243;][mk_padding_divider size=&#8221;200&#8243; visibility=&#8221;hidden-sm&#8221;][vc_column_text align=&#8221;right&#8221; css=&#8221;.vc_custom_1660066131249{margin-bottom: 0px !important;}&#8221;] Tabita lebt seit 2011 in Borna und meint oft sich selbst, wenn sie von \u201ewir\u201c und \u201euns\u201c spricht [\/vc_column_text][vc_btn title=&#8221;zur\u00fcck zur \u00dcbersicht&#8221; style=&#8221;classic&#8221; shape=&#8221;square&#8221; color=&#8221;default&#8221; align=&#8221;right&#8221; link=&#8221;url:https%3A%2F%2Funofficial.pictures%2Fgeboren-gekommen-geblieben%2F|title:%5B%3Ade%5DPortraits%20einer%20diversen%20Stadt%3A%20%E2%80%9Egeboren%2C%20gekommen%2C%20geblieben%E2%80%9C%5B%3A%5D&#8221; el_class=&#8221;button-back-to-the-exhibition&#8221;][\/vc_column][vc_column width=&#8221;1\/2&#8243;][mk_padding_divider size=&#8221;100&#8243; visibility=&#8221;hidden-sm&#8221;][vc_single_image image=&#8221;2872&#8243; img_size=&#8221;400&#215;600&#8243; alignment=&#8221;right&#8221;][\/vc_column][\/mk_page_section][mk_page_section bg_color=&#8221;#85b2bc&#8221; full_width=&#8221;true&#8221; [&hellip;]<\/p>\n","protected":false},"author":1,"featured_media":0,"parent":2639,"menu_order":0,"comment_status":"closed","ping_status":"closed","template":"","meta":{"footnotes":""},"class_list":["post-2867","page","type-page","status-publish","hentry"],"_links":{"self":[{"href":"https:\/\/unofficial.pictures\/en\/wp-json\/wp\/v2\/pages\/2867","targetHints":{"allow":["GET"]}}],"collection":[{"href":"https:\/\/unofficial.pictures\/en\/wp-json\/wp\/v2\/pages"}],"about":[{"href":"https:\/\/unofficial.pictures\/en\/wp-json\/wp\/v2\/types\/page"}],"author":[{"embeddable":true,"href":"https:\/\/unofficial.pictures\/en\/wp-json\/wp\/v2\/users\/1"}],"replies":[{"embeddable":true,"href":"https:\/\/unofficial.pictures\/en\/wp-json\/wp\/v2\/comments?post=2867"}],"version-history":[{"count":6,"href":"https:\/\/unofficial.pictures\/en\/wp-json\/wp\/v2\/pages\/2867\/revisions"}],"predecessor-version":[{"id":2874,"href":"https:\/\/unofficial.pictures\/en\/wp-json\/wp\/v2\/pages\/2867\/revisions\/2874"}],"up":[{"embeddable":true,"href":"https:\/\/unofficial.pictures\/en\/wp-json\/wp\/v2\/pages\/2639"}],"wp:attachment":[{"href":"https:\/\/unofficial.pictures\/en\/wp-json\/wp\/v2\/media?parent=2867"}],"curies":[{"name":"wp","href":"https:\/\/api.w.org\/{rel}","templated":true}]}}