{"id":1330,"date":"2019-04-25T12:52:11","date_gmt":"2019-04-25T10:52:11","guid":{"rendered":"https:\/\/unofficial.pictures\/?page_id=1330"},"modified":"2019-04-26T12:51:33","modified_gmt":"2019-04-26T10:51:33","slug":"zine-workshop-wem-gehoert-die-hood","status":"publish","type":"page","link":"https:\/\/unofficial.pictures\/ru\/sharing\/zine-workshop-wem-gehoert-die-hood\/","title":{"rendered":"(Deutsch) Zine-Workshop &#171;wem geh\u00f6rt die hood?&#187;"},"content":{"rendered":"<p class=\"qtranxs-available-languages-message qtranxs-available-languages-message-ru\">\u0418\u0437\u0432\u0438\u043d\u0438\u0442\u0435, \u044d\u0442\u043e\u0442 \u0442\u0435\u043a\u0441\u0442 \u0434\u043e\u0441\u0442\u0443\u043f\u0435\u043d \u0442\u043e\u043b\u044c\u043a\u043e \u043d\u0430 &ldquo;<a href=\"https:\/\/unofficial.pictures\/de\/wp-json\/wp\/v2\/pages\/1330\" class=\"qtranxs-available-language-link qtranxs-available-language-link-de\" title=\"Deutsch\">Deutsch<\/a>&rdquo; \u0438 &ldquo;<a href=\"https:\/\/unofficial.pictures\/en\/wp-json\/wp\/v2\/pages\/1330\" class=\"qtranxs-available-language-link qtranxs-available-language-link-en\" title=\"English\">English<\/a>&rdquo;.<\/p>[mk_page_section padding_top=&#187;0&#8243; padding_bottom=&#187;0&#8243; sidebar=&#187;sidebar-1&#8243;][vc_column][mk_fancy_title strip_tags=&#187;true&#187; color=&#187;#000000&#8243; size=&#187;60&#8243; font_weight=&#187;bold&#187; txt_transform=&#187;uppercase&#187; letter_spacing=&#187;2&#8243; margin_bottom=&#187;0&#8243; font_family=&#187;Signika&#187; font_type=&#187;google&#187; responsive_align=&#187;left&#187;]Zine-Workshop &#171;wem geh\u00f6rt die hood?&#187;[\/mk_fancy_title][vc_column_text css=&#187;.vc_custom_1556189354635{margin-bottom: 0px !important;}&#187;]Wem geh\u00f6rt das Viertel? Wer kann hier leben? Wer ist wie pr\u00e4sent auf den Stra\u00dfen? Wer kann sich wie frei bewegen? Wie \u00e4u\u00dfert sich Verdr\u00e4ngung und wer ist davon betroffen? Was tut wer dagegen? Wer kann das nicht? Wie wollen wir eigentlich zusammenleben?[\/vc_column_text][\/vc_column][\/mk_page_section][mk_page_section padding_top=&#187;0&#8243; padding_bottom=&#187;80&#8243; sidebar=&#187;sidebar-1&#8243;][vc_column width=&#187;2\/3&#8243;][mk_divider style=&#187;thin_solid&#187; thin_single_color=&#187;#f2af4b&#187; thickness=&#187;6&#8243; margin_top=&#187;0&#8243;][vc_column_text css=&#187;.vc_custom_1556189397036{margin-bottom: 0px !important;}&#187;]Unser Workshop \u00fcber drei Samstage (4. Mai, 25. Mai, 15. Juni) startet mit einem Austausch \u00fcber unsere Verbindungen zum Thema. Dann begleiten wir euch dabei, das was euch bewegt in Fotografien, Zeichnungen, Collagen, Texten in einem gemeinsamen selbstgemachten (Maga)zine auszudr\u00fccken, das wir am 22. Juni zum Zuf\u00e4llig Osten vorstellen wollen![\/vc_column_text][\/vc_column][vc_column width=&#187;1\/3&#8243;][mk_divider style=&#187;thin_solid&#187; thin_single_color=&#187;#f2af4b&#187; thickness=&#187;6&#8243; margin_top=&#187;0&#8243;][vc_column_text css=&#187;.vc_custom_1556190073226{margin-bottom: 0px !important;}&#187;]Zeiten: Sa. 4.Mai, Sa. 25. Mai, Sa.15. Juni \u2013 jeweils 11-18 Uhr<\/p>\n<p>Ort: Verein zur St\u00e4rkung einer guten Sache e.V., Eisenbahnstra\u00dfe 127, Leipzig-Volkmarsdorf<\/p>\n<p>Eine Veranstaltung von unofficial.pictures in Kooperation mit der Rosa-Luxemburg-Stiftung Sachsen.<\/p>\n<p>Teilnahme auf Spendenbasis. Die Pl\u00e4tze sind begrenzt, bitte meldet euch m\u00f6glichst bald an (s. unten)![\/vc_column_text][\/vc_column][\/mk_page_section][mk_page_section padding_top=&#187;0&#8243; padding_bottom=&#187;80&#8243; sidebar=&#187;sidebar-1&#8243;][vc_column][mk_divider style=&#187;thin_solid&#187; thin_single_color=&#187;#f2af4b&#187; thickness=&#187;6&#8243; margin_top=&#187;0&#8243;][mk_fancy_title strip_tags=&#187;true&#187; color=&#187;#000000&#8243; size=&#187;40&#8243; font_weight=&#187;bold&#187; txt_transform=&#187;uppercase&#187; letter_spacing=&#187;2&#8243; margin_bottom=&#187;0&#8243; font_family=&#187;Signika&#187; font_type=&#187;google&#187; responsive_align=&#187;left&#187;]Anmelden[\/mk_fancy_title][vc_column_text css=&#187;.vc_custom_1556189617757{margin-bottom: 0px !important;}&#187;]\n<div class=\"wpcf7 no-js\" id=\"wpcf7-f1332-o1\" lang=\"de-DE\" dir=\"ltr\" data-wpcf7-id=\"1332\">\n<div class=\"screen-reader-response\"><p role=\"status\" aria-live=\"polite\" aria-atomic=\"true\"><\/p> <ul><\/ul><\/div>\n<form action=\"\/ru\/wp-json\/wp\/v2\/pages\/1330#wpcf7-f1332-o1\" method=\"post\" class=\"wpcf7-form init wpcf7-acceptance-as-validation\" aria-label=\"Kontaktformular\" novalidate=\"novalidate\" data-status=\"init\">\n<fieldset class=\"hidden-fields-container\"><input type=\"hidden\" name=\"_wpcf7\" value=\"1332\" \/><input type=\"hidden\" name=\"_wpcf7_version\" value=\"6.1.5\" \/><input type=\"hidden\" name=\"_wpcf7_locale\" value=\"de_DE\" \/><input type=\"hidden\" name=\"_wpcf7_unit_tag\" value=\"wpcf7-f1332-o1\" \/><input type=\"hidden\" name=\"_wpcf7_container_post\" value=\"0\" \/><input type=\"hidden\" name=\"_wpcf7_posted_data_hash\" value=\"\" \/>\n<\/fieldset>\n<h3>Kontaktangaben\n<\/h3>\n<p><label> Dein Name (Pflichtfeld)<br \/>\n<span class=\"wpcf7-form-control-wrap\" data-name=\"your-name\"><input size=\"40\" maxlength=\"400\" class=\"wpcf7-form-control wpcf7-text wpcf7-validates-as-required\" aria-required=\"true\" aria-invalid=\"false\" value=\"\" type=\"text\" name=\"your-name\" \/><\/span> <\/label>\n<\/p>\n<p><label> Deine E-Mail-Adresse (Pflichtfeld)<br \/>\n<span class=\"wpcf7-form-control-wrap\" data-name=\"your-email\"><input size=\"40\" maxlength=\"400\" class=\"wpcf7-form-control wpcf7-email wpcf7-validates-as-required wpcf7-text wpcf7-validates-as-email\" aria-required=\"true\" aria-invalid=\"false\" value=\"\" type=\"email\" name=\"your-email\" \/><\/span> <\/label>\n<\/p>\n<p><label> Deine Telefonnummer (Pflichtfeld)<br \/>\n<span class=\"wpcf7-form-control-wrap\" data-name=\"telephone\"><input size=\"40\" maxlength=\"400\" class=\"wpcf7-form-control wpcf7-tel wpcf7-validates-as-required wpcf7-text wpcf7-validates-as-tel\" aria-required=\"true\" aria-invalid=\"false\" value=\"\" type=\"tel\" name=\"telephone\" \/><\/span> <\/label>\n<\/p>\n<p>&nbsp;\n<\/p>\n<h3>Besondere Bed\u00fcrfnisse, Fragen etc.\n<\/h3>\n<p><label> Deine Nachricht<br \/>\n<span class=\"wpcf7-form-control-wrap\" data-name=\"your-message\"><textarea cols=\"40\" rows=\"10\" maxlength=\"2000\" class=\"wpcf7-form-control wpcf7-textarea\" aria-invalid=\"false\" name=\"your-message\"><\/textarea><\/span> <\/label>\n<\/p>\n<p>&nbsp;\n<\/p>\n<h3>Absenden\n<\/h3>\n<p><span class=\"wpcf7-form-control-wrap\" data-name=\"checkbox-newsletter\"><span class=\"wpcf7-form-control wpcf7-checkbox\"><span class=\"wpcf7-list-item first last\"><input type=\"checkbox\" name=\"checkbox-newsletter[]\" value=\"Ich m\u00f6chte ca. vier mal j\u00e4hrlich den Newsletter von unofficial.pictures erhalten\" \/><span class=\"wpcf7-list-item-label\">Ich m\u00f6chte ca. vier mal j\u00e4hrlich den Newsletter von unofficial.pictures erhalten<\/span><\/span><\/span><\/span>\n<\/p>\n<p><span class=\"wpcf7-form-control-wrap\" data-name=\"accept-data-processing\"><span class=\"wpcf7-form-control wpcf7-acceptance\"><span class=\"wpcf7-list-item\"><label><input type=\"checkbox\" name=\"accept-data-processing\" value=\"1\" aria-invalid=\"false\" \/><span class=\"wpcf7-list-item-label\">Ich stimme zu, dass meine hier eingegebenen Daten zeitlich unbegrenzt elektronisch gespeichert werden. Ich kann dieser Speicherung jederzeit per Mail an office@unofficial.pictures widersprechen.<\/span><\/label><\/span><\/span><\/span>\n<\/p>\n<p><input class=\"wpcf7-form-control wpcf7-submit has-spinner\" type=\"submit\" value=\"Verbindlich anmelden\" \/>\n<\/p><div class=\"wpcf7-response-output\" aria-hidden=\"true\"><\/div>\n<\/form>\n<\/div>\n[\/vc_column_text][\/vc_column][\/mk_page_section]","protected":false},"excerpt":{"rendered":"<p>\u0418\u0437\u0432\u0438\u043d\u0438\u0442\u0435, \u044d\u0442\u043e\u0442 \u0442\u0435\u043a\u0441\u0442 \u0434\u043e\u0441\u0442\u0443\u043f\u0435\u043d \u0442\u043e\u043b\u044c\u043a\u043e \u043d\u0430 &ldquo;Deutsch&rdquo; \u0438 &ldquo;English&rdquo;.[mk_page_section padding_top=&#187;0&#8243; padding_bottom=&#187;0&#8243; sidebar=&#187;sidebar-1&#8243;][vc_column][mk_fancy_title strip_tags=&#187;true&#187; color=&#187;#000000&#8243; size=&#187;60&#8243; font_weight=&#187;bold&#187; txt_transform=&#187;uppercase&#187; letter_spacing=&#187;2&#8243; margin_bottom=&#187;0&#8243; font_family=&#187;Signika&#187; font_type=&#187;google&#187; responsive_align=&#187;left&#187;]Zine-Workshop &#171;wem geh\u00f6rt die hood?&#187;[\/mk_fancy_title][vc_column_text css=&#187;.vc_custom_1556189354635{margin-bottom: 0px !important;}&#187;]Wem geh\u00f6rt das Viertel? Wer kann hier leben? Wer ist wie pr\u00e4sent auf den Stra\u00dfen? Wer kann sich wie frei bewegen? Wie \u00e4u\u00dfert sich Verdr\u00e4ngung und wer [&hellip;]<\/p>\n","protected":false},"author":1,"featured_media":0,"parent":530,"menu_order":0,"comment_status":"closed","ping_status":"closed","template":"","meta":{"footnotes":""},"class_list":["post-1330","page","type-page","status-publish","hentry"],"_links":{"self":[{"href":"https:\/\/unofficial.pictures\/ru\/wp-json\/wp\/v2\/pages\/1330","targetHints":{"allow":["GET"]}}],"collection":[{"href":"https:\/\/unofficial.pictures\/ru\/wp-json\/wp\/v2\/pages"}],"about":[{"href":"https:\/\/unofficial.pictures\/ru\/wp-json\/wp\/v2\/types\/page"}],"author":[{"embeddable":true,"href":"https:\/\/unofficial.pictures\/ru\/wp-json\/wp\/v2\/users\/1"}],"replies":[{"embeddable":true,"href":"https:\/\/unofficial.pictures\/ru\/wp-json\/wp\/v2\/comments?post=1330"}],"version-history":[{"count":7,"href":"https:\/\/unofficial.pictures\/ru\/wp-json\/wp\/v2\/pages\/1330\/revisions"}],"predecessor-version":[{"id":1339,"href":"https:\/\/unofficial.pictures\/ru\/wp-json\/wp\/v2\/pages\/1330\/revisions\/1339"}],"up":[{"embeddable":true,"href":"https:\/\/unofficial.pictures\/ru\/wp-json\/wp\/v2\/pages\/530"}],"wp:attachment":[{"href":"https:\/\/unofficial.pictures\/ru\/wp-json\/wp\/v2\/media?parent=1330"}],"curies":[{"name":"wp","href":"https:\/\/api.w.org\/{rel}","templated":true}]}}