{"id":1590,"date":"2020-04-28T13:09:50","date_gmt":"2020-04-28T11:09:50","guid":{"rendered":"https:\/\/unofficial.pictures\/versandarten\/"},"modified":"2020-06-10T20:22:45","modified_gmt":"2020-06-10T18:22:45","slug":"versand","status":"publish","type":"page","link":"https:\/\/unofficial.pictures\/ru\/shop\/versand\/","title":{"rendered":"(Deutsch) Versand"},"content":{"rendered":"<p class=\"qtranxs-available-languages-message qtranxs-available-languages-message-ru\">\u0418\u0437\u0432\u0438\u043d\u0438\u0442\u0435, \u044d\u0442\u043e\u0442 \u0442\u0435\u043a\u0441\u0442 \u0434\u043e\u0441\u0442\u0443\u043f\u0435\u043d \u0442\u043e\u043b\u044c\u043a\u043e \u043d\u0430 &ldquo;<a href=\"https:\/\/unofficial.pictures\/de\/wp-json\/wp\/v2\/pages\/1590\" class=\"qtranxs-available-language-link qtranxs-available-language-link-de\" title=\"Deutsch\">Deutsch<\/a>&rdquo; \u0438 &ldquo;<a href=\"https:\/\/unofficial.pictures\/en\/wp-json\/wp\/v2\/pages\/1590\" class=\"qtranxs-available-language-link qtranxs-available-language-link-en\" title=\"English\">English<\/a>&rdquo;.<\/p><div class=\"wpb-content-wrapper\">[vc_row][vc_column][vc_column_text css=&#187;.vc_custom_1591811933667{margin-bottom: 0px !important;}&#187;]\n<h3>Versandkosten<\/h3>\n<p>Wir berechnen f\u00fcr Lieferungen innerhalb und au\u00dferhalb der Bundesrepublik Deutschland eine Versandkostenpauschale, die vom Gewicht der bestellten Produkte und dem Lieferort abh\u00e4ngig ist. Sie wird auf der Basis der Produkte im Warenkorb und der eingegebenen Lieferadresse berechnet und auf den Seiten Warenkorb und Kasse angezeigt.<\/p>\n<p>Wenn Sie die Berechnung der Versandkosten nachvollziehen m\u00f6chten, k\u00f6nnen Sie die Gewichte der bestellten Produkte auf dem Tab &#171;Zus\u00e4tzliche Informationen&#187; auf den Produktseiten einsehen. F\u00fcr die Verpackung planen wir zus\u00e4tzlich 30g Gewicht ein. Je nach Gewicht und Versandzone berechnen wir dann folgende Versandkosten:[\/vc_column_text][mk_table title=&#187;Versand nach Deutschland&#187;]\n<table width=\"100%\">\n<thead>\n<tr>\n<th>Gewicht<\/th>\n<th>Name Versandart<\/th>\n<th>versicherter Versand<\/th>\n<th>Versandkosten<\/th>\n<\/tr>\n<\/thead>\n<tbody>\n<tr>\n<td>bis 500g<\/td>\n<td>B\u00fcchersendung<\/td>\n<td>nein<\/td>\n<td>2,50 EUR<\/td>\n<\/tr>\n<tr>\n<td>bis 1000g<\/td>\n<td>B\u00fcchersendung<\/td>\n<td>nein<\/td>\n<td>2,70 EUR<\/td>\n<\/tr>\n<tr>\n<td>bis 2000g<\/td>\n<td>P\u00e4ckchen<\/td>\n<td>nein<\/td>\n<td>5 EUR<\/td>\n<\/tr>\n<tr>\n<td>bis 2000g<\/td>\n<td>Paket<\/td>\n<td>ja<\/td>\n<td>6 EUR<\/td>\n<\/tr>\n<tr>\n<td>bis 5000g<\/td>\n<td>Paket<\/td>\n<td>ja<\/td>\n<td>7 EUR<\/td>\n<\/tr>\n<tr>\n<td>bis 10.000g<\/td>\n<td>Paket<\/td>\n<td>ja<\/td>\n<td>10 EUR<\/td>\n<\/tr>\n<\/tbody>\n<\/table>\n[\/mk_table][mk_table title=&#187;Versand in die EU&#187;]\n<table width=\"100%\">\n<thead>\n<tr>\n<th>Gewicht<\/th>\n<th>Name Versandart<\/th>\n<th>versicherter Versand<\/th>\n<th>Versandkosten<\/th>\n<\/tr>\n<\/thead>\n<tbody>\n<tr>\n<td>bis 2000g<\/td>\n<td>P\u00e4ckchen<\/td>\n<td>nein<\/td>\n<td>9,50 EUR<\/td>\n<\/tr>\n<tr>\n<td>bis 5000g<\/td>\n<td>Paket<\/td>\n<td>ja<\/td>\n<td>18,50 EUR<\/td>\n<\/tr>\n<tr>\n<td>bis 10.000g<\/td>\n<td>Paket<\/td>\n<td>ja<\/td>\n<td>23,50 EUR<\/td>\n<\/tr>\n<\/tbody>\n<\/table>\n[\/mk_table][mk_table title=&#187;Versand weltweit&#187;]\n<table width=\"100%\">\n<thead>\n<tr>\n<th>Gewicht<\/th>\n<th>Ziele<\/th>\n<th>Name Versandart<\/th>\n<th>versicherter Versand<\/th>\n<th>Versandkosten<\/th>\n<\/tr>\n<\/thead>\n<tbody>\n<tr>\n<td>bis 2000g<\/td>\n<td>\u00fcberall hin<\/td>\n<td>P\u00e4ckchen<\/td>\n<td>no<\/td>\n<td>16,50 EUR<\/td>\n<\/tr>\n<tr>\n<td>bis 5000g<\/td>\n<td>\u00fcberall hin<\/td>\n<td>Paket<\/td>\n<td>yes<\/td>\n<td>47,50 EUR<\/td>\n<\/tr>\n<tr>\n<td>bis 10.000g<\/td>\n<td>\u00fcberall hin<\/td>\n<td>Paket<\/td>\n<td>yes<\/td>\n<td>63,50 EUR<\/td>\n<\/tr>\n<\/tbody>\n<\/table>\n[\/mk_table]\n[mk_padding_divider size=&#187;80&#8243;][vc_column_text css=&#187;.vc_custom_1591804819808{margin-bottom: 0px !important;}&#187;]\n<h3>Lieferzeiten<\/h3>\n<p>Der Online-Versandhandel ist nicht unser Hauptt\u00e4tigkeitsfeld und manchmal sind wir f\u00fcr einige Tage f\u00fcr ein Projekt unterwegs. Wir bitten Sie daher um etwas Geduld. Wenn sie eine bestellte Ware eilig ben\u00f6tigen, kontaktieren Sie uns bitte vorher, um die aktuellen Lieferzeiten zu erfahren. Die maximale Lieferzeit in der Bundesrepublik Deutschland betr\u00e4gt 14 Tage ab Anweisung der Zahlung durch den Kunden, im Ausland maximal 28 Tage.[\/vc_column_text][\/vc_column][\/vc_row]\n<\/div>","protected":false},"excerpt":{"rendered":"<p>\u0418\u0437\u0432\u0438\u043d\u0438\u0442\u0435, \u044d\u0442\u043e\u0442 \u0442\u0435\u043a\u0441\u0442 \u0434\u043e\u0441\u0442\u0443\u043f\u0435\u043d \u0442\u043e\u043b\u044c\u043a\u043e \u043d\u0430 &ldquo;Deutsch&rdquo; \u0438 &ldquo;English&rdquo;.[vc_row][vc_column][vc_column_text css=&#187;.vc_custom_1591811933667{margin-bottom: 0px !important;}&#187;] Versandkosten Wir berechnen f\u00fcr Lieferungen innerhalb und au\u00dferhalb der Bundesrepublik Deutschland eine Versandkostenpauschale, die vom Gewicht der bestellten Produkte und dem Lieferort abh\u00e4ngig ist. Sie wird auf der Basis der Produkte im Warenkorb und der eingegebenen Lieferadresse berechnet und auf den Seiten Warenkorb [&hellip;]<\/p>\n","protected":false},"author":1,"featured_media":0,"parent":251,"menu_order":0,"comment_status":"closed","ping_status":"closed","template":"","meta":{"footnotes":""},"class_list":["post-1590","page","type-page","status-publish","hentry"],"_links":{"self":[{"href":"https:\/\/unofficial.pictures\/ru\/wp-json\/wp\/v2\/pages\/1590","targetHints":{"allow":["GET"]}}],"collection":[{"href":"https:\/\/unofficial.pictures\/ru\/wp-json\/wp\/v2\/pages"}],"about":[{"href":"https:\/\/unofficial.pictures\/ru\/wp-json\/wp\/v2\/types\/page"}],"author":[{"embeddable":true,"href":"https:\/\/unofficial.pictures\/ru\/wp-json\/wp\/v2\/users\/1"}],"replies":[{"embeddable":true,"href":"https:\/\/unofficial.pictures\/ru\/wp-json\/wp\/v2\/comments?post=1590"}],"version-history":[{"count":6,"href":"https:\/\/unofficial.pictures\/ru\/wp-json\/wp\/v2\/pages\/1590\/revisions"}],"predecessor-version":[{"id":2010,"href":"https:\/\/unofficial.pictures\/ru\/wp-json\/wp\/v2\/pages\/1590\/revisions\/2010"}],"up":[{"embeddable":true,"href":"https:\/\/unofficial.pictures\/ru\/wp-json\/wp\/v2\/pages\/251"}],"wp:attachment":[{"href":"https:\/\/unofficial.pictures\/ru\/wp-json\/wp\/v2\/media?parent=1590"}],"curies":[{"name":"wp","href":"https:\/\/api.w.org\/{rel}","templated":true}]}}