{"id":1829,"date":"2020-06-05T11:37:54","date_gmt":"2020-06-05T09:37:54","guid":{"rendered":"https:\/\/unofficial.pictures\/?page_id=1829"},"modified":"2020-06-16T14:07:03","modified_gmt":"2020-06-16T12:07:03","slug":"krisenbilder","status":"publish","type":"page","link":"https:\/\/unofficial.pictures\/ru\/sharing\/krisenbilder\/","title":{"rendered":"(Deutsch) Krisenbilder"},"content":{"rendered":"<p class=\"qtranxs-available-languages-message qtranxs-available-languages-message-ru\">\u0418\u0437\u0432\u0438\u043d\u0438\u0442\u0435, \u044d\u0442\u043e\u0442 \u0442\u0435\u043a\u0441\u0442 \u0434\u043e\u0441\u0442\u0443\u043f\u0435\u043d \u0442\u043e\u043b\u044c\u043a\u043e \u043d\u0430 &ldquo;<a href=\"https:\/\/unofficial.pictures\/de\/wp-json\/wp\/v2\/pages\/1829\" class=\"qtranxs-available-language-link qtranxs-available-language-link-de\" title=\"Deutsch\">Deutsch<\/a>&rdquo;.<\/p>[mk_page_section bg_image=&#187;https:\/\/unofficial.pictures\/wp-content\/uploads\/2020\/06\/krisenbilder_cover.jpg&#187; bg_position=&#187;center bottom&#187; bg_repeat=&#187;no-repeat&#187; bg_stretch=&#187;true&#187; min_height=&#187;0&#8243; full_height=&#187;true&#187; padding_top=&#187;32&#8243; padding_bottom=&#187;32&#8243; margin_bottom=&#187;80&#8243; sidebar=&#187;sidebar-1&#8243;][vc_column][mk_fancy_title strip_tags=&#187;true&#187; color=&#187;#ffffff&#187; size=&#187;60&#8243; font_weight=&#187;bold&#187; txt_transform=&#187;uppercase&#187; letter_spacing=&#187;2&#8243; margin_bottom=&#187;0&#8243; font_family=&#187;Signika&#187; font_type=&#187;google&#187; align=&#187;center&#187;]\n<h1 class=\"western\"><span style=\"color: #808080;\">Krisenbilder<\/span><\/h1>\n[\/mk_fancy_title][\/vc_column][\/mk_page_section][mk_page_section padding_top=&#187;0&#8243; padding_bottom=&#187;0&#8243; margin_bottom=&#187;80&#8243; sidebar=&#187;sidebar-1&#8243;][vc_column][vc_column_text margin_bottom=&#187;&#187; el_class=&#187;large&#187; css=&#187;.vc_custom_1591366211623{margin-bottom: 0px !important;}&#187;]Ob sie durch Corona entstanden sind, durch Diskriminierung oder Gewalterfahrungen, oder vielleicht durch eine abrupte Ver\u00e4nderung im Beruf oder in Beziehungen \u2013 in diesem Online-Workshop wollen wir uns in einer kleinen Gruppe \u00fcber pers\u00f6nliche und gesellschaftliche Krisen austauschen. Vorhandene oder neu entstehende Fotografien&amp;Videos werden dabei zum Forschungswerkzeug und Ausdrucksmedium. Du entscheidest, ob dir der Prozess des Austauschs am wichtigsten ist oder ein konkretes Ergebnis. Wahrscheinlich wirst du am Ende ein Fotoprojekt abgeschlossen haben, dass dir selbst einen klareren (R\u00fcck)blick auf deine Krise erlaubt. Und du kannst entscheiden, ob du die Bilder auch nutzen willst, um deine Erfahrungen mit anderen zu teilen.[\/vc_column_text][\/vc_column][\/mk_page_section][mk_page_section padding_top=&#187;0&#8243; padding_bottom=&#187;0&#8243; margin_bottom=&#187;80&#8243; sidebar=&#187;sidebar-1&#8243;][vc_column width=&#187;5\/12&#8243;][mk_divider style=&#187;thin_solid&#187; thin_single_color=&#187;#f2af4b&#187; thickness=&#187;6&#8243; margin_top=&#187;0&#8243;][mk_fancy_title strip_tags=&#187;true&#187; tag_name=&#187;h3&#8243; color=&#187;#000000&#8243; size=&#187;34&#8243; font_weight=&#187;bold&#187; txt_transform=&#187;uppercase&#187; letter_spacing=&#187;2&#8243; margin_bottom=&#187;0&#8243; font_family=&#187;Signika&#187; font_type=&#187;google&#187; responsive_align=&#187;left&#187;]Daten[\/mk_fancy_title][vc_column_text css=&#187;.vc_custom_1591349576630{margin-bottom: 0px !important;}&#187;]3 Sonntage, jeweils 11:00 bis 13:00 und 14:00 bis 16:00<\/p>\n<ul>\n<li>05. Juli: Kennenlernen, Austausch \u00fcber Themen<\/li>\n<li>19. Juli: Besprechen erster Bilder, Feedback<\/li>\n<li>02. August: Abschlie\u00dfende Bildauswahl, R\u00fcckblick<\/li>\n<\/ul>\n[\/vc_column_text][\/vc_column][vc_column width=&#187;7\/12&#8243;][mk_divider style=&#187;thin_solid&#187; thin_single_color=&#187;#f2af4b&#187; thickness=&#187;6&#8243; margin_top=&#187;0&#8243;][mk_fancy_title strip_tags=&#187;true&#187; tag_name=&#187;h3&#8243; color=&#187;#000000&#8243; size=&#187;34&#8243; font_weight=&#187;bold&#187; txt_transform=&#187;uppercase&#187; letter_spacing=&#187;2&#8243; margin_bottom=&#187;0&#8243; font_family=&#187;Signika&#187; font_type=&#187;google&#187; responsive_align=&#187;left&#187;]Was hast du davon?[\/mk_fancy_title][vc_column_text css=&#187;.vc_custom_1591349816577{margin-bottom: 0px !important;}&#187;]\n<ul>\n<li>durch Fotografie und\/oder Film eine Form finden, deine pers\u00f6nliche Sicht auf eine Krise auszudr\u00fccken \u2013 die f\u00fcr andere die Krise nachvollziehbar macht<\/li>\n<li>Erleichterung durch Aufarbeitung pers\u00f6nlicher Themen und Weiterentwicklung durch das Hinterfragen der eigenen Sicht auf das ausgew\u00e4hlte Thema<\/li>\n<li>mit anderen Wissen \u00fcber Krisen und Strategien hinaus teilen<\/li>\n<li>Vernetzung und Gemeinschaft mit anderen an Fotografie und Film interessierten Menschen, Einblick in andere Lebensrealit\u00e4ten<\/li>\n<li>lernen, einzelnen Bildern einen neuen Sinn zu geben durch erz\u00e4hlerische Kombination<\/li>\n<\/ul>\n[\/vc_column_text][\/vc_column][\/mk_page_section][mk_page_section padding_top=&#187;80&#8243; padding_bottom=&#187;80&#8243; sidebar=&#187;sidebar-1&#8243;][vc_column width=&#187;1\/2&#8243;][mk_divider style=&#187;thin_solid&#187; thin_single_color=&#187;#f2af4b&#187; thickness=&#187;6&#8243; margin_top=&#187;0&#8243;][mk_fancy_title strip_tags=&#187;true&#187; tag_name=&#187;h3&#8243; color=&#187;#000000&#8243; size=&#187;34&#8243; font_weight=&#187;bold&#187; txt_transform=&#187;uppercase&#187; letter_spacing=&#187;2&#8243; margin_bottom=&#187;0&#8243; font_family=&#187;Signika&#187; font_type=&#187;google&#187; responsive_align=&#187;left&#187;]\n<h3 class=\"western\">Ist das was f\u00fcr dich?<\/h3>\n[\/mk_fancy_title][vc_column_text css=&#187;.vc_custom_1591366251270{margin-bottom: 0px !important;}&#187;]Generell bist du bei uns richtig, wenn du Lust hast, dich mit Hilfe von Fotografien oder Videos auszudr\u00fccken. F\u00fcr den \u00bbKrisenbilder\u00ab-Workshop ist es m\u00f6glich, dass du mit schon vorhandenem Material arbeitest. Ob das Bilder von deiner Smartphone-Kamera sind, aus einem analogen Familienalbum, Schnappsch\u00fcsse von deinen Spazierg\u00e4ngen, Gefundenes aus den Weiten des Internets oder die Handy-Videos von WhatsApp \u2013 wichtig ist, dass das Material dir etwas bedeutet und du damit arbeiten m\u00f6chtest. Du kannst aber auch erst w\u00e4hrend der Workshop-Zeit mit dem Fotografieren oder Filmen anfangen. Vorerfahrungen in Videoschnitt, Bildauswahl oder Layouten sind nicht zwingend erforderlich.<\/p>\n<p>Gerade in diesem Workshop wollen wir zusammen Fotos\/Videos auf pers\u00f6nlicher Ebene befragen. Manchmal kommen dabei aufw\u00fchlende Themen\/Erfahrungen auf den Tisch. Wir wollen uns nach Kr\u00e4ften unterst\u00fctzen und immer wieder schauen wie es allen geht, vor allem tr\u00e4gst du aber w\u00e4hrend des gesamten Seminars selbst die Verantwortung daf\u00fcr was und wie viel du teilen magst. Wichtig ist auch, dass du bei Bedarf Unterst\u00fctzung durch dein Umfeld bekommst, wenn durch die Besch\u00e4ftigung im Workshop mal schwere Themen an die Oberfl\u00e4che kommen \u2013 wir selbst sind keine Psychologen, sondern begleiten deinen Prozess dich durch Bilder auszudr\u00fccken vor allem durch Empathie und unsere Erfahrungen.<\/p>\n<p>In der aktuellen Situation haben wir uns entschieden, diesen und andere Workshops online anzubieten. Du brauchst daf\u00fcr ein Smartphone\/Tablet oder einen Computer mit Webcam &amp; Mikrofon und einen Webbrowser, der den offenen Standard \u201eWebRTC\u201c unterst\u00fctzt. Das funktioniert zum Beispiel in den aktuellen Versionen von Firefox und Chromium oder Chrome. Wir und die anderen Teilnehmer*innen sollten deine Bilder sehen k\u00f6nnen, daf\u00fcr teilst du deinen Bildschirm oder l\u00e4dst die Bilder in unsere Cloud. Die \u00dcbertragung funktioniert in jedem Fall verschl\u00fcsselt, bei Fragen zu den Details sprich uns gerne an.[\/vc_column_text][mk_fancy_title strip_tags=&#187;true&#187; tag_name=&#187;h3&#8243; color=&#187;#000000&#8243; size=&#187;34&#8243; font_weight=&#187;bold&#187; txt_transform=&#187;uppercase&#187; letter_spacing=&#187;2&#8243; margin_bottom=&#187;0&#8243; font_family=&#187;Signika&#187; font_type=&#187;google&#187; responsive_align=&#187;left&#187;]\n<h3>Was kostet das?<\/h3>\n[\/mk_fancy_title][vc_column_text css=&#187;.vc_custom_1591349869711{margin-bottom: 0px !important;}&#187;]Uns ist wichtig, dass der Workshop unabh\u00e4ngig vom Einkommen zug\u00e4nglich ist. Andererseits m\u00f6chten wir von unserer Arbeit leben k\u00f6nnen. Daher haben wir uns entschieden, f\u00fcr die parallel laufenden Workshops \u00bbKrisenbilder\u00ab und \u00bbFotografische Strategien\u00ab das Prinzip der Solidarischen Landwirtschaft auf unsere Arbeit zu \u00fcbertragen. Wir haben einen Durchschnittsbeitrag von 250\u20ac f\u00fcr jede*n ausgerechnet \u2013 und sind darauf angewiesen, dass manche (auch sehr viel) mehr zahlen k\u00f6nnen, und so anderen die Teilnahme erm\u00f6glichen, die (auch sehr viel) weniger zahlen k\u00f6nnen. Bei der Anmeldung gibst du drei \u201cGebote\u201d ab \u2013 Gr\u00fcn f\u00fcr einen Beitrag, den du entspannt zahlen kannst, Gelb f\u00fcr einen Beitrag, der auch noch ok w\u00e4re, Rot f\u00fcr einen Beitrag, den du maximal zu geben bereit bist. Nach Anmeldeschluss stellt sich heraus, ob die Summe der gr\u00fcnen, gelben oder roten Beitr\u00e4ge gen\u00fcgen, um unseren Finanzbedarf zu decken.<\/p>\n<p>Wir sind uns bewusst, dass wir damit nicht alle Ungerechtigkeiten aufheben k\u00f6nnen, m\u00f6chten aber gerne den Versuch starten, eine Workshop-Reihe solidarisch zu finanzieren. Wenn du dazu Fragen oder Kritik hast, melde dich gerne bei uns. Und versuche bitte, deine M\u00f6glichkeiten realistisch einzusch\u00e4tzen. Der Teilnahmebeitrag wird nach dem Anmeldeschluss und erfolgtem Vorgespr\u00e4ch, sp\u00e4testens zum 26. Juni f\u00e4llig.[\/vc_column_text][\/vc_column][vc_column width=&#187;1\/2&#8243;][mk_image src=&#187;https:\/\/unofficial.pictures\/wp-content\/uploads\/2020\/06\/krisenbilder_small.jpg&#187; image_size=&#187;full&#187;][mk_fancy_title strip_tags=&#187;true&#187; tag_name=&#187;h3&#8243; color=&#187;#000000&#8243; size=&#187;34&#8243; font_weight=&#187;bold&#187; txt_transform=&#187;uppercase&#187; letter_spacing=&#187;2&#8243; margin_bottom=&#187;0&#8243; font_family=&#187;Signika&#187; font_type=&#187;google&#187; responsive_align=&#187;left&#187;]\n<h3>Was passiert wann?<\/h3>\n[\/mk_fancy_title][vc_column_text css=&#187;.vc_custom_1591360607872{margin-bottom: 0px !important;}&#187;]Nach der Anmeldung f\u00fchren wir ein Vorgespr\u00e4ch mit dir (max. 30 Minuten), um dich schon mal kennenzulernen und gemeinsam zu checken, ob du dich in deiner aktuellen Situation gut auf den Workshop einlassen und einen Nutzen f\u00fcr dich daraus ziehen kannst, ob mit der Technik alles klappt und nat\u00fcrlich, ob du noch Fragen hast.<\/p>\n<p>Der Workshop selbst besteht aus drei vierst\u00fcndigen Terminen an Sonntagen (11-13 und 14-16 Uhr mit 1 Stunde Mittagspause), wo sich die ganze Gruppe online trifft und ihre Projekte bespricht. Dazwischen gibt es jeweils 2 Wochen Pause, in denen ihr selbst\u00e4ndig arbeiten k\u00f6nnt. Bei Bedarf k\u00f6nnt ihr in dieser Zeit jeweils einmal f\u00fcr max. 90 Minuten in einer Online-Einzelberatung weiteres Feedback einholen, Hilfe mit Software bekommen oder einfach mit uns gemeinsam an euren Projekten arbeiten.<\/p>\n<p>Am ersten Sonntag lernen wir uns zun\u00e4chst kennen und besprechen, wie wir uns im Workshop austauschen wollen. In einem Input stellen wir euch inspirierende Projekte vor, bei denen durch Fotografie ein Umgang mit eigenen Krisen gefunden wurde. Nach der Mittagspause sprechen wir \u00fcber eure Themen, bereits vorhandene Bilder und eine jeweils eigene k\u00fcnstlerische Herangehensweise an euer Thema. So k\u00f6nnt ihr dann gezielter Bilder ausw\u00e4hlen, miteinander kombinieren und weiteres Material (Texte, Interviews, Dokumente etc.) sammeln. Am zweiten Sonntag gibt die Gruppe Feedback zu allen Arbeiten. So seid ihr gut vorbereitet, um weitere Aufnahmen zu machen, eure Auswahl zu verfeinern bzw. zu vervollst\u00e4ndigen und eure Bilder zu bearbeiten bzw. Filme zu schneiden. Am letzten Sonntag schauen wir zusammen die fertigen Arbeiten an und reflektieren den pers\u00f6nlichen und k\u00fcnstlerischen Entwicklungsprozess.[\/vc_column_text][\/vc_column][\/mk_page_section][mk_page_section padding_top=&#187;0&#8243; padding_bottom=&#187;80&#8243; sidebar=&#187;sidebar-1&#8243;][vc_column][mk_divider style=&#187;thin_solid&#187; thin_single_color=&#187;#f2af4b&#187; thickness=&#187;6&#8243; margin_top=&#187;0&#8243;][mk_fancy_title strip_tags=&#187;true&#187; tag_name=&#187;h3&#8243; color=&#187;#000000&#8243; size=&#187;34&#8243; font_weight=&#187;bold&#187; txt_transform=&#187;uppercase&#187; letter_spacing=&#187;2&#8243; margin_bottom=&#187;0&#8243; font_family=&#187;Signika&#187; font_type=&#187;google&#187; responsive_align=&#187;left&#187;]Anmelden[\/mk_fancy_title][vc_column_text css=&#187;.vc_custom_1592309226123{margin-bottom: 0px !important;}&#187;]Die Anmeldefrist ist bereits abgelaufen. Der Workhop wird sicher wiederholt. Bei Interesse <a href=\"https:\/\/unofficial.pictures\/shop\/kontakt\/\">schreib uns<\/a>.[\/vc_column_text][\/vc_column][\/mk_page_section]","protected":false},"excerpt":{"rendered":"<p>\u0418\u0437\u0432\u0438\u043d\u0438\u0442\u0435, \u044d\u0442\u043e\u0442 \u0442\u0435\u043a\u0441\u0442 \u0434\u043e\u0441\u0442\u0443\u043f\u0435\u043d \u0442\u043e\u043b\u044c\u043a\u043e \u043d\u0430 &ldquo;Deutsch&rdquo;.[mk_page_section bg_image=&#187;https:\/\/unofficial.pictures\/wp-content\/uploads\/2020\/06\/krisenbilder_cover.jpg&#187; bg_position=&#187;center bottom&#187; bg_repeat=&#187;no-repeat&#187; bg_stretch=&#187;true&#187; min_height=&#187;0&#8243; full_height=&#187;true&#187; padding_top=&#187;32&#8243; padding_bottom=&#187;32&#8243; margin_bottom=&#187;80&#8243; sidebar=&#187;sidebar-1&#8243;][vc_column][mk_fancy_title strip_tags=&#187;true&#187; color=&#187;#ffffff&#187; size=&#187;60&#8243; font_weight=&#187;bold&#187; txt_transform=&#187;uppercase&#187; letter_spacing=&#187;2&#8243; margin_bottom=&#187;0&#8243; font_family=&#187;Signika&#187; font_type=&#187;google&#187; align=&#187;center&#187;] Krisenbilder [\/mk_fancy_title][\/vc_column][\/mk_page_section][mk_page_section padding_top=&#187;0&#8243; padding_bottom=&#187;0&#8243; margin_bottom=&#187;80&#8243; sidebar=&#187;sidebar-1&#8243;][vc_column][vc_column_text margin_bottom=&#187;&#187; el_class=&#187;large&#187; css=&#187;.vc_custom_1591366211623{margin-bottom: 0px !important;}&#187;]Ob sie durch Corona entstanden sind, durch Diskriminierung oder Gewalterfahrungen, oder vielleicht durch eine abrupte Ver\u00e4nderung im [&hellip;]<\/p>\n","protected":false},"author":1,"featured_media":0,"parent":530,"menu_order":0,"comment_status":"closed","ping_status":"closed","template":"","meta":{"footnotes":""},"class_list":["post-1829","page","type-page","status-publish","hentry"],"_links":{"self":[{"href":"https:\/\/unofficial.pictures\/ru\/wp-json\/wp\/v2\/pages\/1829","targetHints":{"allow":["GET"]}}],"collection":[{"href":"https:\/\/unofficial.pictures\/ru\/wp-json\/wp\/v2\/pages"}],"about":[{"href":"https:\/\/unofficial.pictures\/ru\/wp-json\/wp\/v2\/types\/page"}],"author":[{"embeddable":true,"href":"https:\/\/unofficial.pictures\/ru\/wp-json\/wp\/v2\/users\/1"}],"replies":[{"embeddable":true,"href":"https:\/\/unofficial.pictures\/ru\/wp-json\/wp\/v2\/comments?post=1829"}],"version-history":[{"count":11,"href":"https:\/\/unofficial.pictures\/ru\/wp-json\/wp\/v2\/pages\/1829\/revisions"}],"predecessor-version":[{"id":2040,"href":"https:\/\/unofficial.pictures\/ru\/wp-json\/wp\/v2\/pages\/1829\/revisions\/2040"}],"up":[{"embeddable":true,"href":"https:\/\/unofficial.pictures\/ru\/wp-json\/wp\/v2\/pages\/530"}],"wp:attachment":[{"href":"https:\/\/unofficial.pictures\/ru\/wp-json\/wp\/v2\/media?parent=1829"}],"curies":[{"name":"wp","href":"https:\/\/api.w.org\/{rel}","templated":true}]}}