{"id":2281,"date":"2021-02-11T11:13:17","date_gmt":"2021-02-11T10:13:17","guid":{"rendered":"https:\/\/unofficial.pictures\/newsletter\/"},"modified":"2023-04-07T15:11:34","modified_gmt":"2023-04-07T13:11:34","slug":"newsletter","status":"publish","type":"page","link":"https:\/\/unofficial.pictures\/ru\/newsletter\/","title":{"rendered":"Newsletter"},"content":{"rendered":"<p>Bitte gib deine E-Mail-Adresse hier ein. Wir schicken dir dann zur Sicherheit eine Mail zu, in der du auf einen Link klicken musst, um die Anmeldung abzuschlie\u00dfen. <div class=\"tnp tnp-subscription \">\n<form method=\"post\" action=\"https:\/\/unofficial.pictures\/wp-admin\/admin-ajax.php?action=tnp&amp;na=s\">\n<input type=\"hidden\" name=\"nlang\" value=\"\">\n<div class=\"tnp-field tnp-field-email\"><label for=\"tnp-1\">Email<\/label>\n<input class=\"tnp-email\" type=\"email\" name=\"ne\" id=\"tnp-1\" value=\"\" placeholder=\"\" required><\/div>\n<div class=\"tnp-field tnp-privacy-field\"><label><input type=\"checkbox\" name=\"ny\" required class=\"tnp-privacy\"> <a target=\"_blank\" href=\"https:\/\/unofficial.pictures\/datenschutzerklaerung\/\">Indem Du fortf\u00e4hrst, akzeptierst Du unsere Datenschutzerkl\u00e4rung.<\/a><\/label><\/div><div class=\"tnp-field tnp-field-button\" style=\"text-align: left\"><input class=\"tnp-submit\" type=\"submit\" value=\"Abonnieren\" style=\"\">\n<\/div>\n<\/form>\n<\/div>\n","protected":false},"excerpt":{"rendered":"Bitte gib deine E-Mail-Adresse hier ein. Wir schicken dir dann zur Sicherheit eine Mail zu, in der du auf einen Link klicken musst, um die Anmeldung abzuschlie\u00dfen. Email Indem Du fortf\u00e4hrst, akzeptierst Du unsere Datenschutzerkl\u00e4rung.","protected":false},"author":1,"featured_media":0,"parent":0,"menu_order":0,"comment_status":"closed","ping_status":"closed","template":"","meta":{"footnotes":""},"class_list":["post-2281","page","type-page","status-publish","hentry"],"_links":{"self":[{"href":"https:\/\/unofficial.pictures\/ru\/wp-json\/wp\/v2\/pages\/2281","targetHints":{"allow":["GET"]}}],"collection":[{"href":"https:\/\/unofficial.pictures\/ru\/wp-json\/wp\/v2\/pages"}],"about":[{"href":"https:\/\/unofficial.pictures\/ru\/wp-json\/wp\/v2\/types\/page"}],"author":[{"embeddable":true,"href":"https:\/\/unofficial.pictures\/ru\/wp-json\/wp\/v2\/users\/1"}],"replies":[{"embeddable":true,"href":"https:\/\/unofficial.pictures\/ru\/wp-json\/wp\/v2\/comments?post=2281"}],"version-history":[{"count":2,"href":"https:\/\/unofficial.pictures\/ru\/wp-json\/wp\/v2\/pages\/2281\/revisions"}],"predecessor-version":[{"id":3153,"href":"https:\/\/unofficial.pictures\/ru\/wp-json\/wp\/v2\/pages\/2281\/revisions\/3153"}],"wp:attachment":[{"href":"https:\/\/unofficial.pictures\/ru\/wp-json\/wp\/v2\/media?parent=2281"}],"curies":[{"name":"wp","href":"https:\/\/api.w.org\/{rel}","templated":true}]}}