{"id":1693,"date":"2020-04-30T16:01:36","date_gmt":"2020-04-30T14:01:36","guid":{"rendered":"https:\/\/unofficial.pictures\/?post_type=product&#038;p=1693"},"modified":"2025-06-08T13:59:24","modified_gmt":"2025-06-08T11:59:24","slug":"gefaehrlicher-gegenstand-eisenbahnstrasse-2","status":"publish","type":"product","link":"https:\/\/unofficial.pictures\/ru\/shop\/gefaehrlicher-gegenstand-eisenbahnstrasse-2\/","title":{"rendered":"\u00bb\u041e\u043f\u0430\u0441\u043d\u044b\u0439 \u043e\u0431\u044a\u0435\u043a\u0442: Eisenbahnstra\u00dfe\u00ab \u0412\u044b\u043f\u0443\u0441\u043a #2"},"content":{"rendered":"\u041b\u0435\u0439\u043f\u0446\u0438\u0433\u0441\u043a\u0430\u044f Eisenbahnstra\u00dfe? \u0412 \u0421\u041c\u0418 \u043f\u043e\u043b\u043d\u043e \u0440\u0430\u0441\u0438\u0441\u0442\u0441\u043a\u0438\u0445 \u0438 \u043a\u043b\u0430\u0441\u0441\u0438\u0441\u0442\u0441\u043a\u0438\u0445 \u043a\u043b\u0438\u0448\u0435 \u043d\u0430 \u0435\u0435 \u0441\u0447\u0435\u0442. \u0421\u043b\u043e\u0432\u043d\u043e \u043e\u0444\u0438\u0446\u0438\u0430\u043b\u044c\u043d\u043e \u0443\u0442\u0432\u0435\u0440\u0436\u0434\u0430\u044f \u0441\u0442\u0438\u0433\u043c\u0430\u0442\u0438\u0437\u0430\u0446\u0438\u044e \u0443\u043b\u0438\u0446\u044b \u0438 \u0435\u0435 \u0436\u0438\u0442\u0435\u043b\u0435\u0439, \u043f\u0440\u0430\u0432\u0438\u0442\u0435\u043b\u044c\u0441\u0442\u0432\u043e \u0421\u0430\u043a\u0441\u043e\u043d\u0438\u0438 \u0432\u0432\u0435\u043b\u043e \u0437\u0430\u043f\u0440\u0435\u0442 \u043d\u0430 \u043d\u043e\u0448\u0435\u043d\u0438\u0435 \u043e\u0440\u0443\u0436\u0438\u044f \u043d\u0430 \u044d\u0442\u043e\u0439 \u0442\u0435\u0440\u0440\u0438\u0442\u043e\u0440\u0438\u0438 \u0432 \u043d\u043e\u044f\u0431\u0440\u0435 2018 \u0433\u043e\u0434\u0430. \u041d\u0430\u0448\u0430 \u0440\u0435\u0430\u043a\u0446\u0438\u044f: \u0431\u0435\u0441\u0438\u0442! \u041f\u043e\u044d\u0442\u043e\u043c\u0443 \u043c\u044b \u043f\u0440\u043e\u0432\u0435\u043b\u0438 \u0441\u0435\u0440\u0438\u044e \u0438\u043d\u0442\u0435\u0440\u0432\u044c\u044e \u0436\u0438\u0442\u0435\u043b\u044c_\u043d\u0438\u0446 \u0440\u0430\u0439\u043e\u043d\u0430. \u041c\u044b \u043e\u043f\u0443\u0431\u043b\u0438\u043a\u043e\u0432\u0430\u043b\u0438 \u044d\u0442\u0438 \u0438\u043d\u0442\u0435\u0440\u0432\u044c\u044e, \u043f\u0440\u043e\u0447\u0438\u0435 \u0442\u0435\u043a\u0441\u0442\u044b \u0438 \u043c\u043d\u043e\u0436\u0435\u0441\u0442\u0432\u043e \u043d\u0430\u0448\u0438\u0445 \u0441\u043e\u0431\u0441\u0442\u0432\u0435\u043d\u043d\u044b\u0445 \u0444\u043e\u0442\u043e\u0433\u0440\u0430\u0444\u0438\u0439 \u0432 \u0434\u0432\u0443\u0445 \u0432\u044b\u043f\u0443\u0441\u043a\u0430\u0445 \u0433\u0430\u0437\u0435\u0442\u044b \u00ab\u043e\u043f\u0430\u0441\u043d\u044b\u0439 \u043e\u0431\u044a\u0435\u043a\u0442: Eisenbahnstra\u00dfe\u00bb (\u201eGef\u00e4hrlicher Gegenstand: Eisenbahnstra\u00dfe\u201c), \u0447\u0442\u043e\u0431\u044b \u043f\u043e\u043a\u0430\u0437\u0430\u0442\u044c: Eisenbahnstra\u00dfe \u2014 \u043a\u0443\u0434\u0430 \u0431\u043e\u043b\u044c\u0448\u0435, \u0447\u0435\u043c \u0432\u0430\u0448\u0438 \u0441\u0442\u0435\u0440\u0435\u043e\u0442\u0438\u043f\u044b! \u0418 \u0435\u0435 \u043f\u0440\u043e\u0431\u043b\u0435\u043c\u044b \u043d\u0435 \u0442\u0430\u043a \u043b\u0435\u0433\u043a\u043e \u043e\u0431\u044a\u044f\u0441\u043d\u0438\u0442\u044c, \u043a\u0430\u043a \u044d\u0442\u043e \u0434\u0435\u043b\u0430\u044e\u0442 \u0438\u0437\u0434\u0430\u043d\u0438\u044f BILD \u0438 ProSieben.","protected":false},"excerpt":{"rendered":"<p class=\"qtranxs-available-languages-message qtranxs-available-languages-message-ru\">\u0418\u0437\u0432\u0438\u043d\u0438\u0442\u0435, \u044d\u0442\u043e\u0442 \u0442\u0435\u043a\u0441\u0442 \u0434\u043e\u0441\u0442\u0443\u043f\u0435\u043d \u0442\u043e\u043b\u044c\u043a\u043e \u043d\u0430 &ldquo;<a href=\"https:\/\/unofficial.pictures\/de\/wp-json\/wp\/v2\/product\/1693\" class=\"qtranxs-available-language-link qtranxs-available-language-link-de\" title=\"Deutsch\">Deutsch<\/a>&rdquo;, &ldquo;<a href=\"https:\/\/unofficial.pictures\/en\/wp-json\/wp\/v2\/product\/1693\" class=\"qtranxs-available-language-link qtranxs-available-language-link-en\" title=\"English\">English<\/a>&rdquo; \u0438 &ldquo;<a href=\"https:\/\/unofficial.pictures\/ar\/wp-json\/wp\/v2\/product\/1693\" class=\"qtranxs-available-language-link qtranxs-available-language-link-ar\" title=\"\u0627\u0644\u0639\u0631\u0628\u064a\u0629\">\u0627\u0644\u0639\u0631\u0628\u064a\u0629<\/a>&rdquo;.<\/p>\n<p>48S., zahlreiche Farb- und s\/w-Abbildungen<br \/>\nZeitung im Offsetdruck, 32 x 48 cm<br \/>\n1. Auflage, Leipzig 2020<br \/>\nSprache: Deutsch<\/p>\n<p>Freier Preis. Wir m\u00f6chten, dass die Zeitung allen zug\u00e4nglich ist, aber wollen auch mindestens die Material- &amp; Druckkosten \u00fcber den Verkauf wieder reinbekommen. \u00dcberlege daher, wie viel du geben kannst und trag dies als Gew\u00e4hlter Preis ein.<\/p>\n","protected":false},"featured_media":2052,"template":"","meta":[],"product_brand":[],"product_cat":[27],"product_tag":[],"class_list":{"0":"post-1693","1":"product","2":"type-product","3":"status-publish","4":"has-post-thumbnail","6":"product_cat-books-prints","8":"first","9":"instock","10":"shipping-taxable","11":"purchasable","12":"product-type-simple"},"_links":{"self":[{"href":"https:\/\/unofficial.pictures\/ru\/wp-json\/wp\/v2\/product\/1693","targetHints":{"allow":["GET"]}}],"collection":[{"href":"https:\/\/unofficial.pictures\/ru\/wp-json\/wp\/v2\/product"}],"about":[{"href":"https:\/\/unofficial.pictures\/ru\/wp-json\/wp\/v2\/types\/product"}],"wp:featuredmedia":[{"embeddable":true,"href":"https:\/\/unofficial.pictures\/ru\/wp-json\/wp\/v2\/media\/2052"}],"wp:attachment":[{"href":"https:\/\/unofficial.pictures\/ru\/wp-json\/wp\/v2\/media?parent=1693"}],"wp:term":[{"taxonomy":"product_brand","embeddable":true,"href":"https:\/\/unofficial.pictures\/ru\/wp-json\/wp\/v2\/product_brand?post=1693"},{"taxonomy":"product_cat","embeddable":true,"href":"https:\/\/unofficial.pictures\/ru\/wp-json\/wp\/v2\/product_cat?post=1693"},{"taxonomy":"product_tag","embeddable":true,"href":"https:\/\/unofficial.pictures\/ru\/wp-json\/wp\/v2\/product_tag?post=1693"}],"curies":[{"name":"wp","href":"https:\/\/api.w.org\/{rel}","templated":true}]}}