{"id":1974,"date":"2020-06-10T14:54:08","date_gmt":"2020-06-10T12:54:08","guid":{"rendered":"https:\/\/unofficial.pictures\/?post_type=product&#038;p=1974"},"modified":"2025-03-21T11:26:52","modified_gmt":"2025-03-21T10:26:52","slug":"komm-geh","status":"publish","type":"product","link":"https:\/\/unofficial.pictures\/ru\/shop\/komm-geh\/","title":{"rendered":"(Deutsch) komm. geh."},"content":{"rendered":"<p class=\"qtranxs-available-languages-message qtranxs-available-languages-message-ru\">\u0418\u0437\u0432\u0438\u043d\u0438\u0442\u0435, \u044d\u0442\u043e\u0442 \u0442\u0435\u043a\u0441\u0442 \u0434\u043e\u0441\u0442\u0443\u043f\u0435\u043d \u0442\u043e\u043b\u044c\u043a\u043e \u043d\u0430 &ldquo;<a href=\"https:\/\/unofficial.pictures\/de\/wp-json\/wp\/v2\/product\/1974\" class=\"qtranxs-available-language-link qtranxs-available-language-link-de\" title=\"Deutsch\">Deutsch<\/a>&rdquo; \u0438 &ldquo;<a href=\"https:\/\/unofficial.pictures\/en\/wp-json\/wp\/v2\/product\/1974\" class=\"qtranxs-available-language-link qtranxs-available-language-link-en\" title=\"English\">English<\/a>&rdquo;.<\/p>An drei Wochenenden von August bis Oktober 2018 trafen sich acht Menschen im Treibhaus e.V. und tauschten sich aus. Im Mittelpunkt standen pers\u00f6nliche Themen und Dinge, die ihnen wichtig sind. Die sie beackern wollten, auch um selbst einen Schritt weiter zu gehen oder eben gerade nicht. Oder um endlich mal irgendwas mit diesen tausenden Bildern zu machen und sie von den Festplatten oder Schubladen zu befreien. Es sind acht Arbeiten entstanden, die von ihnen erz\u00e4hlen. Jedes Heft steht f\u00fcr sich, steht f\u00fcr eine*n von ihnen. Und die wollen sie gerne mit euch teilen.<\/p>\n<p>Die Hefte sind auch als Gesamtpaket im Karton-Umschlag erh\u00e4ltlich.","protected":false},"excerpt":{"rendered":"<p class=\"qtranxs-available-languages-message qtranxs-available-languages-message-ru\">\u0418\u0437\u0432\u0438\u043d\u0438\u0442\u0435, \u044d\u0442\u043e\u0442 \u0442\u0435\u043a\u0441\u0442 \u0434\u043e\u0441\u0442\u0443\u043f\u0435\u043d \u0442\u043e\u043b\u044c\u043a\u043e \u043d\u0430 &ldquo;<a href=\"https:\/\/unofficial.pictures\/de\/wp-json\/wp\/v2\/product\/1974\" class=\"qtranxs-available-language-link qtranxs-available-language-link-de\" title=\"Deutsch\">Deutsch<\/a>&rdquo; \u0438 &ldquo;<a href=\"https:\/\/unofficial.pictures\/en\/wp-json\/wp\/v2\/product\/1974\" class=\"qtranxs-available-language-link qtranxs-available-language-link-en\" title=\"English\">English<\/a>&rdquo;.<\/p>\n<p>8 Seiten, zahlreiche Abbildungen<br \/>\nSoftcover-Heft mit R\u00fcckendrahtbindung, 14 x 17 cm<br \/>\n1. Auflage, D\u00f6beln 2018<br \/>\nSprache: Deutsch<\/p>\n","protected":false},"featured_media":1931,"template":"","meta":[],"product_brand":[],"product_cat":[27],"product_tag":[],"class_list":{"0":"post-1974","1":"product","2":"type-product","3":"status-publish","4":"has-post-thumbnail","6":"product_cat-books-prints","8":"first","9":"instock","10":"shipping-taxable","11":"purchasable","12":"product-type-simple"},"_links":{"self":[{"href":"https:\/\/unofficial.pictures\/ru\/wp-json\/wp\/v2\/product\/1974","targetHints":{"allow":["GET"]}}],"collection":[{"href":"https:\/\/unofficial.pictures\/ru\/wp-json\/wp\/v2\/product"}],"about":[{"href":"https:\/\/unofficial.pictures\/ru\/wp-json\/wp\/v2\/types\/product"}],"wp:featuredmedia":[{"embeddable":true,"href":"https:\/\/unofficial.pictures\/ru\/wp-json\/wp\/v2\/media\/1931"}],"wp:attachment":[{"href":"https:\/\/unofficial.pictures\/ru\/wp-json\/wp\/v2\/media?parent=1974"}],"wp:term":[{"taxonomy":"product_brand","embeddable":true,"href":"https:\/\/unofficial.pictures\/ru\/wp-json\/wp\/v2\/product_brand?post=1974"},{"taxonomy":"product_cat","embeddable":true,"href":"https:\/\/unofficial.pictures\/ru\/wp-json\/wp\/v2\/product_cat?post=1974"},{"taxonomy":"product_tag","embeddable":true,"href":"https:\/\/unofficial.pictures\/ru\/wp-json\/wp\/v2\/product_tag?post=1974"}],"curies":[{"name":"wp","href":"https:\/\/api.w.org\/{rel}","templated":true}]}}