{"id":2298,"date":"2021-02-12T15:27:50","date_gmt":"2021-02-12T14:27:50","guid":{"rendered":"https:\/\/unofficial.pictures\/?post_type=product&#038;p=2298"},"modified":"2022-11-23T13:06:28","modified_gmt":"2022-11-23T12:06:28","slug":"dangerous-object-eisenbahnstrasse-1-arabic-2","status":"publish","type":"product","link":"https:\/\/unofficial.pictures\/ru\/shop\/dangerous-object-eisenbahnstrasse-1-arabic-2\/","title":{"rendered":"\u062a\u0631\u062c\u0645\u0629 \u0627\u0644\u0625\u0635\u062f\u0627\u0631 \u0631\u0642\u0645 2 \u2013  \u0634\u0627\u0631\u0639 \u0627\u0644\u0623\u064a\u0632\u0646 \u0628\u0627\u0646: \u0630\u0644\u0643 \u0627\u0644\u0645\u0643\u0627\u0646 \u0627\u0644\u062e\u0637\u064a\u0631"},"content":{"rendered":"<p>\u0647\u0644 \u062a\u0639\u0631\u0641 \u0634\u0627\u0631\u0639 \u0627\u0644\u0623\u064a\u0632\u0646 \u0628\u0627\u0646 \u0641\u064a \u0644\u0627\u064a\u0628\u0632\u064a\u062c\u061f \u0648\u0633\u0627\u0626\u0644 \u0627\u0644\u0625\u0639\u0644\u0627\u0645 \u062a\u064f\u0631\u0648\u0651\u0650\u062c \u0635\u0648\u0631\u0627 \u0646\u0645\u0637\u064a\u0629 \u0639\u0646\u0635\u0631\u064a\u0629 \u0648\u0637\u0628\u0642\u064a\u0629 \u0639\u0646 \u0647\u0630\u0627 \u0627\u0644\u0634\u0627\u0631\u0639 \u0645\u0646\u0630 \u0633\u0646\u0648\u0627\u062a. \u0648\u064a\u0628\u062f\u0648 \u0623\u0646 \u0627\u0644\u0633\u0644\u0637\u0627\u062a \u0627\u0644\u062d\u0643\u0648\u0645\u064a\u0629 \u0623\u0631\u0627\u062f\u062a \u062a\u062f\u0634\u064a\u0646 \u0627\u0644\u0633\u0645\u0639\u0629 \u0627\u0644\u0633\u064a\u0626\u0629 \u0644\u0644\u0634\u0627\u0631\u0639 \u0631\u0633\u0645\u064a\u0627\u060c \u062d\u064a\u062b \u0623\u0646\u0634\u0623\u062a \u0641\u064a \u0634\u0647\u0631 \u0646\u0648\u0641\u0645\u0628\u0631 \u0639\u0627\u0645 2018 \u0623\u0648\u0644 \u0645\u0646\u0637\u0642\u0629 \u0645\u0646\u0639 \u0644\u0644\u0633\u0644\u0627\u062d \u0641\u064a \u0648\u0644\u0627\u064a\u0629 \u0633\u0627\u0643\u0633\u0646 \u0628\u0627\u0644\u0634\u0627\u0631\u0639<br \/>\n\u062d\u064a\u0646\u0647\u0627 \u0634\u0639\u0631\u0646\u0627 \u0628\u0627\u0644\u063a\u0636\u0628\u060c \u0648\u0630\u0647\u0628\u0646\u0627 \u0644\u0625\u062c\u0631\u0627\u0621 \u0645\u0642\u0627\u0628\u0644\u0627\u062a \u0645\u0639 \u0628\u0639\u0636 \u0633\u0643\u0627\u0646 \u0627\u0644\u062d\u064a \u0627\u0644\u0645\u062d\u064a\u0637 \u0628\u0627\u0644\u0634\u0627\u0631\u0639. \u062b\u0645 \u062c\u0645\u0651\u0639\u0646\u0627 \u0647\u0630\u0647 \u0627\u0644\u0645\u062d\u0627\u062f\u062b\u0627\u062a \u0645\u0639 \u0646\u0635\u0648\u0635 \u0623\u062e\u0631\u0649 \u0648\u0643\u062b\u064a\u0631 \u0645\u0646 \u0627\u0644\u0635\u0648\u0631 \u0627\u0644\u062a\u064a \u0625\u0644\u062a\u0642\u0637\u0646\u0627\u0647\u0627 \u0644\u0644\u0645\u0646\u0637\u0642\u0629 \u0641\u064a \u0625\u0635\u062f\u0627\u0631\u064a\u0646 \u0644\u0645\u062c\u0644\u062a\u0646\u0627 \u0627\u0644\u062a\u064a \u0623\u0633\u0645\u064a\u0646\u0627\u0647\u0627: &#171;\u0634\u0627\u0631\u0639 \u0627\u0644\u0623\u064a\u0632\u0646 \u0628\u0627\u0646: \u0630\u0644\u0643 \u0627\u0644\u0645\u0643\u0627\u0646 \u0627\u0644\u062e\u0637\u064a\u0631&#187;. \u0648\u0647\u062f\u0641\u0646\u0627 \u0647\u0648 \u0623\u0646 \u0646\u064f\u0648\u0636\u062d \u0644\u0644\u0646\u0627\u0633 \u0623\u0646 \u0627\u0644\u0634\u0627\u0631\u0639 \u0623\u0643\u062b\u0631 \u0645\u0646 \u0630\u0644\u0643 \u0628\u0643\u062b\u064a\u0631! \u0648\u0623\u0646 \u0627\u0644\u0645\u0634\u0627\u0643\u0644 \u0627\u0644\u0645\u0648\u062c\u0648\u062f\u0629 \u0647\u0646\u0627\u0643 \u0623\u0643\u062b\u0631 \u062a\u0639\u0642\u064a\u062f\u0627 \u0645\u0645\u0627 \u062a\u062d\u0643\u064a\u0647 \u062c\u0631\u064a\u062f\u0629 \u0628\u064a\u0644\u062f Bild \u0623\u0648 \u0642\u0646\u0627\u0629 \u0628\u0631\u0648 \u0633\u064a\u0628\u0646  ProSieben\u0627\u0644\u062a\u0644\u0641\u0632\u064a\u0648\u0646\u064a\u0629   <\/p>\n<p>\u0648\u0642\u062f \u0639\u0643\u0641 \u0639\u062f\u062f \u0645\u0646 \u0627\u0644\u0645\u062a\u0631\u062c\u0645\u064a\u0646 \u0627\u0644\u0645\u062e\u0644\u0635\u064a\u0646 \u0639\u0644\u064a \u0627\u0644\u0639\u0645\u0644 \u0639\u0644\u064a \u062a\u0631\u062c\u0645\u0629 \u0627\u0644\u0645\u062c\u0644\u0629 \u0627\u0644\u0645\u0646\u0634\u0648\u0631\u0629 \u0628\u0627\u0644\u0623\u0644\u0645\u0627\u0646\u064a\u0629\u060c \u0644\u062a\u0635\u0628\u062d \u0645\u064f\u062a\u0627\u062d\u0629 \u0623\u064a\u0636\u0627 \u0628\u0627\u0644\u0644\u063a\u0627\u062a \u0627\u0644\u0639\u0631\u0628\u064a\u0629 \u0648\u0627\u0644\u0631\u0648\u0633\u064a\u0629 \u0648\u0627\u0644\u062a\u0631\u0643\u064a\u0629 \u0648\u0627\u0644\u0625\u0646\u062c\u0644\u064a\u0632\u064a\u0629<\/p>\n<p>Achtung: Dieses Heft enth\u00e4lt nur die \u00dcbersetzungen der Texte nach Arabisch und ist als Zusatz zur <a href=\"https:\/\/unofficial.pictures\/shop\/gefaehrlicher-gegenstand-eisenbahnstrasse-2\/\">Ausgabe 2 unserer Zeitung<\/a> gedacht.<\/p>\n<p>Attention: This brochure contains only the translations of all texts into Arabic. It is meant as a supplement to the <a href=\"https:\/\/unofficial.pictures\/shop\/gefaehrlicher-gegenstand-eisenbahnstrasse-2\/\">second edition of our photo newspaper<\/a>.<br \/>\n<div class=\"woocommerce \"><ul class=\"products columns-4\">\n<li class=\"product type-product post-1693 status-publish first instock product_cat-books-prints has-post-thumbnail shipping-taxable purchasable product-type-simple\">\n\t<div class=\"mk-product-warp\"><a href=\"https:\/\/unofficial.pictures\/ru\/shop\/gefaehrlicher-gegenstand-eisenbahnstrasse-2\/\" class=\"woocommerce-LoopProduct-link woocommerce-loop-product__link\">\t<div class=\"mk-product-thumbnail-warp\">\n\t<img loading=\"lazy\" decoding=\"async\" width=\"800\" height=\"686\" src=\"https:\/\/unofficial.pictures\/wp-content\/uploads\/2020\/04\/ausgabe2-erstesbild-800x686.jpg\" class=\"attachment-woocommerce_thumbnail size-woocommerce_thumbnail\" alt=\"\u00bb\u041e\u043f\u0430\u0441\u043d\u044b\u0439 \u043e\u0431\u044a\u0435\u043a\u0442: Eisenbahnstra\u00dfe\u00ab \u0412\u044b\u043f\u0443\u0441\u043a #2\" srcset=\"https:\/\/unofficial.pictures\/wp-content\/uploads\/2020\/04\/ausgabe2-erstesbild.jpg 800w, https:\/\/unofficial.pictures\/wp-content\/uploads\/2020\/04\/ausgabe2-erstesbild-300x257.jpg 300w, https:\/\/unofficial.pictures\/wp-content\/uploads\/2020\/04\/ausgabe2-erstesbild-768x659.jpg 768w, https:\/\/unofficial.pictures\/wp-content\/uploads\/2020\/04\/ausgabe2-erstesbild-600x514.jpg 600w\" sizes=\"auto, (max-width: 800px) 100vw, 800px\" itemprop=\"image\" \/>\t<\/div>\n\t<h2 class=\"woocommerce-loop-product__title\">\u00bb\u041e\u043f\u0430\u0441\u043d\u044b\u0439 \u043e\u0431\u044a\u0435\u043a\u0442: Eisenbahnstra\u00dfe\u00ab \u0412\u044b\u043f\u0443\u0441\u043a #2<\/h2>\n\t<span class=\"price\">Suggested Price: <span class=\"woocommerce-Price-amount amount\"><bdi>6,00&nbsp;<span class=\"woocommerce-Price-currencySymbol\">&euro;<\/span><\/bdi><\/span><\/span>\n\n\n\n<\/a>\n\n\t<p class=\"wc-gzd-additional-info wc-gzd-additional-info-loop shipping-costs-info\">\u043f\u043b\u044e\u0441 <a href=\"https:\/\/unofficial.pictures\/ru\/shop\/versand\/\" target=\"_blank\">\u043f\u043e\u0447\u0442\u043e\u0432\u044b\u0435 \u0440\u0430\u0441\u0445\u043e\u0434\u044b<\/a>. \u0411\u0435\u0437 \u041d\u0414\u0421 (\u00a719 UStG)<\/p>\n\n\n<a href=\"https:\/\/unofficial.pictures\/ru\/shop\/gefaehrlicher-gegenstand-eisenbahnstrasse-2\/\" class=\"button product_type_simple\">Details<\/a><\/div><\/li>\n<\/ul>\n<\/div>\n","protected":false},"excerpt":{"rendered":"<p>\u062a\u0631\u062c\u0645\u0629 \u0627\u0644\u0625\u0635\u062f\u0627\u0631 \u0631\u0642\u0645 2 | \u0638\u0647\u0631 \u0627\u0644\u0639\u0645\u0644 \u0627\u0644\u0623\u0635\u0644\u064a \u0644\u0623\u0648\u0644 \u0645\u0631\u0629 \u0641\u064a \u064a\u0648\u0644\u064a\u0648 \u0639\u0627\u0645 2020 | \u062a\u0631\u062c\u0645\u0629: \u0645\u062d\u0645\u062f \u062d\u0633\u0646<\/p>\n<p>Achtung: Dieses Heft enth\u00e4lt nur die \u00dcbersetzungen der Texte nach Arabisch und ist als Zusatz zur <a href=\"https:\/\/unofficial.pictures\/shop\/gefaehrlicher-gegenstand-eisenbahnstrasse-2\/\">Ausgabe 2 unserer Zeitung<\/a> gedacht.<\/p>\n<p>\u0645\u0642\u0627\u0628\u0644 \u0633\u0639\u0631 \u062d\u0631<br \/>\nFreier Preis. Wir m\u00f6chten, dass die Zeitung allen zug\u00e4nglich ist, aber wollen auch mindestens die Material- &#038; Druckkosten \u00fcber den Verkauf wieder reinbekommen. \u00dcberlege, wie viel du geben kannst und trag dies als Gew\u00e4hlter Preis ein.<\/p>\n","protected":false},"featured_media":2299,"template":"","meta":[],"product_brand":[],"product_cat":[27],"product_tag":[],"class_list":{"0":"post-2298","1":"product","2":"type-product","3":"status-publish","4":"has-post-thumbnail","6":"product_cat-books-prints","8":"first","9":"instock","10":"shipping-taxable","11":"purchasable","12":"product-type-simple"},"_links":{"self":[{"href":"https:\/\/unofficial.pictures\/ru\/wp-json\/wp\/v2\/product\/2298","targetHints":{"allow":["GET"]}}],"collection":[{"href":"https:\/\/unofficial.pictures\/ru\/wp-json\/wp\/v2\/product"}],"about":[{"href":"https:\/\/unofficial.pictures\/ru\/wp-json\/wp\/v2\/types\/product"}],"wp:featuredmedia":[{"embeddable":true,"href":"https:\/\/unofficial.pictures\/ru\/wp-json\/wp\/v2\/media\/2299"}],"wp:attachment":[{"href":"https:\/\/unofficial.pictures\/ru\/wp-json\/wp\/v2\/media?parent=2298"}],"wp:term":[{"taxonomy":"product_brand","embeddable":true,"href":"https:\/\/unofficial.pictures\/ru\/wp-json\/wp\/v2\/product_brand?post=2298"},{"taxonomy":"product_cat","embeddable":true,"href":"https:\/\/unofficial.pictures\/ru\/wp-json\/wp\/v2\/product_cat?post=2298"},{"taxonomy":"product_tag","embeddable":true,"href":"https:\/\/unofficial.pictures\/ru\/wp-json\/wp\/v2\/product_tag?post=2298"}],"curies":[{"name":"wp","href":"https:\/\/api.w.org\/{rel}","templated":true}]}}