{"id":2302,"date":"2021-02-12T15:31:18","date_gmt":"2021-02-12T14:31:18","guid":{"rendered":"https:\/\/unofficial.pictures\/?post_type=product&#038;p=2302"},"modified":"2023-02-18T15:12:08","modified_gmt":"2023-02-18T14:12:08","slug":"%d0%bf%d0%b5%d1%80%d0%b5%d0%b2%d0%be%d0%b4-%d0%bd%d0%b0-%d1%80%d1%83%d1%81%d1%81%d0%ba%d0%b8%d0%b9-%d0%be%d0%bf%d0%b0%d1%81%d0%bd%d1%8b%d0%b9-%d0%be%d0%b1%d1%8a%d0%b5%d0%ba%d1%82-eisenbahnstra-2","status":"publish","type":"product","link":"https:\/\/unofficial.pictures\/ru\/shop\/%d0%bf%d0%b5%d1%80%d0%b5%d0%b2%d0%be%d0%b4-%d0%bd%d0%b0-%d1%80%d1%83%d1%81%d1%81%d0%ba%d0%b8%d0%b9-%d0%be%d0%bf%d0%b0%d1%81%d0%bd%d1%8b%d0%b9-%d0%be%d0%b1%d1%8a%d0%b5%d0%ba%d1%82-eisenbahnstra-2\/","title":{"rendered":"\u043f\u0435\u0440\u0435\u0432\u043e\u0434 \u043d\u0430 \u0440\u0443\u0441\u0441\u043a\u0438\u0439: \u00bb\u041e\u043f\u0430\u0441\u043d\u044b\u0439 \u043e\u0431\u044a\u0435\u043a\u0442: Eisenbahnstra\u00dfe\u00ab \u0412\u044b\u043f\u0443\u0441\u043a #2"},"content":{"rendered":"<p>\u041b\u0435\u0439\u043f\u0446\u0438\u0433\u0441\u043a\u0430\u044f Eisenbahnstra\u00dfe? \u0412 \u0421\u041c\u0418 \u043f\u043e\u043b\u043d\u043e \u0440\u0430\u0441\u0438\u0441\u0442\u0441\u043a\u0438\u0445 \u0438 \u043a\u043b\u0430\u0441\u0441\u0438\u0441\u0442\u0441\u043a\u0438\u0445 \u043a\u043b\u0438\u0448\u0435 \u043d\u0430 \u0435\u0435 \u0441\u0447\u0435\u0442. \u0421\u043b\u043e\u0432\u043d\u043e \u043e\u0444\u0438\u0446\u0438\u0430\u043b\u044c\u043d\u043e \u0443\u0442\u0432\u0435\u0440\u0436\u0434\u0430\u044f \u0441\u0442\u0438\u0433\u043c\u0430\u0442\u0438\u0437\u0430\u0446\u0438\u044e \u0443\u043b\u0438\u0446\u044b \u0438 \u0435\u0435 \u0436\u0438\u0442\u0435\u043b\u0435\u0439, \u043f\u0440\u0430\u0432\u0438\u0442\u0435\u043b\u044c\u0441\u0442\u0432\u043e \u0421\u0430\u043a\u0441\u043e\u043d\u0438\u0438 \u0432\u0432\u0435\u043b\u043e \u0437\u0430\u043f\u0440\u0435\u0442 \u043d\u0430 \u043d\u043e\u0448\u0435\u043d\u0438\u0435 \u043e\u0440\u0443\u0436\u0438\u044f \u043d\u0430 \u044d\u0442\u043e\u0439 \u0442\u0435\u0440\u0440\u0438\u0442\u043e\u0440\u0438\u0438 \u0432 \u043d\u043e\u044f\u0431\u0440\u0435 2018 \u0433\u043e\u0434\u0430. \u041d\u0430\u0448\u0430 \u0440\u0435\u0430\u043a\u0446\u0438\u044f: \u0431\u0435\u0441\u0438\u0442! \u041f\u043e\u044d\u0442\u043e\u043c\u0443 \u043c\u044b \u043f\u0440\u043e\u0432\u0435\u043b\u0438 \u0441\u0435\u0440\u0438\u044e \u0438\u043d\u0442\u0435\u0440\u0432\u044c\u044e \u0436\u0438\u0442\u0435\u043b\u044c_\u043d\u0438\u0446 \u0440\u0430\u0439\u043e\u043d\u0430. \u041c\u044b \u043e\u043f\u0443\u0431\u043b\u0438\u043a\u043e\u0432\u0430\u043b\u0438 \u044d\u0442\u0438 \u0438\u043d\u0442\u0435\u0440\u0432\u044c\u044e, \u043f\u0440\u043e\u0447\u0438\u0435 \u0442\u0435\u043a\u0441\u0442\u044b \u0438 \u043c\u043d\u043e\u0436\u0435\u0441\u0442\u0432\u043e \u043d\u0430\u0448\u0438\u0445 \u0441\u043e\u0431\u0441\u0442\u0432\u0435\u043d\u043d\u044b\u0445 \u0444\u043e\u0442\u043e\u0433\u0440\u0430\u0444\u0438\u0439 \u0432 \u0434\u0432\u0443\u0445 \u0432\u044b\u043f\u0443\u0441\u043a\u0430\u0445 \u0433\u0430\u0437\u0435\u0442\u044b \u00ab\u043e\u043f\u0430\u0441\u043d\u044b\u0439 \u043e\u0431\u044a\u0435\u043a\u0442: Eisenbahnstra\u00dfe\u00bb (\u201eGef\u00e4hrlicher Gegenstand: Eisenbahnstra\u00dfe\u201c), \u0447\u0442\u043e\u0431\u044b \u043f\u043e\u043a\u0430\u0437\u0430\u0442\u044c: Eisenbahnstra\u00dfe \u2014 \u043a\u0443\u0434\u0430 \u0431\u043e\u043b\u044c\u0448\u0435, \u0447\u0435\u043c \u0432\u0430\u0448\u0438 \u0441\u0442\u0435\u0440\u0435\u043e\u0442\u0438\u043f\u044b! \u0418 \u0435\u0435 \u043f\u0440\u043e\u0431\u043b\u0435\u043c\u044b \u043d\u0435 \u0442\u0430\u043a \u043b\u0435\u0433\u043a\u043e \u043e\u0431\u044a\u044f\u0441\u043d\u0438\u0442\u044c, \u043a\u0430\u043a \u044d\u0442\u043e \u0434\u0435\u043b\u0430\u044e\u0442 \u0438\u0437\u0434\u0430\u043d\u0438\u044f BILD \u0438 ProSieben.<\/p>\n<p>\u041d\u0430\u0448\u0438 \u043f\u0435\u0440\u0435\u0432\u043e\u0434\u0447\u0438_\u043a\u0438_\u0446\u044b \u0445\u043e\u0440\u043e\u0448\u043e \u043f\u043e\u0441\u0442\u0430\u0440\u0430\u043b\u0438\u0441\u044c, \u0447\u0442\u043e\u0431\u044b \u043d\u0430\u0448\u0443 \u0433\u0430\u0437\u0435\u0442\u0443 \u043c\u043e\u0436\u043d\u043e \u0431\u044b\u043b\u043e \u043f\u0440\u043e\u0447\u0435\u0441\u0442\u044c \u043d\u0430 \u0440\u0443\u0441\u0441\u043a\u043e\u043c, \u0430\u0440\u0430\u0431\u0441\u043a\u043e\u043c, \u0442\u0443\u0440\u0435\u0446\u043a\u043e\u043c \u0438 \u0430\u043d\u0433\u043b\u0438\u0439\u0441\u043a\u043e\u043c \u044f\u0437\u044b\u043a\u0430\u0445. <\/p>\n<p>Achtung: Dieses Heft enth\u00e4lt nur die \u00dcbersetzungen der Texte nach Russisch und ist als Zusatz zur <a href=\"https:\/\/unofficial.pictures\/shop\/gefaehrlicher-gegenstand-eisenbahnstrasse-2\/\">Ausgabe 2 unserer Zeitung<\/a> gedacht.<\/p>\n<p>Attention: This brochure contains only the translations of all texts into Russian. It is meant as a supplement to the <a href=\"https:\/\/unofficial.pictures\/shop\/gefaehrlicher-gegenstand-eisenbahnstrasse-1\/\">first edition of our photo newspaper<\/a>.<br \/>\n<div class=\"woocommerce \"><ul class=\"products columns-4\">\n<li class=\"product type-product post-1693 status-publish first instock product_cat-books-prints has-post-thumbnail shipping-taxable purchasable product-type-simple\">\n\t<div class=\"mk-product-warp\"><a href=\"https:\/\/unofficial.pictures\/ru\/shop\/gefaehrlicher-gegenstand-eisenbahnstrasse-2\/\" class=\"woocommerce-LoopProduct-link woocommerce-loop-product__link\">\t<div class=\"mk-product-thumbnail-warp\">\n\t<img loading=\"lazy\" decoding=\"async\" width=\"800\" height=\"686\" src=\"https:\/\/unofficial.pictures\/wp-content\/uploads\/2020\/04\/ausgabe2-erstesbild-800x686.jpg\" class=\"attachment-woocommerce_thumbnail size-woocommerce_thumbnail\" alt=\"\u00bb\u041e\u043f\u0430\u0441\u043d\u044b\u0439 \u043e\u0431\u044a\u0435\u043a\u0442: Eisenbahnstra\u00dfe\u00ab \u0412\u044b\u043f\u0443\u0441\u043a #2\" srcset=\"https:\/\/unofficial.pictures\/wp-content\/uploads\/2020\/04\/ausgabe2-erstesbild.jpg 800w, https:\/\/unofficial.pictures\/wp-content\/uploads\/2020\/04\/ausgabe2-erstesbild-300x257.jpg 300w, https:\/\/unofficial.pictures\/wp-content\/uploads\/2020\/04\/ausgabe2-erstesbild-768x659.jpg 768w, https:\/\/unofficial.pictures\/wp-content\/uploads\/2020\/04\/ausgabe2-erstesbild-600x514.jpg 600w\" sizes=\"auto, (max-width: 800px) 100vw, 800px\" itemprop=\"image\" \/>\t<\/div>\n\t<h2 class=\"woocommerce-loop-product__title\">\u00bb\u041e\u043f\u0430\u0441\u043d\u044b\u0439 \u043e\u0431\u044a\u0435\u043a\u0442: Eisenbahnstra\u00dfe\u00ab \u0412\u044b\u043f\u0443\u0441\u043a #2<\/h2>\n\t<span class=\"price\">Suggested Price: <span class=\"woocommerce-Price-amount amount\"><bdi>6,00&nbsp;<span class=\"woocommerce-Price-currencySymbol\">&euro;<\/span><\/bdi><\/span><\/span>\n\n\n\n<\/a>\n\n\t<p class=\"wc-gzd-additional-info wc-gzd-additional-info-loop shipping-costs-info\">\u043f\u043b\u044e\u0441 <a href=\"https:\/\/unofficial.pictures\/ru\/shop\/versand\/\" target=\"_blank\">\u043f\u043e\u0447\u0442\u043e\u0432\u044b\u0435 \u0440\u0430\u0441\u0445\u043e\u0434\u044b<\/a>. \u0411\u0435\u0437 \u041d\u0414\u0421 (\u00a719 UStG)<\/p>\n\n\n<a href=\"https:\/\/unofficial.pictures\/ru\/shop\/gefaehrlicher-gegenstand-eisenbahnstrasse-2\/\" class=\"button product_type_simple\">Details<\/a><\/div><\/li>\n<\/ul>\n<\/div>\n","protected":false},"excerpt":{"rendered":"<p>\u041f\u0435\u0440\u0435\u0432\u043e\u0434 \u0432\u044b\u043f\u0443\u0441\u043a\u0430 #2 | \u0414\u0430\u0442\u0430 \u0438 \u043c\u0435\u0441\u0442\u043e \u043f\u0443\u0431\u043b\u0438\u043a\u0430\u0446\u0438\u0438 \u043e\u0440\u0438\u0433\u0438\u043d\u0430\u043b\u0430 &#8212; \u0418\u044e\u043b\u044c 2020, \u041b\u0435\u0439\u043f\u0446\u0438\u0433 | \u041f\u0435\u0440\u0435\u0432\u043e\u0434 &#8212; \u041e\u043b\u044c\u0433\u0430 \u0420\u0430\u0441\u043a\u043e\u0448\u0430 \u0438 \u0410\u043d\u044f \u041a\u0443\u0437\u043d\u0435\u0446\u043e\u0432\u0430 | \u0418\u0437\u0434\u0430\u043d\u0438\u0435 &#8212; unofficial.pictures<\/p>\n<p>Achtung: Dieses Heft enth\u00e4lt nur die \u00dcbersetzungen der Texte nach Russisch und ist als Zusatz zur <a href=\"https:\/\/unofficial.pictures\/shop\/gefaehrlicher-gegenstand-eisenbahnstrasse-2\/\">Ausgabe 2 unserer Zeitung<\/a> gedacht.<\/p>\n<p>\u041e\u043f\u043b\u0430\u0442\u0430 \u043d\u0430 \u0441\u0432\u043e\u0435 \u0443\u0441\u043c\u043e\u0442\u0440\u0435\u043d\u0438\u0435. Freier Preis. Wir m\u00f6chten, dass die Zeitung allen zug\u00e4nglich ist, aber wollen auch mindestens die Material- &#038; Druckkosten \u00fcber den Verkauf wieder reinbekommen. \u00dcberlege, wie viel du geben kannst und trag dies als Gew\u00e4hlter Preis ein.<\/p>\n","protected":false},"featured_media":2303,"template":"","meta":[],"product_brand":[],"product_cat":[27],"product_tag":[],"class_list":{"0":"post-2302","1":"product","2":"type-product","3":"status-publish","4":"has-post-thumbnail","6":"product_cat-books-prints","8":"first","9":"instock","10":"shipping-taxable","11":"purchasable","12":"product-type-simple"},"_links":{"self":[{"href":"https:\/\/unofficial.pictures\/ru\/wp-json\/wp\/v2\/product\/2302","targetHints":{"allow":["GET"]}}],"collection":[{"href":"https:\/\/unofficial.pictures\/ru\/wp-json\/wp\/v2\/product"}],"about":[{"href":"https:\/\/unofficial.pictures\/ru\/wp-json\/wp\/v2\/types\/product"}],"wp:featuredmedia":[{"embeddable":true,"href":"https:\/\/unofficial.pictures\/ru\/wp-json\/wp\/v2\/media\/2303"}],"wp:attachment":[{"href":"https:\/\/unofficial.pictures\/ru\/wp-json\/wp\/v2\/media?parent=2302"}],"wp:term":[{"taxonomy":"product_brand","embeddable":true,"href":"https:\/\/unofficial.pictures\/ru\/wp-json\/wp\/v2\/product_brand?post=2302"},{"taxonomy":"product_cat","embeddable":true,"href":"https:\/\/unofficial.pictures\/ru\/wp-json\/wp\/v2\/product_cat?post=2302"},{"taxonomy":"product_tag","embeddable":true,"href":"https:\/\/unofficial.pictures\/ru\/wp-json\/wp\/v2\/product_tag?post=2302"}],"curies":[{"name":"wp","href":"https:\/\/api.w.org\/{rel}","templated":true}]}}