{"id":3417,"date":"2024-01-11T12:32:34","date_gmt":"2024-01-11T11:32:34","guid":{"rendered":"https:\/\/unofficial.pictures\/?post_type=product&#038;p=3417"},"modified":"2025-03-21T11:26:52","modified_gmt":"2025-03-21T10:26:52","slug":"monster-vom-sonnenberg","status":"publish","type":"product","link":"https:\/\/unofficial.pictures\/ru\/shop\/monster-vom-sonnenberg\/","title":{"rendered":"(Deutsch) Monster vom Sonnenberg"},"content":{"rendered":"<p class=\"qtranxs-available-languages-message qtranxs-available-languages-message-ru\">\u0418\u0437\u0432\u0438\u043d\u0438\u0442\u0435, \u044d\u0442\u043e\u0442 \u0442\u0435\u043a\u0441\u0442 \u0434\u043e\u0441\u0442\u0443\u043f\u0435\u043d \u0442\u043e\u043b\u044c\u043a\u043e \u043d\u0430 &ldquo;<a href=\"https:\/\/unofficial.pictures\/de\/wp-json\/wp\/v2\/product\/3417\" class=\"qtranxs-available-language-link qtranxs-available-language-link-de\" title=\"Deutsch\">Deutsch<\/a>&rdquo; \u0438 &ldquo;<a href=\"https:\/\/unofficial.pictures\/en\/wp-json\/wp\/v2\/product\/3417\" class=\"qtranxs-available-language-link qtranxs-available-language-link-en\" title=\"English\">English<\/a>&rdquo;.<\/p>Im Rahmen der Kiezwerkst\u00e4tten 2023 in Chemnitz-Sonnenberg, ausgerichtet vom Klub Solitaer, gestalteten unofficial.pictures einen Collage- und einen Zineworkshop. \u201c\u00fcbelst supercoole MONSTER und noch ganz viel anderes, aufregendes, supersch\u00f6nes VOM gr\u00f6\u00dften, supercoolen, heftigen SONNENBERG [sun mountain] der Welt, Brudi Jippi!\u201d ist das wunderbar wilde Produkt der Kiezwerkst\u00e4tten und des Zineworkshops. Vielen Dank an Klub Solitaer f\u00fcr die nette Zusammenarbeit!","protected":false},"excerpt":{"rendered":"<p class=\"qtranxs-available-languages-message qtranxs-available-languages-message-ru\">\u0418\u0437\u0432\u0438\u043d\u0438\u0442\u0435, \u044d\u0442\u043e\u0442 \u0442\u0435\u043a\u0441\u0442 \u0434\u043e\u0441\u0442\u0443\u043f\u0435\u043d \u0442\u043e\u043b\u044c\u043a\u043e \u043d\u0430 &ldquo;<a href=\"https:\/\/unofficial.pictures\/de\/wp-json\/wp\/v2\/product\/3417\" class=\"qtranxs-available-language-link qtranxs-available-language-link-de\" title=\"Deutsch\">Deutsch<\/a>&rdquo; \u0438 &ldquo;<a href=\"https:\/\/unofficial.pictures\/en\/wp-json\/wp\/v2\/product\/3417\" class=\"qtranxs-available-language-link qtranxs-available-language-link-en\" title=\"English\">English<\/a>&rdquo;.<\/p>\n<p>72S., mixed media<br \/>\nBrosch\u00fcre im Digitaldruck, 13,4 x 19,4 cm<br \/>\n1. Auflage, Chemnitz 2023<br \/>\nSprache: Deutsch<\/p>\n","protected":false},"featured_media":3418,"template":"","meta":[],"product_brand":[],"product_cat":[27],"product_tag":[],"class_list":{"0":"post-3417","1":"product","2":"type-product","3":"status-publish","4":"has-post-thumbnail","6":"product_cat-books-prints","8":"first","9":"instock","10":"shipping-taxable","11":"purchasable","12":"product-type-simple"},"_links":{"self":[{"href":"https:\/\/unofficial.pictures\/ru\/wp-json\/wp\/v2\/product\/3417","targetHints":{"allow":["GET"]}}],"collection":[{"href":"https:\/\/unofficial.pictures\/ru\/wp-json\/wp\/v2\/product"}],"about":[{"href":"https:\/\/unofficial.pictures\/ru\/wp-json\/wp\/v2\/types\/product"}],"wp:featuredmedia":[{"embeddable":true,"href":"https:\/\/unofficial.pictures\/ru\/wp-json\/wp\/v2\/media\/3418"}],"wp:attachment":[{"href":"https:\/\/unofficial.pictures\/ru\/wp-json\/wp\/v2\/media?parent=3417"}],"wp:term":[{"taxonomy":"product_brand","embeddable":true,"href":"https:\/\/unofficial.pictures\/ru\/wp-json\/wp\/v2\/product_brand?post=3417"},{"taxonomy":"product_cat","embeddable":true,"href":"https:\/\/unofficial.pictures\/ru\/wp-json\/wp\/v2\/product_cat?post=3417"},{"taxonomy":"product_tag","embeddable":true,"href":"https:\/\/unofficial.pictures\/ru\/wp-json\/wp\/v2\/product_tag?post=3417"}],"curies":[{"name":"wp","href":"https:\/\/api.w.org\/{rel}","templated":true}]}}