{"id":1383,"date":"2020-01-16T12:21:47","date_gmt":"2020-01-16T11:21:47","guid":{"rendered":"https:\/\/unofficial.pictures\/?page_id=1383"},"modified":"2022-04-14T12:14:26","modified_gmt":"2022-04-14T10:14:26","slug":"dangerous","status":"publish","type":"page","link":"https:\/\/unofficial.pictures\/tr\/dangerous\/","title":{"rendered":"Tehlikeli Madde: Eisenbahnstra\u00dfe"},"content":{"rendered":"[mk_page_section bg_image=&#8221;https:\/\/unofficial.pictures\/wp-content\/uploads\/2020\/01\/gf42_gefaehrlichste_bennigsenstr_kurven_crop_gestempelt_geschaerft_webhd.jpg&#8221; bg_position=&#8221;center center&#8221; bg_repeat=&#8221;no-repeat&#8221; bg_stretch=&#8221;true&#8221; min_height=&#8221;726&#8243; full_height=&#8221;true&#8221; padding_top=&#8221;40&#8243; padding_bottom=&#8221;40&#8243; sidebar=&#8221;sidebar-1&#8243;][vc_column][mk_padding_divider size=&#8221;80&#8243;][mk_fancy_title strip_tags=&#8221;true&#8221; tag_name=&#8221;h1&#8243; color=&#8221;#ffffff&#8221; size=&#8221;108&#8243; force_font_size=&#8221;true&#8221; size_smallscreen=&#8221;70&#8243; size_tablet=&#8221;52&#8243; size_phone=&#8221;32&#8243; font_weight=&#8221;bold&#8221; txt_transform=&#8221;none&#8221; letter_spacing=&#8221;2&#8243; font_family=&#8221;none&#8221;]Tehlikeli Madde: Eisenbahnstra\u00dfe[\/mk_fancy_title][mk_divider style=&#8221;thin_solid&#8221; divider_width=&#8221;custom_width&#8221; custom_width=&#8221;500&#8243; align=&#8221;left&#8221; thin_single_color=&#8221;#ffcd02&#8243; thickness=&#8221;6&#8243; margin_bottom=&#8221;0&#8243;][\/vc_column][\/mk_page_section][mk_page_section bg_color=&#8221;#212121&#8243; padding_top=&#8221;100&#8243; padding_bottom=&#8221;40&#8243; sidebar=&#8221;sidebar-1&#8243;][vc_column width=&#8221;1\/2&#8243;][vc_gallery interval=&#8221;3&#8243; images=&#8221;1481,2333,1484,2335,1486,1451,1488,2277,1492,2379&#8243; img_size=&#8221;722&#215;542&#8243;][\/vc_column][vc_column width=&#8221;1\/2&#8243;][mk_fancy_title strip_tags=&#8221;true&#8221; color=&#8221;#ffffff&#8221; size=&#8221;40&#8243; font_family=&#8221;none&#8221;]K\u0131saca proje[\/mk_fancy_title][vc_column_text el_class=&#8221;color-white&#8221; css=&#8221;.vc_custom_1613387262467{margin-bottom: 0px !important;}&#8221;]Leipzig\u2019te Eisenbahn Caddesi? Medya y\u0131llard\u0131r \u0131rk\u00e7\u0131 ve klasik kli\u015felerle bu konuyla ilgili. Resmi onaylanan bu damgalamalarda oldu\u011fu gibi 2018 y\u0131l\u0131 Kas\u0131m Ay\u0131\u2019nda Saksonya Eyaletinde ilk Silah Yasa\u011f\u0131 B\u00f6lgesi ilan edildi.<\/p>\n<p>Biz d\u00fc\u015f\u00fcnd\u00fck ki: Bu \u00e7ok can s\u0131k\u0131c\u0131!<\/p>\n<p>Ve mahalle sakinleriyle r\u00f6portaj yapt\u0131k. Bu g\u00f6r\u00fc\u015fmeler, di\u011fer metinlerle ve bir\u00e7ok \u00f6zel foto\u011fraflarla birlikte \u2019\u2019Tehlikeli Madde: Eisenbahnstra\u00dfe\u2019\u2019 adl\u0131 gazetemizin iki say\u0131s\u0131nda yay\u0131nland\u0131- Eisenbahn Caddesi \u00e7ok daha fazlas\u0131! Bunu g\u00f6stermek istiyoruz. Ve buradaki problemler Bild Gazetesi\u2019nin ya da ProSieben televizyon kanal\u0131n\u0131n bize anlatmak istedi\u011finden \u00e7ok daha karma\u015f\u0131k.[\/vc_column_text][\/vc_column][\/mk_page_section][mk_page_section bg_color=&#8221;#020202&#8243; bg_position=&#8221;center center&#8221; bg_repeat=&#8221;no-repeat&#8221; bg_stretch=&#8221;true&#8221; min_height=&#8221;1000&#8243; full_width=&#8221;true&#8221; js_vertical_centered=&#8221;true&#8221; padding_top=&#8221;40&#8243; sidebar=&#8221;sidebar-1&#8243;][vc_column width=&#8221;1\/12&#8243;][\/vc_column][vc_column width=&#8221;1\/2&#8243; css=&#8221;.vc_custom_1613149667907{padding-top: 20px !important;}&#8221;][mk_fancy_title strip_tags=&#8221;true&#8221; tag_name=&#8221;h3&#8243; color=&#8221;#ffffff&#8221; size=&#8221;32&#8243; font_family=&#8221;none&#8221;]G\u00fcncel sergiler[\/mk_fancy_title][vc_single_image image=&#8221;2425&#8243; img_size=&#8221;600&#215;400&#8243; onclick=&#8221;custom_link&#8221; img_link_target=&#8221;_blank&#8221; link=&#8221;https:\/\/unofficial.pictures\/static\/dangerous\/intro.html&#8221;][vc_column_text el_class=&#8221;color-white&#8221; css=&#8221;.vc_custom_1623754380358{margin-bottom: 0px !important;}&#8221;]4\/2021 \u2013 \u221e:<br \/>\nEast Park, Mariannenstra\u00dfe 91 3\u20444[\/vc_column_text][mk_padding_divider][mk_fancy_title strip_tags=&#8221;true&#8221; tag_name=&#8221;h3&#8243; color=&#8221;#ffffff&#8221; size=&#8221;32&#8243; font_family=&#8221;none&#8221;]Online sergi[\/mk_fancy_title][vc_column_text el_class=&#8221;color-white&#8221; css=&#8221;.vc_custom_1613387451532{margin-bottom: 0px !important;}&#8221;](<span class=\"VIiyi\" lang=\"tr\"><span class=\"JLqJ4b ChMk0b\" data-language-for-alternatives=\"tr\" data-language-to-translate-into=\"en\" data-phrase-index=\"0\">sadece almanca)<\/span><\/span>[\/vc_column_text][vc_single_image image=&#8221;2048&#8243; img_size=&#8221;full&#8221; onclick=&#8221;custom_link&#8221; img_link_target=&#8221;_blank&#8221; link=&#8221;https:\/\/unofficial.pictures\/static\/dangerous\/intro.html&#8221;][mk_padding_divider][mk_fancy_title strip_tags=&#8221;true&#8221; tag_name=&#8221;h3&#8243; color=&#8221;#ffffff&#8221; size=&#8221;32&#8243; font_family=&#8221;none&#8221;]Giri\u015f metni[\/mk_fancy_title][vc_column_text el_class=&#8221;color-white&#8221; css=&#8221;.vc_custom_1613387488276{margin-bottom: 0px !important;}&#8221;]BILD gazetesine g\u00f6re, Kas\u0131m 2018 beri, Leipzig \u201ain do\u011fusundaki Eisenbahnstra\u00dfe Mahallesi \u201enihayet etkisizle\u015ftirildi\u201c. Ve buras\u0131 Sakson eyaletinin, ilk silah yasa\u011f\u0131n\u0131n uyguland\u0131\u011f\u0131 bir b\u00f6lge haline getirildi. Zaten bundan \u00f6nce de polis bu \u201etehlikeli yerde\u201c \u015f\u00fcphelenme \u015fart\u0131na ba\u011fl\u0131 olmaks\u0131z\u0131n da kontrol ger\u00e7ekle\u015ftirme hakk\u0131na sahipti. \u015eimdi ise art\u0131k silah ta\u015f\u0131maya 10 bin euro ve \u201etehlikeli nesneler\u201c ta\u015f\u0131maya ise 1000 euro para cezas\u0131 kesilece\u011fini bildiren yasak tabelalar\u0131, b\u00f6lgenin etraf\u0131n\u0131 \u00e7evrelemi\u015f durumda.<br \/>\nEisenbahnstra\u00dfe Mahallesi gazetecilik, belgeseller, tart\u0131\u015fmalar i\u00e7in de \u201etehlikeli maddedir\u201c. \u00c7\u00fcnk\u00fc b\u00f6lgenin tarafs\u0131z bir bak\u0131\u015f a\u00e7\u0131s\u0131yla resmini \u00e7ekip yans\u0131tmak imkans\u0131z g\u00f6r\u00fcn\u00fcr. Eisenbahstra\u00dfe Mahallesi, y\u0131llard\u0131r man\u015fetlerde kavgalar, \u00e7at\u0131\u015fmalar, uyu\u015fturucu ka\u00e7ak\u00e7\u0131l\u0131\u011f\u0131, b\u0131\u00e7akl\u0131 sald\u0131r\u0131lar\u0131n haberleriyle yeral\u0131rken; bu eylemlerin de \u00e7o\u011funlukla\u00a0mu\u011flak bir tarzda, \u201eAlman olmayan\u201c veya \u201ebeyaz olmayan\u201c ki\u015filere atfedilmesiyle de kafalardaki resim sabitle\u015ftirildi.<br \/>\nGazetemizde ayn\u0131 yer i\u00e7in varolan farkl\u0131 bak\u0131\u015f a\u00e7\u0131lar\u0131, \u00e7e\u015fitli materyaller bir araya geliyor. Biz inan\u0131yoruz ki bir yer (mekan) ve oran\u0131n sakinleri hakk\u0131ndaki imajlar, se\u00e7ilen bak\u0131\u015f a\u00e7\u0131s\u0131na ba\u011fl\u0131 olarak \u015fekillenmektedir. Bu y\u00fczden b\u00f6yle bir mekan imaj\u0131n\u0131n nas\u0131l yarat\u0131ld\u0131\u011f\u0131n\u0131 sorgulamak istiyoruz. Ve bunun i\u00e7in televizyonlardan, sosyal medyadan derledi\u011fimiz \u00e7e\u015fitli belgesel, r\u00f6portajlar ve filmlerden kareler (resimler) var. Onlar, biz semtte dola\u015ft\u0131\u011f\u0131m\u0131z s\u0131rada bir v\u00fccut kameras\u0131n\u0131n \u00e7ekti\u011fi videodaki karelerle (resimlerle) kar\u0131\u015f\u0131yor. Biz bu sokaktaki hayat\u0131n, geni\u015f objektifli bir kameradan nas\u0131l g\u00f6r\u00fcnd\u00fc\u011f\u00fcn\u00fc, ara\u015ft\u0131r\u0131p incelemek istedik. Polis memurlar\u0131 benzer bir modeli, Ekim 2017\u2018 de pilot bir projenin ba\u015flang\u0131c\u0131ndan beri kullan\u0131yor.<br \/>\nAyr\u0131ca y\u00fczeyde g\u00f6r\u00fcnen sosyal s\u00fcre\u00e7lerin ortaya \u00e7\u0131kt\u0131\u011f\u0131 yerleri g\u00f6stermek istedik. Bu gazetenin odak noktas\u0131n\u0131 ya\u015famlar\u0131n\u0131n a\u011f\u0131rl\u0131kl\u0131 merkezini Eisenbahnstra\u00dfe Mahallesi ve civar\u0131nda ge\u00e7iren insanlar olu\u015fturuyor. Ger\u00e7ekle\u015ftirdi\u011fimiz uzun sohbetlerimizde burada ya\u015faman\u0131n onlar i\u00e7in nas\u0131l bir \u015fey oldu\u011funu sorduk.<br \/>\nB\u00f6lgenin \u201etehlikeli madde\u201c ve daha sonras\u0131nda da \u201esilah yasa\u011f\u0131 b\u00f6lgesi\u201c olarak etiketlenmesinin onlar\u0131n g\u00fcnl\u00fck ya\u015fam\u0131na hangi etkilerde bulundu\u011funu ve Eisenbahnstra\u00dfe i\u00e7in neler arzu ettiklerini, istediklerini sorduk.<br \/>\nResimler ve sohbetler, mahallede \u00fclkede oldu\u011fu gibi toplumsal birliktelik i\u00e7inde ya\u015faman\u0131n \u00fczerinde tekrar d\u00fc\u015f\u00fcnmenin ara\u00e7lar\u0131 olmal\u0131d\u0131r. Biz tarafs\u0131z g\u00f6zlemci olarak gelmedik ve \u201eobjektif habercilik\u201c \u00e7abas\u0131 i\u00e7inde olmad\u0131k. Biz b\u00f6yle bir \u015feyin (tarafs\u0131zl\u0131\u011f\u0131n) oldu\u011funa inanm\u0131yoruz. Bak\u0131\u015f a\u00e7\u0131m\u0131z hangi perspektifleri etkileyici buldu\u011fumuza g\u00f6re y\u00f6nlenebilen \u00f6znellikler i\u00e7erir. Bunun yan\u0131 s\u0131ra biz fikirlerimizi saklamak istemiyoruz. Bu tutumuz muhataplar\u0131m\u0131za sordu\u011fumuz sorularda, se\u00e7imlerimizde ve resimlerin d\u00fczenlenmesinde de belirleyicidir.<br \/>\nAmac\u0131m\u0131z, bu \u201etehlikeli madde\u201c ile ilgili farkl\u0131 bak\u0131\u015f a\u00e7\u0131lar\u0131n\u0131n netle\u015fece\u011fi daha b\u00fcy\u00fck bir resimi \u00e7izmektir. Bizim i\u00e7in mahalle g\u00fcnl\u00fck hayat\u0131m\u0131z\u0131n bir par\u00e7as\u0131d\u0131r. Biz burada ya\u015f\u0131yoruz, arkada\u015flar\u0131m\u0131zla bulu\u015fuyoruz ve bu mahallede zaman\u0131m\u0131z\u0131 ge\u00e7iriyoruz.<br \/>\nBiz herkes i\u00e7in insanlar\u0131n korkmadan birlikte ya\u015fad\u0131\u011f\u0131 ve hayaller kurabildi\u011fi bir yeri yaratmak istiyoruz.<br \/>\nEisenbahnstra\u00dfe civar\u0131nda gezdi\u011fimiz 2 ay boyunca, kitaplar doldurabilecek kadar \u00e7ok materyal toplad\u0131k. Ama biz bunun yerine bir ka\u00e7 ay i\u00e7inde gazetenin 2. say\u0131s\u0131n\u0131 \u00e7\u0131karmay\u0131 planl\u0131yoruz. Bu nedenle sizlerden gelecek geri bildirimlere, g\u00f6r\u00fc\u015f ve \u00f6nerilerinize \u00f6nem veriyor, ilgileniyoruz. Ayr\u0131ca gazeteyi farkl\u0131 dillerde de yay\u0131nlamak istiyoruz. \u00c7eviride yard\u0131mc\u0131 olmak isterseniz bizimle ileti\u015fime ge\u00e7in. \u00c7ok te\u015fekk\u00fcrler.<br \/>\nHakk\u0131m\u0131zda: unofficial.pictures farkl\u0131 ge\u00e7mi\u015flere, ya\u015fam tarzlar\u0131na sahip insanlar\u0131n, ki\u015fisel ve siyasal konular\u0131 anlatmak i\u00e7in bir dil olarak kulland\u0131\u011f\u0131 ki\u015fisel fotograf ve filmleri eri\u015filebilir k\u0131lmak istiyor. 2016 y\u0131l\u0131ndan beri biz, Frieder ve Rafael, foto\u011fraf\u00e7\u0131l\u0131k \u00fczerine birlikte at\u00f6lyeler d\u00fczenliyoruz.<br \/>\nAyr\u0131ca sergiler, film g\u00f6sterimleri d\u00fczenliyoruz ve kendimiz kitaplar yay\u0131nl\u0131yoruz. Eisenbahnstra\u00dfe ile ilgili projede ilk kez birlikte yoldayd\u0131k.[\/vc_column_text][\/vc_column][vc_column width=&#8221;1\/6&#8243;][\/vc_column][vc_column width=&#8221;1\/6&#8243; css=&#8221;.vc_custom_1613149779593{padding-top: 20px !important;background-color: #fcfcfc !important;}&#8221;][mk_fancy_title strip_tags=&#8221;true&#8221; color=&#8221;#020202&#8243; size=&#8221;40&#8243; font_family=&#8221;none&#8221;]Matba #1[\/mk_fancy_title]<div class=\"woocommerce columns-1 \"><ul class=\"products columns-1\">\n<li class=\"product type-product post-1687 status-publish first outofstock product_cat-books-prints has-post-thumbnail shipping-taxable purchasable product-type-simple\">\n\t<div class=\"mk-product-warp\"><a href=\"https:\/\/unofficial.pictures\/tr\/shop\/gefaehrlicher-gegenstand-eisenbahnstrasse-1\/\" class=\"woocommerce-LoopProduct-link woocommerce-loop-product__link\">\t<div class=\"mk-product-thumbnail-warp\">\n\t<img loading=\"lazy\" decoding=\"async\" width=\"800\" height=\"686\" src=\"https:\/\/unofficial.pictures\/wp-content\/uploads\/2020\/04\/zeitung-1-alt-800x686.jpg\" class=\"attachment-woocommerce_thumbnail size-woocommerce_thumbnail\" alt=\"(Deutsch) Gef\u00e4hrlicher Gegenstand: Eisenbahnstra\u00dfe #1\" srcset=\"https:\/\/unofficial.pictures\/wp-content\/uploads\/2020\/04\/zeitung-1-alt.jpg 800w, https:\/\/unofficial.pictures\/wp-content\/uploads\/2020\/04\/zeitung-1-alt-300x257.jpg 300w, https:\/\/unofficial.pictures\/wp-content\/uploads\/2020\/04\/zeitung-1-alt-768x659.jpg 768w, https:\/\/unofficial.pictures\/wp-content\/uploads\/2020\/04\/zeitung-1-alt-64x55.jpg 64w, https:\/\/unofficial.pictures\/wp-content\/uploads\/2020\/04\/zeitung-1-alt-600x514.jpg 600w\" sizes=\"auto, (max-width: 800px) 100vw, 800px\" itemprop=\"image\" \/>\t<\/div>\n\t<h2 class=\"woocommerce-loop-product__title\">(Deutsch) Gef\u00e4hrlicher Gegenstand: Eisenbahnstra\u00dfe #1<\/h2><span class=\"mk-out-of-stock\">Out of Stock<\/span>\n\t<span class=\"price\">Suggested Price: <span class=\"woocommerce-Price-amount amount\"><bdi>6,00&nbsp;<span class=\"woocommerce-Price-currencySymbol\">&euro;<\/span><\/bdi><\/span><\/span>\n\n\n\n<\/a>\n\n\t<p class=\"wc-gzd-additional-info wc-gzd-additional-info-loop shipping-costs-info\">art\u0131 <a href=\"https:\/\/unofficial.pictures\/tr\/shop\/versand\/\" target=\"_blank\">nakliye masraflar\u0131<\/a>. KDV yok (\u00a719 UStG)<\/p>\n\n\n<a href=\"https:\/\/unofficial.pictures\/tr\/shop\/gefaehrlicher-gegenstand-eisenbahnstrasse-1\/\" class=\"button product_type_simple\">Details<\/a><\/div><\/li>\n<\/ul>\n<\/div><div class=\"woocommerce columns-1 \"><ul class=\"products columns-1\">\n<li class=\"product type-product post-2284 status-publish first instock product_cat-books-prints has-post-thumbnail shipping-taxable purchasable product-type-simple\">\n\t<div class=\"mk-product-warp\"><a href=\"https:\/\/unofficial.pictures\/tr\/shop\/tuerkce-tercuemesi-tehlikeli-madde-eisenbahnstrasse-matba-1\/\" class=\"woocommerce-LoopProduct-link woocommerce-loop-product__link\">\t<div class=\"mk-product-thumbnail-warp\">\n\t<img loading=\"lazy\" decoding=\"async\" width=\"800\" height=\"686\" src=\"https:\/\/unofficial.pictures\/wp-content\/uploads\/2021\/02\/uebersetzungen_ausgabe01-tr-1-dsc3913-800x686.jpg\" class=\"attachment-woocommerce_thumbnail size-woocommerce_thumbnail\" alt=\"T\u00fcrk\u00e7e terc\u00fcmesi: \u00bbTehlikeli Madde: Eisenbahnstra\u00dfe\u00ab Matba #1\" srcset=\"https:\/\/unofficial.pictures\/wp-content\/uploads\/2021\/02\/uebersetzungen_ausgabe01-tr-1-dsc3913.jpg 800w, https:\/\/unofficial.pictures\/wp-content\/uploads\/2021\/02\/uebersetzungen_ausgabe01-tr-1-dsc3913-300x257.jpg 300w, https:\/\/unofficial.pictures\/wp-content\/uploads\/2021\/02\/uebersetzungen_ausgabe01-tr-1-dsc3913-768x659.jpg 768w, https:\/\/unofficial.pictures\/wp-content\/uploads\/2021\/02\/uebersetzungen_ausgabe01-tr-1-dsc3913-600x514.jpg 600w\" sizes=\"auto, (max-width: 800px) 100vw, 800px\" itemprop=\"image\" \/>\t<\/div>\n\t<h2 class=\"woocommerce-loop-product__title\">T\u00fcrk\u00e7e terc\u00fcmesi: \u00bbTehlikeli Madde: Eisenbahnstra\u00dfe\u00ab Matba #1<\/h2>\n\t<span class=\"price\">Suggested Price: <span class=\"woocommerce-Price-amount amount\"><bdi>2,00&nbsp;<span class=\"woocommerce-Price-currencySymbol\">&euro;<\/span><\/bdi><\/span><\/span>\n\n\n\n<\/a>\n\n\t<p class=\"wc-gzd-additional-info wc-gzd-additional-info-loop shipping-costs-info\">art\u0131 <a href=\"https:\/\/unofficial.pictures\/tr\/shop\/versand\/\" target=\"_blank\">nakliye masraflar\u0131<\/a>. KDV yok (\u00a719 UStG)<\/p>\n\n\n<a href=\"https:\/\/unofficial.pictures\/tr\/shop\/tuerkce-tercuemesi-tehlikeli-madde-eisenbahnstrasse-matba-1\/\" class=\"button product_type_simple\">Details<\/a><\/div><\/li>\n<\/ul>\n<\/div>[\/vc_column][vc_column width=&#8221;1\/12&#8243;][\/vc_column][\/mk_page_section][mk_page_section bg_color=&#8221;#212121&#8243; padding_top=&#8221;100&#8243; padding_bottom=&#8221;100&#8243; sidebar=&#8221;sidebar-1&#8243;][vc_column width=&#8221;2\/3&#8243;][masterslider_pb alias=&#8221;bildauswahl-crowfunding&#8221;][mk_padding_divider][\/vc_column][vc_column width=&#8221;1\/3&#8243;][vc_column_text el_class=&#8221;color-white&#8221; css=&#8221;.vc_custom_1613387697792{margin-bottom: 0px !important;}&#8221;]\n<h4><\/h4>\n<h4>Handabz\u00fcge auf Barytpapier<\/h4>\n<p>W\u00e4hle eine aus f\u00fcnf Gro\u00dfformatfotografien. Diese vergr\u00f6\u00dfern wir selbst im Fachlabor auf auf 40x50cm mit wei\u00dfem Rand. Der Abzug ist handsigniert und auf eine Auflage von 3 St\u00fcck pro Fotografie limitiert.<\/p>\n<p><a href=\"https:\/\/unofficial.pictures\/contact\/\">Kontaktiere<\/a> uns bei Interesse.[\/vc_column_text][\/vc_column][\/mk_page_section][mk_page_section bg_color=&#8221;#ffffff&#8221; bg_position=&#8221;center top&#8221; bg_repeat=&#8221;no-repeat&#8221; bg_stretch=&#8221;true&#8221; full_width=&#8221;true&#8221; padding_top=&#8221;40&#8243; padding_bottom=&#8221;80&#8243; sidebar=&#8221;sidebar-1&#8243;][vc_column width=&#8221;1\/12&#8243;][\/vc_column][vc_column width=&#8221;3\/12&#8243;][\/vc_column][vc_column width=&#8221;4\/12&#8243;][vc_single_image image=&#8221;2379&#8243; img_size=&#8221;full&#8221; onclick=&#8221;custom_link&#8221; img_link_target=&#8221;_blank&#8221; link=&#8221;https:\/\/unofficial.pictures\/static\/dangerous\/intro.html&#8221;][vc_column_text css=&#8221;.vc_custom_1620463657063{margin-bottom: 0px !important;}&#8221;]15\/2\/2021 &#8211; 28\/2\/2021<br \/>\nEisenbahnstra\u00dfe 97, Leipzig[\/vc_column_text][mk_padding_divider][vc_single_image image=&#8221;2376&#8243; img_size=&#8221;full&#8221; onclick=&#8221;custom_link&#8221; img_link_target=&#8221;_blank&#8221; link=&#8221;https:\/\/unofficial.pictures\/static\/dangerous\/intro.html&#8221;][vc_column_text css=&#8221;.vc_custom_1620463663538{margin-bottom: 0px !important;}&#8221;]15\/2\/2021 &#8211; 28\/2\/2021<br \/>\nRabet, Leipzig[\/vc_column_text][mk_padding_divider][vc_single_image image=&#8221;2544&#8243; img_size=&#8221;full&#8221; onclick=&#8221;custom_link&#8221; img_link_target=&#8221;_blank&#8221; link=&#8221;https:\/\/unofficial.pictures\/static\/dangerous\/intro.html&#8221;][vc_column_text css=&#8221;.vc_custom_1623754443100{margin-bottom: 0px !important;}&#8221;]<a href=\"https:\/\/unofficial.pictures\/dangerous\/ausstellung-zum-art-go-east\/\">Sergi ve online program<br \/>\nART GO EAST bienalin bir par\u00e7as\u0131 &#8220;to collaborate&#8221;<br \/>\n20.5.2021 \u2013 28.5.2021<br \/>\nSagArt e.V.&#8217;de (Eisenbahnstra\u00dfe 37) ve online <\/a>[\/vc_column_text][\/vc_column][vc_column width=&#8221;3\/12&#8243;][vc_column_text css=&#8221;.vc_custom_1620463305721{margin-bottom: 0px !important;}&#8221;]\n<h3>Sergiler<\/h3>\n[\/vc_column_text][\/vc_column][vc_column width=&#8221;1\/12&#8243;][\/vc_column][\/mk_page_section]","protected":false},"excerpt":{"rendered":"<p>[mk_page_section bg_image=&#8221;https:\/\/unofficial.pictures\/wp-content\/uploads\/2020\/01\/gf42_gefaehrlichste_bennigsenstr_kurven_crop_gestempelt_geschaerft_webhd.jpg&#8221; bg_position=&#8221;center center&#8221; bg_repeat=&#8221;no-repeat&#8221; bg_stretch=&#8221;true&#8221; min_height=&#8221;726&#8243; full_height=&#8221;true&#8221; padding_top=&#8221;40&#8243; padding_bottom=&#8221;40&#8243; sidebar=&#8221;sidebar-1&#8243;][vc_column][mk_padding_divider size=&#8221;80&#8243;][mk_fancy_title strip_tags=&#8221;true&#8221; tag_name=&#8221;h1&#8243; color=&#8221;#ffffff&#8221; size=&#8221;108&#8243; force_font_size=&#8221;true&#8221; size_smallscreen=&#8221;70&#8243; size_tablet=&#8221;52&#8243; size_phone=&#8221;32&#8243; font_weight=&#8221;bold&#8221; txt_transform=&#8221;none&#8221; letter_spacing=&#8221;2&#8243; font_family=&#8221;none&#8221;]Tehlikeli Madde: Eisenbahnstra\u00dfe[\/mk_fancy_title][mk_divider style=&#8221;thin_solid&#8221; divider_width=&#8221;custom_width&#8221; custom_width=&#8221;500&#8243; align=&#8221;left&#8221; thin_single_color=&#8221;#ffcd02&#8243; thickness=&#8221;6&#8243; margin_bottom=&#8221;0&#8243;][\/vc_column][\/mk_page_section][mk_page_section bg_color=&#8221;#212121&#8243; padding_top=&#8221;100&#8243; padding_bottom=&#8221;40&#8243; sidebar=&#8221;sidebar-1&#8243;][vc_column width=&#8221;1\/2&#8243;][vc_gallery interval=&#8221;3&#8243; images=&#8221;1481,2333,1484,2335,1486,1451,1488,2277,1492,2379&#8243; img_size=&#8221;722&#215;542&#8243;][\/vc_column][vc_column width=&#8221;1\/2&#8243;][mk_fancy_title strip_tags=&#8221;true&#8221; color=&#8221;#ffffff&#8221; size=&#8221;40&#8243; font_family=&#8221;none&#8221;]K\u0131saca proje[\/mk_fancy_title][vc_column_text el_class=&#8221;color-white&#8221; css=&#8221;.vc_custom_1613387262467{margin-bottom: 0px !important;}&#8221;]Leipzig\u2019te Eisenbahn Caddesi? Medya y\u0131llard\u0131r [&hellip;]<\/p>\n","protected":false},"author":1,"featured_media":0,"parent":0,"menu_order":0,"comment_status":"closed","ping_status":"closed","template":"","meta":{"footnotes":""},"class_list":["post-1383","page","type-page","status-publish","hentry"],"_links":{"self":[{"href":"https:\/\/unofficial.pictures\/tr\/wp-json\/wp\/v2\/pages\/1383","targetHints":{"allow":["GET"]}}],"collection":[{"href":"https:\/\/unofficial.pictures\/tr\/wp-json\/wp\/v2\/pages"}],"about":[{"href":"https:\/\/unofficial.pictures\/tr\/wp-json\/wp\/v2\/types\/page"}],"author":[{"embeddable":true,"href":"https:\/\/unofficial.pictures\/tr\/wp-json\/wp\/v2\/users\/1"}],"replies":[{"embeddable":true,"href":"https:\/\/unofficial.pictures\/tr\/wp-json\/wp\/v2\/comments?post=1383"}],"version-history":[{"count":77,"href":"https:\/\/unofficial.pictures\/tr\/wp-json\/wp\/v2\/pages\/1383\/revisions"}],"predecessor-version":[{"id":2796,"href":"https:\/\/unofficial.pictures\/tr\/wp-json\/wp\/v2\/pages\/1383\/revisions\/2796"}],"wp:attachment":[{"href":"https:\/\/unofficial.pictures\/tr\/wp-json\/wp\/v2\/media?parent=1383"}],"curies":[{"name":"wp","href":"https:\/\/api.w.org\/{rel}","templated":true}]}}