{"id":1591,"date":"2020-04-28T13:09:50","date_gmt":"2020-04-28T11:09:50","guid":{"rendered":"https:\/\/unofficial.pictures\/bezahlmoeglichkeiten\/"},"modified":"2020-06-10T19:39:34","modified_gmt":"2020-06-10T17:39:34","slug":"bezahlmoeglichkeiten","status":"publish","type":"page","link":"https:\/\/unofficial.pictures\/tr\/shop\/bezahlmoeglichkeiten\/","title":{"rendered":"Zahlungsarten"},"content":{"rendered":"<p class=\"qtranxs-available-languages-message qtranxs-available-languages-message-tr\">Sorry, this entry is only available in <a href=\"https:\/\/unofficial.pictures\/de\/wp-json\/wp\/v2\/pages\/1591\" class=\"qtranxs-available-language-link qtranxs-available-language-link-de\" title=\"Deutsch\">Deutsch<\/a> and <a href=\"https:\/\/unofficial.pictures\/en\/wp-json\/wp\/v2\/pages\/1591\" class=\"qtranxs-available-language-link qtranxs-available-language-link-en\" title=\"English\">English<\/a>.<\/p>Du hast folgende Zahlm\u00f6glichkeiten:<\/p>\n<ul>\n<li class=\"payment_method_bacs\"><label for=\"payment_method_bacs\">Vorkasse<\/label><br \/>\n\u00dcberweise direkt an unsere Bankverbindung. Bitte nutze die Bestellnummer als Verwendungszweck. Deine Bestellung wird erst nach Geldeingang auf unserem Konto versandt.<\/li>\n<li class=\"payment_method_cod\"><label for=\"payment_method_cod\">Barzahlung bei Abholung<\/label><br \/>\nMach einen Termin aus und komm in unserem B\u00fcro vorbei (Gie\u00dferstr. 75, Leipzig)<\/li>\n<li>PayPal<br \/>\nNutze den weltweit bekannten Zahlungsdienstleister um das Geld sofort zu uns zu transferieren.<\/li>\n<li>SOFORT-Banking<br \/>\nMit Sofort\u00fcberweisung loggst du dich mit deiner PIN in das Online-Banking deiner Bank ein und t\u00e4tigst dort eine \u00dcberweisung mit einer TAN. Wir bekommen sofort eine Best\u00e4tigung der Zahlung.<\/li>\n<\/ul>","protected":false},"excerpt":{"rendered":"<p>Sorry, this entry is only available in Deutsch and English.Du hast folgende Zahlm\u00f6glichkeiten: Vorkasse \u00dcberweise direkt an unsere Bankverbindung. Bitte nutze die Bestellnummer als Verwendungszweck. Deine Bestellung wird erst nach Geldeingang auf unserem Konto versandt. Barzahlung bei Abholung Mach einen Termin aus und komm in unserem B\u00fcro vorbei (Gie\u00dferstr. 75, Leipzig) PayPal Nutze den weltweit [&hellip;]<\/p>\n","protected":false},"author":1,"featured_media":0,"parent":251,"menu_order":0,"comment_status":"closed","ping_status":"closed","template":"","meta":{"footnotes":""},"class_list":["post-1591","page","type-page","status-publish","hentry"],"_links":{"self":[{"href":"https:\/\/unofficial.pictures\/tr\/wp-json\/wp\/v2\/pages\/1591","targetHints":{"allow":["GET"]}}],"collection":[{"href":"https:\/\/unofficial.pictures\/tr\/wp-json\/wp\/v2\/pages"}],"about":[{"href":"https:\/\/unofficial.pictures\/tr\/wp-json\/wp\/v2\/types\/page"}],"author":[{"embeddable":true,"href":"https:\/\/unofficial.pictures\/tr\/wp-json\/wp\/v2\/users\/1"}],"replies":[{"embeddable":true,"href":"https:\/\/unofficial.pictures\/tr\/wp-json\/wp\/v2\/comments?post=1591"}],"version-history":[{"count":1,"href":"https:\/\/unofficial.pictures\/tr\/wp-json\/wp\/v2\/pages\/1591\/revisions"}],"predecessor-version":[{"id":1999,"href":"https:\/\/unofficial.pictures\/tr\/wp-json\/wp\/v2\/pages\/1591\/revisions\/1999"}],"up":[{"embeddable":true,"href":"https:\/\/unofficial.pictures\/tr\/wp-json\/wp\/v2\/pages\/251"}],"wp:attachment":[{"href":"https:\/\/unofficial.pictures\/tr\/wp-json\/wp\/v2\/media?parent=1591"}],"curies":[{"name":"wp","href":"https:\/\/api.w.org\/{rel}","templated":true}]}}