{"id":1827,"date":"2020-06-05T11:34:21","date_gmt":"2020-06-05T09:34:21","guid":{"rendered":"https:\/\/unofficial.pictures\/?page_id=1827"},"modified":"2022-07-04T11:13:14","modified_gmt":"2022-07-04T09:13:14","slug":"individuelle-projektbegleitung","status":"publish","type":"page","link":"https:\/\/unofficial.pictures\/tr\/sharing\/individuelle-projektbegleitung\/","title":{"rendered":"(Deutsch) Individuelle Projektbegleitung"},"content":{"rendered":"<p class=\"qtranxs-available-languages-message qtranxs-available-languages-message-tr\">Sorry, this entry is only available in <a href=\"https:\/\/unofficial.pictures\/de\/wp-json\/wp\/v2\/pages\/1827\" class=\"qtranxs-available-language-link qtranxs-available-language-link-de\" title=\"Deutsch\">Deutsch<\/a> and <a href=\"https:\/\/unofficial.pictures\/en\/wp-json\/wp\/v2\/pages\/1827\" class=\"qtranxs-available-language-link qtranxs-available-language-link-en\" title=\"English\">English<\/a>.<\/p>[mk_page_section bg_image=&#8221;https:\/\/unofficial.pictures\/wp-content\/uploads\/2020\/06\/projektbegleitung-cover.jpg&#8221; bg_position=&#8221;center bottom&#8221; bg_repeat=&#8221;no-repeat&#8221; bg_stretch=&#8221;true&#8221; min_height=&#8221;0&#8243; full_height=&#8221;true&#8221; padding_top=&#8221;32&#8243; padding_bottom=&#8221;32&#8243; margin_bottom=&#8221;80&#8243; sidebar=&#8221;sidebar-1&#8243;][vc_column][mk_fancy_title strip_tags=&#8221;true&#8221; color=&#8221;#ffffff&#8221; size=&#8221;60&#8243; font_weight=&#8221;bold&#8221; txt_transform=&#8221;uppercase&#8221; letter_spacing=&#8221;2&#8243; margin_bottom=&#8221;0&#8243; font_family=&#8221;Signika&#8221; font_type=&#8221;google&#8221; align=&#8221;center&#8221;]Individuelle Projektbegleitung[\/mk_fancy_title][\/vc_column][\/mk_page_section][mk_page_section padding_top=&#8221;0&#8243; padding_bottom=&#8221;0&#8243; margin_bottom=&#8221;80&#8243; sidebar=&#8221;sidebar-1&#8243;][vc_column][vc_column_text el_class=&#8221;large&#8221; css=&#8221;.vc_custom_1591365961794{margin-bottom: 0px !important;}&#8221;]Bei Fotoprojekten passiert es leicht, dass man sich in einer Richtung verrennt, irgendwie feststeckt, den \u00dcberblick verliert oder einfach mal einen frischen Blick von au\u00dfen braucht. Mit diesem Angebot unterst\u00fctzen wir dich in Einzelsitzungen bei deinen dokumentarischen, journalistischen und k\u00fcnstlerischen Fotoprojekten. Der Fokus liegt ganz auf der Weiterentwicklung und Umsetzung deiner eigenen Ideen, in deinem Tempo und nach deinen W\u00fcnschen und Bed\u00fcrfnissen.<\/p>\n<p>Wir als studierte Dokumentarfotografen mit Erfahrungen aus einer Vielzahl von eigenen Projekten und Workshops beraten dich in allen Phasen deines Projektes \u2013 egal ob du unentschlossen bist, welche Idee du umsetzen willst, ob du Inspiration zu einer Herangehensweise suchst oder unsicher bist, wie du weiter machen sollst. Auch wenn du technische Fragen hast oder Hilfe gebrauchen kannst bei der Bildauswahl, beim Layout eines Fotobuches oder bei der Konzeption einer Ausstellung, sind wir gern deine Ansprechpartner. [\/vc_column_text][\/vc_column][\/mk_page_section][mk_page_section padding_top=&#8221;0&#8243; padding_bottom=&#8221;0&#8243; margin_bottom=&#8221;80&#8243; sidebar=&#8221;sidebar-1&#8243;][vc_column width=&#8221;5\/12&#8243;][mk_divider style=&#8221;thin_solid&#8221; thin_single_color=&#8221;#f2af4b&#8221; thickness=&#8221;6&#8243; margin_top=&#8221;0&#8243;][mk_fancy_title strip_tags=&#8221;true&#8221; tag_name=&#8221;h3&#8243; color=&#8221;#000000&#8243; size=&#8221;34&#8243; font_weight=&#8221;bold&#8221; txt_transform=&#8221;uppercase&#8221; letter_spacing=&#8221;2&#8243; margin_bottom=&#8221;0&#8243; font_family=&#8221;Signika&#8221; font_type=&#8221;google&#8221; responsive_align=&#8221;left&#8221;]Daten[\/mk_fancy_title][vc_column_text css=&#8221;.vc_custom_1591349745648{margin-bottom: 0px !important;}&#8221;]1 Vorgespr\u00e4ch von 30 Minuten<\/p>\n<p>beliebig viele Termine \u00e0 90 Minuten<\/p>\n<p>aktuell nur online[\/vc_column_text][\/vc_column][vc_column width=&#8221;7\/12&#8243;][mk_divider style=&#8221;thin_solid&#8221; thin_single_color=&#8221;#f2af4b&#8221; thickness=&#8221;6&#8243; margin_top=&#8221;0&#8243;][mk_fancy_title strip_tags=&#8221;true&#8221; tag_name=&#8221;h3&#8243; color=&#8221;#000000&#8243; size=&#8221;34&#8243; font_weight=&#8221;bold&#8221; txt_transform=&#8221;uppercase&#8221; letter_spacing=&#8221;2&#8243; margin_bottom=&#8221;0&#8243; font_family=&#8221;Signika&#8221; font_type=&#8221;google&#8221; responsive_align=&#8221;left&#8221;]Was hast du davon?[\/mk_fancy_title][vc_column_text css=&#8221;.vc_custom_1591366000760{margin-bottom: 0px !important;}&#8221;]\n<ul>\n<li>durch Fotografie eine Form finden, deine pers\u00f6nliche Sicht auf ein Thema auszudr\u00fccken \u2013 f\u00fcr andere nachvollziehbar<\/li>\n<li>ggf. Erleichterung durch Aufarbeitung alter pers\u00f6nlicher Themen und Weiterentwicklung durch das Hinterfragen der eigenen Sicht auf das ausgew\u00e4hlte Thema<\/li>\n<li>an im Kopf herumschwirrenden Ideen konkret arbeiten und diese mit anderen teilen<\/li>\n<li>lernen, einzelnen Bildern einen neuen Sinn zu geben durch erz\u00e4hlerische Kombination<\/li>\n<li>sich selbst durch fotografische\/filmische Aufgaben aus der Komfortzone holen<\/li>\n<li>alle Fragen, die w\u00e4hrend irgendeiner Projektphase aufkommen, mit Profis besprechen<\/li>\n<\/ul>\n[\/vc_column_text][\/vc_column][\/mk_page_section][mk_page_section padding_top=&#8221;80&#8243; padding_bottom=&#8221;80&#8243; sidebar=&#8221;sidebar-1&#8243;][vc_column width=&#8221;1\/2&#8243;][mk_divider style=&#8221;thin_solid&#8221; thin_single_color=&#8221;#f2af4b&#8221; thickness=&#8221;6&#8243; margin_top=&#8221;0&#8243;][mk_fancy_title strip_tags=&#8221;true&#8221; tag_name=&#8221;h3&#8243; color=&#8221;#000000&#8243; size=&#8221;34&#8243; font_weight=&#8221;bold&#8221; txt_transform=&#8221;uppercase&#8221; letter_spacing=&#8221;2&#8243; margin_bottom=&#8221;0&#8243; font_family=&#8221;Signika&#8221; font_type=&#8221;google&#8221; responsive_align=&#8221;left&#8221;]\n<h3 class=\"western\">Ist das was f\u00fcr dich?<\/h3>\n[\/mk_fancy_title][vc_column_text css=&#8221;.vc_custom_1591361446809{margin-bottom: 0px !important;}&#8221;]Generell bist du bei uns richtig, wenn du Lust hast, dich mit Hilfe von Fotografien auszudr\u00fccken. Vorerfahrungen sind nicht zwingend erforderlich, wir passen uns an deinen Kenntnisstand an.<\/p>\n<p>Falls du das w\u00fcnschst, wollen wir gern auch deine Fotos auf pers\u00f6nlicher Ebene befragen. Manchmal kommen dabei aufw\u00fchlende Themen\/Erfahrungen auf den Tisch. Wir wollen dich daher nach Kr\u00e4ften supporten und darauf achten wie es dir geht, vor allem tr\u00e4gst du aber selbst die Verantwortung daf\u00fcr was und wie viel du teilen magst. Wir begleiten deinen Prozess, dich durch Bilder auszudr\u00fccken, vor allem durch Empathie und unsere Erfahrungen.<\/p>\n<p>In der aktuellen Situation haben wir uns entschieden, diese Beratung und andere Workshops online anzubieten. Du brauchst daf\u00fcr ein Smartphone\/Tablet oder einen Computer mit Webcam &amp; Mikrofon und einen Webbrowser, der den offenen Standard \u201eWebRTC\u201c unterst\u00fctzt. Das funktioniert zum Beispiel in den aktuellen Versionen von Firefox und Chromium oder Chrome. Wir sollten deine Bilder sehen k\u00f6nnen, daf\u00fcr teiltst du deinen Bildschirm oder l\u00e4dst die Bilder in unsere Cloud laden. Die \u00dcbertragung funktioniert in jedem Fall verschl\u00fcsselt, bei Fragen zu den Details sprich uns gerne an.[\/vc_column_text][mk_fancy_title strip_tags=&#8221;true&#8221; tag_name=&#8221;h3&#8243; color=&#8221;#000000&#8243; size=&#8221;34&#8243; font_weight=&#8221;bold&#8221; txt_transform=&#8221;uppercase&#8221; letter_spacing=&#8221;2&#8243; margin_bottom=&#8221;0&#8243; font_family=&#8221;Signika&#8221; font_type=&#8221;google&#8221; responsive_align=&#8221;left&#8221;]\n<h3>Was kostet das?<\/h3>\n[\/mk_fancy_title][vc_column_text css=&#8221;.vc_custom_1591349898482{margin-bottom: 0px !important;}&#8221;]Uns ist wichtig, dass unsere Angebote unabh\u00e4ngig vom Einkommen zug\u00e4nglich sind. Andererseits m\u00f6chten wir von unserer Arbeit leben k\u00f6nnen. Daher haben wir uns entschieden, f\u00fcr die Projektbetreuung einen Festpreis zu nehmen \u2013 wenn du diesen nicht zahlen kannst, schreibe uns aber gerne eine Email oder wir sprechen im Vorgespr\u00e4ch dar\u00fcber.<\/p>\n<p>F\u00fcr eine einzelne Sitzung (90 Minuten) nehmen wir 75\u20ac, wenn wir beide dabei sind 130\u20ac.<br \/>\nWenn du dich gleich f\u00fcr 5 Sitzungen entscheidest, kostet dich das 300\u20ac (bzw. 500\u20ac mit uns beiden).<br \/>\nDer Beitrag wird f\u00e4llig, wenn du dich nach dem Vorgespr\u00e4ch f\u00fcr eins dieser Pakete entscheidest.[\/vc_column_text][\/vc_column][vc_column width=&#8221;1\/2&#8243;][mk_image src=&#8221;https:\/\/unofficial.pictures\/wp-content\/uploads\/2020\/06\/projektbegleitung-small.jpg&#8221; image_size=&#8221;full&#8221;][mk_fancy_title strip_tags=&#8221;true&#8221; tag_name=&#8221;h3&#8243; color=&#8221;#000000&#8243; size=&#8221;34&#8243; font_weight=&#8221;bold&#8221; txt_transform=&#8221;uppercase&#8221; letter_spacing=&#8221;2&#8243; margin_bottom=&#8221;0&#8243; font_family=&#8221;Signika&#8221; font_type=&#8221;google&#8221; responsive_align=&#8221;left&#8221;]\n<h3>Was passiert wann?<\/h3>\n[\/mk_fancy_title][vc_column_text css=&#8221;.vc_custom_1591349654411{margin-bottom: 0px !important;}&#8221;]Wenn du Interesse an der Beratung hast, f\u00fchren wir gern ein kostenloses Vorgespr\u00e4ch mit dir (max. 30 Minuten), um dich kennenzulernen und gemeinsam zu checken, was du brauchst und wie viele Termine wir daf\u00fcr brauchen w\u00fcrden, ob mit der Technik alles klappt und nat\u00fcrlich ob du noch Fragen hast.<\/p>\n<p>Wenn du dich dann entscheidest, die Projektbetreuung zu buchen, kannst du Anzahl und H\u00e4ufigkeit der Beratungstermine selbst festlegen. Je nach Projektphase wird es mal mehr oder weniger Input durch uns brauchen. Jede Sitzung soll ca. 90 Minuten dauern.<\/p>\n<p>Du kannst au\u00dferdem entscheiden, ob du Termine bei einem von uns buchen m\u00f6chtest oder mit uns beiden gemeinsam, um noch eine Meinung mehr zu bekommen.[\/vc_column_text][\/vc_column][\/mk_page_section][mk_page_section padding_top=&#8221;0&#8243; padding_bottom=&#8221;80&#8243; sidebar=&#8221;sidebar-1&#8243;][vc_column][mk_divider style=&#8221;thin_solid&#8221; thin_single_color=&#8221;#f2af4b&#8221; thickness=&#8221;6&#8243; margin_top=&#8221;0&#8243;][mk_fancy_title strip_tags=&#8221;true&#8221; tag_name=&#8221;h3&#8243; color=&#8221;#000000&#8243; size=&#8221;34&#8243; font_weight=&#8221;bold&#8221; txt_transform=&#8221;uppercase&#8221; letter_spacing=&#8221;2&#8243; margin_bottom=&#8221;0&#8243; font_family=&#8221;Signika&#8221; font_type=&#8221;google&#8221; responsive_align=&#8221;left&#8221;]Anmelden[\/mk_fancy_title][vc_column_text css=&#8221;.vc_custom_1656925955444{margin-bottom: 0px !important;}&#8221;]Bitte kontaktiere uns bei Interesse mit gen\u00fcgend Vorlauf <a href=\"https:\/\/unofficial.pictures\/shop\/kontakt\/\">per Mail.<\/a> Vielen Dank![\/vc_column_text][\/vc_column][\/mk_page_section]","protected":false},"excerpt":{"rendered":"<p>Sorry, this entry is only available in Deutsch and English.[mk_page_section bg_image=&#8221;https:\/\/unofficial.pictures\/wp-content\/uploads\/2020\/06\/projektbegleitung-cover.jpg&#8221; bg_position=&#8221;center bottom&#8221; bg_repeat=&#8221;no-repeat&#8221; bg_stretch=&#8221;true&#8221; min_height=&#8221;0&#8243; full_height=&#8221;true&#8221; padding_top=&#8221;32&#8243; padding_bottom=&#8221;32&#8243; margin_bottom=&#8221;80&#8243; sidebar=&#8221;sidebar-1&#8243;][vc_column][mk_fancy_title strip_tags=&#8221;true&#8221; color=&#8221;#ffffff&#8221; size=&#8221;60&#8243; font_weight=&#8221;bold&#8221; txt_transform=&#8221;uppercase&#8221; letter_spacing=&#8221;2&#8243; margin_bottom=&#8221;0&#8243; font_family=&#8221;Signika&#8221; font_type=&#8221;google&#8221; align=&#8221;center&#8221;]Individuelle Projektbegleitung[\/mk_fancy_title][\/vc_column][\/mk_page_section][mk_page_section padding_top=&#8221;0&#8243; padding_bottom=&#8221;0&#8243; margin_bottom=&#8221;80&#8243; sidebar=&#8221;sidebar-1&#8243;][vc_column][vc_column_text el_class=&#8221;large&#8221; css=&#8221;.vc_custom_1591365961794{margin-bottom: 0px !important;}&#8221;]Bei Fotoprojekten passiert es leicht, dass man sich in einer Richtung verrennt, irgendwie feststeckt, den \u00dcberblick [&hellip;]<\/p>\n","protected":false},"author":1,"featured_media":0,"parent":530,"menu_order":0,"comment_status":"closed","ping_status":"closed","template":"","meta":{"footnotes":""},"class_list":["post-1827","page","type-page","status-publish","hentry"],"_links":{"self":[{"href":"https:\/\/unofficial.pictures\/tr\/wp-json\/wp\/v2\/pages\/1827","targetHints":{"allow":["GET"]}}],"collection":[{"href":"https:\/\/unofficial.pictures\/tr\/wp-json\/wp\/v2\/pages"}],"about":[{"href":"https:\/\/unofficial.pictures\/tr\/wp-json\/wp\/v2\/types\/page"}],"author":[{"embeddable":true,"href":"https:\/\/unofficial.pictures\/tr\/wp-json\/wp\/v2\/users\/1"}],"replies":[{"embeddable":true,"href":"https:\/\/unofficial.pictures\/tr\/wp-json\/wp\/v2\/comments?post=1827"}],"version-history":[{"count":13,"href":"https:\/\/unofficial.pictures\/tr\/wp-json\/wp\/v2\/pages\/1827\/revisions"}],"predecessor-version":[{"id":2840,"href":"https:\/\/unofficial.pictures\/tr\/wp-json\/wp\/v2\/pages\/1827\/revisions\/2840"}],"up":[{"embeddable":true,"href":"https:\/\/unofficial.pictures\/tr\/wp-json\/wp\/v2\/pages\/530"}],"wp:attachment":[{"href":"https:\/\/unofficial.pictures\/tr\/wp-json\/wp\/v2\/media?parent=1827"}],"curies":[{"name":"wp","href":"https:\/\/api.w.org\/{rel}","templated":true}]}}