{"id":2229,"date":"2021-02-10T11:07:55","date_gmt":"2021-02-10T10:07:55","guid":{"rendered":"https:\/\/unofficial.pictures\/?page_id=2229"},"modified":"2023-09-07T13:14:24","modified_gmt":"2023-09-07T11:14:24","slug":"linktree","status":"publish","type":"page","link":"https:\/\/unofficial.pictures\/tr\/linktree\/","title":{"rendered":"linktree"},"content":{"rendered":"<div class=\"wpb-content-wrapper\">[vc_row][vc_column][vc_btn title=&#8221;Sergi ve online program ART GO EAST bienalin bir par\u00e7as\u0131&#8221; color=&#8221;black&#8221; link=&#8221;url:https%3A%2F%2Funofficial.pictures%2Fdangerous%2Fausstellung-zum-art-go-east%2F&#8221;][vc_btn title=&#8221;\u0130nternet ma\u011fazas\u0131&#8221; color=&#8221;black&#8221; link=&#8221;url:https%3A%2F%2Funofficial.pictures%2Fstore%2F&#8221;][vc_btn title=&#8221;Ausstellung \u00bbSchubladendenken\u00bb (Sadece Almanca)&#8221; color=&#8221;black&#8221; link=&#8221;url:https%3A%2F%2Funofficial.pictures%2Fschubladendenken%2F|title:%5B%3Ade%5DAusstellung%20%C2%BBSchubladendenken%C2%AB%5B%3A%5D&#8221;][vc_btn title=&#8221;Tehlikeli Madde: Eisenbahnstra\u00dfe&#8221; color=&#8221;black&#8221; link=&#8221;url:https%3A%2F%2Funofficial.pictures%2Fdangerous%2F|title:%5B%3Ade%5DGef%C3%A4hrlicher%20Gegenstand%3A%20Eisenbahnstra%C3%9Fe%5B%3Aen%5DDangerous%20object%3A%20Eisenbahnstra%C3%9Fe%5B%3Aar%5DEisenbahnstra%C3%9Fe%3A%D8%A7%D9%84%D8%B4%D8%A7%D8%B1%D8%B9%20%D8%A7%D9%84%D8%AE%D8%B7%D9%8A%D8%B1%5B%3Atr%5DTehlikeli%20Madde%3A%20Eisenbahnstra%C3%9Fe%5B%3Aru%5D%D0%9E%D0%BF%D0%B0%D1%81%D0%BD%D1%8B%D0%B9%20%D0%BE%D0%B1%D1%8A%D0%B5%D0%BA%D1%82%3A%20Eisenbahnstra%C3%9Fe%5B%3A%5D&#8221;][vc_btn title=&#8221;Meine Begegnung mit der Isolation. Eine (digitale) Ausstellung (Sadece Almanca)&#8221; color=&#8221;black&#8221; link=&#8221;url:https%3A%2F%2Fbeanielsen.com%2Fdas-konzept%2F&#8221;][vc_btn title=&#8221;#mehrblumen. Vorstellung von #solidarischesth\u00fcringen am 5.2. in Erfurt (Sadece Almanca)&#8221; color=&#8221;black&#8221; link=&#8221;url:https%3A%2F%2Fwww.youtube.com%2Fwatch%3Fv%3DCuzcd6BUkVc&#8221;][vc_btn title=&#8221;#dieAllerletzteInstanz. Rassismus in WDR-Sendung von Betroffenen auseinandergenommen (Sadece Almanca)&#8221; color=&#8221;black&#8221; link=&#8221;url:https%3A%2F%2Fwww.youtube.com%2Fwatch%3Fv%3D_KRhs20EV0Q&#8221;][vc_btn title=&#8221;Tehlikeli Madde: Eisenbahnstra\u00dfe #2&#8243; color=&#8221;black&#8221; link=&#8221;url:https%3A%2F%2Funofficial.pictures%2Fshop%2Fgefaehrlicher-gegenstand-eisenbahnstrasse-2%2F&#8221;][vc_btn title=&#8221;Individuelle Projektbegleitung (yaln\u0131zca Almanca ve \u0130ngilizce)&#8221; color=&#8221;black&#8221; link=&#8221;url:https%3A%2F%2Funofficial.pictures%2Fsharing%2Findividuelle-projektbegleitung%2F&#8221;][\/vc_column][\/vc_row]\n<\/div>","protected":false},"excerpt":{"rendered":"<p>[vc_row][vc_column][vc_btn title=&#8221;Sergi ve online program ART GO EAST bienalin bir par\u00e7as\u0131&#8221; color=&#8221;black&#8221; link=&#8221;url:https%3A%2F%2Funofficial.pictures%2Fdangerous%2Fausstellung-zum-art-go-east%2F&#8221;][vc_btn title=&#8221;\u0130nternet ma\u011fazas\u0131&#8221; color=&#8221;black&#8221; link=&#8221;url:https%3A%2F%2Funofficial.pictures%2Fstore%2F&#8221;][vc_btn title=&#8221;Ausstellung \u00bbSchubladendenken\u00bb (Sadece Almanca)&#8221; color=&#8221;black&#8221; link=&#8221;url:https%3A%2F%2Funofficial.pictures%2Fschubladendenken%2F|title:%5B%3Ade%5DAusstellung%20%C2%BBSchubladendenken%C2%AB%5B%3A%5D&#8221;][vc_btn title=&#8221;Tehlikeli Madde: Eisenbahnstra\u00dfe&#8221; color=&#8221;black&#8221; link=&#8221;url:https%3A%2F%2Funofficial.pictures%2Fdangerous%2F|title:%5B%3Ade%5DGef%C3%A4hrlicher%20Gegenstand%3A%20Eisenbahnstra%C3%9Fe%5B%3Aen%5DDangerous%20object%3A%20Eisenbahnstra%C3%9Fe%5B%3Aar%5DEisenbahnstra%C3%9Fe%3A%D8%A7%D9%84%D8%B4%D8%A7%D8%B1%D8%B9%20%D8%A7%D9%84%D8%AE%D8%B7%D9%8A%D8%B1%5B%3Atr%5DTehlikeli%20Madde%3A%20Eisenbahnstra%C3%9Fe%5B%3Aru%5D%D0%9E%D0%BF%D0%B0%D1%81%D0%BD%D1%8B%D0%B9%20%D0%BE%D0%B1%D1%8A%D0%B5%D0%BA%D1%82%3A%20Eisenbahnstra%C3%9Fe%5B%3A%5D&#8221;][vc_btn title=&#8221;Meine Begegnung mit der Isolation. Eine (digitale) Ausstellung (Sadece Almanca)&#8221; color=&#8221;black&#8221; link=&#8221;url:https%3A%2F%2Fbeanielsen.com%2Fdas-konzept%2F&#8221;][vc_btn title=&#8221;#mehrblumen. Vorstellung von #solidarischesth\u00fcringen am 5.2. in Erfurt (Sadece Almanca)&#8221; color=&#8221;black&#8221; link=&#8221;url:https%3A%2F%2Fwww.youtube.com%2Fwatch%3Fv%3DCuzcd6BUkVc&#8221;][vc_btn title=&#8221;#dieAllerletzteInstanz. Rassismus in [&hellip;]<\/p>\n","protected":false},"author":1,"featured_media":0,"parent":0,"menu_order":0,"comment_status":"closed","ping_status":"closed","template":"","meta":{"footnotes":""},"class_list":["post-2229","page","type-page","status-publish","hentry"],"_links":{"self":[{"href":"https:\/\/unofficial.pictures\/tr\/wp-json\/wp\/v2\/pages\/2229","targetHints":{"allow":["GET"]}}],"collection":[{"href":"https:\/\/unofficial.pictures\/tr\/wp-json\/wp\/v2\/pages"}],"about":[{"href":"https:\/\/unofficial.pictures\/tr\/wp-json\/wp\/v2\/types\/page"}],"author":[{"embeddable":true,"href":"https:\/\/unofficial.pictures\/tr\/wp-json\/wp\/v2\/users\/1"}],"replies":[{"embeddable":true,"href":"https:\/\/unofficial.pictures\/tr\/wp-json\/wp\/v2\/comments?post=2229"}],"version-history":[{"count":14,"href":"https:\/\/unofficial.pictures\/tr\/wp-json\/wp\/v2\/pages\/2229\/revisions"}],"predecessor-version":[{"id":3300,"href":"https:\/\/unofficial.pictures\/tr\/wp-json\/wp\/v2\/pages\/2229\/revisions\/3300"}],"wp:attachment":[{"href":"https:\/\/unofficial.pictures\/tr\/wp-json\/wp\/v2\/media?parent=2229"}],"curies":[{"name":"wp","href":"https:\/\/api.w.org\/{rel}","templated":true}]}}