{"id":841,"date":"2018-05-16T21:23:29","date_gmt":"2018-05-16T19:23:29","guid":{"rendered":"https:\/\/unofficial.pictures\/?page_id=841"},"modified":"2022-08-02T13:19:21","modified_gmt":"2022-08-02T11:19:21","slug":"agb","status":"publish","type":"page","link":"https:\/\/unofficial.pictures\/tr\/shop\/agb\/","title":{"rendered":"(Deutsch) AGB"},"content":{"rendered":"<p class=\"qtranxs-available-languages-message qtranxs-available-languages-message-tr\">Sorry, this entry is only available in <a href=\"https:\/\/unofficial.pictures\/de\/wp-json\/wp\/v2\/pages\/841\" class=\"qtranxs-available-language-link qtranxs-available-language-link-de\" title=\"Deutsch\">Deutsch<\/a>, <a href=\"https:\/\/unofficial.pictures\/en\/wp-json\/wp\/v2\/pages\/841\" class=\"qtranxs-available-language-link qtranxs-available-language-link-en\" title=\"English\">English<\/a> and <a href=\"https:\/\/unofficial.pictures\/ar\/wp-json\/wp\/v2\/pages\/841\" class=\"qtranxs-available-language-link qtranxs-available-language-link-ar\" title=\"\u0627\u0644\u0639\u0631\u0628\u064a\u0629\">\u0627\u0644\u0639\u0631\u0628\u064a\u0629<\/a>.<\/p><div class=\"wpb-content-wrapper\">\n<h2>Allgemeine Gesch\u00e4ftsbedingungen des unofficial.pictures e.V.<\/h2>\n<p>1. Geltungsbereich<br \/>\nNachstehende Allgemeine Gesch\u00e4ftsbedingungen gelten f\u00fcr alle Gesch\u00e4ftsbeziehungen zwischen dem Besteller bzw. Teilnehmer und dem unofficial.pictures e.V.. Entgegenstehende oder von den Gesch\u00e4ftsbedingungen abweichende Bedingungen des Bestellers bzw. Teilnehmers erkennen wir nur an, wenn wir ausdr\u00fccklich schriftlich der Geltung zustimmen.<\/p>\n<p>2. Vertragsschluss<br \/>\n2.1 Mit der Ausl\u00f6sung einer Bestellung auf dem Postweg, per Internet oder Telefon wird diese rechtsverbindlich.<br \/>\n2.2 Die Bestellung wird nur nach Anerkennung unserer Allgemeinen Gesch\u00e4ftsbedingungen bearbeitet.<br \/>\n2.3 Der Vertrag kommt bei Zusendung der Ware zustande.<br \/>\n2.4 Es gilt das Recht der Bundesrepublik Deutschland.<\/p>\n<p>3. Angebote und Preise<br \/>\n3.1 Alle Angebote sind freibleibend. Der Verlag beh\u00e4lt sich Preis\u00e4nderungen und Lieferm\u00f6glichkeiten vor. Preis\u00e4nderungen werden angezeigt. Auf der Website angegebene<br \/>\nPreise verstehen sich als Endpreise, sie enthalten die gesetzliche Umsatzsteuer.<br \/>\n3.2 Wenn der bestellte Titel noch nicht erschienen ist, besteht die M\u00f6glichkeit der Vormerkung. Sollte der bestellte Titel nicht vorr\u00e4tig oder vergriffen sein, kann der Kunde seine Bestellung f\u00fcr einen m\u00f6glichen Nachdruck oder eine Nachauflage vormerken lassen.<br \/>\n3.3 unofficial.pictures e.V. kann die Preise nur erh\u00f6hen, wenn eine \u00c4nderung der geltenden Wechselkurse eintritt. Die Preis\u00e4nderung wird unverz\u00fcglich mitgeteilt. Im Falle einer Preiserh\u00f6hung kann der Besteller vom Vertrag zur\u00fccktreten.<\/p>\n<p>4. Lieferbedingungen und Versandkosten<br \/>\n4.1 Die Auslieferung erfolgt an die bei der Bestellung angegebene Anschrift. Angaben zu Lieferterminen sind unverbindlich.<br \/>\n4.2 Sind nicht alle Titel einer Bestellung verf\u00fcgbar, ist der unofficial.pictures e.V. berechtigt, Teillieferungen vorzunehmen.<br \/>\n4.3 Wir berechnen f\u00fcr Lieferungen innerhalb und au\u00dferhalb der Bundesrepublik Deutschland eine Versandkostenpauschale, die vom Gewicht der bestellten Produkte und dem Lieferort abh\u00e4ngig ist. Sie wird auf der Basis der Produkte im Warenkorb und der eingegebenen Lieferadresse berechnet und auf den Seiten Warenkorb und Kasse angezeigt.<br \/>\n4.4 Die Versandkosten f\u00fcr Nachlieferungen tr\u00e4gt der unofficial.pictures e.V..<\/p>\n<p>5. Widerrufsrecht, Remissionen<br \/>\n5.1 Sie haben das Recht, binnen vierzehn Tagen ohne Angabe von Gr\u00fcnden diesen Vertrag zu widerrufen.<br \/>\n5.2 Die Widerrufsfrist betr\u00e4gt vierzehn Tage ab dem Tag, an dem Sie oder ein von Ihnen benannter Dritter, der nicht der Bef\u00f6rderer ist, die letzte Ware in Besitz genommen haben bzw. hat.<br \/>\n5.3 Um Ihr Widerrufsrecht auszu\u00fcben, m\u00fcssen Sie uns (unofficial.pictures e.V., D\u00f6rrenbachstra\u00dfe 22a, 98528 Suhl, office@unofficial.pictures) mittels einer eindeutigen Erkl\u00e4rung (z.B. ein mit der Post versandter Brief oder E-Mail) \u00fcber Ihren Entschluss, diesen Vertrag zu widerrufen, informieren. Sie k\u00f6nnen daf\u00fcr das beigef\u00fcgte Muster-Widerrufsformular verwenden, das jedoch nicht vorgeschrieben ist.<br \/>\n5.4 Zur Wahrung der Widerrufsfrist reicht es aus, dass Sie die Mitteilung \u00fcber die Aus\u00fcbung des Widerrufsrechts vor Ablauf der Widerrufsfrist absenden.<br \/>\n5.5 Wenn Sie diesen Vertrag widerrufen, haben wir Ihnen alle Zahlungen, die wir von Ihnen erhalten haben, einschlie\u00dflich der Lieferkosten (mit Ausnahme der zus\u00e4tzlichen Kosten, die sich daraus ergeben, dass Sie eine andere Art der Lieferung als die von uns angebotene, g\u00fcnstigste Standardlieferung gew\u00e4hlt haben), unverz\u00fcglich und sp\u00e4testens binnen vierzehn Tagen ab dem Tag zur\u00fcckzuzahlen, an dem die Mitteilung \u00fcber Ihren Widerruf dieses Vertrags bei uns eingegangen ist. F\u00fcr diese R\u00fcckzahlung verwenden wir dasselbe Zahlungsmittel, das Sie bei der urspr\u00fcnglichen Transaktion eingesetzt haben, es sei denn, mit Ihnen wurde ausdr\u00fccklich etwas anderes vereinbart; in keinem Fall werden Ihnen wegen dieser R\u00fcckzahlung Entgelte berechnet. Wir k\u00f6nnen die R\u00fcckzahlung verweigern, bis wir die Waren wieder zur\u00fcckerhalten haben oder bis Sie den Nachweis erbracht haben, dass Sie die Waren zur\u00fcckgesandt haben, je nachdem, welches der fr\u00fchere Zeitpunkt ist.<br \/>\n5.6 Sie haben die Waren unverz\u00fcglich und in jedem Fall sp\u00e4testens binnen vierzehn Tagen ab dem Tag, an dem Sie uns \u00fcber den Widerruf dieses Vertrags unterrichten, an uns zur\u00fcckzusenden oder zu \u00fcbergeben. Die Frist ist gewahrt, wenn Sie die Waren vor Ablauf der Frist von vierzehn Tagen absenden. Sie tragen die unmittelbaren Kosten der R\u00fccksendung der Waren. Sie m\u00fcssen f\u00fcr einen etwaigen Wertverlust der Waren nur aufkommen, wenn dieser Wertverlust auf einen zur Pr\u00fcfung der Beschaffenheit, Eigenschaften und Funktionsweise der Waren nicht notwendigen Umgang mit ihnen zur\u00fcckzuf\u00fchren ist.<\/p>\n<p>6. Zahlungsbedingungen, Geb\u00fchren<br \/>\n6.1 Die Lieferung erfolgt entweder gegen Zahlung durch Vorkasse per Bank\u00fcberweisung oder eins der anderen angebotenen Zahlungssysteme, die durch den Dienstleister Mollie B.V. abgewickelt werden.<\/p>\n<p>8. Eigentumsvorbehalt<br \/>\nDie gelieferte Ware bleibt bis zur vollst\u00e4ndigen Bezahlung durch den Rechnungsempf\u00e4nger Eigentum des Verlages.<\/p>\n<p>9. M\u00e4ngelhaftung<br \/>\n9.1 Soweit ein von uns zu vertretender Mangel der Kaufsache vorliegt, sind wir berechtigt, nach unserer Wahl den Mangel zu beseitigen oder Ersatz zu liefern. Erfolgt dies nicht innerhalb von drei Monaten, ist der Besteller berechtigt, vom Vertrag zur\u00fcckzutreten.<br \/>\n9.2 Wir haften nicht f\u00fcr Transportsch\u00e4den, Verluste oder Teilverluste.<br \/>\n9.3 Abweichungen zwischen Rechnung und Inhalt einer Lieferung m\u00fcssen innerhalb von 14 Tagen schriftlich angezeigt werden.<\/p>\n<p>10. Datenschutz<br \/>\nDer Besteller stimmt der Verwendung seiner personenbezogenen Daten zur Ausf\u00fchrung des Vertragsverh\u00e4ltnisses sowie zur firmeninternen Nutzung zu. Eine Weitergabe an Dritte erfolgt nicht.<\/p>\n<p>11. Gerichtsstand<br \/>\nSuhl gilt als Erf\u00fcllungsort und Gerichtsstand f\u00fcr alle Lieferungen und Leistungen.\n<\/div>","protected":false},"excerpt":{"rendered":"<p>Sorry, this entry is only available in Deutsch and English. Allgemeine Gesch\u00e4ftsbedingungen des unofficial.pictures e.V. 1. Geltungsbereich Nachstehende Allgemeine Gesch\u00e4ftsbedingungen gelten f\u00fcr alle Gesch\u00e4ftsbeziehungen zwischen dem Besteller bzw. Teilnehmer und dem unofficial.pictures e.V.. Entgegenstehende oder von den Gesch\u00e4ftsbedingungen abweichende Bedingungen des Bestellers bzw. Teilnehmers erkennen wir nur an, wenn wir ausdr\u00fccklich schriftlich der Geltung zustimmen. [&hellip;]<\/p>\n","protected":false},"author":1,"featured_media":0,"parent":251,"menu_order":0,"comment_status":"closed","ping_status":"closed","template":"","meta":{"footnotes":""},"class_list":["post-841","page","type-page","status-publish","hentry"],"_links":{"self":[{"href":"https:\/\/unofficial.pictures\/tr\/wp-json\/wp\/v2\/pages\/841","targetHints":{"allow":["GET"]}}],"collection":[{"href":"https:\/\/unofficial.pictures\/tr\/wp-json\/wp\/v2\/pages"}],"about":[{"href":"https:\/\/unofficial.pictures\/tr\/wp-json\/wp\/v2\/types\/page"}],"author":[{"embeddable":true,"href":"https:\/\/unofficial.pictures\/tr\/wp-json\/wp\/v2\/users\/1"}],"replies":[{"embeddable":true,"href":"https:\/\/unofficial.pictures\/tr\/wp-json\/wp\/v2\/comments?post=841"}],"version-history":[{"count":11,"href":"https:\/\/unofficial.pictures\/tr\/wp-json\/wp\/v2\/pages\/841\/revisions"}],"predecessor-version":[{"id":2860,"href":"https:\/\/unofficial.pictures\/tr\/wp-json\/wp\/v2\/pages\/841\/revisions\/2860"}],"up":[{"embeddable":true,"href":"https:\/\/unofficial.pictures\/tr\/wp-json\/wp\/v2\/pages\/251"}],"wp:attachment":[{"href":"https:\/\/unofficial.pictures\/tr\/wp-json\/wp\/v2\/media?parent=841"}],"curies":[{"name":"wp","href":"https:\/\/api.w.org\/{rel}","templated":true}]}}