{"id":935,"date":"2018-05-28T17:34:19","date_gmt":"2018-05-28T15:34:19","guid":{"rendered":"https:\/\/unofficial.pictures\/?page_id=935"},"modified":"2018-05-28T17:34:40","modified_gmt":"2018-05-28T15:34:40","slug":"teilnahmebedingungen","status":"publish","type":"page","link":"https:\/\/unofficial.pictures\/tr\/sharing\/teilnahmebedingungen\/","title":{"rendered":"(Deutsch) Teilnahmebedingungen"},"content":{"rendered":"<p class=\"qtranxs-available-languages-message qtranxs-available-languages-message-tr\">Sorry, this entry is only available in <a href=\"https:\/\/unofficial.pictures\/de\/wp-json\/wp\/v2\/pages\/935\" class=\"qtranxs-available-language-link qtranxs-available-language-link-de\" title=\"Deutsch\">Deutsch<\/a>.<\/p><h5>Teilnahme<\/h5>\n<p>Mit der Bezahlung der Teilnahmegeb\u00fchr best\u00e4tigst du verbindlich deine Teilnahme am Werkstattseminar zum ausgew\u00e4hlten Termin. Du kannst die Teilnahme auch auf eine andere Person \u00fcbertragen. Diese muss uns dann allerdings sp\u00e4testens zum Beginn des Workshops noch mal die Teilnahmebedingungen best\u00e4tigen.<\/p>\n<h5>M\u00f6gliche Absagen &amp; Verschiebungen<\/h5>\n<p>Solltest du deinen Teilnahmewunsch bis 7 Tage vor Kursbeginn widerrufen, bekommst du deine Teilnahmegeb\u00fchr zur\u00fcckerstattet. Bei einem sp\u00e4teren R\u00fccktritt bekommst du nur dann deine Teilnahmegeb\u00fchr zur\u00fcckerstattet, wenn wir noch eine*n anderen Teilnehmer*in f\u00fcr deinen Platz finden.<br \/>\nSollten wir das Werkstattseminar wegen Krankheit nicht zum vereinbarten Termin durchf\u00fchren k\u00f6nnen, hast du die M\u00f6glichkeit an einem von uns vorgeschlagenen Ersatztermin teilzunehmen oder deine Teilnahmegeb\u00fchr zur\u00fcckerstattet zu bekommen.<\/p>\n<h5>Vollj\u00e4hrigkeit<\/h5>\n<p>Solltest du noch nicht vollj\u00e4hrig sein, ben\u00f6tigen wir f\u00fcr deine Teilnahme eine Unterschrift aller Erziehungsberechtigten, die deine Teilnahme gestatten und sich mit diesen Teilnahmebedingungen einverstanden erkl\u00e4ren. Bitte drucke daf\u00fcr diese Teilnahmebedingungen aus und lasse in den folgenden Feldern unterschreiben:<\/p>\n<p>Dein Name _____________________________<\/p>\n<p>Erziehungsberechtigte*r 1 _________________<br \/>\nDatum\/Ort ______________________________<br \/>\nUnterschrift _____________________________<\/p>\n<p>Erziehungsberechtigte*r 2 _________________<br \/>\nDatum\/Ort ______________________________<br \/>\nUnterschrift _____________________________","protected":false},"excerpt":{"rendered":"<p>Sorry, this entry is only available in Deutsch.Teilnahme Mit der Bezahlung der Teilnahmegeb\u00fchr best\u00e4tigst du verbindlich deine Teilnahme am Werkstattseminar zum ausgew\u00e4hlten Termin. Du kannst die Teilnahme auch auf eine andere Person \u00fcbertragen. Diese muss uns dann allerdings sp\u00e4testens zum Beginn des Workshops noch mal die Teilnahmebedingungen best\u00e4tigen. M\u00f6gliche Absagen &amp; Verschiebungen Solltest du deinen [&hellip;]<\/p>\n","protected":false},"author":1,"featured_media":0,"parent":530,"menu_order":0,"comment_status":"closed","ping_status":"closed","template":"","meta":{"footnotes":""},"class_list":["post-935","page","type-page","status-publish","hentry"],"_links":{"self":[{"href":"https:\/\/unofficial.pictures\/tr\/wp-json\/wp\/v2\/pages\/935","targetHints":{"allow":["GET"]}}],"collection":[{"href":"https:\/\/unofficial.pictures\/tr\/wp-json\/wp\/v2\/pages"}],"about":[{"href":"https:\/\/unofficial.pictures\/tr\/wp-json\/wp\/v2\/types\/page"}],"author":[{"embeddable":true,"href":"https:\/\/unofficial.pictures\/tr\/wp-json\/wp\/v2\/users\/1"}],"replies":[{"embeddable":true,"href":"https:\/\/unofficial.pictures\/tr\/wp-json\/wp\/v2\/comments?post=935"}],"version-history":[{"count":2,"href":"https:\/\/unofficial.pictures\/tr\/wp-json\/wp\/v2\/pages\/935\/revisions"}],"predecessor-version":[{"id":937,"href":"https:\/\/unofficial.pictures\/tr\/wp-json\/wp\/v2\/pages\/935\/revisions\/937"}],"up":[{"embeddable":true,"href":"https:\/\/unofficial.pictures\/tr\/wp-json\/wp\/v2\/pages\/530"}],"wp:attachment":[{"href":"https:\/\/unofficial.pictures\/tr\/wp-json\/wp\/v2\/media?parent=935"}],"curies":[{"name":"wp","href":"https:\/\/api.w.org\/{rel}","templated":true}]}}