{"id":1652,"date":"2020-04-28T18:35:46","date_gmt":"2020-04-28T16:35:46","guid":{"rendered":"https:\/\/unofficial.pictures\/?post_type=product&#038;p=1652"},"modified":"2022-11-23T13:03:52","modified_gmt":"2022-11-23T12:03:52","slug":"wer-nicht-arbeiten-will-soll-auch-nicht-einer-muss-es-ja-machen","status":"publish","type":"product","link":"https:\/\/unofficial.pictures\/tr\/shop\/wer-nicht-arbeiten-will-soll-auch-nicht-einer-muss-es-ja-machen\/","title":{"rendered":"(Deutsch) wer nicht arbeiten will, soll auch nicht \/ einer muss es ja machen"},"content":{"rendered":"<p class=\"qtranxs-available-languages-message qtranxs-available-languages-message-tr\">Sorry, this entry is only available in <a href=\"https:\/\/unofficial.pictures\/de\/wp-json\/wp\/v2\/product\/1652\" class=\"qtranxs-available-language-link qtranxs-available-language-link-de\" title=\"Deutsch\">Deutsch<\/a> and <a href=\"https:\/\/unofficial.pictures\/en\/wp-json\/wp\/v2\/product\/1652\" class=\"qtranxs-available-language-link qtranxs-available-language-link-en\" title=\"English\">English<\/a>.<\/p>Auf der Zine-Baustelle: \u00bbborn to work\u00ab in der adi haben wir uns an zwei Wochenenden im Februar 2018 mit 5 Teilnehmer*innen ausgetauscht \u00fcber das Thema Arbeit.<br \/>\nEntstanden ist ein sehr pers\u00f6nliches und politisches Heft, das sich von zwei Seiten lesen und anschauen l\u00e4sst. Von der einen Seite erwartet euch die von Peter Hartz optimierte Kafka-Novelle &#8220;In der Strafkolonie&#8221;, eine pers\u00f6nliche Analyse zur Lage der Arbeit und eine Collage aus Texten von Foucault, Brecht, Hardt und Negri neben symboltr\u00e4chtigen Bildern von Arbeitswelten. Einmal umgedreht, geht es los mit zwei ironischen M\u00e4rchen und weiter mit pers\u00f6nlichen Reflektionen \u00fcber den eigenen Anspruch in der Selbst\u00e4ndigkeit. Das Heft endet jeweils in der Mitte mit einem Zitat von Ani DiFranco: &#8220;Jedes Werkzeug ist eine Waffe, wenn man es richtig h\u00e4lt.&#8221;","protected":false},"excerpt":{"rendered":"<p class=\"qtranxs-available-languages-message qtranxs-available-languages-message-tr\">Sorry, this entry is only available in <a href=\"https:\/\/unofficial.pictures\/de\/wp-json\/wp\/v2\/product\/1652\" class=\"qtranxs-available-language-link qtranxs-available-language-link-de\" title=\"Deutsch\">Deutsch<\/a> and <a href=\"https:\/\/unofficial.pictures\/en\/wp-json\/wp\/v2\/product\/1652\" class=\"qtranxs-available-language-link qtranxs-available-language-link-en\" title=\"English\">English<\/a>.<\/p>\n<p>64S., zahlreiche s\/w-Abbildungen<br \/>\nWendeheft mit Klammerheftung, 14 x 18 cm<br \/>\n1. Auflage, Leipzig 2018<br \/>\nSprache: Deutsch<\/p>\n","protected":false},"featured_media":1653,"template":"","meta":[],"product_brand":[],"product_cat":[27],"product_tag":[],"class_list":{"0":"post-1652","1":"product","2":"type-product","3":"status-publish","4":"has-post-thumbnail","6":"product_cat-books-prints","8":"first","9":"outofstock","10":"shipping-taxable","11":"purchasable","12":"product-type-simple"},"_links":{"self":[{"href":"https:\/\/unofficial.pictures\/tr\/wp-json\/wp\/v2\/product\/1652","targetHints":{"allow":["GET"]}}],"collection":[{"href":"https:\/\/unofficial.pictures\/tr\/wp-json\/wp\/v2\/product"}],"about":[{"href":"https:\/\/unofficial.pictures\/tr\/wp-json\/wp\/v2\/types\/product"}],"wp:featuredmedia":[{"embeddable":true,"href":"https:\/\/unofficial.pictures\/tr\/wp-json\/wp\/v2\/media\/1653"}],"wp:attachment":[{"href":"https:\/\/unofficial.pictures\/tr\/wp-json\/wp\/v2\/media?parent=1652"}],"wp:term":[{"taxonomy":"product_brand","embeddable":true,"href":"https:\/\/unofficial.pictures\/tr\/wp-json\/wp\/v2\/product_brand?post=1652"},{"taxonomy":"product_cat","embeddable":true,"href":"https:\/\/unofficial.pictures\/tr\/wp-json\/wp\/v2\/product_cat?post=1652"},{"taxonomy":"product_tag","embeddable":true,"href":"https:\/\/unofficial.pictures\/tr\/wp-json\/wp\/v2\/product_tag?post=1652"}],"curies":[{"name":"wp","href":"https:\/\/api.w.org\/{rel}","templated":true}]}}