{"id":1687,"date":"2020-04-30T12:55:06","date_gmt":"2020-04-30T10:55:06","guid":{"rendered":"https:\/\/unofficial.pictures\/?post_type=product&#038;p=1687"},"modified":"2023-04-28T12:03:38","modified_gmt":"2023-04-28T10:03:38","slug":"gefaehrlicher-gegenstand-eisenbahnstrasse-1","status":"publish","type":"product","link":"https:\/\/unofficial.pictures\/tr\/shop\/gefaehrlicher-gegenstand-eisenbahnstrasse-1\/","title":{"rendered":"(Deutsch) Gef\u00e4hrlicher Gegenstand: Eisenbahnstra\u00dfe #1"},"content":{"rendered":"<p class=\"qtranxs-available-languages-message qtranxs-available-languages-message-tr\">Sorry, this entry is only available in <a href=\"https:\/\/unofficial.pictures\/de\/wp-json\/wp\/v2\/product\/1687\" class=\"qtranxs-available-language-link qtranxs-available-language-link-de\" title=\"Deutsch\">Deutsch<\/a>, <a href=\"https:\/\/unofficial.pictures\/en\/wp-json\/wp\/v2\/product\/1687\" class=\"qtranxs-available-language-link qtranxs-available-language-link-en\" title=\"English\">English<\/a>, <a href=\"https:\/\/unofficial.pictures\/ar\/wp-json\/wp\/v2\/product\/1687\" class=\"qtranxs-available-language-link qtranxs-available-language-link-ar\" title=\"\u0627\u0644\u0639\u0631\u0628\u064a\u0629\">\u0627\u0644\u0639\u0631\u0628\u064a\u0629<\/a> and <a href=\"https:\/\/unofficial.pictures\/ru\/wp-json\/wp\/v2\/product\/1687\" class=\"qtranxs-available-language-link qtranxs-available-language-link-ru\" title=\"\u0420\u0443\u0441\u0441\u043a\u0438\u0439\">\u0420\u0443\u0441\u0441\u043a\u0438\u0439<\/a>.<\/p>Unsere Zeitung \u00bbGef\u00e4hrlicher Gegenstand: Eisenbahnstra\u00dfe\u00ab ist eine dokumentarische aber parteiergreifende Untersuchung der Verh\u00e4ltnisse in den Vierteln rund um die Eisenbahnstra\u00dfe im Osten von Leipzig, wo 2018 eine Waffenverbotszone eingef\u00fchrt wurde.<\/p>\n<div style=\"padding: 62.5% 0 0 0; position: relative;\"><iframe style=\"position: absolute; top: 0; left: 0; width: 100%; height: 100%;\" src=\"https:\/\/player.vimeo.com\/video\/390531166?autoplay=1&amp;loop=1&amp;color=f2af4b&amp;title=0&amp;byline=0&amp;portrait=0\" frameborder=\"0\" allowfullscreen=\"allowfullscreen\"><\/iframe><\/div>\n<p><script src=\"https:\/\/player.vimeo.com\/api\/player.js\"><\/script><\/p>\n<p>Seit November 2018 ist die Gegend rund um die Eisenbahnstra\u00dfe im Leipziger Osten laut BILD-Zeitung \u201eendlich entsch\u00e4rft\u201c, hier wurde die erste s\u00e4chsische Waffenverbotszone eingerichtet. Schon vorher durfte die Polizei verdachtsunabh\u00e4ngige Kontrollen an diesem \u201eGef\u00e4hrlichen Ort\u201c durchf\u00fchren. Nun wurden rings um das Gebiet noch Verbotstafeln aufgestellt und f\u00fcr das Mitf\u00fchren von Waffen sind bis zu 10.000\u20ac Strafe f\u00e4llig, sowie bis zu 1.000\u20ac f\u00fcr das Mitf\u00fchren von \u201egef\u00e4hrlichen Gegenst\u00e4nden\u201c.<\/p>\n<p>Doch die Eisenbahnstra\u00dfe ist auch ein gef\u00e4hrlicher Gegenstand f\u00fcr jede journalistische, dokumentarische, k\u00fcnstlerische Auseinandersetzung. Unm\u00f6glich scheint es, mit unvoreingenommenem Blick Bilder zu machen und zu zeigen. Zu gefestigt sind die Bilder im Kopf, kommt die Eisenbahnstra\u00dfe doch seit Jahren durch Schl\u00e4gereien, Schie\u00dfereien, Drogenhandel, Messerattacken in die Schlagzeilen, oft verbunden mit einer diffusen Zuschreibung dieser Taten an nicht-deutsche oder nicht-wei\u00dfe Menschen.<\/p>\n<p>Im August 2019 ver\u00f6ffentlichten wir die Fotozeitung \u201eGef\u00e4hrlicher Gegenstand: Eisenbahnstra\u00dfe\u201c, in der wir dem Stigma \u201eSchlimmste Stra\u00dfe Deutschlands\u201c (ProSieben) ein differenziertes kritisches Bild entgegen setzen. Daf\u00fcr f\u00fchrten wir lange Gespr\u00e4che mit Anwohner*innen, verwendeten Videostills aus einschl\u00e4gigen TV-Dokumentationen und eigenen Bodycam-Aufnahmen und fotografierten besondere Orte im Viertel mit einer Gro\u00dfformatkamera. Wir wollen so das mediale Bild des Viertels erg\u00e4nzen; den einschl\u00e4gigen Berichten und Polizei-Darstellungen Stimmen aus der Nachbar*innenschaft entgegen setzen.","protected":false},"excerpt":{"rendered":"<p class=\"qtranxs-available-languages-message qtranxs-available-languages-message-tr\">Sorry, this entry is only available in <a href=\"https:\/\/unofficial.pictures\/de\/wp-json\/wp\/v2\/product\/1687\" class=\"qtranxs-available-language-link qtranxs-available-language-link-de\" title=\"Deutsch\">Deutsch<\/a> and <a href=\"https:\/\/unofficial.pictures\/en\/wp-json\/wp\/v2\/product\/1687\" class=\"qtranxs-available-language-link qtranxs-available-language-link-en\" title=\"English\">English<\/a>.<\/p>\n<p>48S., zahlreiche Farb- und s\/w-Abbildungen<br \/>\nZeitung im Offsetdruck, 32 x 48 cm<br \/>\n1. Auflage, Leipzig 2019<br \/>\nSprache: Deutsch<\/p>\n<p>Freier Preis. Wir m\u00f6chten, dass die Zeitung allen zug\u00e4nglich ist, aber wollen auch mindestens die Material- &amp; Druckkosten \u00fcber den Verkauf wieder reinbekommen. \u00dcberlege, wie viel du geben kannst und trag dies als Gew\u00e4hlter Preis ein.<\/p>\n","protected":false},"featured_media":1690,"template":"","meta":[],"product_brand":[],"product_cat":[27],"product_tag":[],"class_list":{"0":"post-1687","1":"product","2":"type-product","3":"status-publish","4":"has-post-thumbnail","6":"product_cat-books-prints","8":"first","9":"outofstock","10":"shipping-taxable","11":"purchasable","12":"product-type-simple"},"_links":{"self":[{"href":"https:\/\/unofficial.pictures\/tr\/wp-json\/wp\/v2\/product\/1687","targetHints":{"allow":["GET"]}}],"collection":[{"href":"https:\/\/unofficial.pictures\/tr\/wp-json\/wp\/v2\/product"}],"about":[{"href":"https:\/\/unofficial.pictures\/tr\/wp-json\/wp\/v2\/types\/product"}],"wp:featuredmedia":[{"embeddable":true,"href":"https:\/\/unofficial.pictures\/tr\/wp-json\/wp\/v2\/media\/1690"}],"wp:attachment":[{"href":"https:\/\/unofficial.pictures\/tr\/wp-json\/wp\/v2\/media?parent=1687"}],"wp:term":[{"taxonomy":"product_brand","embeddable":true,"href":"https:\/\/unofficial.pictures\/tr\/wp-json\/wp\/v2\/product_brand?post=1687"},{"taxonomy":"product_cat","embeddable":true,"href":"https:\/\/unofficial.pictures\/tr\/wp-json\/wp\/v2\/product_cat?post=1687"},{"taxonomy":"product_tag","embeddable":true,"href":"https:\/\/unofficial.pictures\/tr\/wp-json\/wp\/v2\/product_tag?post=1687"}],"curies":[{"name":"wp","href":"https:\/\/api.w.org\/{rel}","templated":true}]}}