{"id":1693,"date":"2020-04-30T16:01:36","date_gmt":"2020-04-30T14:01:36","guid":{"rendered":"https:\/\/unofficial.pictures\/?post_type=product&#038;p=1693"},"modified":"2025-06-08T13:59:24","modified_gmt":"2025-06-08T11:59:24","slug":"gefaehrlicher-gegenstand-eisenbahnstrasse-2","status":"publish","type":"product","link":"https:\/\/unofficial.pictures\/tr\/shop\/gefaehrlicher-gegenstand-eisenbahnstrasse-2\/","title":{"rendered":"\u00bbTehlikeli Madde: Eisenbahnstra\u00dfe\u00ab Matba #2"},"content":{"rendered":"Leipzig\u2019te Eisenbahn Caddesi? Medya y\u0131llard\u0131r \u0131rk\u00e7\u0131 ve klasik kli\u015felerle bu konuyla ilgili. Resmi onaylanan bu damgalamalarda oldu\u011fu gibi 2018 y\u0131l\u0131 Kas\u0131m Ay\u0131\u2019nda Saksonya Eyaletinde ilk Silah Yasa\u011f\u0131 B\u00f6lgesi ilan edildi. Biz d\u00fc\u015f\u00fcnd\u00fck ki: Bu \u00e7ok can s\u0131k\u0131c\u0131!<br \/>\nVe mahalle sakinleriyle r\u00f6portaj yapt\u0131k. Bu g\u00f6r\u00fc\u015fmeler, di\u011fer metinlerle ve bir\u00e7ok \u00f6zel foto\u011fraflarla birlikte \u00bbTehlikeli Madde: Eisenbahnstra\u00dfe\u00ab adl\u0131 gazetemizin iki say\u0131s\u0131nda yay\u0131nland\u0131- Eisenbahn Caddesi \u00e7ok daha fazlas\u0131! Bunu g\u00f6stermek istiyoruz. Ve buradaki problemler Bild Gazetesi\u2019nin ya da ProSieben televizyon kanal\u0131n\u0131n bize anlatmak istedi\u011finden \u00e7ok daha karma\u015f\u0131k.","protected":false},"excerpt":{"rendered":"<p class=\"qtranxs-available-languages-message qtranxs-available-languages-message-tr\">Sorry, this entry is only available in <a href=\"https:\/\/unofficial.pictures\/de\/wp-json\/wp\/v2\/product\/1693\" class=\"qtranxs-available-language-link qtranxs-available-language-link-de\" title=\"Deutsch\">Deutsch<\/a>, <a href=\"https:\/\/unofficial.pictures\/en\/wp-json\/wp\/v2\/product\/1693\" class=\"qtranxs-available-language-link qtranxs-available-language-link-en\" title=\"English\">English<\/a> and <a href=\"https:\/\/unofficial.pictures\/ar\/wp-json\/wp\/v2\/product\/1693\" class=\"qtranxs-available-language-link qtranxs-available-language-link-ar\" title=\"\u0627\u0644\u0639\u0631\u0628\u064a\u0629\">\u0627\u0644\u0639\u0631\u0628\u064a\u0629<\/a>.<\/p>\n<p>48S., zahlreiche Farb- und s\/w-Abbildungen<br \/>\nZeitung im Offsetdruck, 32 x 48 cm<br \/>\n1. Auflage, Leipzig 2020<br \/>\nSprache: Deutsch<\/p>\n<p>Freier Preis. Wir m\u00f6chten, dass die Zeitung allen zug\u00e4nglich ist, aber wollen auch mindestens die Material- &amp; Druckkosten \u00fcber den Verkauf wieder reinbekommen. \u00dcberlege daher, wie viel du geben kannst und trag dies als Gew\u00e4hlter Preis ein.<\/p>\n","protected":false},"featured_media":2052,"template":"","meta":[],"product_brand":[],"product_cat":[27],"product_tag":[],"class_list":{"0":"post-1693","1":"product","2":"type-product","3":"status-publish","4":"has-post-thumbnail","6":"product_cat-books-prints","8":"first","9":"instock","10":"shipping-taxable","11":"purchasable","12":"product-type-simple"},"_links":{"self":[{"href":"https:\/\/unofficial.pictures\/tr\/wp-json\/wp\/v2\/product\/1693","targetHints":{"allow":["GET"]}}],"collection":[{"href":"https:\/\/unofficial.pictures\/tr\/wp-json\/wp\/v2\/product"}],"about":[{"href":"https:\/\/unofficial.pictures\/tr\/wp-json\/wp\/v2\/types\/product"}],"wp:featuredmedia":[{"embeddable":true,"href":"https:\/\/unofficial.pictures\/tr\/wp-json\/wp\/v2\/media\/2052"}],"wp:attachment":[{"href":"https:\/\/unofficial.pictures\/tr\/wp-json\/wp\/v2\/media?parent=1693"}],"wp:term":[{"taxonomy":"product_brand","embeddable":true,"href":"https:\/\/unofficial.pictures\/tr\/wp-json\/wp\/v2\/product_brand?post=1693"},{"taxonomy":"product_cat","embeddable":true,"href":"https:\/\/unofficial.pictures\/tr\/wp-json\/wp\/v2\/product_cat?post=1693"},{"taxonomy":"product_tag","embeddable":true,"href":"https:\/\/unofficial.pictures\/tr\/wp-json\/wp\/v2\/product_tag?post=1693"}],"curies":[{"name":"wp","href":"https:\/\/api.w.org\/{rel}","templated":true}]}}