{"id":1898,"date":"2020-06-09T18:49:51","date_gmt":"2020-06-09T16:49:51","guid":{"rendered":"https:\/\/unofficial.pictures\/?post_type=product&#038;p=1898"},"modified":"2025-11-08T10:35:44","modified_gmt":"2025-11-08T09:35:44","slug":"sharing-unofficial-pictures-im-treibhaus-doebeln","status":"publish","type":"product","link":"https:\/\/unofficial.pictures\/tr\/shop\/sharing-unofficial-pictures-im-treibhaus-doebeln\/","title":{"rendered":"(Deutsch) \u00bbsharing.unofficial.pictures\u00ab im Treibhaus D\u00f6beln"},"content":{"rendered":"<p class=\"qtranxs-available-languages-message qtranxs-available-languages-message-tr\">Sorry, this entry is only available in <a href=\"https:\/\/unofficial.pictures\/de\/wp-json\/wp\/v2\/product\/1898\" class=\"qtranxs-available-language-link qtranxs-available-language-link-de\" title=\"Deutsch\">Deutsch<\/a> and <a href=\"https:\/\/unofficial.pictures\/en\/wp-json\/wp\/v2\/product\/1898\" class=\"qtranxs-available-language-link qtranxs-available-language-link-en\" title=\"English\">English<\/a>.<\/p>An drei Wochenenden von August bis Oktober 2018 trafen sich acht Menschen im Treibhaus e.V. und tauschten sich aus. Im Mittelpunkt standen pers\u00f6nliche Themen und Dinge, die ihnen wichtig sind. Die sie beackern wollten, auch um selbst einen Schritt weiter zu gehen oder eben gerade nicht. Oder um endlich mal irgendwas mit diesen tausenden Bildern zu machen und sie von den Festplatten oder Schubladen zu befreien. Es sind acht Arbeiten entstanden, die von ihnen erz\u00e4hlen. Jedes Heft steht f\u00fcr sich, steht f\u00fcr eine*n von ihnen. Und die wollen sie gerne mit euch teilen.<\/p>\n<p><a href=\"https:\/\/unofficial.pictures\/shop\/muetter\/\">Ana R. Gold \u2013 M\u00fctter *<\/a><br \/>\n<a href=\"https:\/\/unofficial.pictures\/shop\/picture-no-picture\/\">Antje Hering \u2013 PICTURE \/ NO PICTURE<\/a><br \/>\n<a href=\"https:\/\/unofficial.pictures\/shop\/dorfjugend\/\">hanniheyda \u2013 dorfjugend<\/a><br \/>\n<a href=\"https:\/\/unofficial.pictures\/shop\/komm-geh\/\">Jona Tranquilla \u2013 komm. geh.<\/a><br \/>\n<a href=\"https:\/\/unofficial.pictures\/shop\/72-pixel-pro-zoll\/\">Leo Joppich \u2013 72 Pixel pro Zoll<\/a><br \/>\n<a href=\"https:\/\/unofficial.pictures\/shop\/ostaje-ime-uebrig-bleibt-der-name\/\">Mara Malina \u2013 OSTAJE IME \u2013 \u00dcBRIG BLEIBT DER NAME<\/a><br \/>\n<a href=\"https:\/\/unofficial.pictures\/shop\/vielleicht-stoert-mich-an-romantischer-zweierbeziehung-doch-nur-die-romantik-forse-nellamore-romantico-mi-disturba-soltanto-il-romanticismo\/\">Raffaele Narra \u2013 Vielleicht st\u00f6rt mich an romantischer Zweierbeziehung doch nur die Romantik. Forse nell\u2019amore romantico mi disturba soltanto il romanticism.<\/a><br \/>\n<a href=\"https:\/\/unofficial.pictures\/shop\/wir-bluehen-in-der-nacht\/\">Sabine Ernst \u2013 wir bl\u00fchen in der nacht<\/a><\/p>\n<p>Die Hefte sind auch einzeln in unserem Shop erh\u00e4ltlich.<\/p>\n<p>Gef\u00f6rdert von: Bundesprogramm Demokratie leben!, Kulturstiftung des Freistaates Sachsen, Lokaler Aktionsplan Mittelsachsen, Bundestagsfraktion DIE LINKE, Landtagsfraktion Sachsen DIE LINKE","protected":false},"excerpt":{"rendered":"<p class=\"qtranxs-available-languages-message qtranxs-available-languages-message-tr\">Sorry, this entry is only available in <a href=\"https:\/\/unofficial.pictures\/de\/wp-json\/wp\/v2\/product\/1898\" class=\"qtranxs-available-language-link qtranxs-available-language-link-de\" title=\"Deutsch\">Deutsch<\/a>.<\/p>\n<p>8 Hefte mit jeweils 8 Seiten, zahlreiche farbige und s\/w-Abbildungen<br \/>\nSoftcover-Hefte mit R\u00fcckendrahtbindung, 14 x 17 cm , Karton-Umschlag<br \/>\n1. Auflage, D\u00f6beln 2018<br \/>\nSprache: Deutsch<\/p>\n","protected":false},"featured_media":1901,"template":"","meta":[],"product_brand":[],"product_cat":[27],"product_tag":[],"class_list":{"0":"post-1898","1":"product","2":"type-product","3":"status-publish","4":"has-post-thumbnail","6":"product_cat-books-prints","8":"first","9":"instock","10":"shipping-taxable","11":"purchasable","12":"product-type-simple"},"_links":{"self":[{"href":"https:\/\/unofficial.pictures\/tr\/wp-json\/wp\/v2\/product\/1898","targetHints":{"allow":["GET"]}}],"collection":[{"href":"https:\/\/unofficial.pictures\/tr\/wp-json\/wp\/v2\/product"}],"about":[{"href":"https:\/\/unofficial.pictures\/tr\/wp-json\/wp\/v2\/types\/product"}],"wp:featuredmedia":[{"embeddable":true,"href":"https:\/\/unofficial.pictures\/tr\/wp-json\/wp\/v2\/media\/1901"}],"wp:attachment":[{"href":"https:\/\/unofficial.pictures\/tr\/wp-json\/wp\/v2\/media?parent=1898"}],"wp:term":[{"taxonomy":"product_brand","embeddable":true,"href":"https:\/\/unofficial.pictures\/tr\/wp-json\/wp\/v2\/product_brand?post=1898"},{"taxonomy":"product_cat","embeddable":true,"href":"https:\/\/unofficial.pictures\/tr\/wp-json\/wp\/v2\/product_cat?post=1898"},{"taxonomy":"product_tag","embeddable":true,"href":"https:\/\/unofficial.pictures\/tr\/wp-json\/wp\/v2\/product_tag?post=1898"}],"curies":[{"name":"wp","href":"https:\/\/api.w.org\/{rel}","templated":true}]}}