{"id":2627,"date":"2021-12-19T13:24:26","date_gmt":"2021-12-19T12:24:26","guid":{"rendered":"https:\/\/unofficial.pictures\/?post_type=product&#038;p=2627"},"modified":"2024-04-27T14:38:02","modified_gmt":"2024-04-27T12:38:02","slug":"utopos-achterbahn-des-aufbegehrens","status":"publish","type":"product","link":"https:\/\/unofficial.pictures\/tr\/shop\/utopos-achterbahn-des-aufbegehrens\/","title":{"rendered":"(Deutsch) (U)TOPOS &#8211; Achterbahn des Aufbegehrens"},"content":{"rendered":"<p class=\"qtranxs-available-languages-message qtranxs-available-languages-message-tr\">Sorry, this entry is only available in <a href=\"https:\/\/unofficial.pictures\/de\/wp-json\/wp\/v2\/product\/2627\" class=\"qtranxs-available-language-link qtranxs-available-language-link-de\" title=\"Deutsch\">Deutsch<\/a> and <a href=\"https:\/\/unofficial.pictures\/en\/wp-json\/wp\/v2\/product\/2627\" class=\"qtranxs-available-language-link qtranxs-available-language-link-en\" title=\"English\">English<\/a>.<\/p>Am 8. Tag stand Mutti auf,<br \/>\nmachte das Licht an,<br \/>\nbekam das Kotzen<br \/>\nund fing nochmal von vorne an.  <\/p>\n<p>(U)TOPOS entstand in 3 Tagen. Aus der Besch\u00e4ftigung mit und dem Austausch \u00fcber Utopien, dem wie es ist und wie es sein k\u00f6nnte.<br \/>\n(U)TOPOS hat eine unbestimmte Eigendynamik. Fast schon wie ein eigenes Wesen.<\/p>\n<p>Teil davon sind: Ino, Jonathan, Silke, Mascha, Freddy, Kev*in, Toni, Frieder<\/p>\n<p>Produktion: unofficial.pictures","protected":false},"excerpt":{"rendered":"<p class=\"qtranxs-available-languages-message qtranxs-available-languages-message-tr\">Sorry, this entry is only available in <a href=\"https:\/\/unofficial.pictures\/de\/wp-json\/wp\/v2\/product\/2627\" class=\"qtranxs-available-language-link qtranxs-available-language-link-de\" title=\"Deutsch\">Deutsch<\/a> and <a href=\"https:\/\/unofficial.pictures\/en\/wp-json\/wp\/v2\/product\/2627\" class=\"qtranxs-available-language-link qtranxs-available-language-link-en\" title=\"English\">English<\/a>.<\/p>\n<p>96 Seiten, mit farbigen Collagen<br \/>\nZine, A5<br \/>\n1. Auflage, Leipzig September 2021<br \/>\nSprache: meist Deutsch<\/p>\n","protected":false},"featured_media":2634,"template":"","meta":[],"product_brand":[],"product_cat":[27],"product_tag":[],"class_list":{"0":"post-2627","1":"product","2":"type-product","3":"status-publish","4":"has-post-thumbnail","6":"product_cat-books-prints","8":"first","9":"instock","10":"shipping-taxable","11":"purchasable","12":"product-type-simple"},"_links":{"self":[{"href":"https:\/\/unofficial.pictures\/tr\/wp-json\/wp\/v2\/product\/2627","targetHints":{"allow":["GET"]}}],"collection":[{"href":"https:\/\/unofficial.pictures\/tr\/wp-json\/wp\/v2\/product"}],"about":[{"href":"https:\/\/unofficial.pictures\/tr\/wp-json\/wp\/v2\/types\/product"}],"wp:featuredmedia":[{"embeddable":true,"href":"https:\/\/unofficial.pictures\/tr\/wp-json\/wp\/v2\/media\/2634"}],"wp:attachment":[{"href":"https:\/\/unofficial.pictures\/tr\/wp-json\/wp\/v2\/media?parent=2627"}],"wp:term":[{"taxonomy":"product_brand","embeddable":true,"href":"https:\/\/unofficial.pictures\/tr\/wp-json\/wp\/v2\/product_brand?post=2627"},{"taxonomy":"product_cat","embeddable":true,"href":"https:\/\/unofficial.pictures\/tr\/wp-json\/wp\/v2\/product_cat?post=2627"},{"taxonomy":"product_tag","embeddable":true,"href":"https:\/\/unofficial.pictures\/tr\/wp-json\/wp\/v2\/product_tag?post=2627"}],"curies":[{"name":"wp","href":"https:\/\/api.w.org\/{rel}","templated":true}]}}